{"id":40636,"date":"2022-06-16T17:02:34","date_gmt":"2022-06-16T17:02:34","guid":{"rendered":"https:\/\/www.sisinternational.com\/?page_id=40636"},"modified":"2025-09-25T00:59:40","modified_gmt":"2025-09-25T04:59:40","slug":"blockchain-en-consultoria-de-estrategia-sanitaria","status":"publish","type":"page","link":"https:\/\/www.sisinternational.com\/es\/soluciones\/consultoria-blockchain\/blockchain-en-consultoria-de-estrategia-sanitaria\/","title":{"rendered":"Blockchain en consultor\u00eda de estrategia sanitaria"},"content":{"rendered":"<h1 class=\"gb-headline gb-headline-0ed72a78 gb-headline-text\">Blockchain en consultor\u00eda de estrategia sanitaria<\/h1>\n\n\n\n<figure class=\"gb-block-image gb-block-image-22fa9d03\"><img loading=\"lazy\" decoding=\"async\" width=\"1456\" height=\"816\" class=\"gb-image gb-image-22fa9d03\" src=\"https:\/\/www.sisinternational.com\/wp-content\/uploads\/2025\/08\/Healthcare-16.jpg\" alt=\"Investigaci\u00f3n y estrategia de mercado internacional de SIS\" title=\"Healthcare (16)\" srcset=\"https:\/\/www.sisinternational.com\/wp-content\/uploads\/2025\/08\/Healthcare-16.jpg 1456w, https:\/\/www.sisinternational.com\/wp-content\/uploads\/2025\/08\/Healthcare-16-300x168.jpg 300w, https:\/\/www.sisinternational.com\/wp-content\/uploads\/2025\/08\/Healthcare-16-1024x574.jpg 1024w, https:\/\/www.sisinternational.com\/wp-content\/uploads\/2025\/08\/Healthcare-16-768x430.jpg 768w, https:\/\/www.sisinternational.com\/wp-content\/uploads\/2025\/08\/Healthcare-16-18x10.jpg 18w\" sizes=\"auto, (max-width: 1456px) 100vw, 1456px\"><\/figure>\n\n\n\n<p><\/p>\n\n\n\n<hr class=\"wp-block-separator has-alpha-channel-opacity is-style-dots\"\/>\n\n\n\n<blockquote class=\"wp-block-quote is-layout-flow wp-block-quote-is-layout-flow\">\n<p>The healthcare industry is undergoing a <strong>digital revolution<\/strong>, y <strong>blockchain technology<\/strong> is at the forefront of this transformation.<\/p>\n<\/blockquote>\n\n\n\n<p>Blockchain in healthcare strategy consulting is helping healthcare organizations improve data security, patient privacy, interoperability, and operational efficiency.<\/p>\n\n\n\n<p>At SIS International Research, we provide strategic insights into how healthcare providers, pharmaceutical companies, and insurers can leverage blockchain to address key industry challenges and drive innovation.<\/p>\n\n\n\n<h2 class=\"wp-block-heading\">\u00bfQu\u00e9 es Blockchain en la atenci\u00f3n sanitaria?<\/h2>\n\n\n\n<p>Blockchain in <a href=\"https:\/\/www.sisinternational.com\/es\/industry-forecast\/healthcare-industry-forecast\/\" title=\"Healthcare Industry Forecast\"  data-wpil-monitor-id=\"10095\">healthcare<\/a> can solve many of the problems the industry faces. Such issues include medical research, medical supply chain, drug integrity, and medical data. Blockchain also addresses the obstacles of interoperability, accessibility, and security. Because of its ability to produce fantastic data efficiency, Blockchain can disrupt healthcare. It can ensure flexible data access, transparency, interconnection, and better security. It is important to note that healthcare and technology are inseparable.<\/p>\n\n\n\n<h2 class=\"wp-block-heading\"><strong>Why Blockchain in Healthcare Matters<\/strong><\/h2>\n\n\n\n<figure class=\"gb-block-image gb-block-image-8a8fe947\"><img loading=\"lazy\" decoding=\"async\" width=\"1024\" height=\"574\" class=\"gb-image gb-image-8a8fe947\" src=\"https:\/\/www.sisinternational.com\/wp-content\/uploads\/2025\/08\/Healthcare-8-1024x574.jpg\" alt=\"Investigaci\u00f3n y estrategia de mercado internacional de SIS\" title=\"Healthcare (8)\" srcset=\"https:\/\/www.sisinternational.com\/wp-content\/uploads\/2025\/08\/Healthcare-8-1024x574.jpg 1024w, https:\/\/www.sisinternational.com\/wp-content\/uploads\/2025\/08\/Healthcare-8-300x168.jpg 300w, https:\/\/www.sisinternational.com\/wp-content\/uploads\/2025\/08\/Healthcare-8-768x430.jpg 768w, https:\/\/www.sisinternational.com\/wp-content\/uploads\/2025\/08\/Healthcare-8-18x10.jpg 18w, https:\/\/www.sisinternational.com\/wp-content\/uploads\/2025\/08\/Healthcare-8.jpg 1456w\" sizes=\"auto, (max-width: 1024px) 100vw, 1024px\"><\/figure>\n\n\n\n<p><\/p>\n\n\n\n<p>The healthcare sector faces significant challenges, including <strong>data breaches, inefficiencies, fraud, and lack of transparency<\/strong>. Blockchain offers a <strong>decentralized, secure, and tamper-proof solution<\/strong> that enhances patient care and streamlines processes.<\/p>\n\n\n\n<p>\u2705 Securing patient records and preventing data breaches&nbsp;<br>\u2705 Improving interoperability between healthcare providers&nbsp;<br>\u2705 Eliminating inefficiencies in medical billing and insurance claims&nbsp;<br>\u2705 Ensuring pharmaceutical supply chain integrity&nbsp;<br>\u2705 Enhancing clinical trial transparency and data integ<strong>rity<\/strong>&nbsp;<\/p>\n\n\n\n<h2 class=\"wp-block-heading\"><strong>Key Use Cases of Blockchain in Healthcare<\/strong><\/h2>\n\n\n\n<h3 class=\"wp-block-heading\"><strong>1. Securing Electronic Health Records (EHRs)<\/strong><\/h3>\n\n\n\n<p>A <strong>decentralized health record system<\/strong> ensures that only authorized users can access patient data, reducing fraud and enhancing security.<\/p>\n\n\n\n<p>\ud83d\udccc <strong>Impacto:<\/strong> Patients gain control over their records while healthcare providers access real-time, verified data.<\/p>\n\n\n\n<h3 class=\"wp-block-heading\"><strong>2. Interoperability and Seamless Data Sharing<\/strong><\/h3>\n\n\n\n<p>A <strong>secure, standardized system<\/strong> that allows hospitals, insurers, and laboratories to seamlessly share patient data.<\/p>\n\n\n\n<p>\ud83d\udccc <strong>Impacto:<\/strong> Faster diagnoses, reduced errors, and improved patient care coordination.<\/p>\n\n\n\n<h3 class=\"wp-block-heading\"><strong>3. Medical Billing and Insurance Claims Processing<\/strong><\/h3>\n\n\n\n<p><strong>Smart contracts<\/strong> can automate insurance claim verifications and payments, eliminating <strong>fraud and reducing delays<\/strong>.<\/p>\n\n\n\n<p>\ud83d\udccc <strong>Impacto:<\/strong> Faster claims processing, lower administrative costs, and improved patient trust.<\/p>\n\n\n\n<h3 class=\"wp-block-heading\"><strong>4. Pharmaceutical Supply Chain Transparency<\/strong><\/h3>\n\n\n\n<p><strong>Real-time tracking<\/strong> of drugs from manufacturer to pharmacy, ensuring authenticity and preventing fraud.<\/p>\n\n\n\n<p>\ud83d\udccc <strong>Impacto:<\/strong> Improved drug safety, regulatory compliance, and efficient recalls.<\/p>\n\n\n\n<h3 class=\"wp-block-heading\"><strong>5. Clinical Trials and Research Data Integrity<\/strong><\/h3>\n\n\n\n<p>A <strong>tamper-proof, timestamped ledger<\/strong> ensures the integrity of trial <a href=\"https:\/\/www.sisinternational.com\/es\/cobertura\/europa\/investigacion-de-mercado-liverpool-reino-unido\/\" title=\"Investigaci\u00f3n de mercado en Liverpool | Grupos focales y recopilaci\u00f3n de datos del Reino Unido\"  data-wpil-monitor-id=\"10092\">data and research<\/a> findings.<\/p>\n\n\n\n<p>\ud83d\udccc <strong>Impacto:<\/strong> Increased credibility, regulatory compliance, and patient safety.<\/p>\n\n\n\n<h2 class=\"wp-block-heading\">Tecnolog\u00eda<\/h2>\n\n\n\n<p>Blockchain es un registro compartido de transacciones. Con Blockchain, los proveedores ya no almacenan registros m\u00e9dicos en una \u00fanica computadora pirateable. Los m\u00e9dicos y las aseguradoras pueden mantener estos mismos registros en muchas computadoras. Este m\u00e9todo hace que sea muy dif\u00edcil alterar los datos. Una compa\u00f1\u00eda de seguros puede llamar al consultorio de un m\u00e9dico para verificar una direcci\u00f3n. Lo bueno de Blockchain es que si actualiza el registro, todos los miembros de la alianza ver\u00e1n el cambio.<\/p>\n\n\n\n<h2 class=\"wp-block-heading\">Desaf\u00edos de la atenci\u00f3n sanitaria actual<\/h2>\n\n\n\n<p>Muchas instituciones m\u00e9dicas utilizan m\u00e9todos inconvenientes y obsoletos para mantener datos m\u00e9dicos, incluidos datos de medicamentos recetados y registros m\u00e9dicos. Tambi\u00e9n incluye datos m\u00e9dicos del paciente e informaci\u00f3n del seguro. El manejo inadecuado de los datos puede perjudicar el tratamiento de los pacientes. Tambi\u00e9n puede ralentizar la recuperaci\u00f3n del paciente. Peor a\u00fan, muchos centros m\u00e9dicos han desarrollado sus propios sistemas de mantenimiento de registros.<\/p>\n\n\n\n<p>Estas circunstancias han provocado una falta de transparencia. Los centros m\u00e9dicos y las agencias de seguros funcionan en el vac\u00edo. Su modo de funcionamiento va en detrimento de los pacientes. Crean una v\u00eda para errores m\u00e9dicos graves. Estos errores son la principal causa de muerte de pacientes con c\u00e1ncer y enfermedades card\u00edacas en Estados Unidos.<\/p>\n\n\n\n<p>Este sistema obsoleto difunde los datos m\u00e9dicos de los pacientes entre varios centros m\u00e9dicos. Los m\u00e9dicos y las compa\u00f1\u00edas de seguros mantienen registros separados. En el mundo actual, el historial m\u00e9dico y los registros de los pacientes son como rompecabezas. Este malabarismo de datos entre diferentes entidades es terrible y da como resultado una p\u00e9rdida de precisi\u00f3n e integridad. Es una preocupaci\u00f3n particular cuando se trata de diagn\u00f3sticos y prescripciones de medicamentos. Todo esto puede afectar el tratamiento eficiente de los pacientes.<\/p>\n\n\n\n<h2 class=\"wp-block-heading\">Beneficios de Blockchain en la atenci\u00f3n m\u00e9dica<\/h2>\n\n\n\n<ul class=\"wp-block-list\">\n<li>La tecnolog\u00eda blockchain en el sector sanitario puede marcar una diferencia significativa. Permite una gesti\u00f3n eficaz de los datos. Esta tecnolog\u00eda hace posible el intercambio seguro y transparente de datos m\u00e9dicos. Los proveedores ahora pueden intercambiar datos entre varios sectores.<\/li>\n\n\n\n<li>Con la tecnolog\u00eda blockchain, es f\u00e1cil establecer registros m\u00e9dicos. El sistema elimina cargos administrativos innecesarios. Tambi\u00e9n hace posible el uso eficaz de la atenci\u00f3n sanitaria. Adem\u00e1s, esta tecnolog\u00eda elimina la necesidad de distintos intermediarios.<\/li>\n\n\n\n<li>Blockchain en el sector sanitario puede contribuir en gran medida a simplificar el trabajo de los proveedores. Tienen m\u00e1s tiempo para su responsabilidad principal, que es mejorar la salud de los pacientes. Los proveedores tambi\u00e9n pueden tener acceso a la imagen completa del historial m\u00e9dico de cualquier paciente. Todos los datos de salud anteriores son inmutables en el sistema sanitario. Los cambios en los datos pueden ser visibles.<\/li>\n\n\n\n<li>La gesti\u00f3n adecuada de la informaci\u00f3n m\u00e9dica es uno de los beneficios m\u00e1s importantes de Blockchain. Elimina la mayor\u00eda de los problemas que enfrenta el sector de la salud. Hace que el fraude y la p\u00e9rdida de datos durante desastres sean cosa del pasado. Tambi\u00e9n mejora la finalizaci\u00f3n de datos y la interoperabilidad.<\/li>\n<\/ul>\n\n\n\n<h2 class=\"wp-block-heading\"><strong>The Future of Blockchain in Healthcare<\/strong><\/h2>\n\n\n\n<figure class=\"gb-block-image gb-block-image-dbadcb41\"><img loading=\"lazy\" decoding=\"async\" width=\"1456\" height=\"816\" class=\"gb-image gb-image-dbadcb41\" src=\"https:\/\/www.sisinternational.com\/wp-content\/uploads\/2025\/09\/Medicine-1.jpg\" alt=\"Investigaci\u00f3n y estrategia de mercado internacional de SIS\" title=\"Medicine (1)\" srcset=\"https:\/\/www.sisinternational.com\/wp-content\/uploads\/2025\/09\/Medicine-1.jpg 1456w, https:\/\/www.sisinternational.com\/wp-content\/uploads\/2025\/09\/Medicine-1-300x168.jpg 300w, https:\/\/www.sisinternational.com\/wp-content\/uploads\/2025\/09\/Medicine-1-1024x574.jpg 1024w, https:\/\/www.sisinternational.com\/wp-content\/uploads\/2025\/09\/Medicine-1-768x430.jpg 768w, https:\/\/www.sisinternational.com\/wp-content\/uploads\/2025\/09\/Medicine-1-18x10.jpg 18w\" sizes=\"auto, (max-width: 1456px) 100vw, 1456px\"><\/figure>\n\n\n\n<p><\/p>\n\n\n\n<p>The next wave of blockchain-driven healthcare innovations will include:<\/p>\n\n\n\n<p><strong>AI + Blockchain integration<\/strong> for <a href=\"https:\/\/www.sisinternational.com\/es\/predictive-analytics\/\" title=\"Predictive Analytics: Your Crystal Ball for Business Success\"  data-wpil-monitor-id=\"10091\">predictive<\/a> healthcare analytics&nbsp;<br><strong>Decentralized identity management<\/strong> for secure patient authentication&nbsp;<br><strong>Tokenized healthcare models<\/strong> for incentivized patient engagement&nbsp;<br><strong>Increased partnerships between healthcare and blockchain startups<\/strong>&nbsp;<\/p>\n\n\n\n<h2 class=\"wp-block-heading\"><strong>Final Thoughts from Ruth Stanat, CEO of SIS International Research<\/strong><\/h2>\n\n\n\n<p>En <a href=\"https:\/\/www.linkedin.com\/company\/sisinternationalresearch\/posts\/?feedView=all\" target=\"_blank\" rel=\"noopener\"><strong>SIS International Research<\/strong><\/a>, we provide blockchain market intelligence, regulatory insights, and strategic consulting to help healthcare organizations implement scalable blockchain solutions.<\/p>\n\n\n\n<h2 class=\"wp-block-heading\">Por qu\u00e9 ayuda la consultor\u00eda estrat\u00e9gica<\/h2>\n\n\n\n<p>Blockchain continues to evolve. Thus, providers and insurers will have to <a href=\"https:\/\/www.sisinternational.com\/es\/soluciones\/investigacion-de-consultoria-estrategica-fintech\/servicios-financieros-gestion-del-cambio-investigacion-de-mercado-consultoria-estrategica\/\" title=\"Servicios financieros Gesti\u00f3n del cambio Investigaci\u00f3n de mercado y consultor\u00eda estrat\u00e9gica\" data-wpil-monitor-id=\"10093\">change their strategies<\/a> from time to time. <a href=\"https:\/\/www.sisinternational.com\/es\/contacto-sis-investigacion-de-mercado-internacional\/\" title=\"Cont\u00e1ctenos\" data-wpil-monitor-id=\"10085\">SIS International Research<\/a> understands the Blockchain space. We are familiar with the security frameworks for regulatory needs and legal compliance. Thus, we are best suited to help companies <a href=\"https:\/\/www.sisinternational.com\/es\/soluciones\/consultoria-estrategica\/consultoria-de-ejecucion-de-desarrollo-de-estrategia\/\" title=\"Consultor\u00eda en Desarrollo y Ejecuci\u00f3n de Estrategias\" data-wpil-monitor-id=\"10090\">develop and maintain a Blockchain strategy<\/a>. With Blockchain, it&#8217;s easy to stand out among the competition. <a href=\"https:\/\/www.sisinternational.com\/es\/soluciones\/prueba-de-sabor\/servicios-de-analisis-de-alimentos-de-sis-en-nueva-york\/\" title=\"Servicios de an\u00e1lisis de alimentos de SIS en Nueva York\" data-wpil-monitor-id=\"10094\">SIS&#8217;s consulting services<\/a> help to make that happen.<\/p>\n\n\n\n<h2 class=\"wp-block-heading\">Nuestra ubicaci\u00f3n de instalaciones en Nueva York<\/h2>\n\n\n\n<p>\n\n\n\n<iframe loading=\"lazy\" src=\"https:\/\/www.google.com\/maps\/embed?pb=!1m18!1m12!1m3!1d3022.976188376966!2d-73.99130312499956!3d40.740549471389315!2m3!1f0!2f0!3f0!3m2!1i1024!2i768!4f13.1!3m3!1m2!1s0x89c259a15798c731%3A0xd695d09bdd495f25!2s11%20E%2022nd%20St%20FL%202%2C%20New%20York%2C%20NY%2010010%2C%20USA!5e0!3m2!1sen!2spe!4v1726171763526!5m2!1sen!2spe\" width=\"600\" height=\"450\" allowfullscreen=\"allowfullscreen\" data-mce-fragment=\"1\"><\/iframe>\n\n\n\n<\/p>\n\n\n\n<h3 class=\"wp-block-heading\">11 E 22nd Street, piso 2, Nueva York, NY 10010 T: +1(212) 505-6805<\/h3>\n\n\n\n<hr class=\"wp-block-separator has-alpha-channel-opacity\"\/>\n\n\n\n<h2 class=\"wp-block-heading\"><span style=\"font-weight: 400;\">Acerca de SIS Internacional<\/span><\/h2>\n\n\n\n<p><a href=\"https:\/\/www.sisinternational.com\/es\/\"><span style=\"font-weight: 400;\">SIS Internacional<\/span><\/a><span style=\"font-weight: 400;\"> offers Quantitative, Qualitative, and Strategy Research. We provide data, tools, strategies, reports, and insights for decision-making. We also conduct interviews, surveys, focus groups, and other <a href=\"https:\/\/www.sisinternational.com\/es\/quantitative-market-research-methods-and-techniques\/\" title=\"Quantitative Market Research Methods and Techniques\" data-wpil-monitor-id=\"10088\">Market Research methods<\/a> and approaches.<\/span><a href=\"https:\/\/www.sisinternational.com\/es\/sobre-la-investigacion-internacional-de-sis\/contact-sis-international-market-research\/\"><span style=\"font-weight: 400;\"> P\u00f3ngase en contacto con nosotros<\/span><\/a><span style=\"font-weight: 400;\"> para su pr\u00f3ximo proyecto de Investigaci\u00f3n de Mercado.\u00a0<\/span><\/p>\n\n\n\n<p><\/p>","protected":false},"excerpt":{"rendered":"<p>Blockchain in Healthcare Strategy Consulting The healthcare industry is undergoing a digital revolution, and blockchain technology is at the forefront of this transformation. Blockchain in healthcare strategy consulting is helping healthcare organizations improve data security, patient privacy, interoperability, and operational efficiency. At SIS International Research, we provide strategic insights into how healthcare providers, pharmaceutical companies, &#8230; <a title=\"Blockchain en consultor\u00eda de estrategia sanitaria\" class=\"read-more\" href=\"https:\/\/www.sisinternational.com\/es\/soluciones\/consultoria-blockchain\/blockchain-en-consultoria-de-estrategia-sanitaria\/\" aria-label=\"Leer m\u00e1s sobre Blockchain en Consultor\u00eda de Estrategia Sanitaria\">Leer m\u00e1s<\/a><\/p>","protected":false},"author":1,"featured_media":62434,"parent":32590,"menu_order":1,"comment_status":"closed","ping_status":"closed","template":"","meta":{"footnotes":""},"class_list":["post-40636","page","type-page","status-publish","has-post-thumbnail"],"_links":{"self":[{"href":"https:\/\/www.sisinternational.com\/es\/wp-json\/wp\/v2\/pages\/40636","targetHints":{"allow":["GET"]}}],"collection":[{"href":"https:\/\/www.sisinternational.com\/es\/wp-json\/wp\/v2\/pages"}],"about":[{"href":"https:\/\/www.sisinternational.com\/es\/wp-json\/wp\/v2\/types\/page"}],"author":[{"embeddable":true,"href":"https:\/\/www.sisinternational.com\/es\/wp-json\/wp\/v2\/users\/1"}],"replies":[{"embeddable":true,"href":"https:\/\/www.sisinternational.com\/es\/wp-json\/wp\/v2\/comments?post=40636"}],"version-history":[{"count":7,"href":"https:\/\/www.sisinternational.com\/es\/wp-json\/wp\/v2\/pages\/40636\/revisions"}],"predecessor-version":[{"id":81670,"href":"https:\/\/www.sisinternational.com\/es\/wp-json\/wp\/v2\/pages\/40636\/revisions\/81670"}],"up":[{"embeddable":true,"href":"https:\/\/www.sisinternational.com\/es\/wp-json\/wp\/v2\/pages\/32590"}],"wp:featuredmedia":[{"embeddable":true,"href":"https:\/\/www.sisinternational.com\/es\/wp-json\/wp\/v2\/media\/62434"}],"wp:attachment":[{"href":"https:\/\/www.sisinternational.com\/es\/wp-json\/wp\/v2\/media?parent=40636"}],"curies":[{"name":"wp","href":"https:\/\/api.w.org\/{rel}","templated":true}]}}