{"id":40631,"date":"2022-06-16T16:44:42","date_gmt":"2022-06-16T16:44:42","guid":{"rendered":"https:\/\/www.sisinternational.com\/?page_id=40631"},"modified":"2026-03-12T13:29:38","modified_gmt":"2026-03-12T17:29:38","slug":"investigacion-de-mercado-de-bebidas-alimentarias-blockchain","status":"publish","type":"page","link":"https:\/\/www.sisinternational.com\/es\/soluciones\/investigacion-de-mercado-de-la-industria-de-alimentos-y-bebidas\/investigacion-de-mercado-de-bebidas-alimentarias-blockchain\/","title":{"rendered":"Blockchain en la investigaci\u00f3n de mercado de alimentos y bebidas"},"content":{"rendered":"<h1 class=\"gb-headline gb-headline-ca213229 gb-headline-text\">Blockchain en la investigaci\u00f3n de mercado de alimentos y bebidas<\/h1>\n\n\n\n<figure class=\"gb-block-image gb-block-image-3a2759bd\"><img loading=\"lazy\" decoding=\"async\" width=\"1456\" height=\"816\" class=\"gb-image gb-image-3a2759bd\" src=\"https:\/\/www.sisinternational.com\/wp-content\/uploads\/2025\/08\/Alcoholic-beverage-4.jpg\" alt=\"Investigaci\u00f3n y estrategia de mercado internacional de SIS\" title=\"Alcoholic beverage (4)\" srcset=\"https:\/\/www.sisinternational.com\/wp-content\/uploads\/2025\/08\/Alcoholic-beverage-4.jpg 1456w, https:\/\/www.sisinternational.com\/wp-content\/uploads\/2025\/08\/Alcoholic-beverage-4-300x168.jpg 300w, https:\/\/www.sisinternational.com\/wp-content\/uploads\/2025\/08\/Alcoholic-beverage-4-1024x574.jpg 1024w, https:\/\/www.sisinternational.com\/wp-content\/uploads\/2025\/08\/Alcoholic-beverage-4-768x430.jpg 768w, https:\/\/www.sisinternational.com\/wp-content\/uploads\/2025\/08\/Alcoholic-beverage-4-18x10.jpg 18w\" sizes=\"auto, (max-width: 1456px) 100vw, 1456px\"><\/figure>\n\n\n\n<p><\/p>\n\n\n\n<hr class=\"wp-block-separator has-alpha-channel-opacity is-style-dots\"\/>\n\n\n\n<blockquote class=\"wp-block-quote is-layout-flow wp-block-quote-is-layout-flow\">\n<p>Blockchain technology addresses these concerns by <strong>creating a secure, tamper-proof ledger<\/strong> that ensures <strong>authenticity, quality control, and accurate data tracking.<\/strong><\/p>\n<\/blockquote>\n\n\n\n<p>Blockchain in food and beverage market research delivers unparalleled transparency, authenticity verification, and real-time insights into consumer preferences. At SIS International Research, we explore how blockchain is enhancing food safety, supply chain tracking, and data-driven decision-making in the food and beverage sector.<\/p>\n\n\n\n<h2 class=\"wp-block-heading\">La comunidad de usuarios de Blockchain ha recorrido un largo camino.<\/h2>\n\n\n\n<p>Ha pasado de centrarse \u00fanicamente en las criptomonedas. La gente ahora tiene una comprensi\u00f3n m\u00e1s amplia de varios m\u00e9todos para aprovechar la tecnolog\u00eda blockchain. Se ha vuelto de uso cotidiano en todas las industrias alimentarias. Blockchain permite tener un libro de transacciones compartido. Este libro de contabilidad se distribuye a trav\u00e9s de varias redes descentralizadas.<\/p>\n\n\n\n<p>En la industria de alimentos y bebidas, un libro de contabilidad de este tipo es muy importante. Hace posible el seguimiento del origen de diferentes alimentos. Los investigadores pueden comenzar desde el punto de producci\u00f3n. Pueden ver todo el recorrido que sigue la comida hasta llegar a las estanter\u00edas del supermercado. Si ocurre alguna contaminaci\u00f3n o enfermedad alimentaria; Ser\u00e1 m\u00e1s sencillo y r\u00e1pido encontrar la fuente.<\/p>\n\n\n\n<p>A medida que las masas contin\u00faan usando Blockchain, ha dado forma a la industria de alimentos y bebidas. Esa industria se ha convertido en un destino importante para la tecnolog\u00eda Blockchain.<\/p>\n\n\n\n<h2 class=\"wp-block-heading\"><strong>Why Blockchain Matters in Food and Beverage Market Research<\/strong><\/h2>\n\n\n\n<figure class=\"gb-block-image gb-block-image-8affd00d\"><img loading=\"lazy\" decoding=\"async\" width=\"1456\" height=\"816\" class=\"gb-image gb-image-8affd00d\" src=\"https:\/\/www.sisinternational.com\/wp-content\/uploads\/2025\/08\/Alcoholic-beverage-3.jpg\" alt=\"Investigaci\u00f3n y estrategia de mercado internacional de SIS\" title=\"Alcoholic beverage (3)\" srcset=\"https:\/\/www.sisinternational.com\/wp-content\/uploads\/2025\/08\/Alcoholic-beverage-3.jpg 1456w, https:\/\/www.sisinternational.com\/wp-content\/uploads\/2025\/08\/Alcoholic-beverage-3-300x168.jpg 300w, https:\/\/www.sisinternational.com\/wp-content\/uploads\/2025\/08\/Alcoholic-beverage-3-1024x574.jpg 1024w, https:\/\/www.sisinternational.com\/wp-content\/uploads\/2025\/08\/Alcoholic-beverage-3-768x430.jpg 768w, https:\/\/www.sisinternational.com\/wp-content\/uploads\/2025\/08\/Alcoholic-beverage-3-18x10.jpg 18w\" sizes=\"auto, (max-width: 1456px) 100vw, 1456px\"><\/figure>\n\n\n\n<p><\/p>\n\n\n\n<p>Traditional food and beverage supply chains face significant challenges, including:<\/p>\n\n\n\n<p>\u2705 <strong>Lack of transparency<\/strong> in ingredient sourcing&nbsp;<br>\u2705 <strong>Food safety concerns<\/strong> due to contamination risks&nbsp;<br>\u2705 <strong>Counterfeit products &amp; mislabeling<\/strong> causing consumer distrust&nbsp;<br>\u2705 <strong>Slow and inefficient recall processes<\/strong>&nbsp;<\/p>\n\n\n\n<h2 class=\"wp-block-heading\">Blockchain in Food and Beverage Market Research Uses in the food supply industry<\/h2>\n\n\n\n<p>Entonces, \u00bfqu\u00e9 hace que la tecnolog\u00eda Blockchain sea tan atractiva para la industria de alimentos y bebidas?<\/p>\n\n\n\n<ul class=\"wp-block-list\">\n<li><strong>Seguimiento de enfermedades transmitidas por alimentos:<\/strong> Las enfermedades contra\u00eddas como resultado de alimentos contaminados siguen siendo una preocupaci\u00f3n importante. La situaci\u00f3n es preocupante no s\u00f3lo para los gobiernos sino tambi\u00e9n para cada uno de nosotros. Cientos de millones de personas se infectan cada a\u00f1o por alimentos contaminados. Este problema ha llamado la atenci\u00f3n de los gobiernos. Afecta a las empresas alimentarias y a los consumidores de todo el mundo. El potencial de contaminaci\u00f3n en la cadena de suministro es alto. \u00bfPor qu\u00e9? Debido al aumento de la globalizaci\u00f3n del comercio y la distribuci\u00f3n de alimentos. Blockchain permite rastrear la fuente de cualquier contaminaci\u00f3n. Las partes interesadas pueden manejar la situaci\u00f3n antes de que se salga de control.<\/li>\n\n\n\n<li><strong>Cadena de suministro:<\/strong> Blockchain es vital para cualquier cadena de suministro digitalizada. Hace posible que las empresas emergentes y los clientes realicen un seguimiento de cualquier producto. Las partes interesadas pueden seguir los productos desde el momento de recogida hasta el momento en que llegan al consumidor final. El uso de Blockchain ha salvado los libros de contabilidad digitales. Ahora es seguro compartir informaci\u00f3n con partes y realizar transacciones. Blockchain en la cadena de suministro reduce errores, fraude y cargos de seguimiento.<\/li>\n\n\n\n<li><strong>Fuentes de crecimiento:<\/strong> Los beneficios de Blockchain pueden ahorrarle tiempo, dinero y esfuerzos a las empresas. Los ciberdelincuentes no pueden penetrar en las empresas que utilizan la tecnolog\u00eda blockchain. Para los due\u00f1os de negocios, es esencial obtener comentarios de sus clientes. Utilizan esta retroalimentaci\u00f3n para mejorar sus bienes y servicios, impulsando as\u00ed el crecimiento. Blockchain ayuda a las organizaciones medianas y grandes a evitar la falta de comunicaci\u00f3n. Junto con la consultor\u00eda estrat\u00e9gica, reduce el fraude. Todo el sistema de suministro progresa. Las partes interesadas tambi\u00e9n notar\u00e1n una mayor transparencia entre empresas y consumidores.<\/li>\n<\/ul>\n\n\n\n<h2 class=\"wp-block-heading\"><strong>Key Applications of Blockchain in Food and Beverage Market Research<\/strong><\/h2>\n\n\n\n<p><\/p>\n\n\n\n<h3 class=\"wp-block-heading\"><strong>1. Supply Chain Transparency &amp; Traceability<\/strong><\/h3>\n\n\n\n<p>Blockchain enhances food traceability by recording every supply chain step\u2014from farm to fork.<\/p>\n\n\n\n<p>\ud83d\udd39 <strong>Beneficios:<\/strong><\/p>\n\n\n\n<ul class=\"wp-block-list\">\n<li><p>Real-time tracking of ingredients and product origins&nbsp;<\/p><\/li>\n\n\n\n<li><p>Verification of organic and ethically sourced products&nbsp;<\/p><\/li>\n\n\n\n<li><p>Instant recall capability in case of contamination&nbsp;<\/p><\/li>\n<\/ul>\n\n\n\n<h3 class=\"wp-block-heading\"><strong>2. Consumer Behavior and Product Authenticity<\/strong><\/h3>\n\n\n\n<p>Blockchain-backed food and <a class=\"wpil_keyword_link\" href=\"https:\/\/www.sisinternational.com\/es\/pericia\/industrias\/investigacion-de-mercado-de-bebidas\/\"   title=\"Investigaci\u00f3n de mercado de bebidas\" data-wpil-keyword-link=\"linked\"  data-wpil-monitor-id=\"731\">investigaci\u00f3n de mercado de bebidas<\/a> provides real-time insights into consumer buying behaviors and preferences.<\/p>\n\n\n\n<p>\ud83d\udd39 <strong>How it works:<\/strong><\/p>\n\n\n\n<ul class=\"wp-block-list\">\n<li><p>Smart labels and QR codes allow consumers to access verified product data&nbsp;<\/p><\/li>\n\n\n\n<li><p>Companies can track purchasing patterns for data-driven decision-making&nbsp;<\/p><\/li>\n\n\n\n<li><p>Authenticity verification prevents food fraud and counterfeit goods&nbsp;<\/p><\/li>\n<\/ul>\n\n\n\n<h3 class=\"wp-block-heading\"><strong>3. Sustainable and Ethical Sourcing<\/strong><\/h3>\n\n\n\n<p>Blockchain ensures ethical sourcing by verifying labor practices, carbon footprint tracking, and fair trade certification.<\/p>\n\n\n\n<p>\ud83d\udd39 <strong>Blockchain\u2019s role in sustainability:<\/strong><\/p>\n\n\n\n<ul class=\"wp-block-list\">\n<li><p>Transparent tracking of sustainability efforts&nbsp;<\/p><\/li>\n\n\n\n<li><p>Certification of ethically sourced ingredients&nbsp;<\/p><\/li>\n\n\n\n<li><p>Verification of carbon-neutral supply chain initiatives&nbsp;<\/p><\/li>\n<\/ul>\n\n\n\n<h3 class=\"wp-block-heading\"><strong>4. Food Safety and Quality Assurance<\/strong><\/h3>\n\n\n\n<p>Blockchain prevents contamination, reduces foodborne illness risks, and ensures compliance with global food safety standards.<\/p>\n\n\n\n<p>\ud83d\udd39 <strong>Key advantages:<\/strong><\/p>\n\n\n\n<ul class=\"wp-block-list\">\n<li><p>Immediate identification of contamination sources&nbsp;<\/p><\/li>\n\n\n\n<li><p>AI-enhanced blockchain solutions predict food safety risks&nbsp;<\/p><\/li>\n\n\n\n<li><p>Smart contracts automate compliance and certification processes&nbsp;<\/p><\/li>\n<\/ul>\n\n\n\n<h2 class=\"wp-block-heading\"><strong>The Future of Blockchain in Food and Beverage Market Research<\/strong><\/h2>\n\n\n\n<figure class=\"gb-block-image gb-block-image-0e23a2be\"><img loading=\"lazy\" decoding=\"async\" width=\"1456\" height=\"816\" class=\"gb-image gb-image-0e23a2be\" src=\"https:\/\/www.sisinternational.com\/wp-content\/uploads\/2025\/08\/Food-taste-testing-17.jpg\" alt=\"Investigaci\u00f3n y estrategia de mercado internacional de SIS\" title=\"Food taste testing (17)\" srcset=\"https:\/\/www.sisinternational.com\/wp-content\/uploads\/2025\/08\/Food-taste-testing-17.jpg 1456w, https:\/\/www.sisinternational.com\/wp-content\/uploads\/2025\/08\/Food-taste-testing-17-300x168.jpg 300w, https:\/\/www.sisinternational.com\/wp-content\/uploads\/2025\/08\/Food-taste-testing-17-1024x574.jpg 1024w, https:\/\/www.sisinternational.com\/wp-content\/uploads\/2025\/08\/Food-taste-testing-17-768x430.jpg 768w, https:\/\/www.sisinternational.com\/wp-content\/uploads\/2025\/08\/Food-taste-testing-17-18x10.jpg 18w\" sizes=\"auto, (max-width: 1456px) 100vw, 1456px\"><\/figure>\n\n\n\n<p><\/p>\n\n\n\n<p>The next wave of blockchain-powered food and beverage research will include:<\/p>\n\n\n\n<p>\u2705 <strong>AI-driven blockchain insights<\/strong> for consumer trends and market analysis&nbsp;<br>\u2705 <strong>IoT and smart sensors<\/strong> enhancing real-time food safety tracking&nbsp;<br>\u2705 <strong>Tokenized reward programs<\/strong> incentivizing consumers for ethical purchases&nbsp;<br>\u2705 <strong>Cross-border supply chain interoperability<\/strong> for international food trade&nbsp;<\/p>\n\n\n\n<h2 class=\"wp-block-heading\"><strong>Final Thoughts from Ruth Stanat, CEO of SIS International Research<\/strong><\/h2>\n\n\n\n<p>Blockchain is revolutionizing <a href=\"https:\/\/www.sisinternational.com\/es\/pericia\/industrias\/cena-comida-bebida-investigacion-de-mercado\/\" title=\"Investigaci\u00f3n de mercado de alimentos y bebidas para la cena\"  data-wpil-monitor-id=\"7177\">food and beverage market research<\/a>, offering an unprecedented level of transparency, security, and trust. Companies that invest in blockchain-powered insights and real-time data tracking will dominate the future of the food industry.<\/p>\n\n\n\n<p>En <a href=\"https:\/\/www.linkedin.com\/company\/sisinternationalresearch\/posts\/?feedView=all\" target=\"_blank\" rel=\"noopener\"><strong>SIS International Research<\/strong><\/a>, we provide in-depth market intelligence, blockchain adoption strategies, and industry insights to help food and beverage companies stay ahead of trends and disruptions.<\/p>\n\n\n\n<h2 class=\"wp-block-heading\">Nuestra ubicaci\u00f3n de instalaciones en Nueva York<\/h2>\n\n\n\n<p>\n\n\n\n<iframe loading=\"lazy\" src=\"https:\/\/www.google.com\/maps\/embed?pb=!1m18!1m12!1m3!1d3022.976188376966!2d-73.99130312499956!3d40.740549471389315!2m3!1f0!2f0!3f0!3m2!1i1024!2i768!4f13.1!3m3!1m2!1s0x89c259a15798c731%3A0xd695d09bdd495f25!2s11%20E%2022nd%20St%20FL%202%2C%20New%20York%2C%20NY%2010010%2C%20USA!5e0!3m2!1sen!2spe!4v1726171763526!5m2!1sen!2spe\" width=\"600\" height=\"450\" allowfullscreen=\"allowfullscreen\" data-mce-fragment=\"1\"><\/iframe>\n\n\n\n<\/p>\n\n\n\n<h3 class=\"wp-block-heading\">11 E 22nd Street, piso 2, Nueva York, NY 10010 T: +1(212) 505-6805<\/h3>\n\n\n\n<hr class=\"wp-block-separator has-alpha-channel-opacity\"\/>\n\n\n\n<h2 class=\"wp-block-heading\"><span style=\"font-weight: 400;\">Acerca de SIS Internacional<\/span><\/h2>\n\n\n\n<p><a href=\"https:\/\/www.sisinternational.com\/es\/\"><span style=\"font-weight: 400;\">SIS Internacional<\/span><\/a><span style=\"font-weight: 400;\"> ofrece investigaci\u00f3n cuantitativa, cualitativa y estrat\u00e9gica. Proporcionamos datos, herramientas, estrategias, informes y conocimientos para la toma de decisiones. Tambi\u00e9n realizamos entrevistas, encuestas, grupos focales y otros m\u00e9todos y enfoques de investigaci\u00f3n de mercado.<\/span><a href=\"https:\/\/www.sisinternational.com\/es\/sobre-la-investigacion-internacional-de-sis\/contact-sis-international-market-research\/\"><span style=\"font-weight: 400;\"> P\u00f3ngase en contacto con nosotros<\/span><\/a><span style=\"font-weight: 400;\"> para su pr\u00f3ximo proyecto de Investigaci\u00f3n de Mercado.<\/span><\/p>\n\n\n\n<p><\/p>\n\n\n\n<h2 class=\"wp-block-heading\">&nbsp;<\/h2>","protected":false},"excerpt":{"rendered":"<p>Blockchain en la investigaci\u00f3n de mercado de alimentos y bebidas puede ayudar a desbloquear oportunidades de mercado nuevas y transformadoras.<\/p>","protected":false},"author":1,"featured_media":63158,"parent":22018,"menu_order":128,"comment_status":"closed","ping_status":"closed","template":"","meta":{"footnotes":""},"class_list":["post-40631","page","type-page","status-publish","has-post-thumbnail"],"_links":{"self":[{"href":"https:\/\/www.sisinternational.com\/es\/wp-json\/wp\/v2\/pages\/40631","targetHints":{"allow":["GET"]}}],"collection":[{"href":"https:\/\/www.sisinternational.com\/es\/wp-json\/wp\/v2\/pages"}],"about":[{"href":"https:\/\/www.sisinternational.com\/es\/wp-json\/wp\/v2\/types\/page"}],"author":[{"embeddable":true,"href":"https:\/\/www.sisinternational.com\/es\/wp-json\/wp\/v2\/users\/1"}],"replies":[{"embeddable":true,"href":"https:\/\/www.sisinternational.com\/es\/wp-json\/wp\/v2\/comments?post=40631"}],"version-history":[{"count":11,"href":"https:\/\/www.sisinternational.com\/es\/wp-json\/wp\/v2\/pages\/40631\/revisions"}],"predecessor-version":[{"id":80742,"href":"https:\/\/www.sisinternational.com\/es\/wp-json\/wp\/v2\/pages\/40631\/revisions\/80742"}],"up":[{"embeddable":true,"href":"https:\/\/www.sisinternational.com\/es\/wp-json\/wp\/v2\/pages\/22018"}],"wp:featuredmedia":[{"embeddable":true,"href":"https:\/\/www.sisinternational.com\/es\/wp-json\/wp\/v2\/media\/63158"}],"wp:attachment":[{"href":"https:\/\/www.sisinternational.com\/es\/wp-json\/wp\/v2\/media?parent=40631"}],"curies":[{"name":"wp","href":"https:\/\/api.w.org\/{rel}","templated":true}]}}