{"id":40613,"date":"2022-06-08T13:17:11","date_gmt":"2022-06-08T13:17:11","guid":{"rendered":"https:\/\/www.sisinternational.com\/?page_id=40613"},"modified":"2026-03-12T12:30:03","modified_gmt":"2026-03-12T16:30:03","slug":"redaccion-de-un-documento-tecnico-sobre-contenido-estrategico-b2b","status":"publish","type":"page","link":"https:\/\/www.sisinternational.com\/es\/soluciones\/investigacion-de-mercado-b2b\/redaccion-de-un-documento-tecnico-sobre-contenido-estrategico-b2b\/","title":{"rendered":"Empresa de redacci\u00f3n de documentos t\u00e9cnicos y contenido estrat\u00e9gico B2B"},"content":{"rendered":"<h1 class=\"gb-headline gb-headline-548648d5 gb-headline-text\">Empresa de redacci\u00f3n de documentos t\u00e9cnicos y contenido estrat\u00e9gico B2B<\/h1>\n\n\n\n<figure class=\"gb-block-image gb-block-image-53a09823\"><img loading=\"lazy\" decoding=\"async\" width=\"1456\" height=\"816\" class=\"gb-image gb-image-53a09823\" src=\"https:\/\/www.sisinternational.com\/wp-content\/uploads\/2025\/08\/B2B-2-4.jpg\" alt=\"Investigaci\u00f3n y estrategia de mercado internacional de SIS\" title=\"B2B 2 (4)\" srcset=\"https:\/\/www.sisinternational.com\/wp-content\/uploads\/2025\/08\/B2B-2-4.jpg 1456w, https:\/\/www.sisinternational.com\/wp-content\/uploads\/2025\/08\/B2B-2-4-300x168.jpg 300w, https:\/\/www.sisinternational.com\/wp-content\/uploads\/2025\/08\/B2B-2-4-1024x574.jpg 1024w, https:\/\/www.sisinternational.com\/wp-content\/uploads\/2025\/08\/B2B-2-4-768x430.jpg 768w, https:\/\/www.sisinternational.com\/wp-content\/uploads\/2025\/08\/B2B-2-4-18x10.jpg 18w\" sizes=\"auto, (max-width: 1456px) 100vw, 1456px\"><\/figure>\n\n\n\n<p><\/p>\n\n\n\n<hr class=\"wp-block-separator has-alpha-channel-opacity is-style-dots\"\/>\n\n\n\n<p><\/p>\n\n\n\n<div class=\"wp-block-columns has-global-color-9-color has-text-color has-background has-link-color wp-elements-7a44ec9f6884a2b56cc26e6a3a76748f is-layout-flex wp-container-core-columns-is-layout-9d6595d7 wp-block-columns-is-layout-flex\" style=\"background-color:#f7f9fa6e\">\n<div class=\"wp-block-column is-layout-flow wp-block-column-is-layout-flow\" style=\"flex-basis:18%\"><\/div>\n\n\n\n<div class=\"wp-block-column is-vertically-aligned-center is-layout-flow wp-block-column-is-layout-flow\" style=\"flex-basis:71.28%\">\n<div class=\"wp-block-rank-math-toc-block aligncenter has-global-color-9-color has-text-color has-link-color wp-elements-5d0a26885a93fad471d7afbf8b310d97\" style=\"font-size:16px\" id=\"rank-math-toc\"><h2><br><strong>t<\/strong>able of Contents<\/h2><nav><ul><li class=\"\"><a href=\"#importance-of-b-2-b-content-writing\">Importancia de la redacci\u00f3n de contenidos B2B<\/a><\/li><li class=\"\"><a href=\"#importance-of-b-2-b-white-papers\">Importancia de los documentos t\u00e9cnicos B2B<\/a><\/li><li class=\"\"><a href=\"#opportunities-trends-and-new-technologies\">Oportunidades, Tendencias y Nuevas Tecnolog\u00edas<\/a><\/li><li class=\"\"><a href=\"#how-market-research-helps\">C\u00f3mo ayuda la investigaci\u00f3n de mercado<\/a><\/li><li class=\"\"><a href=\"#how-to-do-strategy-research-in-competitive-markets\">C\u00f3mo hacer una investigaci\u00f3n estrat\u00e9gica en mercados competitivos<\/a><\/li><li class=\"\"><a href=\"#benefits-of-content-writing\">Beneficios de la redacci\u00f3n de contenidos<\/a><\/li><\/ul><\/nav><\/div>\n<\/div>\n<\/div>\n\n\n\n<p><\/p>\n\n\n\n<h2 class=\"wp-block-heading\" id=\"importance-of-b-2-b-content-writing\">Importancia de la redacci\u00f3n de contenidos B2B<\/h2>\n\n\n\n<p>Savvy B2B marketers know that content writing is critical. It helps businesses to connect with modern customers. B2B buyers expect content marketing, and the B2B space is embracing it. Also, helpful content that shows your company\u2019s expertise can help to entice B2B buyers. Content marketing has proven to be cheaper. It is even more effective than other programs. And it&#8217;s more efficient!<\/p>\n\n\n\n<h2 class=\"wp-block-heading\" id=\"importance-of-b-2-b-white-papers\">Importancia de los documentos t\u00e9cnicos B2B<\/h2>\n\n\n\n<p>White papers have proved to be a flexible means of marketing the services of a business. These papers define an actual problem that customers are having and offer a verified solution to it. They cite facts and figures, showcase the company\u2019s expertise, and are reliable go-to pieces for customers who want answers. Many companies depend on white papers.&nbsp;<\/p>\n\n\n\n<h2 class=\"wp-block-heading\" id=\"opportunities-trends-and-new-technologies\">Oportunidades, Tendencias y Nuevas Tecnolog\u00edas<\/h2>\n\n\n\n<figure class=\"gb-block-image gb-block-image-38f4a3ae\"><img loading=\"lazy\" decoding=\"async\" width=\"1456\" height=\"816\" class=\"gb-image gb-image-38f4a3ae\" src=\"https:\/\/www.sisinternational.com\/wp-content\/uploads\/2025\/08\/B2Bjpg-3.jpg\" alt=\"Investigaci\u00f3n y estrategia de mercado internacional de SIS\" title=\"B2Bjpg (3)\" srcset=\"https:\/\/www.sisinternational.com\/wp-content\/uploads\/2025\/08\/B2Bjpg-3.jpg 1456w, https:\/\/www.sisinternational.com\/wp-content\/uploads\/2025\/08\/B2Bjpg-3-300x168.jpg 300w, https:\/\/www.sisinternational.com\/wp-content\/uploads\/2025\/08\/B2Bjpg-3-1024x574.jpg 1024w, https:\/\/www.sisinternational.com\/wp-content\/uploads\/2025\/08\/B2Bjpg-3-768x430.jpg 768w, https:\/\/www.sisinternational.com\/wp-content\/uploads\/2025\/08\/B2Bjpg-3-18x10.jpg 18w\" sizes=\"auto, (max-width: 1456px) 100vw, 1456px\"><\/figure>\n\n\n\n<p><\/p>\n\n\n\n<p>La construcci\u00f3n de comunidades es una de las oportunidades que presenta el marketing de contenidos. Puede utilizar esta estrategia como herramienta para nutrir al p\u00fablico. Es una obviedad si siempre buscas la participaci\u00f3n de la audiencia.<\/p>\n\n\n\n<p>El contenido en s\u00ed presenta otra oportunidad. Es esencial elaborar contenido basado en las fases espec\u00edficas del recorrido de su cliente.<\/p>\n\n\n\n<p>El marketing de influencers es otra oportunidad m\u00e1s. Es una buena pr\u00e1ctica desarrollar relaciones con personas influyentes que puedan ayudar a promocionar su contenido.<\/p>\n\n\n\n<p>Las empresas deben prestar atenci\u00f3n a las nuevas tecnolog\u00edas de marketing de contenidos a medida que evolucionan. Por ejemplo, puede utilizar herramientas en l\u00ednea como SocialMention.com. Este servicio le informa lo que dicen los clientes sobre sus productos y su marca. Tambi\u00e9n le da una idea de c\u00f3mo ven su industria.<\/p>\n\n\n\n<p>El v\u00eddeo en directo es otra nueva tecnolog\u00eda que las empresas pueden utilizar. Puede aprovechar esta tecnolog\u00eda para hablar sobre temas de la industria. Tambi\u00e9n puede utilizarlo para realizar entrevistas o anunciar lanzamientos de nuevos productos.<\/p>\n\n\n\n<h2 class=\"wp-block-heading\" id=\"how-market-research-helps\">C\u00f3mo ayuda la investigaci\u00f3n de mercado<\/h2>\n\n\n\n<h3 class=\"wp-block-heading\">Investigaci\u00f3n cualitativa<\/h3>\n\n\n\n<p>La investigaci\u00f3n cualitativa incluye entrevistas con expertos y responsables de la toma de decisiones de la empresa, y con consumidores. Sus bases son actitudes, opiniones, intenciones y creencias. Se trata de preguntas como &quot;c\u00f3mo&quot; y &quot;por qu\u00e9&quot;. Este tipo de investigaci\u00f3n tiene como objetivo comprender por qu\u00e9 los consumidores act\u00faan de determinada manera o c\u00f3mo pueden reaccionar ante un nuevo producto. Las entrevistas y los grupos focales son t\u00e9cnicas est\u00e1ndar que se utilizan para recopilar datos cualitativos.<\/p>\n\n\n\n<h3 class=\"wp-block-heading\">Investigaci\u00f3n cuantitativa<\/h3>\n\n\n\n<p><a class=\"wpil_keyword_link\" href=\"https:\/\/www.sisinternational.com\/es\/soluciones\/soluciones-de-investigacion-cualitativa-cuantitativa\/investigacion-de-mercado-cuantitativa-2\/\"   title=\"Investigaci\u00f3n de mercado cuantitativa\" data-wpil-keyword-link=\"linked\"  data-wpil-monitor-id=\"732\">Investigaci\u00f3n de mercado cuantitativa<\/a> tends to be more structured than the qualitative approach. This difference is due to the statistical nature of quantitative analysis. Companies can use it to get a precise picture of their target market. They can choose a large section of respondents and provide them with a list of closed questions. The postal questionnaire is a conventional technique used to gather quantitative data. Other methods include online telephone calls and surveys.<\/p>\n\n\n\n<h2 class=\"wp-block-heading\" id=\"how-to-do-strategy-research-in-competitive-markets\">C\u00f3mo hacer una investigaci\u00f3n estrat\u00e9gica en mercados competitivos<\/h2>\n\n\n\n<h3 class=\"wp-block-heading\">An\u00e1lisis competitivo<\/h3>\n\n\n\n<p>Un an\u00e1lisis competitivo es una parte vital en la etapa de investigaci\u00f3n y planificaci\u00f3n de las empresas. Es \u00fatil para empresas que desean hacer avanzar su negocio. Un an\u00e1lisis competitivo en profundidad le ayudar\u00e1 a lograr tres cosas:<\/p>\n\n\n\n<ol class=\"wp-block-list\">\n<li>Identifique las fortalezas y debilidades de sus competidores<\/li>\n\n\n\n<li>Reconocer c\u00f3mo los consumidores y clientes potenciales utilizan y califican a la competencia.<\/li>\n\n\n\n<li>Brindarle un punto de partida para desarrollar t\u00e1cticas de marketing competitivas exitosas.<\/li>\n<\/ol>\n\n\n\n<h3 class=\"wp-block-heading\">Investigaci\u00f3n de oportunidades de mercado<\/h3>\n\n\n\n<figure class=\"gb-block-image gb-block-image-87590e72\"><img loading=\"lazy\" decoding=\"async\" width=\"1456\" height=\"816\" class=\"gb-image gb-image-87590e72\" src=\"https:\/\/www.sisinternational.com\/wp-content\/uploads\/2025\/08\/B2Bjpg-1.jpg\" alt=\"Investigaci\u00f3n y estrategia de mercado internacional de SIS\" title=\"B2Bjpg (1)\" srcset=\"https:\/\/www.sisinternational.com\/wp-content\/uploads\/2025\/08\/B2Bjpg-1.jpg 1456w, https:\/\/www.sisinternational.com\/wp-content\/uploads\/2025\/08\/B2Bjpg-1-300x168.jpg 300w, https:\/\/www.sisinternational.com\/wp-content\/uploads\/2025\/08\/B2Bjpg-1-1024x574.jpg 1024w, https:\/\/www.sisinternational.com\/wp-content\/uploads\/2025\/08\/B2Bjpg-1-768x430.jpg 768w, https:\/\/www.sisinternational.com\/wp-content\/uploads\/2025\/08\/B2Bjpg-1-18x10.jpg 18w\" sizes=\"auto, (max-width: 1456px) 100vw, 1456px\"><\/figure>\n\n\n\n<p><\/p>\n\n\n\n<p>Each successful product or service that we use today began with wide-ranging research. This research produces data about competitors and customers. Companies and brands need to know a great deal about their market. They also need to know about possible clients and their chief competitors. If you\u2019re looking to be a step ahead of your rivals, <a href=\"https:\/\/www.sisinternational.com\/es\/pericia\/industrias\/investigacion-de-mercado-de-broadway\/\" title=\"Investigaci\u00f3n de mercado de Broadway\"  data-wpil-monitor-id=\"6112\">investigaci\u00f3n de oportunidades de mercado<\/a> is the critical element. It will deliver all the data you need to make a better business decision. That goes for whether you\u2019re trying to expand your current service or you\u2019re launching a product.<\/p>\n\n\n\n<h2 class=\"wp-block-heading\" id=\"benefits-of-content-writing\">Beneficios de la redacci\u00f3n de contenidos<\/h2>\n\n\n\n<p>Strong website content increases search engine rankings and boosts conversions. It also creates a voice for your company. All your other marketing plans will fall short without high-quality content.<a href=\"https:\/\/www.linkedin.com\/newsletters\/sis-international-research-7273479089292795905\/\" target=\"_blank\" rel=\"noopener\"> SIS International Research<\/a> can help you improve your analytics and your digital content. Contact us now for a consultation on how we can help you to move your business forward.<\/p>\n\n\n\n<p><\/p>\n\n\n\n<!DOCTYPE html>\n<html lang=\"en\">\n<head>\n    <meta charset=\"UTF-8\">\n    <meta name=\"viewport\" content=\"width=device-width, initial-scale=1.0\">\n    <title>AI Blog Banner<\/title>\n    <style>\n        * {\n            margin: 0;\n            padding: 0;\n            box-sizing: border-box;\n        }\n\n        .banner {\n            position: relative;\n            width: 100%;\n            height: 350px;\n            overflow: hidden;\n            display: flex;\n            align-items: center;\n            justify-content: center;\n            font-family: 'Arial', sans-serif;\n            border-radius: 25px;\n        }\n\n        .animated-background {\n            position: absolute;\n            top: 0;\n            left: 0;\n            width: 100%;\n            height: 100%;\n            background: linear-gradient(45deg, #003f6b, #2d5a7b, #003f6b, #2d5a7b);\n            background-size: 400% 400%;\n            animation: gradientMove 8s ease-in-out infinite;\n        }\n\n        .ai-pattern {\n            position: absolute;\n            top: 0;\n            left: 0;\n            width: 100%;\n            height: 100%;\n            opacity: 0.1;\n            background-image: \n                radial-gradient(circle at 20% 20%, rgba(255,255,255,0.3) 2px, transparent 2px),\n                radial-gradient(circle at 80% 80%, rgba(255,255,255,0.2) 1px, transparent 1px),\n                radial-gradient(circle at 40% 60%, rgba(255,255,255,0.15) 1.5px, transparent 1.5px),\n                radial-gradient(circle at 60% 20%, rgba(255,255,255,0.25) 1px, transparent 1px),\n                radial-gradient(circle at 80% 40%, rgba(255,255,255,0.2) 2px, transparent 2px);\n            background-size: 100px 100px, 150px 150px, 80px 80px, 120px 120px, 90px 90px;\n            animation: patternFloat 12s linear infinite;\n        }\n\n        .neural-network {\n            position: absolute;\n            top: 0;\n            left: 0;\n            width: 100%;\n            height: 100%;\n            opacity: 0.08;\n        }\n\n        .neural-line {\n            position: absolute;\n            height: 1px;\n            background: linear-gradient(90deg, transparent, rgba(255,255,255,0.5), transparent);\n            animation: neuralPulse 6s ease-in-out infinite;\n        }\n\n        .neural-line:nth-child(1) {\n            top: 30%;\n            left: 0;\n            width: 60%;\n            animation-delay: 0s;\n        }\n\n        .neural-line:nth-child(2) {\n            top: 50%;\n            right: 0;\n            width: 70%;\n            animation-delay: 2s;\n        }\n\n        .neural-line:nth-child(3) {\n            top: 70%;\n            left: 20%;\n            width: 50%;\n            animation-delay: 4s;\n        }\n\n        .content {\n            position: relative;\n            z-index: 10;\n            text-align: center;\n            color: white !important;\n            max-width: 800px;\n            padding: 30px;\n        }\n\n        .content * {\n            color: white !important;\n        }\n\n        .cta-text {\n            font-size: 1.9rem;\n            font-weight: 700;\n            margin-bottom: 15px;\n            color: white !important;\n            background: linear-gradient(90deg, rgba(255,255,255,0.6), rgba(255,255,255,1), rgba(230,230,230,1), rgba(255,255,255,1), rgba(240,240,240,0.8), rgba(255,255,255,0.6));\n            background-size: 200% 100%;\n            -webkit-background-clip: text;\n            -webkit-text-fill-color: transparent;\n            background-clip: text;\n            animation: shineEffect 10s ease-in-out infinite;\n            line-height: 1.3;\n        }\n\n        .cta-subheading {\n            font-size: 1rem;\n            font-weight: 400;\n            margin-bottom: 25px;\n            color: white !important;\n            line-height: 1.6;\n            opacity: 0.95;\n        }\n\n        .cta-button {\n            background: linear-gradient(135deg, #8a6b0f, #bd9013, #d4a519);\n            border: 2px solid #8a6b0f;\n            color: white !important;\n            padding: 18px 40px;\n            font-size: 1.2rem;\n            font-weight: 600;\n            border-radius: 50px;\n            cursor: pointer;\n            transition: all 0.3s ease;\n            text-decoration: none;\n            display: inline-block;\n            position: relative;\n            overflow: hidden;\n        }\n\n        .cta-button::before {\n            content: '';\n            position: absolute;\n            top: 0;\n            left: -100%;\n            width: 100%;\n            height: 100%;\n            background: linear-gradient(90deg, \n                transparent 0%, \n                rgba(255, 255, 255, 0.3) 25%,\n                rgba(255, 255, 255, 0.6) 50%,\n                rgba(255, 255, 255, 0.3) 75%,\n                transparent 100%);\n            animation: shine 3s ease-in-out infinite;\n        }\n\n        .cta-button:hover {\n            transform: translateY(-3px);\n            box-shadow: 0 10px 25px rgba(0,0,0,0.2);\n            border-color: #bd9013;\n            background: linear-gradient(135deg, #bd9013, #d4a519, #e6b61f);\n        }\n\n        .floating-elements {\n            position: absolute;\n            top: 0;\n            left: 0;\n            width: 100%;\n            height: 100%;\n            pointer-events: none;\n        }\n\n        .floating-circle {\n            position: absolute;\n            border-radius: 50%;\n            background: rgba(255,255,255,0.1);\n            animation: float 8s ease-in-out infinite;\n        }\n\n        .floating-circle:nth-child(1) {\n            width: 80px;\n            height: 80px;\n            top: 20%;\n            left: 10%;\n            animation-delay: 0s;\n        }\n\n        .floating-circle:nth-child(2) {\n            width: 60px;\n            height: 60px;\n            top: 60%;\n            right: 15%;\n            animation-delay: 3s;\n        }\n\n        .floating-circle:nth-child(3) {\n            width: 40px;\n            height: 40px;\n            top: 80%;\n            left: 80%;\n            animation-delay: 6s;\n        }\n\n        .floating-circle:nth-child(4) {\n            width: 70px;\n            height: 70px;\n            top: 10%;\n            right: 20%;\n            animation-delay: 1.5s;\n        }\n\n        .floating-circle:nth-child(5) {\n            width: 50px;\n            height: 50px;\n            top: 75%;\n            left: 30%;\n            animation-delay: 4.5s;\n        }\n\n        @keyframes gradientMove {\n            0% { background-position: 0% 50%; }\n            25% { background-position: 100% 50%; }\n            50% { background-position: 100% 100%; }\n            75% { background-position: 0% 100%; }\n            100% { background-position: 0% 50%; }\n        }\n\n        @keyframes patternFloat {\n            0% { transform: translateX(0) translateY(0); }\n            33% { transform: translateX(30px) translateY(-20px); }\n            66% { transform: translateX(-20px) translateY(10px); }\n            100% { transform: translateX(0) translateY(0); }\n        }\n\n        @keyframes neuralPulse {\n            0%, 100% { opacity: 0.08; }\n            50% { opacity: 0.2; }\n        }\n\n        @keyframes shineEffect {\n            0% { background-position: 200% 0; }\n            100% { background-position: -200% 0; }\n        }\n\n        @keyframes shine {\n            0% {\n                left: -100%;\n            }\n            20%, 100% {\n                left: 100%;\n            }\n        }\n\n        @keyframes float {\n            0%, 100% { transform: translateY(0px) rotate(0deg); }\n            33% { transform: translateY(-30px) rotate(120deg); }\n            66% { transform: translateY(15px) rotate(240deg); }\n        }\n\n        @media (max-width: 768px) {\n            .banner {\n                height: 320px;\n                padding: 30px 0;\n            }\n            \n            .content {\n                padding: 40px 20px;\n            }\n            \n            .cta-text {\n                font-size: 1.3rem;\n                margin-bottom: 12px;\n            }\n            \n            .cta-subheading {\n                font-size: 0.85rem;\n                margin-bottom: 20px;\n            }\n            \n            .cta-button {\n                padding: 14px 28px;\n                font-size: 0.95rem;\n            }\n        }\n    <\/style>\n<\/head>\n<body>\n    <div class=\"banner\">\n        <div class=\"animated-background\"><\/div>\n        \n        <div class=\"ai-pattern\"><\/div>\n        \n        <div class=\"neural-network\">\n            <div class=\"neural-line\"><\/div>\n            <div class=\"neural-line\"><\/div>\n            <div class=\"neural-line\"><\/div>\n        <\/div>\n        \n        <div class=\"floating-elements\">\n            <div class=\"floating-circle\"><\/div>\n            <div class=\"floating-circle\"><\/div>\n            <div class=\"floating-circle\"><\/div>\n            <div class=\"floating-circle\"><\/div>\n            <div class=\"floating-circle\"><\/div>\n        <\/div>\n        \n        <div class=\"content\">\n            <div class=\"cta-text\">Ready to explore the insights that drive smarter decisions?<\/div>\n            <div class=\"cta-subheading\">Contact our Research experts today.<\/div>\n            <a href=\"mailto:Research@sisinternational.com\" class=\"cta-button\">Contact us now!<\/a>\n        <\/div>\n    <\/div>\n<\/body>\n<\/html>\n\n\n\n<p><\/p>\n\n\n<h2>Nuestra ubicaci\u00f3n de instalaciones en Nueva York<\/h2>\n<p><!-- \/wp:post-content --> <!-- wp:html --> <iframe loading=\"lazy\" src=\"https:\/\/www.google.com\/maps\/embed?pb=!1m18!1m12!1m3!1d3022.976188376966!2d-73.99130312499956!3d40.740549471389315!2m3!1f0!2f0!3f0!3m2!1i1024!2i768!4f13.1!3m3!1m2!1s0x89c259a15798c731%3A0xd695d09bdd495f25!2s11%20E%2022nd%20St%20FL%202%2C%20New%20York%2C%20NY%2010010%2C%20USA!5e0!3m2!1sen!2spe!4v1726171763526!5m2!1sen!2spe\" width=\"600\" height=\"450\" allowfullscreen=\"allowfullscreen\" data-mce-fragment=\"1\"><\/iframe> <!-- \/wp:html --> <!-- wp:paragraph --><\/p>\n<h3 class=\"wp-block-heading\">11 E 22nd Street, Piso 2, Nueva York, NY 10010 T: +1(212) 505-6805<\/h3>\n<hr \/>\n<h2><span style=\"font-weight: 400;\">Acerca de SIS Internacional<\/span><\/h2>\n<p><a href=\"https:\/\/www.sisinternational.com\/es\/\"><span style=\"font-weight: 400;\">SIS Internacional<\/span><\/a><span style=\"font-weight: 400;\"> ofrece investigaci\u00f3n cuantitativa, cualitativa y estrat\u00e9gica. Proporcionamos datos, herramientas, estrategias, informes y conocimientos para la toma de decisiones. Tambi\u00e9n realizamos entrevistas, encuestas, grupos focales y otros m\u00e9todos y enfoques de investigaci\u00f3n de mercado.<\/span><a href=\"https:\/\/www.sisinternational.com\/es\/sobre-la-investigacion-internacional-de-sis\/contact-sis-international-market-research\/\"><span style=\"font-weight: 400;\"> P\u00f3ngase en contacto con nosotros<\/span><\/a><span style=\"font-weight: 400;\"> para su pr\u00f3ximo proyecto de Investigaci\u00f3n de Mercado.<\/span><\/p>\n<p><!-- wp:heading --><\/p><!-- \/wp:heading -->","protected":false},"excerpt":{"rendered":"<p>B2B Strategic Content &amp; White Paper Writing Company escribe &quot;documentos blancos&quot; basados en investigaciones y otros contenidos para grandes empresas. <\/p>","protected":false},"author":1,"featured_media":62375,"parent":11292,"menu_order":127,"comment_status":"closed","ping_status":"closed","template":"","meta":{"footnotes":""},"class_list":["post-40613","page","type-page","status-publish","has-post-thumbnail"],"_links":{"self":[{"href":"https:\/\/www.sisinternational.com\/es\/wp-json\/wp\/v2\/pages\/40613","targetHints":{"allow":["GET"]}}],"collection":[{"href":"https:\/\/www.sisinternational.com\/es\/wp-json\/wp\/v2\/pages"}],"about":[{"href":"https:\/\/www.sisinternational.com\/es\/wp-json\/wp\/v2\/types\/page"}],"author":[{"embeddable":true,"href":"https:\/\/www.sisinternational.com\/es\/wp-json\/wp\/v2\/users\/1"}],"replies":[{"embeddable":true,"href":"https:\/\/www.sisinternational.com\/es\/wp-json\/wp\/v2\/comments?post=40613"}],"version-history":[{"count":9,"href":"https:\/\/www.sisinternational.com\/es\/wp-json\/wp\/v2\/pages\/40613\/revisions"}],"predecessor-version":[{"id":79733,"href":"https:\/\/www.sisinternational.com\/es\/wp-json\/wp\/v2\/pages\/40613\/revisions\/79733"}],"up":[{"embeddable":true,"href":"https:\/\/www.sisinternational.com\/es\/wp-json\/wp\/v2\/pages\/11292"}],"wp:featuredmedia":[{"embeddable":true,"href":"https:\/\/www.sisinternational.com\/es\/wp-json\/wp\/v2\/media\/62375"}],"wp:attachment":[{"href":"https:\/\/www.sisinternational.com\/es\/wp-json\/wp\/v2\/media?parent=40613"}],"curies":[{"name":"wp","href":"https:\/\/api.w.org\/{rel}","templated":true}]}}