{"id":40293,"date":"2022-05-03T05:45:48","date_gmt":"2022-05-03T05:45:48","guid":{"rendered":"https:\/\/www.sisinternational.com\/?page_id=40293"},"modified":"2025-09-24T23:56:51","modified_gmt":"2025-09-25T03:56:51","slug":"investigacion-de-mercado-la-isla-de-man","status":"publish","type":"page","link":"https:\/\/www.sisinternational.com\/es\/cobertura\/europa\/investigacion-de-mercado-la-isla-de-man\/","title":{"rendered":"Investigaci\u00f3n de mercado en la Isla de Man"},"content":{"rendered":"<h1 class=\"gb-headline gb-headline-c6e58e32 gb-headline-text\">Investigaci\u00f3n de mercado en la Isla de Man<\/h1>\n\n\n\n<figure class=\"gb-block-image gb-block-image-9a1285c7\"><img loading=\"lazy\" decoding=\"async\" width=\"1456\" height=\"816\" class=\"gb-image gb-image-9a1285c7\" src=\"https:\/\/www.sisinternational.com\/wp-content\/uploads\/2025\/09\/the-Isle-of-Man-Europe-2.jpg\" alt=\"Investigaci\u00f3n y estrategia de mercado internacional de SIS\" title=\"the Isle of Man Europe (2)\" srcset=\"https:\/\/www.sisinternational.com\/wp-content\/uploads\/2025\/09\/the-Isle-of-Man-Europe-2.jpg 1456w, https:\/\/www.sisinternational.com\/wp-content\/uploads\/2025\/09\/the-Isle-of-Man-Europe-2-300x168.jpg 300w, https:\/\/www.sisinternational.com\/wp-content\/uploads\/2025\/09\/the-Isle-of-Man-Europe-2-1024x574.jpg 1024w, https:\/\/www.sisinternational.com\/wp-content\/uploads\/2025\/09\/the-Isle-of-Man-Europe-2-768x430.jpg 768w, https:\/\/www.sisinternational.com\/wp-content\/uploads\/2025\/09\/the-Isle-of-Man-Europe-2-18x10.jpg 18w\" sizes=\"auto, (max-width: 1456px) 100vw, 1456px\"><\/figure>\n\n\n\n<hr class=\"wp-block-separator has-alpha-channel-opacity is-style-dots\"\/>\n\n\n\n<p>Between Ireland and Great Britain lies The Isle of Man, a self-governing dependency of the British Crown. Also known as Mann, the Isle of Man is an excellent place to do business. Market research will aid potential investors in finding a niche market. They can then focus on this niche and provide goods and <a href=\"https:\/\/www.sisinternational.com\/es\/soluciones\/investigacion-de-consultoria-estrategica-fintech\/investigacion-de-mercado-de-servicios-financieros\/\" title=\"Investigaci\u00f3n de mercado de servicios financieros\"  data-wpil-monitor-id=\"10073\">services to fill the market\u2019s<\/a> needs. This research helps <a href=\"https:\/\/www.sisinternational.com\/es\/pericia\/industrias\/soluciones-de-investigacion-de-mercado-sanitario\/\" title=\"Empresa de estudios del mercado sanitario\"  data-wpil-monitor-id=\"10077\">firms<\/a> to find the gaps within the market. So, business is about filling this gap to meet the desires and needs of the <a href=\"https:\/\/www.sisinternational.com\/es\/top-5-benefits-of-qualitative-market-research-for-businesses\/\" title=\"Top 5 Benefits of Qualitative Market Research for Businesses\"  data-wpil-monitor-id=\"10078\">market<\/a>.<\/p>\n\n\n\n<h2 class=\"wp-block-heading\">Industrias clave<\/h2>\n\n\n\n<p>Las industrias clave en la Isla de Man son la aviaci\u00f3n, el turismo y las finanzas. La isla tambi\u00e9n ofrece servicios de fabricaci\u00f3n.<\/p>\n\n\n\n<ul class=\"wp-block-list\">\n<li>Aviaci\u00f3n: en esta isla existe un registro de aviones, fundado en 2007. El objetivo era atraer a propietarios de aviones privados y no comerciales en Europa. Desde sus inicios, la isla se ha vuelto muy prominente en la aviaci\u00f3n.<\/li>\n\n\n\n<li>Finanzas: la Isla de Man est\u00e1 creciendo como centro financiero global. Existe una Autoridad de Servicios Financieros, que implementa y gestiona las normas vigentes en la isla y protege y fortalece su imagen y reputaci\u00f3n.<\/li>\n\n\n\n<li>Turismo: otro sector clave principal son los servicios tur\u00edsticos. Con un sector tur\u00edstico en crecimiento, la isla consider\u00f3 adecuada para desarrollar intereses y eventos particulares. \u00c9stas incluyen; TT Festival y eventos de deportes de motor. Adem\u00e1s, se han realizado mejoras de calidad en el edificio y el espacio habitable.<\/li>\n\n\n\n<li>Manufactura: este sector es el principal proveedor de empleos en la isla. Tambi\u00e9n comprende la mayor parte del Producto Interno Bruto de la isla.<\/li>\n<\/ul>\n\n\n\n<h2 class=\"wp-block-heading\">Barrios<\/h2>\n\n\n\n<p>Mann is in the middle of the <a href=\"https:\/\/www.sisinternational.com\/es\/cobertura\/europa\/investigacion-de-mercado-irlanda-del-norte-reino-unido\/\" title=\"Investigaci\u00f3n de mercado en Irlanda del Norte\"  data-wpil-monitor-id=\"10076\">northern Irish Sea between Ireland<\/a> and Great Britain. England is to the east and Northern Ireland to the west. Scotland is to the north, whereas Wales is to the south of The Isle of Man. The island is home to more than 84,000 people, of which about 27,000 live in the capital city, Douglas. Douglas is the leading tourism and trading area on the island. Many ancient sites have origins from times past, when the island was still one of the Viking Kingdoms. The largest town is Onchan which is at the top of Douglas Bay next to Douglas, the capital. This city comprises gorgeous homes, cafes, and shops.<\/p>\n\n\n\n<h2 class=\"wp-block-heading\">Tendencias<\/h2>\n\n\n\n<p>La Isla de Man es un gran destino tur\u00edstico. Hay algunos lugares fant\u00e1sticos, por ejemplo, Laxey Wheel, Cregneash y Fairy Bridge. Adem\u00e1s, uno puede conducir la ruta de la carrera TT mientras disfruta del arenque de Manx. Estos arenques arenques son un plato destacado de la cocina de la Isla de Man.<\/p>\n\n\n\n<h2 class=\"wp-block-heading\">&nbsp;Beneficios y Fortalezas en el Mercado<\/h2>\n\n\n\n<p>The Isle of Man\u2019s economy is reliant on financial services. The government charges very few taxes. It also offers incentives to financial services companies and other high-tech firms on the island. As a result, it has created employment within the various industries.<\/p>\n\n\n\n<p>Furthermore, another strength of the Isle of Man is the e-gaming and gambling industry. These sectors constitute the bulk of the country\u2019s Gross domestic product.<\/p>\n\n\n\n<h2 class=\"wp-block-heading\">Base de consumidores<\/h2>\n\n\n\n<figure class=\"gb-block-image gb-block-image-bea2386a\"><img loading=\"lazy\" decoding=\"async\" width=\"1456\" height=\"816\" class=\"gb-image gb-image-bea2386a\" src=\"https:\/\/www.sisinternational.com\/wp-content\/uploads\/2025\/09\/the-Isle-of-Man-Europe-3.jpg\" alt=\"Investigaci\u00f3n y estrategia de mercado internacional de SIS\" title=\"the Isle of Man Europe (3)\" srcset=\"https:\/\/www.sisinternational.com\/wp-content\/uploads\/2025\/09\/the-Isle-of-Man-Europe-3.jpg 1456w, https:\/\/www.sisinternational.com\/wp-content\/uploads\/2025\/09\/the-Isle-of-Man-Europe-3-300x168.jpg 300w, https:\/\/www.sisinternational.com\/wp-content\/uploads\/2025\/09\/the-Isle-of-Man-Europe-3-1024x574.jpg 1024w, https:\/\/www.sisinternational.com\/wp-content\/uploads\/2025\/09\/the-Isle-of-Man-Europe-3-768x430.jpg 768w, https:\/\/www.sisinternational.com\/wp-content\/uploads\/2025\/09\/the-Isle-of-Man-Europe-3-18x10.jpg 18w\" sizes=\"auto, (max-width: 1456px) 100vw, 1456px\"><\/figure>\n\n\n\n<p><\/p>\n\n\n\n<p>The Isle of Man is a very wealthy country known for its low taxes. It\u2019s also famous for its financial <a href=\"https:\/\/www.sisinternational.com\/es\/soluciones\/investigacion-de-consultoria-estrategica-fintech\/investigacion-de-mercado-de-la-industria-de-servicios-financieros\/\" title=\"Investigaci\u00f3n de mercado de la industria de servicios financieros\"  data-wpil-monitor-id=\"10075\">services and online gambling industries<\/a>. The island boasts a low unemployment rate. As a result, most households can afford to pay for essential goods and services.<\/p>\n\n\n\n<h2 class=\"wp-block-heading\">\u00a0Reasons to grow your business in the Isle of Man<\/h2>\n\n\n\n<p>La Isla de Man es una comunidad muy acogedora para nuevos proyectos comerciales.<\/p>\n\n\n\n<p>Una ventaja importante de hacer negocios en la Isla de Man es que no tiene impuestos sobre las ganancias de capital ni sobre el patrimonio. Tampoco hay impuesto de timbre ni impuesto de herencia. Algunas empresas disfrutan de impuestos 0%. Estas exenciones fiscales reducen los costos generales de las empresas, permiti\u00e9ndoles ser m\u00e1s rentables. Como resultado, estas empresas pueden aumentar su actividad econ\u00f3mica.<\/p>\n\n\n\n<p><a href=\"https:\/\/www.sisinternational.com\/es\/pericia\/industrias\/investigacion-de-mercado-de-la-empresa-de-diseno\/\" title=\"Investigaci\u00f3n de mercado de empresas de dise\u00f1o\"  data-wpil-monitor-id=\"10074\">Firms must understand the market<\/a> within the Isle of Man. The process of starting a new business feels very supportive. The government nurtures new business ideas. It offers many options for firms looking to do business in the Isle of Man. For instance, there is the Department for Enterprise and Micro Business Grant Scheme. This scheme provides financing and training for firms to kick start business.<\/p>\n\n\n\n<h2 class=\"wp-block-heading\">Nuestra ubicaci\u00f3n de instalaciones en Nueva York<\/h2>\n\n\n\n<p>  <iframe loading=\"lazy\" src=\"https:\/\/www.google.com\/maps\/embed?pb=!1m18!1m12!1m3!1d3022.976188376966!2d-73.99130312499956!3d40.740549471389315!2m3!1f0!2f0!3f0!3m2!1i1024!2i768!4f13.1!3m3!1m2!1s0x89c259a15798c731%3A0xd695d09bdd495f25!2s11%20E%2022nd%20St%20FL%202%2C%20New%20York%2C%20NY%2010010%2C%20USA!5e0!3m2!1sen!2spe!4v1726171763526!5m2!1sen!2spe\" width=\"600\" height=\"450\" allowfullscreen=\"allowfullscreen\" data-mce-fragment=\"1\"><\/iframe>  <\/p>\n\n\n\n<h3 class=\"wp-block-heading\">11 E 22nd Street, piso 2, Nueva York, NY 10010 T: +1(212) 505-6805<\/h3>\n\n\n\n<hr class=\"wp-block-separator has-alpha-channel-opacity\"\/>\n\n\n\n<h2 class=\"wp-block-heading\"><span style=\"font-weight: 400;\">Acerca de SIS Internacional<\/span><\/h2>\n\n\n\n<p><a href=\"https:\/\/www.sisinternational.com\/es\/\"><span style=\"font-weight: 400;\">SIS Internacional<\/span><\/a><span style=\"font-weight: 400;\"> offers Quantitative, Qualitative, and Strategy Research. We provide data, tools, strategies, reports, and insights for decision-making. We also conduct interviews, surveys, focus groups, and other <a href=\"https:\/\/www.sisinternational.com\/es\/quantitative-market-research-methods-and-techniques\/\" title=\"Quantitative Market Research Methods and Techniques\"  data-wpil-monitor-id=\"10072\">Market Research methods<\/a> and approaches.<\/span><a href=\"https:\/\/www.sisinternational.com\/es\/sobre-la-investigacion-internacional-de-sis\/contact-sis-international-market-research\/\"><span style=\"font-weight: 400;\"> P\u00f3ngase en contacto con nosotros<\/span><\/a><span style=\"font-weight: 400;\"> para su pr\u00f3ximo proyecto de Investigaci\u00f3n de Mercado.<\/span><\/p>\n\n\n\n<p><\/p>\n\n\n\n<p><\/p>","protected":false},"excerpt":{"rendered":"<p>La investigaci\u00f3n de mercado en la Isla de Man ofrece a las empresas un enfoque integral para comprender este mercado y ofrece oportunidades interesantes para las empresas. <\/p>","protected":false},"author":1,"featured_media":66084,"parent":14510,"menu_order":57,"comment_status":"closed","ping_status":"closed","template":"","meta":{"footnotes":""},"class_list":["post-40293","page","type-page","status-publish","has-post-thumbnail"],"_links":{"self":[{"href":"https:\/\/www.sisinternational.com\/es\/wp-json\/wp\/v2\/pages\/40293","targetHints":{"allow":["GET"]}}],"collection":[{"href":"https:\/\/www.sisinternational.com\/es\/wp-json\/wp\/v2\/pages"}],"about":[{"href":"https:\/\/www.sisinternational.com\/es\/wp-json\/wp\/v2\/types\/page"}],"author":[{"embeddable":true,"href":"https:\/\/www.sisinternational.com\/es\/wp-json\/wp\/v2\/users\/1"}],"replies":[{"embeddable":true,"href":"https:\/\/www.sisinternational.com\/es\/wp-json\/wp\/v2\/comments?post=40293"}],"version-history":[{"count":6,"href":"https:\/\/www.sisinternational.com\/es\/wp-json\/wp\/v2\/pages\/40293\/revisions"}],"predecessor-version":[{"id":81669,"href":"https:\/\/www.sisinternational.com\/es\/wp-json\/wp\/v2\/pages\/40293\/revisions\/81669"}],"up":[{"embeddable":true,"href":"https:\/\/www.sisinternational.com\/es\/wp-json\/wp\/v2\/pages\/14510"}],"wp:featuredmedia":[{"embeddable":true,"href":"https:\/\/www.sisinternational.com\/es\/wp-json\/wp\/v2\/media\/66084"}],"wp:attachment":[{"href":"https:\/\/www.sisinternational.com\/es\/wp-json\/wp\/v2\/media?parent=40293"}],"curies":[{"name":"wp","href":"https:\/\/api.w.org\/{rel}","templated":true}]}}