{"id":40291,"date":"2022-05-03T05:39:32","date_gmt":"2022-05-03T05:39:32","guid":{"rendered":"https:\/\/www.sisinternational.com\/?page_id=40291"},"modified":"2025-09-24T23:57:41","modified_gmt":"2025-09-25T03:57:41","slug":"investigacion-de-mercado-islas-feroe","status":"publish","type":"page","link":"https:\/\/www.sisinternational.com\/es\/cobertura\/europa\/investigacion-de-mercado-islas-feroe\/","title":{"rendered":"Investigaci\u00f3n de mercado en las Islas Feroe"},"content":{"rendered":"<h1 class=\"gb-headline gb-headline-00645ff9 gb-headline-text\">Investigaci\u00f3n de mercado en las Islas Feroe<\/h1>\n\n\n\n<p><\/p>\n\n\n\n<figure class=\"gb-block-image gb-block-image-be89ccbd\"><img loading=\"lazy\" decoding=\"async\" width=\"1456\" height=\"816\" class=\"gb-image gb-image-be89ccbd\" src=\"https:\/\/www.sisinternational.com\/wp-content\/uploads\/2025\/09\/the-Faroe-Islands-4.jpg\" alt=\"Investigaci\u00f3n y estrategia de mercado internacional de SIS\" title=\"the Faroe Islands (4)\" srcset=\"https:\/\/www.sisinternational.com\/wp-content\/uploads\/2025\/09\/the-Faroe-Islands-4.jpg 1456w, https:\/\/www.sisinternational.com\/wp-content\/uploads\/2025\/09\/the-Faroe-Islands-4-300x168.jpg 300w, https:\/\/www.sisinternational.com\/wp-content\/uploads\/2025\/09\/the-Faroe-Islands-4-1024x574.jpg 1024w, https:\/\/www.sisinternational.com\/wp-content\/uploads\/2025\/09\/the-Faroe-Islands-4-768x430.jpg 768w, https:\/\/www.sisinternational.com\/wp-content\/uploads\/2025\/09\/the-Faroe-Islands-4-18x10.jpg 18w\" sizes=\"auto, (max-width: 1456px) 100vw, 1456px\"><\/figure>\n\n\n\n<hr class=\"wp-block-separator has-alpha-channel-opacity is-style-dots\"\/>\n\n\n\n<p>Las Islas Feroe son un archipi\u00e9lago situado en medio del Oc\u00e9ano Atl\u00e1ntico Norte. Al igual que Groenlandia, estas islas son un pa\u00eds constituyente aut\u00f3nomo del Reino de Dinamarca. Adem\u00e1s, estas islas son un para\u00edso para los excursionistas y amantes de la naturaleza que disfrutan del terreno accidentado. Encontrar\u00e1n flora y fauna \u00fanicas en las islas.<\/p>\n\n\n\n<h2 class=\"wp-block-heading\">Industrias clave<\/h2>\n\n\n\n<p>La mayor\u00eda de los habitantes de las Islas Feroe se ganan la vida con la industria pesquera. Esta situaci\u00f3n hace que la isla sea propensa a sufrir problemas. Por ejemplo, los isle\u00f1os sufren hambrunas y tasas de empleo festivas. S\u00f3lo tienen trabajo cuando hay abundancia de peces.<\/p>\n\n\n\n<p>Aun as\u00ed, las Islas Feroe son uno de los grandes actores de la industria del cultivo de salm\u00f3n. La caza de ballenas tambi\u00e9n ha sido parte de la cultura del pueblo de las Islas Feroe durante siglos.<\/p>\n\n\n\n<p>Las Islas Feroe reciben cada a\u00f1o ayuda financiera de Dinamarca. Esta ayuda contribuye al PIB de la naci\u00f3n.<\/p>\n\n\n\n<h2 class=\"wp-block-heading\">Barrios<\/h2>\n\n\n\n<p><\/p>\n\n\n\n<figure class=\"gb-block-image gb-block-image-2f8b8940\"><img loading=\"lazy\" decoding=\"async\" width=\"1456\" height=\"816\" class=\"gb-image gb-image-2f8b8940\" src=\"https:\/\/www.sisinternational.com\/wp-content\/uploads\/2025\/09\/the-Faroe-Islands-2.jpg\" alt=\"Investigaci\u00f3n y estrategia de mercado internacional de SIS\" title=\"the Faroe Islands (2)\" srcset=\"https:\/\/www.sisinternational.com\/wp-content\/uploads\/2025\/09\/the-Faroe-Islands-2.jpg 1456w, https:\/\/www.sisinternational.com\/wp-content\/uploads\/2025\/09\/the-Faroe-Islands-2-300x168.jpg 300w, https:\/\/www.sisinternational.com\/wp-content\/uploads\/2025\/09\/the-Faroe-Islands-2-1024x574.jpg 1024w, https:\/\/www.sisinternational.com\/wp-content\/uploads\/2025\/09\/the-Faroe-Islands-2-768x430.jpg 768w, https:\/\/www.sisinternational.com\/wp-content\/uploads\/2025\/09\/the-Faroe-Islands-2-18x10.jpg 18w\" sizes=\"auto, (max-width: 1456px) 100vw, 1456px\"><\/figure>\n\n\n\n<p><\/p>\n\n\n\n<p>The Faroes consist of many different Islands. Each is home to various attributes and features of nature. For example, hikers may prefer some islands because of their rugged terrain. On other islands, or rather parts of the island, you may find more natural flora and fauna. The islands are home to many animals, such as sheep. The sheep roam free, walking the roadside as vehicles pass them. They are the base for many meals, such as the famous dish skeripikj\u00f8t. The islanders age the mutton for this chewy dish and dry it in the wind.<\/p>\n\n\n\n<p>La ubicaci\u00f3n de las islas en el Atl\u00e1ntico Norte las somete a un clima fr\u00edo. Las temperaturas de las Islas Feroe oscilan entre cuatro y diez grados cent\u00edgrados.<\/p>\n\n\n\n<p>La capital de las Islas Feroe es T\u00f3rshavn, donde viven m\u00e1s de veinti\u00fan mil ciudadanos. Los n\u00f3rdicos lo establecieron en el a\u00f1o 850 d.C.<\/p>\n\n\n\n<h2 class=\"wp-block-heading\">Tendencias<\/h2>\n\n\n\n<p>Muchos isle\u00f1os consideran que la caza de ballenas es una parte integral de su cultura. La tradici\u00f3n ha sido fuente de controversia porque muchos grupos defensores de los derechos de los animales creen que la pr\u00e1ctica es espantosa y cruel.<\/p>\n\n\n\n<p>The Faroe Islands have been subject to brain drain.&nbsp;The younger generations have been fleeing to mainland Denmark for further education.&nbsp;Moreover, many remain there, where they can get high-paying jobs.&nbsp;They leave behind the older, less tech-savvy generations on the island.&nbsp;Thus, the Faroe Islands has vacancies&nbsp;in the tech industry.<\/p>\n\n\n\n<h2 class=\"wp-block-heading\">Beneficios y fortalezas en el mercado<\/h2>\n\n\n\n<p><\/p>\n\n\n\n<figure class=\"gb-block-image gb-block-image-cfd52fed\"><img loading=\"lazy\" decoding=\"async\" width=\"1456\" height=\"816\" class=\"gb-image gb-image-cfd52fed\" src=\"https:\/\/www.sisinternational.com\/wp-content\/uploads\/2025\/09\/the-Faroe-Islands-3.jpg\" alt=\"Investigaci\u00f3n y estrategia de mercado internacional de SIS\" title=\"the Faroe Islands (3)\" srcset=\"https:\/\/www.sisinternational.com\/wp-content\/uploads\/2025\/09\/the-Faroe-Islands-3.jpg 1456w, https:\/\/www.sisinternational.com\/wp-content\/uploads\/2025\/09\/the-Faroe-Islands-3-300x168.jpg 300w, https:\/\/www.sisinternational.com\/wp-content\/uploads\/2025\/09\/the-Faroe-Islands-3-1024x574.jpg 1024w, https:\/\/www.sisinternational.com\/wp-content\/uploads\/2025\/09\/the-Faroe-Islands-3-768x430.jpg 768w, https:\/\/www.sisinternational.com\/wp-content\/uploads\/2025\/09\/the-Faroe-Islands-3-18x10.jpg 18w\" sizes=\"auto, (max-width: 1456px) 100vw, 1456px\"><\/figure>\n\n\n\n<p><\/p>\n\n\n\n<p>La corona feroesa es la moneda oficial de estas islas. El continente, Dinamarca, proporciona apoyo financiero a las islas. Este apoyo conduce a una econom\u00eda estable en el territorio. La infraestructura dentro de las Islas Feroe tambi\u00e9n cumple con el c\u00f3digo. Cuentan con carreteras y puentes bien pavimentados en todo el pa\u00eds.<\/p>\n\n\n\n<h2 class=\"wp-block-heading\">Razones para hacer crecer su negocio en las Islas Feroe<\/h2>\n\n\n\n<p>Las Islas Feroe tienen una fuerte industria pesquera, centrada en el cultivo de salm\u00f3n. Tambi\u00e9n tienen una industria tur\u00edstica en auge. Los turistas pueden saltar de isla en isla. Es otra excelente manera de encontrar actividades que se adapten a diferentes intereses. Cada isla puede ofrecer algo \u00fanico.<\/p>\n\n\n\n<h2 class=\"wp-block-heading\">Nuestra ubicaci\u00f3n de instalaciones en Nueva York<\/h2>\n\n\n\n<p>\n\n\n\n<iframe loading=\"lazy\" src=\"https:\/\/www.google.com\/maps\/embed?pb=!1m18!1m12!1m3!1d3022.976188376966!2d-73.99130312499956!3d40.740549471389315!2m3!1f0!2f0!3f0!3m2!1i1024!2i768!4f13.1!3m3!1m2!1s0x89c259a15798c731%3A0xd695d09bdd495f25!2s11%20E%2022nd%20St%20FL%202%2C%20New%20York%2C%20NY%2010010%2C%20USA!5e0!3m2!1sen!2spe!4v1726171763526!5m2!1sen!2spe\" width=\"600\" height=\"450\" allowfullscreen=\"allowfullscreen\" data-mce-fragment=\"1\"><\/iframe>\n\n\n\n<\/p>\n\n\n\n<h3 class=\"wp-block-heading\">11 E 22nd Street, piso 2, Nueva York, NY 10010 T: +1(212) 505-6805<\/h3>\n\n\n\n<hr class=\"wp-block-separator has-alpha-channel-opacity\"\/>\n\n\n\n<h2 class=\"wp-block-heading\"><span style=\"font-weight: 400;\">Acerca de SIS Internacional<\/span><\/h2>\n\n\n\n<p><a href=\"https:\/\/www.sisinternational.com\/es\/\"><span style=\"font-weight: 400;\">SIS Internacional<\/span><\/a><span style=\"font-weight: 400;\"> offers Quantitative, Qualitative, and Strategy Research. We provide data, tools, strategies, reports, and insights for decision-making. We also conduct interviews, surveys, focus groups, and other <a href=\"https:\/\/www.sisinternational.com\/es\/quantitative-market-research-methods-and-techniques\/\" title=\"Quantitative Market Research Methods and Techniques\"  data-wpil-monitor-id=\"10147\">Market Research methods<\/a> and approaches.<\/span><a href=\"https:\/\/www.sisinternational.com\/es\/sobre-la-investigacion-internacional-de-sis\/contact-sis-international-market-research\/\"><span style=\"font-weight: 400;\"> P\u00f3ngase en contacto con nosotros<\/span><\/a><span style=\"font-weight: 400;\"> para su pr\u00f3ximo proyecto de Investigaci\u00f3n de Mercado.<\/span><\/p>\n\n\n\n<p><\/p>","protected":false},"excerpt":{"rendered":"<p>SIS International Research ofrece investigaci\u00f3n de mercado cualitativa, cuantitativa y estrat\u00e9gica en las Islas Feroe.<\/p>","protected":false},"author":1,"featured_media":66082,"parent":14510,"menu_order":56,"comment_status":"closed","ping_status":"closed","template":"","meta":{"footnotes":""},"class_list":["post-40291","page","type-page","status-publish","has-post-thumbnail"],"_links":{"self":[{"href":"https:\/\/www.sisinternational.com\/es\/wp-json\/wp\/v2\/pages\/40291","targetHints":{"allow":["GET"]}}],"collection":[{"href":"https:\/\/www.sisinternational.com\/es\/wp-json\/wp\/v2\/pages"}],"about":[{"href":"https:\/\/www.sisinternational.com\/es\/wp-json\/wp\/v2\/types\/page"}],"author":[{"embeddable":true,"href":"https:\/\/www.sisinternational.com\/es\/wp-json\/wp\/v2\/users\/1"}],"replies":[{"embeddable":true,"href":"https:\/\/www.sisinternational.com\/es\/wp-json\/wp\/v2\/comments?post=40291"}],"version-history":[{"count":6,"href":"https:\/\/www.sisinternational.com\/es\/wp-json\/wp\/v2\/pages\/40291\/revisions"}],"predecessor-version":[{"id":81678,"href":"https:\/\/www.sisinternational.com\/es\/wp-json\/wp\/v2\/pages\/40291\/revisions\/81678"}],"up":[{"embeddable":true,"href":"https:\/\/www.sisinternational.com\/es\/wp-json\/wp\/v2\/pages\/14510"}],"wp:featuredmedia":[{"embeddable":true,"href":"https:\/\/www.sisinternational.com\/es\/wp-json\/wp\/v2\/media\/66082"}],"wp:attachment":[{"href":"https:\/\/www.sisinternational.com\/es\/wp-json\/wp\/v2\/media?parent=40291"}],"curies":[{"name":"wp","href":"https:\/\/api.w.org\/{rel}","templated":true}]}}