{"id":40287,"date":"2022-05-03T05:17:43","date_gmt":"2022-05-03T05:17:43","guid":{"rendered":"https:\/\/www.sisinternational.com\/?page_id=40287"},"modified":"2026-01-25T18:28:58","modified_gmt":"2026-01-25T23:28:58","slug":"investigacion-de-mercado-svalbard-jan-mayen","status":"publish","type":"page","link":"https:\/\/www.sisinternational.com\/es\/cobertura\/europa\/investigacion-de-mercado-svalbard-jan-mayen\/","title":{"rendered":"Investigaci\u00f3n de mercado en Svalbard y Jan Mayen"},"content":{"rendered":"<h1 class=\"gb-headline gb-headline-316150ac gb-headline-text\">Investigaci\u00f3n de mercado en Svalbard y Jan Mayen<\/h1>\n\n\n\n<figure class=\"gb-block-image gb-block-image-c9e8d54f\"><img loading=\"lazy\" decoding=\"async\" width=\"1456\" height=\"816\" class=\"gb-image gb-image-c9e8d54f\" src=\"https:\/\/www.sisinternational.com\/wp-content\/uploads\/2025\/09\/Artic-Svalbard-4.jpg\" alt=\"Investigaci\u00f3n y estrategia de mercado internacional de SIS\" title=\"Artic Svalbard (4)\" srcset=\"https:\/\/www.sisinternational.com\/wp-content\/uploads\/2025\/09\/Artic-Svalbard-4.jpg 1456w, https:\/\/www.sisinternational.com\/wp-content\/uploads\/2025\/09\/Artic-Svalbard-4-300x168.jpg 300w, https:\/\/www.sisinternational.com\/wp-content\/uploads\/2025\/09\/Artic-Svalbard-4-1024x574.jpg 1024w, https:\/\/www.sisinternational.com\/wp-content\/uploads\/2025\/09\/Artic-Svalbard-4-768x430.jpg 768w, https:\/\/www.sisinternational.com\/wp-content\/uploads\/2025\/09\/Artic-Svalbard-4-18x10.jpg 18w\" sizes=\"auto, (max-width: 1456px) 100vw, 1456px\"><\/figure>\n\n\n\n<p><\/p>\n\n\n\n<hr class=\"wp-block-separator has-alpha-channel-opacity is-style-dots\"\/>\n\n\n\n<p>Svalbard es una isla cercana al Polo Norte en el norte del Mar de Noruega. Lo gobierna el Reino de Noruega. La capital de Svalbard, Longyearbyen, es la ciudad m\u00e1s septentrional del mundo.<\/p>\n\n\n\n<p>Another Nordic island, Jan Mayen, lies three hundred miles southwest of Svalbard. It does not have permanent residents and can hold up to thirty-five people at a time.<\/p>\n\n\n\n<h2 class=\"wp-block-heading\">Industrias clave<\/h2>\n\n\n\n<p>Las islas de Svalbard sirvieron a los habitantes del norte de Europa durante siglos. Su apogeo se produjo durante la \u00e9poca dorada de la caza de ballenas, hace unos cientos de a\u00f1os. Los balleneros procesaron sus capturas en las islas de Svalbard. A medida que la industria se volvi\u00f3 m\u00e1s moderna, los marineros comenzaron a procesar las ballenas a bordo de sus barcos. Este avance llev\u00f3 a que las islas Svalbard quedaran abandonadas.<\/p>\n\n\n\n<p>Centuries later, in the 1900s, Svalbard became another coal-mining region, and it remains one of the primary industries for the islands even today. Mining earns <a class=\"wpil_keyword_link\" href=\"https:\/\/www.sisinternational.com\/es\/cobertura\/europa\/investigacion-de-mercado-en-noruega\/\"   title=\"Investigaci\u00f3n de mercado en Noruega\" data-wpil-keyword-link=\"linked\"  data-wpil-monitor-id=\"736\">Norway<\/a> hundreds of millions of dollars in annual revenue.<\/p>\n\n\n\n<p>El <a href=\"https:\/\/www.sisinternational.com\/es\/pericia\/industrias\/investigacion-de-mercado-genomica\/\" title=\"Investigaci\u00f3n de mercado gen\u00f3mica\"  data-wpil-monitor-id=\"4893\">market<\/a> further expanded to include industries like tourism and research in Svalbard. Many may not think of tourism as a money-making industry for Svalbard due to the remoteness and harsh weather. Svalbard caters to niche groups of tourists, such as people seeking snowmobile adventures and the marvels of the auras.<\/p>\n\n\n\n<p>Los cient\u00edficos consideran que la ubicaci\u00f3n de Svalbard es un lugar ideal donde pueden investigar cosas como el cambio clim\u00e1tico y la vida silvestre polar.<\/p>\n\n\n\n<p>Jan Mayen es una base militar de Noruega. En ocasiones tambi\u00e9n alberga a algunos cient\u00edficos. La isla tiene un solo recurso natural, la grava. La \u00fanica otra actividad es la prestaci\u00f3n de servicios al personal militar.<\/p>\n\n\n\n<h2 class=\"wp-block-heading\">Barrios<\/h2>\n\n\n\n<p>Jan Mayen is small and home to no permanent residents. It is split into two regions. The northern region is Nord-Jan, and the name of the smaller southern area is S\u00f8r-Jan. Jan Mayen can house fewer than forty people at a time, most of whom live in the small capital city of Olonkinbyen. The island has one other settlement, Puppebu, with only one building.<\/p>\n\n\n\n<p>Svalbard es una cadena de islas mineras de carb\u00f3n. Estas islas incluyen Spitsbergen, Nordaustlandet y Edge\u00f8ya. La capital y asentamiento m\u00e1s grande, Longyearbyen, se encuentra en la isla m\u00e1s grande, Spitsbergen. Hay algunos pueblos fuera de la capital donde algunas personas tienen caba\u00f1as. Las caba\u00f1as suelen ser casas de fin de semana. La mayor\u00eda de las personas que van a vivir a Svalbard permanecen en la ciudad para estar cerca del trabajo.<\/p>\n\n\n\n<p>Longyearbyen tiene una escuela primaria, una escuela secundaria y una universidad. El hospital local no tiene sala de maternidad debido al tama\u00f1o y la lejan\u00eda de Svalbard. En cambio, las mujeres embarazadas regresar\u00edan a uno de los pa\u00edses de Europa continental. Por lo general, salen en las \u00faltimas etapas del embarazo para dar a luz. Hay un peque\u00f1o avi\u00f3n ch\u00e1rter que realiza el viaje de una hora desde Svalbard a Noruega. Los residentes tambi\u00e9n utilizan este servicio ch\u00e1rter en caso de emergencias m\u00e9dicas.<\/p>\n\n\n\n<p>Like any other small settlement, the people of Svalbard enjoy a few amenities. For example, there is a library, gym, swimming pool, bank, hotel, and bus system.<\/p>\n\n\n\n<h2 class=\"wp-block-heading\">Tendencias<\/h2>\n\n\n\n<p>There has been a decline in coal mining in Svalbard in recent years. Some mines have even closed down. With that said, there has been an increase in tourism to the island. Thrill-seekers go to Svalbard for snowmobile adventures. They also see local wildlife like polar bears, foxes, and reindeer.<\/p>\n\n\n\n<p>La gente ha mostrado un inter\u00e9s creciente en trabajar en Svalbard. El para\u00edso no requiere visa para todos los viajeros. Por tanto, cualquiera puede viajar a Svalbard y trabajar all\u00ed sin problemas. Incluso recibir\u00e1n asistencia sanitaria gratuita en Noruega como residentes legales y contribuyentes de Svalbard. Tambi\u00e9n reciben otras comodidades ofrecidas por el gobierno noruego.<\/p>\n\n\n\n<p>Jan Mayen s\u00f3lo tiene residentes temporales. Algunas personas permanecen en la isla durante el invierno, pero la mayor\u00eda la visita durante los meses de verano.<\/p>\n\n\n\n<h2 class=\"wp-block-heading\">Beneficios y Fortalezas en el Mercado<\/h2>\n\n\n\n<figure class=\"gb-block-image gb-block-image-62e421a1\"><img loading=\"lazy\" decoding=\"async\" width=\"1456\" height=\"816\" class=\"gb-image gb-image-62e421a1\" src=\"https:\/\/www.sisinternational.com\/wp-content\/uploads\/2025\/09\/Artic-Svalbard-5.jpg\" alt=\"Investigaci\u00f3n y estrategia de mercado internacional de SIS\" title=\"Artic Svalbard (5)\" srcset=\"https:\/\/www.sisinternational.com\/wp-content\/uploads\/2025\/09\/Artic-Svalbard-5.jpg 1456w, https:\/\/www.sisinternational.com\/wp-content\/uploads\/2025\/09\/Artic-Svalbard-5-300x168.jpg 300w, https:\/\/www.sisinternational.com\/wp-content\/uploads\/2025\/09\/Artic-Svalbard-5-1024x574.jpg 1024w, https:\/\/www.sisinternational.com\/wp-content\/uploads\/2025\/09\/Artic-Svalbard-5-768x430.jpg 768w, https:\/\/www.sisinternational.com\/wp-content\/uploads\/2025\/09\/Artic-Svalbard-5-18x10.jpg 18w\" sizes=\"auto, (max-width: 1456px) 100vw, 1456px\"><\/figure>\n\n\n\n<p><\/p>\n\n\n\n<p>La moneda de Svalbard es la corona noruega. Las islas pueden presumir de una econom\u00eda estable. El ingreso promedio es mucho m\u00e1s alto que el de los continentales.<\/p>\n\n\n\n<p>Companies own most of the housing in Svalbard. They rent to their employees, which is another boost to the private sector on the islands.<\/p>\n\n\n\n<p>Jan Mayen aids mainland Norway and Svalbard\u2019s security as a military base. Jan Mayen also has a meteorological house to track the area&#8217;s weather systems.<\/p>\n\n\n\n<h2 class=\"wp-block-heading\">Base de consumidores<\/h2>\n\n\n\n<p>Svalbard depende de la autosuficiencia de sus residentes. Por lo tanto, los adultos que ya no pueden mantenerse a s\u00ed mismos deben regresar al continente. No hay cementerios en las islas.<\/p>\n\n\n\n<p>Gas and diesel are cheap in Svalbard. But the high price of monthly groceries cancels that out.<\/p>\n\n\n\n<h2 class=\"wp-block-heading\">Reasons to Grow Your Business in Svalbard and Jan Mayen<\/h2>\n\n\n\n<p>The market is stable and easily expandable. There are many opportunities on these remote islands, even with their sparse populations.<\/p>\n\n\n\n<p>For example, we saw how business owners can invest in real estate, as it provides housing for their employees. Opportunities also exist for food production and the provision of other services.<\/p>\n\n\n\n<h2 class=\"wp-block-heading\">Nuestra ubicaci\u00f3n de instalaciones en Nueva York<\/h2>\n\n\n\n<p>  <iframe loading=\"lazy\" src=\"https:\/\/www.google.com\/maps\/embed?pb=!1m18!1m12!1m3!1d3022.976188376966!2d-73.99130312499956!3d40.740549471389315!2m3!1f0!2f0!3f0!3m2!1i1024!2i768!4f13.1!3m3!1m2!1s0x89c259a15798c731%3A0xd695d09bdd495f25!2s11%20E%2022nd%20St%20FL%202%2C%20New%20York%2C%20NY%2010010%2C%20USA!5e0!3m2!1sen!2spe!4v1726171763526!5m2!1sen!2spe\" width=\"600\" height=\"450\" allowfullscreen=\"allowfullscreen\" data-mce-fragment=\"1\"><\/iframe>  <\/p>\n\n\n\n<h3 class=\"wp-block-heading\">11 E 22nd Street, piso 2, Nueva York, NY 10010 T: +1(212) 505-6805<\/h3>\n\n\n\n<hr class=\"wp-block-separator has-alpha-channel-opacity\"\/>\n\n\n\n<h2 class=\"wp-block-heading\"><span style=\"font-weight: 400;\">Acerca de SIS Internacional<\/span><\/h2>\n\n\n\n<p><a href=\"https:\/\/www.sisinternational.com\/es\/\"><span style=\"font-weight: 400;\">SIS Internacional<\/span><\/a><span style=\"font-weight: 400;\"> ofrece investigaci\u00f3n cuantitativa, cualitativa y estrat\u00e9gica. Proporcionamos datos, herramientas, estrategias, informes y conocimientos para la toma de decisiones. Tambi\u00e9n realizamos entrevistas, encuestas, grupos focales y otros m\u00e9todos y enfoques de investigaci\u00f3n de mercado.<\/span><a href=\"https:\/\/www.sisinternational.com\/es\/sobre-la-investigacion-internacional-de-sis\/contact-sis-international-market-research\/\"><span style=\"font-weight: 400;\"> P\u00f3ngase en contacto con nosotros<\/span><\/a><span style=\"font-weight: 400;\"> para su pr\u00f3ximo proyecto de Investigaci\u00f3n de Mercado.<\/span><\/p>\n\n\n\n<p><\/p>","protected":false},"excerpt":{"rendered":"<p>SIS ofrece estudios de mercado cualitativos y cuantitativos en Svalbard y Jan Mayen.<\/p>","protected":false},"author":1,"featured_media":70104,"parent":14510,"menu_order":54,"comment_status":"closed","ping_status":"closed","template":"","meta":{"footnotes":""},"class_list":["post-40287","page","type-page","status-publish","has-post-thumbnail"],"_links":{"self":[{"href":"https:\/\/www.sisinternational.com\/es\/wp-json\/wp\/v2\/pages\/40287","targetHints":{"allow":["GET"]}}],"collection":[{"href":"https:\/\/www.sisinternational.com\/es\/wp-json\/wp\/v2\/pages"}],"about":[{"href":"https:\/\/www.sisinternational.com\/es\/wp-json\/wp\/v2\/types\/page"}],"author":[{"embeddable":true,"href":"https:\/\/www.sisinternational.com\/es\/wp-json\/wp\/v2\/users\/1"}],"replies":[{"embeddable":true,"href":"https:\/\/www.sisinternational.com\/es\/wp-json\/wp\/v2\/comments?post=40287"}],"version-history":[{"count":6,"href":"https:\/\/www.sisinternational.com\/es\/wp-json\/wp\/v2\/pages\/40287\/revisions"}],"predecessor-version":[{"id":78829,"href":"https:\/\/www.sisinternational.com\/es\/wp-json\/wp\/v2\/pages\/40287\/revisions\/78829"}],"up":[{"embeddable":true,"href":"https:\/\/www.sisinternational.com\/es\/wp-json\/wp\/v2\/pages\/14510"}],"wp:featuredmedia":[{"embeddable":true,"href":"https:\/\/www.sisinternational.com\/es\/wp-json\/wp\/v2\/media\/70104"}],"wp:attachment":[{"href":"https:\/\/www.sisinternational.com\/es\/wp-json\/wp\/v2\/media?parent=40287"}],"curies":[{"name":"wp","href":"https:\/\/api.w.org\/{rel}","templated":true}]}}