{"id":40229,"date":"2022-04-27T05:10:59","date_gmt":"2022-04-27T05:10:59","guid":{"rendered":"https:\/\/www.sisinternational.com\/?page_id=40229"},"modified":"2026-01-26T18:45:45","modified_gmt":"2026-01-26T23:45:45","slug":"television-pelicula-investigacion-de-mercado-cinematografico","status":"publish","type":"page","link":"https:\/\/www.sisinternational.com\/es\/pericia\/television-pelicula-investigacion-de-mercado-cinematografico\/","title":{"rendered":"Investigaci\u00f3n de mercado de cine, televisi\u00f3n y cine"},"content":{"rendered":"<h1 class=\"wp-block-heading\">Investigaci\u00f3n de mercado de cine, televisi\u00f3n y cine<\/h1>\n\n\n\n<figure class=\"gb-block-image gb-block-image-a272b5e3\"><img loading=\"lazy\" decoding=\"async\" width=\"1456\" height=\"816\" class=\"gb-image gb-image-a272b5e3\" src=\"https:\/\/www.sisinternational.com\/wp-content\/uploads\/2025\/08\/Movie-cinema-5.jpg\" alt=\"Investigaci\u00f3n y estrategia de mercado internacional de SIS\" title=\"Movie cinema (5)\" srcset=\"https:\/\/www.sisinternational.com\/wp-content\/uploads\/2025\/08\/Movie-cinema-5.jpg 1456w, https:\/\/www.sisinternational.com\/wp-content\/uploads\/2025\/08\/Movie-cinema-5-300x168.jpg 300w, https:\/\/www.sisinternational.com\/wp-content\/uploads\/2025\/08\/Movie-cinema-5-1024x574.jpg 1024w, https:\/\/www.sisinternational.com\/wp-content\/uploads\/2025\/08\/Movie-cinema-5-768x430.jpg 768w, https:\/\/www.sisinternational.com\/wp-content\/uploads\/2025\/08\/Movie-cinema-5-18x10.jpg 18w\" sizes=\"auto, (max-width: 1456px) 100vw, 1456px\"><\/figure>\n\n\n\n<p><\/p>\n\n\n\n<hr class=\"wp-block-separator has-alpha-channel-opacity is-style-dots\"\/>\n\n\n\n<p>Television, also called TV, is one of the best-known telecommunication mediums. Broadcasting networks use it to bring across moving images in either black and white or color with sound. Television came about with the teamwork of many individuals in the early 20th century. The first-ever television had a completely different setup from what we know today. Over the years, TV has grown and has also become a <a href=\"https:\/\/www.sisinternational.com\/es\/cobertura\/investigacion-de-mercado-oriente-medio\/top-entertainment-investment-opportunities-in-saudi-arabia\/\" title=\"Top Entertainment Investment Opportunities in Saudi Arabia\"  data-wpil-monitor-id=\"9460\">top source of entertainment<\/a>.<\/p>\n\n\n\n<p>Las pel\u00edculas y las pel\u00edculas son pr\u00e1cticamente lo mismo. Son a la vez im\u00e1genes en movimiento y juegos fotogr\u00e1ficos, y ambos muestran la imagen del arte visual de un creador. Expresan historias y comunican ideas, tambi\u00e9n sentimientos, belleza o incluso la atm\u00f3sfera a trav\u00e9s de secuencias de v\u00eddeo.<\/p>\n\n\n\n<h2 class=\"wp-block-heading\">\u00bfPor qu\u00e9 es importante la investigaci\u00f3n de mercado de cine, televisi\u00f3n y cine?<\/h2>\n\n\n\n<p>Estas tres formas de entretenimiento tienen un gran impacto en el cambio social actual, ya que pueden ense\u00f1ar a los espectadores sobre cosas que est\u00e1n fuera de su vista e inspirar empat\u00eda. Las pel\u00edculas y los programas han demostrado tener un impacto poderoso en las personas. Podr\u00eda ser una combinaci\u00f3n de im\u00e1genes, m\u00fasica y di\u00e1logo. Luego est\u00e1n la iluminaci\u00f3n, el sonido y los efectos especiales. Estos dispositivos sacan a relucir sentimientos profundos e incluso nos ayudan con nuestra situaci\u00f3n actual a comprender mejor a las personas que nos rodean. Tambi\u00e9n nos dan una mejor comprensi\u00f3n de la sociedad y la cultura.<\/p>\n\n\n\n<p>Las pel\u00edculas son artefactos creados por diferentes culturas. Es un medio vital ya que proporciona entretenimiento y valor hist\u00f3rico. A menudo es una documentaci\u00f3n visual de un momento de la historia.<\/p>\n\n\n\n<h2 class=\"wp-block-heading\">T\u00edtulos de trabajo clave<\/h2>\n\n\n\n<p>There are several job positions in this <a href=\"https:\/\/www.sisinternational.com\/es\/industry-forecast\/personal-care-industry-forecast\/\" title=\"Personal Care Industry Forecast\"  data-wpil-monitor-id=\"9461\">industry that a person<\/a> can fill. Many people have a passion for this industry but don\u2019t know which job is best for them. Following are some examples of positions in the TV, Movie, and Film industry:<\/p>\n\n\n\n<ul class=\"wp-block-list\">\n<li>Productor cinematogr\u00e1fico<\/li>\n\n\n\n<li>Director de fotograf\u00eda<\/li>\n\n\n\n<li>Director de cine<\/li>\n\n\n\n<li>Editor de pel\u00edculas<\/li>\n\n\n\n<li>Corredor<\/li>\n\n\n\n<li>T\u00e9cnicos de iluminaci\u00f3n<\/li>\n\n\n\n<li>Operador de c\u00e1mara<\/li>\n\n\n\n<li>Gerente de locaci\u00f3n<\/li>\n\n\n\n<li>Editor de video<\/li>\n\n\n\n<li>T\u00e9cnico de sonido<\/li>\n\n\n\n<li>Asistente de producci\u00f3n<\/li>\n<\/ul>\n\n\n\n<p>La lista sigue y sigue. Sin embargo, incluso hay trabajos temporales disponibles seg\u00fan lo que est\u00e9 haciendo la productora.<\/p>\n\n\n\n<h2 class=\"wp-block-heading\">\u00bfPor qu\u00e9 las empresas necesitan investigaciones de mercado de cine, televisi\u00f3n y cine?<\/h2>\n\n\n\n<p>Many businesses use TV and movies as a form of entertainment. Movies keep restless customers busy while in stores shopping. Or they can even look at a movie while eating in fast-food restaurants. Any company can use TV, movies, and films to promote their business. For example, a TV feature can save a failing business and draw in new <a href=\"https:\/\/www.sisinternational.com\/es\/analisis-de-satisfaccion-del-cliente\/\" title=\"Ocho formas de aumentar la satisfacci\u00f3n del cliente en el comercio minorista\"  data-wpil-monitor-id=\"9462\">customers and investors the same way<\/a>. The TV industry is also a great way to advertise a business. Putting up short ads and even creating jingles is a great way to put a <a href=\"https:\/\/www.sisinternational.com\/es\/soluciones\/consultoria-de-hosteleria-y-turismo-en-viajes\/investigacion-de-mercado-de-la-empresa-de-guias-turisticos\/\" title=\"Investigaci\u00f3n de mercado de la empresa de gu\u00edas tur\u00edsticos\"  data-wpil-monitor-id=\"9457\">company out there in the market<\/a>.<\/p>\n\n\n\n<p>El <a href=\"https:\/\/www.sisinternational.com\/es\/publicaciones\/investigacion-de-mercado-empresarial-escalable-7-formas-de-construir-un-negocio-escalable\/\" title=\"Investigaci\u00f3n de mercado empresarial escalable: 7 formas de construir un negocio escalable\"  data-wpil-monitor-id=\"9459\">market helps businesses<\/a> pinpoint their goals and set better plans to meet them. Market <a href=\"https:\/\/www.sisinternational.com\/es\/pericia\/industrias\/investigacion-de-mercado-de-seguridad\/\" title=\"Investigaci\u00f3n de mercado de seguridad\"  data-wpil-monitor-id=\"7015\">Investigaci\u00f3n<\/a> enables you to make critical business decisions and secure investment and funding. It also helps in determining new business opportunities and even avoiding business failure. TV, Movie, and Film companies need to do market research to know when to release their work and how to promote it. Market research enables these companies to create the best strategy for their creative pursuits.<\/p>\n\n\n\n<h2 class=\"wp-block-heading\">Factores claves del \u00e9xito<\/h2>\n\n\n\n<p>El cine y la realizaci\u00f3n cinematogr\u00e1fica han recorrido un largo camino desde su creaci\u00f3n. La tecnolog\u00eda est\u00e1 mejorando. Ha llevado a la invenci\u00f3n de dispositivos como los televisores y tambi\u00e9n a la llegada de los servicios de streaming. La gente ya no quiere pasar tiempo sentada en un cine debido a estos avances. Tampoco quieren pagar entradas para ver una pel\u00edcula. Ahora est\u00e1 a s\u00f3lo unos pocos clics del rat\u00f3n. Adem\u00e1s, las pel\u00edculas y las pel\u00edculas ahora est\u00e1n generando a\u00fan m\u00e1s dinero. Los servicios de streaming hacen posible que a\u00fan m\u00e1s personas vean los nuevos estrenos de pel\u00edculas.<\/p>\n\n\n\n<p>The TV <a href=\"https:\/\/www.sisinternational.com\/es\/pericia\/industrias\/investigacion-de-mercados-industriales\/\" title=\"Investigaci\u00f3n y estrategia de mercados industriales\"  data-wpil-monitor-id=\"9458\">industry is also rising in the market<\/a> as new, high-tech models of televisions are being made. Even more TV shows are being produced, keeping viewers on edge and entertained.<\/p>\n\n\n\n<h2 class=\"wp-block-heading\">Acerca de la investigaci\u00f3n de mercado de cine, televisi\u00f3n y cine<\/h2>\n\n\n\n<p>The entertainment sector continues to grow every day. Many companies are seeing this and are looking to expand. Yet, some people do not know where to start. That\u2019s why market research providers exist. They arrange Focus Groups, Interviews, and Surveys. They can also conduct Strategic, Qualitative and <a href=\"https:\/\/www.sisinternational.com\/es\/empresa-lider-mundial-en-investigacion-cuantitativa-de-mercados\/\" title=\"Empresa l\u00edder mundial en investigaci\u00f3n cuantitativa de mercados\"  data-wpil-monitor-id=\"9456\">Quantitative Research for your company<\/a>. It\u2019s an excellent place to start if you need to research the TV, Movie, and Film market.<\/p>\n\n\n\n<p><\/p>","protected":false},"excerpt":{"rendered":"<p>Las empresas de medios realizan investigaciones de mercado para determinar el mejor momento y la mejor estrategia para publicar y promover su trabajo.<\/p>","protected":false},"author":1,"featured_media":63993,"parent":14514,"menu_order":122,"comment_status":"closed","ping_status":"closed","template":"","meta":{"footnotes":""},"class_list":["post-40229","page","type-page","status-publish","has-post-thumbnail"],"_links":{"self":[{"href":"https:\/\/www.sisinternational.com\/es\/wp-json\/wp\/v2\/pages\/40229","targetHints":{"allow":["GET"]}}],"collection":[{"href":"https:\/\/www.sisinternational.com\/es\/wp-json\/wp\/v2\/pages"}],"about":[{"href":"https:\/\/www.sisinternational.com\/es\/wp-json\/wp\/v2\/types\/page"}],"author":[{"embeddable":true,"href":"https:\/\/www.sisinternational.com\/es\/wp-json\/wp\/v2\/users\/1"}],"replies":[{"embeddable":true,"href":"https:\/\/www.sisinternational.com\/es\/wp-json\/wp\/v2\/comments?post=40229"}],"version-history":[{"count":6,"href":"https:\/\/www.sisinternational.com\/es\/wp-json\/wp\/v2\/pages\/40229\/revisions"}],"predecessor-version":[{"id":81580,"href":"https:\/\/www.sisinternational.com\/es\/wp-json\/wp\/v2\/pages\/40229\/revisions\/81580"}],"up":[{"embeddable":true,"href":"https:\/\/www.sisinternational.com\/es\/wp-json\/wp\/v2\/pages\/14514"}],"wp:featuredmedia":[{"embeddable":true,"href":"https:\/\/www.sisinternational.com\/es\/wp-json\/wp\/v2\/media\/63993"}],"wp:attachment":[{"href":"https:\/\/www.sisinternational.com\/es\/wp-json\/wp\/v2\/media?parent=40229"}],"curies":[{"name":"wp","href":"https:\/\/api.w.org\/{rel}","templated":true}]}}