{"id":40227,"date":"2022-04-27T05:05:23","date_gmt":"2022-04-27T05:05:23","guid":{"rendered":"https:\/\/www.sisinternational.com\/?page_id=40227"},"modified":"2025-09-25T00:07:56","modified_gmt":"2025-09-25T04:07:56","slug":"investigacion-de-mercado-de-telecomunicaciones","status":"publish","type":"page","link":"https:\/\/www.sisinternational.com\/es\/pericia\/investigacion-de-mercado-de-telecomunicaciones\/","title":{"rendered":"Investigaci\u00f3n de Mercado de Telecomunicaciones (5G y 6G)"},"content":{"rendered":"<h1 class=\"wp-block-heading\">Investigaci\u00f3n de Mercado de Telecomunicaciones (5G y 6G)<\/h1>\n\n\n\n<figure class=\"gb-block-image gb-block-image-36364485\"><img loading=\"lazy\" decoding=\"async\" width=\"1456\" height=\"816\" class=\"gb-image gb-image-36364485\" src=\"https:\/\/www.sisinternational.com\/wp-content\/uploads\/2025\/08\/Smarrtphone-5g-10.jpg\" alt=\"Investigaci\u00f3n y estrategia de mercado internacional de SIS\" title=\"Smarrtphone 5g (10)\" srcset=\"https:\/\/www.sisinternational.com\/wp-content\/uploads\/2025\/08\/Smarrtphone-5g-10.jpg 1456w, https:\/\/www.sisinternational.com\/wp-content\/uploads\/2025\/08\/Smarrtphone-5g-10-300x168.jpg 300w, https:\/\/www.sisinternational.com\/wp-content\/uploads\/2025\/08\/Smarrtphone-5g-10-1024x574.jpg 1024w, https:\/\/www.sisinternational.com\/wp-content\/uploads\/2025\/08\/Smarrtphone-5g-10-768x430.jpg 768w, https:\/\/www.sisinternational.com\/wp-content\/uploads\/2025\/08\/Smarrtphone-5g-10-18x10.jpg 18w\" sizes=\"auto, (max-width: 1456px) 100vw, 1456px\"><\/figure>\n\n\n\n<p><\/p>\n\n\n\n<h2 class=\"wp-block-heading\">\u00bfQu\u00e9 es la Telecomunicaciones?<\/h2>\n\n\n\n<p>Telecommunication, or telecom is the passing of information over great distances. This data passes in words, video, voice, or audio. Thus, the Telecommunication sector comprises three things. These are the companies, the devices, and the infrastructure that make information-sharing possible. Some of the devices in telecom are phones, fiberoptic cables, and satellites.<\/p>\n\n\n\n<p>Las redes m\u00f3viles, agrupadas por generaci\u00f3n, tambi\u00e9n forman parte de las telecomunicaciones. 5G y 6G son la quinta y sexta generaci\u00f3n de estas redes. 5G es 100 veces m\u00e1s r\u00e1pido que 4G. Cuando 6G est\u00e9 listo para su uso, ser\u00e1 incluso m\u00e1s r\u00e1pido que 5G.<\/p>\n\n\n\n<h2 class=\"wp-block-heading\">\u00bfPor qu\u00e9 son importantes las telecomunicaciones 5G y 6G?<\/h2>\n\n\n\n<p>En el mundo actual, las Telecomunicaciones son vitales. Es la mejor forma de comunicaci\u00f3n r\u00e1pida y generalizada. El mundo actual est\u00e1 mucho m\u00e1s conectado que en el pasado. Ahora, las cosas que suceden en un lado del mundo tienen un impacto m\u00e1s significativo en todo el mundo. Por eso, es fundamental contar con servicios r\u00e1pidos y confiables como 5G. Por ejemplo, con 5G, los hospitales pueden realizar diagn\u00f3sticos remotos r\u00e1pidos. Los datos 5G tambi\u00e9n pueden mejorar los patrones de tr\u00e1fico y hacer que las calles sean m\u00e1s seguras para todos.<\/p>\n\n\n\n<p>The 6G network will improve the things that 5G networks do. It will be 100 times faster than 5G. This increase in speed means that the transfer of information will occur in real-time. Furthermore, 6G will enhance Artificial Intelligence. It will improve the quality of <a href=\"https:\/\/www.sisinternational.com\/es\/soluciones\/investigacion-de-consultoria-estrategica-fintech\/consultoria-de-adquisicion-de-clientes-de-servicios-financieros\/\" title=\"Consultor\u00eda de adquisici\u00f3n de clientes de servicios financieros\"  data-wpil-monitor-id=\"8912\">service that customers<\/a> get.<\/p>\n\n\n\n<h2 class=\"wp-block-heading\">Aqu\u00ed hay algunos trabajos clave en Telecomunicaciones<\/h2>\n\n\n\n<ul class=\"wp-block-list\">\n<li>tecnico de telecomunicaciones<\/li>\n\n\n\n<li>Analista de datos<\/li>\n\n\n\n<li>ingeniero de telecomunicaciones<\/li>\n\n\n\n<li>Ingeniero VoIP<\/li>\n\n\n\n<li>Programador<\/li>\n\n\n\n<li>instalador de cables<\/li>\n<\/ul>\n\n\n\n<h2 class=\"wp-block-heading\">\u00bfPor qu\u00e9 las empresas necesitan telecomunicaciones 5G y 6G?<\/h2>\n\n\n\n<h3 class=\"wp-block-heading\">Comunicaci\u00f3n m\u00e1s r\u00e1pida y mejor<\/h3>\n\n\n\n<p>Some <a href=\"https:\/\/www.sisinternational.com\/es\/soluciones\/investigacion-de-mercado-de-consumo\/\" title=\"Consumer Market Research Services for Smarter Business Decisions\"  data-wpil-monitor-id=\"8916\">negocios<\/a> rely on telecommunications to give their service to clients. Call centers are an example of this type of company. If they want to provide quality service, they need great telecom. With 5G, the audio for their calls will be better. The company will also have fewer dropped calls. They will meet the needs of more clients and do their jobs faster.<\/p>\n\n\n\n<h3 class=\"wp-block-heading\">M\u00e1s capacidad del dispositivo<\/h3>\n\n\n\n<p>It may seem like any number of devices can connect to a network, but this is not true. Networks have a limited number of devices and data transmission they can handle at once. But offices are growing, and they have more devices and use more data. The 4G network cannot deal with this immense workload. This network only supports 2000 devices per 0.38 square miles. But the 5G network can service up to one million devices. Thus, if a company plans to grow, it should have a network that will support the growth.<\/p>\n\n\n\n<h3 class=\"wp-block-heading\">Mejor conexi\u00f3n<\/h3>\n\n\n\n<p>El 6G todav\u00eda est\u00e1 en proceso, pero las empresas pueden ver sus beneficios. En el futuro, la comunicaci\u00f3n remota con clientes y compa\u00f1eros de trabajo ser\u00e1 cada vez mayor. 6G permite que este proceso sea 100 veces m\u00e1s r\u00e1pido y mejor que hoy. Las reuniones en l\u00ednea tendr\u00e1n menos interrupciones en la red. Adem\u00e1s, los clientes de telecomunicaciones obtendr\u00e1n un servicio excelente en cualquier lugar con un alcance de servicio m\u00e1s amplio.<\/p>\n\n\n\n<h2 class=\"wp-block-heading\">Acerca de la Investigaci\u00f3n de Mercado de Telecomunicaciones (5G y 6G)<\/h2>\n\n\n\n<p>Neither 5G nor 6G is mainstream yet. Many <a href=\"https:\/\/www.sisinternational.com\/es\/servicios-de-publicidad-multicultural-para-un-holding-y-conglomerado-empresarial-emirati\/\" title=\"Servicios de publicidad multicultural para un holding y un conglomerado empresarial emirat\u00ed\"  data-wpil-monitor-id=\"8913\">companies still use 4G to do business<\/a>. Still, there is much research happening in this area. For example, we use <a href=\"https:\/\/www.sisinternational.com\/es\/how-to-design-effective-surveys-for-quantitative-research\/\" title=\"How to Design Effective Surveys for Quantitative Research\"  data-wpil-monitor-id=\"8910\">Quantitative and Qualitative research<\/a> to find ways to use 5G and 6G.<\/p>\n\n\n\n<p>Antes de que las empresas decidan cambiar a estas redes, deber\u00edan investigar. Dado que el \u00e1rea a\u00fan es nueva, incluso para los cient\u00edficos, los due\u00f1os de negocios deber\u00edan hacer todo lo posible para mantenerse al d\u00eda. De esa forma, la empresa tendr\u00e1 toda la informaci\u00f3n de c\u00f3mo les beneficiar\u00e1 a ellos y a los consumidores.<\/p>\n\n\n\n<p><a href=\"https:\/\/www.sisinternational.com\/es\/la-mejor-empresa-del-grupo-de-enfoque-global\/\" title=\"Principal empresa del grupo de enfoque global\"  data-wpil-monitor-id=\"8909\">Companies can use focus groups<\/a>, interviews, and surveys to get information. With the feedback, the company can make network improvements. It\u2019s the best <a href=\"https:\/\/www.sisinternational.com\/es\/analisis-de-satisfaccion-del-cliente\/\" title=\"Ocho formas de aumentar la satisfacci\u00f3n del cliente en el comercio minorista\"  data-wpil-monitor-id=\"8915\">way to keep the customers<\/a> satisfied.<\/p>\n\n\n\n<p><\/p>","protected":false},"excerpt":{"rendered":"<p>Las telecomunicaciones son la transmisi\u00f3n de informaci\u00f3n a largas distancias en diversos formatos, como audio, video y datos.<\/p>","protected":false},"author":1,"featured_media":63118,"parent":14514,"menu_order":121,"comment_status":"closed","ping_status":"closed","template":"","meta":{"footnotes":""},"class_list":["post-40227","page","type-page","status-publish","has-post-thumbnail"],"_links":{"self":[{"href":"https:\/\/www.sisinternational.com\/es\/wp-json\/wp\/v2\/pages\/40227","targetHints":{"allow":["GET"]}}],"collection":[{"href":"https:\/\/www.sisinternational.com\/es\/wp-json\/wp\/v2\/pages"}],"about":[{"href":"https:\/\/www.sisinternational.com\/es\/wp-json\/wp\/v2\/types\/page"}],"author":[{"embeddable":true,"href":"https:\/\/www.sisinternational.com\/es\/wp-json\/wp\/v2\/users\/1"}],"replies":[{"embeddable":true,"href":"https:\/\/www.sisinternational.com\/es\/wp-json\/wp\/v2\/comments?post=40227"}],"version-history":[{"count":3,"href":"https:\/\/www.sisinternational.com\/es\/wp-json\/wp\/v2\/pages\/40227\/revisions"}],"predecessor-version":[{"id":81495,"href":"https:\/\/www.sisinternational.com\/es\/wp-json\/wp\/v2\/pages\/40227\/revisions\/81495"}],"up":[{"embeddable":true,"href":"https:\/\/www.sisinternational.com\/es\/wp-json\/wp\/v2\/pages\/14514"}],"wp:featuredmedia":[{"embeddable":true,"href":"https:\/\/www.sisinternational.com\/es\/wp-json\/wp\/v2\/media\/63118"}],"wp:attachment":[{"href":"https:\/\/www.sisinternational.com\/es\/wp-json\/wp\/v2\/media?parent=40227"}],"curies":[{"name":"wp","href":"https:\/\/api.w.org\/{rel}","templated":true}]}}