{"id":40225,"date":"2022-04-27T05:01:01","date_gmt":"2022-04-27T05:01:01","guid":{"rendered":"https:\/\/www.sisinternational.com\/?page_id=40225"},"modified":"2026-01-25T16:41:19","modified_gmt":"2026-01-25T21:41:19","slug":"investigacion-de-mercado-de-supermercados","status":"publish","type":"page","link":"https:\/\/www.sisinternational.com\/es\/pericia\/investigacion-de-mercado-de-supermercados\/","title":{"rendered":"Investigaci\u00f3n de mercado de supermercados"},"content":{"rendered":"<h1 class=\"wp-block-heading\">Investigaci\u00f3n de mercado de supermercados<\/h1>\n\n\n\n<figure class=\"gb-block-image gb-block-image-f339065b\"><img loading=\"lazy\" decoding=\"async\" width=\"1456\" height=\"816\" class=\"gb-image gb-image-f339065b\" src=\"https:\/\/www.sisinternational.com\/wp-content\/uploads\/2025\/09\/Packaged-goods-2-1.jpg\" alt=\"Investigaci\u00f3n y estrategia de mercado internacional de SIS\" title=\"Packaged goods (2)\" srcset=\"https:\/\/www.sisinternational.com\/wp-content\/uploads\/2025\/09\/Packaged-goods-2-1.jpg 1456w, https:\/\/www.sisinternational.com\/wp-content\/uploads\/2025\/09\/Packaged-goods-2-1-300x168.jpg 300w, https:\/\/www.sisinternational.com\/wp-content\/uploads\/2025\/09\/Packaged-goods-2-1-1024x574.jpg 1024w, https:\/\/www.sisinternational.com\/wp-content\/uploads\/2025\/09\/Packaged-goods-2-1-768x430.jpg 768w, https:\/\/www.sisinternational.com\/wp-content\/uploads\/2025\/09\/Packaged-goods-2-1-18x10.jpg 18w\" sizes=\"auto, (max-width: 1456px) 100vw, 1456px\"><\/figure>\n\n\n\n<p><\/p>\n\n\n\n<hr class=\"wp-block-separator has-alpha-channel-opacity is-style-dots\"\/>\n\n\n\n<p>Un supermercado es una gran tienda minorista. Estas grandes superficies son muy cuidadosas con la colocaci\u00f3n de productos. Colocan los art\u00edculos de tal manera que a los clientes les resulte f\u00e1cil localizar y elegir lo que quieren. Al principio, los supermercados ofrec\u00edan comestibles, productos alimenticios y productos l\u00e1cteos. Venden art\u00edculos no alimentarios, como cosm\u00e9ticos y art\u00edculos para el hogar en el mundo actual.<\/p>\n\n\n\n<p><\/p>\n\n\n\n<h2 class=\"wp-block-heading\">\u00bfPor qu\u00e9 es importante un supermercado?<\/h2>\n\n\n\n<h3 class=\"wp-block-heading\">Precio fijo y productos de calidad.<\/h3>\n\n\n\n<p>No se puede negociar con los precios de los productos en los supermercados. Como resultado, venden productos est\u00e1ndar. Los clientes creen que est\u00e1n pagando el precio correcto por los productos correctos en la cantidad correcta.<\/p>\n\n\n\n<h3 class=\"wp-block-heading\">Disponibilidad de una variedad de bienes y necesidades diarias<\/h3>\n\n\n\n<p>Los supermercados mantienen una gran variedad de productos colocados en un orden particular. De esta forma, los clientes tienen f\u00e1cil acceso a los productos que desean comprar. Adem\u00e1s, los supermercados albergan casi todos los productos que los consumidores necesitan diaria y regularmente. As\u00ed, no tienen que desplazarse de un lugar a otro para realizar sus compras.<\/p>\n\n\n\n<h2 class=\"wp-block-heading\">T\u00edtulos de trabajo clave<\/h2>\n\n\n\n<h3 class=\"wp-block-heading\">Empleado de almac\u00e9n<\/h3>\n\n\n\n<p>Los empleados de almac\u00e9n se aseguran de que los compradores tengan acceso r\u00e1pido a los productos que buscan. Tambi\u00e9n organizan la exhibici\u00f3n y almacenamiento del producto.<\/p>\n\n\n\n<h3 class=\"wp-block-heading\">Cajero<\/h3>\n\n\n\n<p>Most buyers load their purchases into a trolley and have them checked by the cashier, who scans the customer\u2019s items and takes payment for the goods. Also, cashiers must be quick with ringing up customers\u2019 purchases and price calculations. It\u2019s the best <a href=\"https:\/\/www.sisinternational.com\/es\/analisis-de-satisfaccion-del-cliente\/\" title=\"Ocho formas de aumentar la satisfacci\u00f3n del cliente en el comercio minorista\"  data-wpil-monitor-id=\"10208\">way for customers<\/a> to avoid another long queue.<\/p>\n\n\n\n<h3 class=\"wp-block-heading\">Ensacadoras<\/h3>\n\n\n\n<p>Un ensacador ayuda al cliente a colocar sus art\u00edculos en bolsas en la caja. Los empacadores tambi\u00e9n pueden ayudar a llevar los alimentos al veh\u00edculo de un cliente. Proporcionan m\u00e1s servicios a pedido.<\/p>\n\n\n\n<h3 class=\"wp-block-heading\">Empleado de recepci\u00f3n o empleado de env\u00edo<\/h3>\n\n\n\n<p>The clerks are in charge of keeping a stock count. They also determine the <a href=\"https:\/\/www.sisinternational.com\/es\/soluciones\/soluciones-de-branding-e-investigacion-de-clientes\/investigacion-de-mercado-de-pruebas-de-productos\/new-product-concept-testing-methods\/\" title=\"New Product Concept Testing Methods\"  data-wpil-monitor-id=\"10205\">methods for incoming and outgoing product<\/a> shipping.<\/p>\n\n\n\n<h2 class=\"wp-block-heading\">\u00bfPor qu\u00e9 las empresas necesitan una investigaci\u00f3n de mercado de supermercados?<\/h2>\n\n\n\n<p>No podemos comparar la comodidad de comprar en un supermercado con la del mercado local. A continuaci\u00f3n, enumeramos algunas razones por las que la investigaci\u00f3n de mercado de supermercados es importante.<\/p>\n\n\n\n<ul class=\"wp-block-list\">\n<li><a href=\"https:\/\/www.sisinternational.com\/es\/pericia\/industrias\/investigacion-de-mercado-de-desarrollo-de-codigo-bajo\/\" title=\"Investigaci\u00f3n de mercado de desarrollo de c\u00f3digo bajo\"  data-wpil-monitor-id=\"10199\">Investigaci\u00f3n de mercado<\/a> can help a supermarket to develop an effective marketing strategy.<\/li>\n\n\n\n<li>Informa a los supermercados las elecciones y preferencias de su p\u00fablico objetivo.<\/li>\n\n\n\n<li>Les proporciona informaci\u00f3n esencial sobre sus competidores.<\/li>\n\n\n\n<li>Les da una idea de lo que se necesitar\u00eda para tener \u00e9xito en el mercado.<\/li>\n\n\n\n<li>It informs their <a class=\"wpil_keyword_link\" href=\"https:\/\/www.sisinternational.com\/es\/soluciones\/soluciones-de-estrategia-de-ventas\/\"   title=\"Soluciones de ventas y estrategia\" data-wpil-keyword-link=\"linked\"  data-wpil-monitor-id=\"737\">estrategia de ventas<\/a>.<\/li>\n\n\n\n<li>Ayuda a reducir las p\u00e9rdidas.<\/li>\n<\/ul>\n\n\n\n<h2 class=\"wp-block-heading\">Factores de \u00e9xito importantes<\/h2>\n\n\n\n<p>Many people see supermarkets as the best places to shop. But there are also certain factors and disadvantages that they face. To succeed, a supermarket must pay heed to the following:<\/p>\n\n\n\n<ul class=\"wp-block-list\">\n<li>Arrendar o poseer local cuando sea posible. Como la mayor\u00eda de los supermercados suelen estar en ubicaciones privilegiadas, los alquileres suelen ser elevados.<\/li>\n\n\n\n<li>Tenga en cuenta que es posible que los supermercados no sean adecuados para pueblos y ciudades peque\u00f1as.<\/li>\n\n\n\n<li>Tener una buena fuente de financiaci\u00f3n. Iniciar un supermercado requiere un gran desembolso de capital.<\/li>\n\n\n\n<li>Seleccione un equipo directivo competente.<\/li>\n\n\n\n<li>Si los salarios son bajos, los empleados dejar\u00e1n sus puestos de trabajo en busca de otros nuevos.<\/li>\n<\/ul>\n\n\n\n<h2 class=\"wp-block-heading\">Acerca de la investigaci\u00f3n de mercado de supermercados<\/h2>\n\n\n\n<p>Mercado <a href=\"https:\/\/www.sisinternational.com\/es\/soluciones\/consultoria-de-hosteleria-y-turismo-en-viajes\/investigacion-de-mercado-de-viajes-de-negocios\/\" title=\"Investigaci\u00f3n de mercado de viajes de negocios\"  data-wpil-monitor-id=\"10201\">investigaci\u00f3n<\/a> is vital when starting a new business or expanding an existing one. <a href=\"https:\/\/www.sisinternational.com\/es\/publicaciones\/investigacion-de-mercado-empresarial-escalable-7-formas-de-construir-un-negocio-escalable\/\" title=\"Investigaci\u00f3n de mercado empresarial escalable: 7 formas de construir un negocio escalable\"  data-wpil-monitor-id=\"10196\">Market research also helps with business<\/a> plans. Furthermore, it enables your company to know your customers\u2019 thinking and buying patterns. Also, it helps to look into the do\u2019s and don\u2019ts of the business place, so you can make it the ideal place for your business.<\/p>\n\n\n\n<p>Nuestro <a href=\"https:\/\/www.sisinternational.com\/es\/cobertura\/investigacion-de-mercado-asia\/market-research-in-china-2\/encuesta-empresa-de-investigacion-de-mercado-china\/\" title=\"Empresa de investigaci\u00f3n de mercado de encuestas en China\"  data-wpil-monitor-id=\"10203\">company conducts live interviews and surveys<\/a>. We collect data on your customers\u2019 opinions. SIS International also runs focus groups, a well-known <a href=\"https:\/\/www.sisinternational.com\/es\/quantitative-market-research-methods-and-techniques\/\" title=\"Quantitative Market Research Methods and Techniques\"  data-wpil-monitor-id=\"10192\">market research technique<\/a> for gathering detailed information. We can learn about your customers\u2019 actual points of view through focus groups. Furthermore, <a href=\"https:\/\/www.sisinternational.com\/es\/qualitative-research-to-enhance-customer-experience\/\" title=\"Qualitative Research to Enhance Customer Experience\"  data-wpil-monitor-id=\"10188\">Qualitative Research assists us in comprehending customer<\/a> behavior. It also identifies the factors that influence products repurchase. Quantitative analysis provides us with unbiased information about your customers\u2019 purchasing habits. We conduct <a href=\"https:\/\/www.sisinternational.com\/es\/pericia\/industrias\/investigacion-de-mercado-de-computacion-cuantica\/\" title=\"Investigaci\u00f3n de mercado de computaci\u00f3n cu\u00e1ntica\"  data-wpil-monitor-id=\"3697\">market strategy research<\/a> to help you save money and ensure the success of your business.<\/p>\n\n\n\n<p><\/p>","protected":false},"excerpt":{"rendered":"<p>La investigaci\u00f3n de mercado ayuda a los supermercados a comprender su p\u00fablico objetivo, sus competidores y su estrategia de ventas, al tiempo que reduce las p\u00e9rdidas.<\/p>","protected":false},"author":1,"featured_media":67286,"parent":14514,"menu_order":120,"comment_status":"closed","ping_status":"closed","template":"","meta":{"footnotes":""},"class_list":["post-40225","page","type-page","status-publish","has-post-thumbnail"],"_links":{"self":[{"href":"https:\/\/www.sisinternational.com\/es\/wp-json\/wp\/v2\/pages\/40225","targetHints":{"allow":["GET"]}}],"collection":[{"href":"https:\/\/www.sisinternational.com\/es\/wp-json\/wp\/v2\/pages"}],"about":[{"href":"https:\/\/www.sisinternational.com\/es\/wp-json\/wp\/v2\/types\/page"}],"author":[{"embeddable":true,"href":"https:\/\/www.sisinternational.com\/es\/wp-json\/wp\/v2\/users\/1"}],"replies":[{"embeddable":true,"href":"https:\/\/www.sisinternational.com\/es\/wp-json\/wp\/v2\/comments?post=40225"}],"version-history":[{"count":6,"href":"https:\/\/www.sisinternational.com\/es\/wp-json\/wp\/v2\/pages\/40225\/revisions"}],"predecessor-version":[{"id":81685,"href":"https:\/\/www.sisinternational.com\/es\/wp-json\/wp\/v2\/pages\/40225\/revisions\/81685"}],"up":[{"embeddable":true,"href":"https:\/\/www.sisinternational.com\/es\/wp-json\/wp\/v2\/pages\/14514"}],"wp:featuredmedia":[{"embeddable":true,"href":"https:\/\/www.sisinternational.com\/es\/wp-json\/wp\/v2\/media\/67286"}],"wp:attachment":[{"href":"https:\/\/www.sisinternational.com\/es\/wp-json\/wp\/v2\/media?parent=40225"}],"curies":[{"name":"wp","href":"https:\/\/api.w.org\/{rel}","templated":true}]}}