{"id":40221,"date":"2022-04-27T04:48:15","date_gmt":"2022-04-27T04:48:15","guid":{"rendered":"https:\/\/www.sisinternational.com\/?page_id=40221"},"modified":"2026-03-12T12:45:40","modified_gmt":"2026-03-12T16:45:40","slug":"tecnologia-medica-investigacion-de-mercado-de-tecnologia-medica","status":"publish","type":"page","link":"https:\/\/www.sisinternational.com\/es\/soluciones\/investigacion-de-mercado-biotecnologico-y-farmaceutico-de-atencion-medica\/tecnologia-medica-investigacion-de-mercado-de-tecnologia-medica\/","title":{"rendered":"Investigaci\u00f3n de mercado de tecnolog\u00eda m\u00e9dica (Med Tech)"},"content":{"rendered":"<h1 class=\"wp-block-heading\">Investigaci\u00f3n de mercado de tecnolog\u00eda m\u00e9dica (Med Tech)<\/h1>\n\n\n\n<figure class=\"gb-block-image gb-block-image-6a4dc351\"><img loading=\"lazy\" decoding=\"async\" width=\"1456\" height=\"816\" class=\"gb-image gb-image-6a4dc351\" src=\"https:\/\/www.sisinternational.com\/wp-content\/uploads\/2025\/09\/Medicine-2.jpg\" alt=\"Investigaci\u00f3n y estrategia de mercado internacional de SIS\" title=\"Medicine (2)\" srcset=\"https:\/\/www.sisinternational.com\/wp-content\/uploads\/2025\/09\/Medicine-2.jpg 1456w, https:\/\/www.sisinternational.com\/wp-content\/uploads\/2025\/09\/Medicine-2-300x168.jpg 300w, https:\/\/www.sisinternational.com\/wp-content\/uploads\/2025\/09\/Medicine-2-1024x574.jpg 1024w, https:\/\/www.sisinternational.com\/wp-content\/uploads\/2025\/09\/Medicine-2-768x430.jpg 768w, https:\/\/www.sisinternational.com\/wp-content\/uploads\/2025\/09\/Medicine-2-18x10.jpg 18w\" sizes=\"auto, (max-width: 1456px) 100vw, 1456px\"><\/figure>\n\n\n\n<p><\/p>\n\n\n\n<h2 class=\"wp-block-heading\">\u00bfQu\u00e9 es la tecnolog\u00eda m\u00e9dica?<\/h2>\n\n\n\n<p>La tecnolog\u00eda m\u00e9dica est\u00e1 a nuestro alrededor y no es tan compleja como parece. Las tiritas que utilizamos son ejemplos. Las gafas que usa la gente tambi\u00e9n son un ejemplo. La tecnolog\u00eda m\u00e9dica puede ser as\u00ed de simple. Tambi\u00e9n tiene usos m\u00e1s complejos, como herramientas utilizadas en cirug\u00edas y exploraciones realizadas en hospitales. Med-tech aplica la ciencia para ayudar a prevenir o curar enfermedades y salvar vidas. No es un campo nuevo y ha experimentado muchos cambios a lo largo de varios siglos. Ahora, la tecnolog\u00eda m\u00e9dica que tenemos se est\u00e1 desarrollando a un ritmo r\u00e1pido. Salva millones de vidas cada a\u00f1o.<\/p>\n\n\n\n<h2 class=\"wp-block-heading\">\u00bfPor qu\u00e9 es importante la tecnolog\u00eda m\u00e9dica?<\/h2>\n\n\n\n<p>La tecnolog\u00eda m\u00e9dica es esencial porque, sin ella, mucha gente sufrir\u00eda. Estos productos ayudan a diagnosticar y tratar enfermedades. Otro uso de la tecnolog\u00eda m\u00e9dica es que permite a los expertos en salud descubrir qu\u00e9 est\u00e1 mal con suficiente antelaci\u00f3n para tratar la dolencia. Saber antes qu\u00e9 est\u00e1 mal salva la vida de m\u00e1s personas. La tecnolog\u00eda m\u00e9dica tambi\u00e9n permite tratamientos m\u00e1s exitosos. Con dispositivos m\u00e1s avanzados, podemos hacer m\u00e1s para afrontar las enfermedades. Las cirug\u00edas que antes no eran posibles ahora son la norma. Tambi\u00e9n ayudan en la prevenci\u00f3n de enfermedades. Los guantes y mascarillas, por ejemplo, ayudan a prevenir enfermedades. Estos beneficios facilitan la vida de los trabajadores de la salud. Tambi\u00e9n evitar\u00e1 que los pacientes sufran.<\/p>\n\n\n\n<h2 class=\"wp-block-heading\">T\u00edtulos de trabajo clave<\/h2>\n\n\n\n<p>The field of med-tech is broad. It links to many careers. People have to come up with ideas, test them, and launch them. Many jobs work together to bring a <a href=\"https:\/\/www.sisinternational.com\/es\/soluciones\/prueba-de-sabor\/servicios-de-prueba-de-productos-en-nueva-york\/\" title=\"Servicios de prueba de productos en Nueva York\"  data-wpil-monitor-id=\"9569\">product or service<\/a> to life from start to finish. These careers call for a bachelor\u2019s degree in medical laboratory technology, life science, biology, or chemistry.<\/p>\n\n\n\n<p>Los t\u00edtulos de trabajo clave incluyen:<\/p>\n\n\n\n<ul class=\"wp-block-list\">\n<li><strong>T\u00e9cnicos<\/strong>: medical records, clinical laboratory, medical appliance, and research laboratory technicians<\/li>\n\n\n\n<li><strong>Tecn\u00f3logos<\/strong>: MRI, radi\u00f3logos y t\u00e9cnicos m\u00e9dicos.<\/li>\n<\/ul>\n\n\n\n<h2 class=\"wp-block-heading\">Por qu\u00e9 las empresas necesitan tecnolog\u00eda m\u00e9dica<\/h2>\n\n\n\n<p>Businesses need medical technology for many reasons. It is a necessary and fast-growing field that can bring profits if invested well. Companies that go into the field of med-tech will have a broad <a href=\"https:\/\/www.sisinternational.com\/es\/la-mejor-empresa-con-estrategia-de-salida-al-mercado-b2b\/\" title=\"La mejor empresa de estrategia de salida al mercado B2B\"  data-wpil-monitor-id=\"9571\">market<\/a>. They will attract an extensive client base once your business makes top-quality goods that will help it succeed. Companies can make safety gear, medical tools, or offer health services. They can also produce testing kits, vaccines, and ventilators. These products and <a href=\"https:\/\/www.sisinternational.com\/es\/soluciones\/soluciones-de-investigacion-cualitativa-cuantitativa\/investigacion-de-mercado-de-servicios-de-campo\/\" title=\"Investigaci\u00f3n de mercado de servicios de campo\"  data-wpil-monitor-id=\"9567\">services are lifesavers in the field<\/a> of med-tech.<\/p>\n\n\n\n<h2 class=\"wp-block-heading\">Factores claves del \u00e9xito<\/h2>\n\n\n\n<p>In medical technology, there is a lot to think about for a business to thrive. Companies need a commitment to producing quality goods. They also have to make sure that their services are reliable and consistent. Investing in the right experts to guide your products and services goes a long way. It\u2019s a well-regulated area, so <a href=\"https:\/\/www.sisinternational.com\/es\/factores-clave-de-exito-en-la-investigacion-del-mercado-automotriz\/\" title=\"Factores clave de \u00e9xito en la investigaci\u00f3n de mercado automotriz\"  data-wpil-monitor-id=\"9570\">research is also critical for success<\/a>. <a href=\"https:\/\/www.sisinternational.com\/es\/pericia\/industrias\/investigacion-de-productos\/\" title=\"Investigaci\u00f3n de productos\"  data-wpil-monitor-id=\"9565\">Products need ongoing research<\/a>. A business in med-tech may be plenty of work, but it can be very successful.<\/p>\n\n\n\n<h2 class=\"wp-block-heading\">Acerca de la tecnolog\u00eda m\u00e9dica<\/h2>\n\n\n\n<p><a href=\"https:\/\/www.sisinternational.com\/es\/pericia\/industrias\/investigacion-de-mercado-de-dispositivos-medicos\/\" title=\"Investigaci\u00f3n de mercado de dispositivos m\u00e9dicos\"  data-wpil-monitor-id=\"3169\">Medical Technology calls for lots of research<\/a> to stay updated with the science, which gets better each day. Then, the <a href=\"https:\/\/www.sisinternational.com\/es\/pericia\/curriculums-de-experiencia\/investigacion-de-marca\/\" title=\"Empresa de investigaci\u00f3n de marca\"  data-wpil-monitor-id=\"9566\">company may have to do further research<\/a> on which products\/services are suitable investments. They also need to find out how best to produce and what is best for the health of their consumers. Being <a href=\"https:\/\/www.sisinternational.com\/es\/soluciones\/investigacion-de-mercado-de-conocimiento-de-marca-b2b\/\" title=\"Estudio de mercado sobre la conciencia de marca B2B\"  data-wpil-monitor-id=\"9568\">aware of the market\u2019s<\/a> needs is vital. <a href=\"https:\/\/www.sisinternational.com\/es\/sampling-techniques-in-qualitative-research-the-complete-guide-to-choosing-the-right-method\/\" title=\"Sampling Techniques in Qualitative Research: The Complete Guide to Choosing the Right Method\"  data-wpil-monitor-id=\"9564\">Research methods can be qualitative<\/a>, quantitative, or strategy. These methods can take the form of interviews, surveys, focus groups, and experiments.<\/p>\n\n\n\n<p><\/p>","protected":false},"excerpt":{"rendered":"<p>La investigaci\u00f3n del mercado de tecnolog\u00eda m\u00e9dica es vital. Med Tech es un campo amplio que requiere muchas profesiones para dar vida a un producto o servicio.<\/p>","protected":false},"author":1,"featured_media":70066,"parent":11294,"menu_order":119,"comment_status":"closed","ping_status":"closed","template":"","meta":{"footnotes":""},"class_list":["post-40221","page","type-page","status-publish","has-post-thumbnail"],"_links":{"self":[{"href":"https:\/\/www.sisinternational.com\/es\/wp-json\/wp\/v2\/pages\/40221","targetHints":{"allow":["GET"]}}],"collection":[{"href":"https:\/\/www.sisinternational.com\/es\/wp-json\/wp\/v2\/pages"}],"about":[{"href":"https:\/\/www.sisinternational.com\/es\/wp-json\/wp\/v2\/types\/page"}],"author":[{"embeddable":true,"href":"https:\/\/www.sisinternational.com\/es\/wp-json\/wp\/v2\/users\/1"}],"replies":[{"embeddable":true,"href":"https:\/\/www.sisinternational.com\/es\/wp-json\/wp\/v2\/comments?post=40221"}],"version-history":[{"count":5,"href":"https:\/\/www.sisinternational.com\/es\/wp-json\/wp\/v2\/pages\/40221\/revisions"}],"predecessor-version":[{"id":81594,"href":"https:\/\/www.sisinternational.com\/es\/wp-json\/wp\/v2\/pages\/40221\/revisions\/81594"}],"up":[{"embeddable":true,"href":"https:\/\/www.sisinternational.com\/es\/wp-json\/wp\/v2\/pages\/11294"}],"wp:featuredmedia":[{"embeddable":true,"href":"https:\/\/www.sisinternational.com\/es\/wp-json\/wp\/v2\/media\/70066"}],"wp:attachment":[{"href":"https:\/\/www.sisinternational.com\/es\/wp-json\/wp\/v2\/media?parent=40221"}],"curies":[{"name":"wp","href":"https:\/\/api.w.org\/{rel}","templated":true}]}}