{"id":40217,"date":"2022-04-27T04:28:41","date_gmt":"2022-04-27T04:28:41","guid":{"rendered":"https:\/\/www.sisinternational.com\/?page_id=40217"},"modified":"2025-09-24T23:05:28","modified_gmt":"2025-09-25T03:05:28","slug":"investigacion-de-mercado-san-marino-europa","status":"publish","type":"page","link":"https:\/\/www.sisinternational.com\/es\/cobertura\/europa\/investigacion-de-mercado-san-marino-europa\/","title":{"rendered":"Investigaci\u00f3n de mercado en San Marino, Europa"},"content":{"rendered":"<h1 class=\"gb-headline gb-headline-503bbdb9 gb-headline-text\">Investigaci\u00f3n de mercado en San Marino, Europa<\/h1>\n\n\n\n<p><\/p>\n\n\n\n<figure class=\"gb-block-image gb-block-image-14262a9e\"><img loading=\"lazy\" decoding=\"async\" width=\"1456\" height=\"816\" class=\"gb-image gb-image-14262a9e\" src=\"https:\/\/www.sisinternational.com\/wp-content\/uploads\/2025\/09\/San-Marino-3.jpg\" alt=\"Investigaci\u00f3n y estrategia de mercado internacional de SIS\" title=\"San Marino (3)\" srcset=\"https:\/\/www.sisinternational.com\/wp-content\/uploads\/2025\/09\/San-Marino-3.jpg 1456w, https:\/\/www.sisinternational.com\/wp-content\/uploads\/2025\/09\/San-Marino-3-300x168.jpg 300w, https:\/\/www.sisinternational.com\/wp-content\/uploads\/2025\/09\/San-Marino-3-1024x574.jpg 1024w, https:\/\/www.sisinternational.com\/wp-content\/uploads\/2025\/09\/San-Marino-3-768x430.jpg 768w, https:\/\/www.sisinternational.com\/wp-content\/uploads\/2025\/09\/San-Marino-3-18x10.jpg 18w\" sizes=\"auto, (max-width: 1456px) 100vw, 1456px\"><\/figure>\n\n\n\n<hr class=\"wp-block-separator has-alpha-channel-opacity is-style-dots\"\/>\n\n\n\n<p>San Marino es una peque\u00f1a naci\u00f3n rodeada por la Rep\u00fablica de Italia. San Marino est\u00e1 muy desarrollado, por lo que es una zona privilegiada para la inversi\u00f3n. Una de sus ventajas es que es una naci\u00f3n desarrollada con una econom\u00eda de libre mercado, lo que le permite avanzar en el escenario mundial y es un lugar excelente para las empresas, ya sean nuevas y emergentes o bien establecidas. Sin embargo, sigue siendo importante comprender el mercado local. La investigaci\u00f3n de mercado es esencial, ya que permite a los inversores comprender bien las oportunidades potenciales y los rivales. Sin eso, una empresa est\u00e1 en problemas.<\/p>\n\n\n\n<h2 class=\"wp-block-heading\"><strong>El panorama econ\u00f3mico en constante evoluci\u00f3n de San Marino<\/strong><\/h2>\n\n\n\n<p><span style=\"font-weight: 400;\">The economic composition of San Marino is remarkably diverse for a microstate. Our specialists have identified several critical sectors that make <a href=\"https:\/\/www.sisinternational.com\/es\/cobertura\/las-americas\/cobertura-de-estados-unidos\/investigacion-de-mercado-san-francisco\/\" title=\"Investigaci\u00f3n de mercado en San Francisco\"  data-wpil-monitor-id=\"6937\">market research in San<\/a> Marino particularly compelling:<\/span><\/p>\n\n\n\n<ol class=\"wp-block-list\">\n<li><b> Servicios financieros<\/b><span style=\"font-weight: 400;\">El sector bancario y financiero de San Marino, que representa una parte importante de la econom\u00eda, ha desarrollado un enfoque \u00fanico respecto de los servicios financieros internacionales.&nbsp;<\/span><\/li>\n\n\n\n<li><b> Ingenier\u00eda de fabricaci\u00f3n y precisi\u00f3n:<\/b><span style=\"font-weight: 400;\"> Contrariamente a las expectativas, San Marino ha desarrollado un s\u00f3lido sector manufacturero. Hemos descubierto una red de peque\u00f1as y medianas empresas especializadas en ingenier\u00eda de alta precisi\u00f3n, cer\u00e1mica y fabricaci\u00f3n especializada que atiende a los mercados internacionales.<\/span><\/li>\n\n\n\n<li><b style=\"font-size: inherit; background-color: var(--base-3); color: var(--contrast-2);\">Turismo y Hospitalidad<\/b><span style=\"font-weight: 400;\">:San Marino ha aprovechado su importancia hist\u00f3rica y su posici\u00f3n geogr\u00e1fica \u00fanica para crear un nicho de mercado tur\u00edstico. Nuestra investigaci\u00f3n de mercado en San Marino ha seguido la forma en que el pa\u00eds transforma su patrimonio medieval en un activo econ\u00f3mico que atrae el turismo cultural e hist\u00f3rico.<\/span><\/li>\n<\/ol>\n\n\n\n<h2 class=\"wp-block-heading\">Industrias clave<\/h2>\n\n\n\n<p><\/p>\n\n\n\n<figure class=\"gb-block-image gb-block-image-b71e9a7c\"><img loading=\"lazy\" decoding=\"async\" width=\"1456\" height=\"816\" class=\"gb-image gb-image-b71e9a7c\" src=\"https:\/\/www.sisinternational.com\/wp-content\/uploads\/2025\/09\/San-Marino-2.jpg\" alt=\"Investigaci\u00f3n y estrategia de mercado internacional de SIS\" title=\"San Marino (2)\" srcset=\"https:\/\/www.sisinternational.com\/wp-content\/uploads\/2025\/09\/San-Marino-2.jpg 1456w, https:\/\/www.sisinternational.com\/wp-content\/uploads\/2025\/09\/San-Marino-2-300x168.jpg 300w, https:\/\/www.sisinternational.com\/wp-content\/uploads\/2025\/09\/San-Marino-2-1024x574.jpg 1024w, https:\/\/www.sisinternational.com\/wp-content\/uploads\/2025\/09\/San-Marino-2-768x430.jpg 768w, https:\/\/www.sisinternational.com\/wp-content\/uploads\/2025\/09\/San-Marino-2-18x10.jpg 18w\" sizes=\"auto, (max-width: 1456px) 100vw, 1456px\"><\/figure>\n\n\n\n<p><\/p>\n\n\n\n<p>San Marino tiene un sector financiero din\u00e1mico, lo que lo convierte en un lugar excelente para cualquier empresa que busque expandirse. La naci\u00f3n productiva facilita la integraci\u00f3n en la industria financiera global. Es \u00fatil establecer buenas conexiones con los sammarineses para impulsar su negocio. Adem\u00e1s de eso, el pa\u00eds tiene una destacada industria tur\u00edstica. Esta industria est\u00e1 en auge debido a la rica cultura e historia de la naci\u00f3n. Los turistas tambi\u00e9n traen negocios a las empresas manufactureras y comerciales. Entonces, hay muchas oportunidades all\u00ed.<\/p>\n\n\n\n<h2 class=\"wp-block-heading\">Barrios<\/h2>\n\n\n\n<p>Una vez m\u00e1s, San Marino es una micronaci\u00f3n sin litoral ubicada en el sur de Europa. A pesar de que la zona no tiene salida al mar, el mar Adri\u00e1tico est\u00e1 a unas seis millas de distancia, por lo que no est\u00e1 lejos en absoluto. El pa\u00eds tiene un paisaje monta\u00f1oso casi sin zonas planas. San Marino es subtropical. Y esto facilita la producci\u00f3n de muchos bienes naturales ya que el clima es estable y hospitalario. Facilita la instalaci\u00f3n de una tienda all\u00ed.<\/p>\n\n\n\n<h2 class=\"wp-block-heading\">Tendencias<\/h2>\n\n\n\n<p>Esta naci\u00f3n tiene una cultura rica y diversa. La historia de San Marino se remonta al siglo IV d.C. y se ha desarrollado mucho desde entonces. El pa\u00eds tiene universidades muy prestigiosas. Estas instituciones han contribuido mucho a las ciencias, las artes y los deportes, como el f\u00fatbol, el deporte m\u00e1s popular en San Marino. Las carreras tambi\u00e9n son un deporte importante en la cultura de San Marino. All\u00ed se celebran numerosos eventos de carreras de coches y motos. Tambi\u00e9n hay una gran tradici\u00f3n musical y culinaria inspirada en Italia pero con un toque diferente.<\/p>\n\n\n\n<h2 class=\"wp-block-heading\">Beneficios y Fortalezas en el Mercado<\/h2>\n\n\n\n<p>Una ventaja importante de trabajar en San Marino es la baja tasa impositiva corporativa. Esta baja tasa le da a usted, como empresa, la libertad de expandirse, ya que libera gran parte de su capital. El pa\u00eds est\u00e1 muy urbanizado y la mayor parte del territorio tiene infraestructura construida. Independientemente de d\u00f3nde decida una empresa establecerse, puede sacar el m\u00e1ximo provecho de esa situaci\u00f3n, ya que tendr\u00e1 f\u00e1cil acceso a la mayor\u00eda de las instalaciones.<\/p>\n\n\n\n<h2 class=\"wp-block-heading\"><b>Oportunidades y desaf\u00edos en la investigaci\u00f3n de mercados en San Marino<\/b><\/h2>\n\n\n\n<p><\/p>\n\n\n\n<figure class=\"gb-block-image gb-block-image-803b611e\"><img loading=\"lazy\" decoding=\"async\" width=\"1456\" height=\"816\" class=\"gb-image gb-image-803b611e\" src=\"https:\/\/www.sisinternational.com\/wp-content\/uploads\/2025\/09\/San-Marino-1.jpg\" alt=\"Investigaci\u00f3n y estrategia de mercado internacional de SIS\" title=\"San Marino (1)\" srcset=\"https:\/\/www.sisinternational.com\/wp-content\/uploads\/2025\/09\/San-Marino-1.jpg 1456w, https:\/\/www.sisinternational.com\/wp-content\/uploads\/2025\/09\/San-Marino-1-300x168.jpg 300w, https:\/\/www.sisinternational.com\/wp-content\/uploads\/2025\/09\/San-Marino-1-1024x574.jpg 1024w, https:\/\/www.sisinternational.com\/wp-content\/uploads\/2025\/09\/San-Marino-1-768x430.jpg 768w, https:\/\/www.sisinternational.com\/wp-content\/uploads\/2025\/09\/San-Marino-1-18x10.jpg 18w\" sizes=\"auto, (max-width: 1456px) 100vw, 1456px\"><\/figure>\n\n\n\n<p><\/p>\n\n\n\n<p><span style=\"font-weight: 400;\">A lo largo de mis cuatro d\u00e9cadas al frente <a href=\"https:\/\/www.linkedin.com\/company\/sisinternationalresearch\/\" target=\"_blank\" rel=\"noopener\">SIS Internacional<\/a>He aprendido que la verdadera inteligencia de mercado no consiste en evitar los desaf\u00edos, sino en transformarlos en oportunidades estrat\u00e9gicas.&nbsp;<\/span><\/p>\n\n\n\n<h3 class=\"wp-block-heading\"><span style=\"font-weight: 400;\">Oportunidades:&nbsp;<\/span><\/h3>\n\n\n\n<ol class=\"wp-block-list\">\n<li><b> Diversificaci\u00f3n Econ\u00f3mica<\/b><\/li>\n<\/ol>\n\n\n\n<p><span style=\"font-weight: 400;\">Cuando la mayor\u00eda de los investigadores analizan San Marino, ven un peque\u00f1o microestado. Pero nuestro equipo ve un mundo de potencial. La investigaci\u00f3n de mercado en San Marino revela un ecosistema econ\u00f3mico que es a la vez resistente e innovador:<\/span><\/p>\n\n\n\n<ul class=\"wp-block-list\">\n<li><b>Tecnolog\u00eda financiera<\/b><span style=\"font-weight: 400;\">:San Marino se ha posicionado como un centro financiero \u00fanico, desarrollando servicios bancarios y financieros especializados que lo diferencian de econom\u00edas m\u00e1s grandes.<\/span><\/li>\n\n\n\n<li><b>Fabricaci\u00f3n de precisi\u00f3n<\/b><span style=\"font-weight: 400;\">:Nuestra investigaci\u00f3n ha descubierto un sector manufacturero sofisticado que aprovecha la ingenier\u00eda de alta tecnolog\u00eda y t\u00e9cnicas de producci\u00f3n especializadas.<\/span><\/li>\n\n\n\n<li><b>Econom\u00eda digital<\/b><span style=\"font-weight: 400;\">:Sorprendentemente, San Marino ha estado invirtiendo en infraestructura digital y adopci\u00f3n de tecnolog\u00eda, creando oportunidades para la innovaci\u00f3n digital y asociaciones tecnol\u00f3gicas internacionales.<\/span><\/li>\n<\/ul>\n\n\n\n<ol start=\"2\" class=\"wp-block-list\">\n<li><b> Posicionamiento estrat\u00e9gico<\/b><\/li>\n<\/ol>\n\n\n\n<p><span style=\"font-weight: 400;\">La posici\u00f3n geogr\u00e1fica y pol\u00edtica \u00fanica de San Marino ofrece ventajas notables:<\/span><\/p>\n\n\n\n<ul class=\"wp-block-list\">\n<li><span style=\"font-weight: 400;\">Un puente entre el mercado italiano y el internacional<\/span><\/li>\n\n\n\n<li><span style=\"font-weight: 400;\">Pol\u00edticas econ\u00f3micas flexibles<\/span><\/li>\n\n\n\n<li><span style=\"font-weight: 400;\">Entorno estrat\u00e9gico fiscal y empresarial<\/span><\/li>\n\n\n\n<li><span style=\"font-weight: 400;\">Potencial como campo de pruebas para modelos de negocio innovadores<\/span><\/li>\n<\/ul>\n\n\n\n<h3 class=\"wp-block-heading\"><span style=\"font-weight: 400;\">Desaf\u00edos<\/span><\/h3>\n\n\n\n<ol class=\"wp-block-list\">\n<li><b> Escala econ\u00f3mica limitada<\/b><\/li>\n<\/ol>\n\n\n\n<p><span style=\"font-weight: 400;\"><a href=\"https:\/\/www.linkedin.com\/pulse\/how-market-research-enables-growth-ruth-stanat-phekf\/\" target=\"_blank\" rel=\"noopener\">Investigaci\u00f3n de mercado<\/a> En San Marino la situaci\u00f3n no es sencilla. Los desaf\u00edos incluyen:<\/span><\/p>\n\n\n\n<ul class=\"wp-block-list\">\n<li><span style=\"font-weight: 400;\">Mercado interno extremadamente peque\u00f1o<\/span><\/li>\n\n\n\n<li><span style=\"font-weight: 400;\">Fuerte dependencia econ\u00f3mica de Italia<\/span><\/li>\n\n\n\n<li><span style=\"font-weight: 400;\">Recursos naturales limitados<\/span><\/li>\n\n\n\n<li><span style=\"font-weight: 400;\">Entorno regulatorio complejo<\/span><\/li>\n<\/ul>\n\n\n\n<ol start=\"2\" class=\"wp-block-list\">\n<li><b> Obst\u00e1culos en la recopilaci\u00f3n de datos<\/b><\/li>\n<\/ol>\n\n\n\n<p><span style=\"font-weight: 400;\">Realizar una investigaci\u00f3n de mercado exhaustiva en San Marino conlleva importantes desaf\u00edos:<\/span><\/p>\n\n\n\n<ul class=\"wp-block-list\">\n<li><span style=\"font-weight: 400;\">Recursos estad\u00edsticos limitados<\/span><\/li>\n\n\n\n<li><span style=\"font-weight: 400;\">Falta de datos econ\u00f3micos p\u00fablicos extensos<\/span><\/li>\n\n\n\n<li><span style=\"font-weight: 400;\">Tama\u00f1os de muestra peque\u00f1os<\/span><\/li>\n\n\n\n<li><span style=\"font-weight: 400;\">Interacciones econ\u00f3micas transfronterizas complejas<\/span><\/li>\n<\/ul>\n\n\n\n<ol start=\"3\" class=\"wp-block-list\">\n<li><b> Volatilidad econ\u00f3mica<\/b><\/li>\n<\/ol>\n\n\n\n<p><span style=\"font-weight: 400;\">La econom\u00eda sammarinesa es sensible a:<\/span><\/p>\n\n\n\n<ul class=\"wp-block-list\">\n<li><span style=\"font-weight: 400;\">Fluctuaciones econ\u00f3micas italianas<\/span><\/li>\n\n\n\n<li><span style=\"font-weight: 400;\">Pol\u00edticas de la Uni\u00f3n Europea<\/span><\/li>\n\n\n\n<li><span style=\"font-weight: 400;\">Tendencias financieras mundiales<\/span><\/li>\n\n\n\n<li><span style=\"font-weight: 400;\">Disrupciones tecnol\u00f3gicas<\/span><\/li>\n<\/ul>\n\n\n\n<h2 class=\"wp-block-heading\">Base de consumidores<\/h2>\n\n\n\n<p>San Marino es una naci\u00f3n sin salida al mar ubicada en el noreste de Italia. As\u00ed, la mayor\u00eda de sus residentes son italianos hasta cierto punto. El italiano es el idioma principal. Por tanto, es fundamental contar con algunos traductores para una buena comunicaci\u00f3n. San Marino se recuper\u00f3 de la Gran Recesi\u00f3n en 2008 para convertirse en uno de los pa\u00edses m\u00e1s ricos del mundo.<\/p>\n\n\n\n<h2 class=\"wp-block-heading\">Razones para hacer crecer su negocio en el mercado de San Marino<\/h2>\n\n\n\n<p>La mayor parte de la poblaci\u00f3n es de mediana edad. Por lo tanto, existe una gran base de personas con experiencia que buscan trabajo en la zona, por lo que abunda la mano de obra calificada. Y adem\u00e1s, las bajas tasas impositivas generalmente le permiten operar como quiera sin problemas. \u00bfQu\u00e9 empresa intentar\u00eda complicarse las cosas al no invertir? Adem\u00e1s de proporcionar bienes y servicios, el objetivo principal de una empresa es ser rentable. Y para ello, necesita reducir costos y maximizar los ingresos. Por tanto, no hay motivo para no invertir en el mercado sammarin\u00e9s.<\/p>\n\n\n\n<h2 class=\"wp-block-heading\">Nuestra ubicaci\u00f3n de instalaciones en Nueva York<\/h2>\n\n\n\n<p>\n\n\n\n<iframe loading=\"lazy\" src=\"https:\/\/www.google.com\/maps\/embed?pb=!1m18!1m12!1m3!1d3022.976188376966!2d-73.99130312499956!3d40.740549471389315!2m3!1f0!2f0!3f0!3m2!1i1024!2i768!4f13.1!3m3!1m2!1s0x89c259a15798c731%3A0xd695d09bdd495f25!2s11%20E%2022nd%20St%20FL%202%2C%20New%20York%2C%20NY%2010010%2C%20USA!5e0!3m2!1sen!2spe!4v1726171763526!5m2!1sen!2spe\" width=\"600\" height=\"450\" allowfullscreen=\"allowfullscreen\" data-mce-fragment=\"1\"><\/iframe>\n\n\n\n<\/p>\n\n\n\n<h3 class=\"wp-block-heading\">11 E 22nd Street, piso 2, Nueva York, NY 10010 T: +1(212) 505-6805<\/h3>\n\n\n\n<hr class=\"wp-block-separator has-alpha-channel-opacity\"\/>\n\n\n\n<h2 class=\"wp-block-heading\"><span style=\"font-weight: 400;\">Acerca de SIS Internacional<\/span><\/h2>\n\n\n\n<p><a href=\"https:\/\/www.sisinternational.com\/es\/\"><span style=\"font-weight: 400;\">SIS Internacional<\/span><\/a><span style=\"font-weight: 400;\"> ofrece investigaci\u00f3n cuantitativa, cualitativa y estrat\u00e9gica. Proporcionamos datos, herramientas, estrategias, informes y conocimientos para la toma de decisiones. Tambi\u00e9n realizamos entrevistas, encuestas, grupos focales y otros m\u00e9todos y enfoques de investigaci\u00f3n de mercado.<\/span><a href=\"https:\/\/www.sisinternational.com\/es\/sobre-la-investigacion-internacional-de-sis\/contact-sis-international-market-research\/\"><span style=\"font-weight: 400;\"> P\u00f3ngase en contacto con nosotros<\/span><\/a><span style=\"font-weight: 400;\"> para su pr\u00f3ximo proyecto de Investigaci\u00f3n de Mercado.<\/span><\/p>\n\n\n\n<p><\/p>","protected":false},"excerpt":{"rendered":"<p>SIS ofrece estudios de mercado cualitativos y cuantitativos en San Marino, Europa.<\/p>","protected":false},"author":1,"featured_media":65978,"parent":14510,"menu_order":52,"comment_status":"closed","ping_status":"closed","template":"","meta":{"footnotes":""},"class_list":["post-40217","page","type-page","status-publish","has-post-thumbnail"],"_links":{"self":[{"href":"https:\/\/www.sisinternational.com\/es\/wp-json\/wp\/v2\/pages\/40217","targetHints":{"allow":["GET"]}}],"collection":[{"href":"https:\/\/www.sisinternational.com\/es\/wp-json\/wp\/v2\/pages"}],"about":[{"href":"https:\/\/www.sisinternational.com\/es\/wp-json\/wp\/v2\/types\/page"}],"author":[{"embeddable":true,"href":"https:\/\/www.sisinternational.com\/es\/wp-json\/wp\/v2\/users\/1"}],"replies":[{"embeddable":true,"href":"https:\/\/www.sisinternational.com\/es\/wp-json\/wp\/v2\/comments?post=40217"}],"version-history":[{"count":6,"href":"https:\/\/www.sisinternational.com\/es\/wp-json\/wp\/v2\/pages\/40217\/revisions"}],"predecessor-version":[{"id":80505,"href":"https:\/\/www.sisinternational.com\/es\/wp-json\/wp\/v2\/pages\/40217\/revisions\/80505"}],"up":[{"embeddable":true,"href":"https:\/\/www.sisinternational.com\/es\/wp-json\/wp\/v2\/pages\/14510"}],"wp:featuredmedia":[{"embeddable":true,"href":"https:\/\/www.sisinternational.com\/es\/wp-json\/wp\/v2\/media\/65978"}],"wp:attachment":[{"href":"https:\/\/www.sisinternational.com\/es\/wp-json\/wp\/v2\/media?parent=40217"}],"curies":[{"name":"wp","href":"https:\/\/api.w.org\/{rel}","templated":true}]}}