{"id":40213,"date":"2022-04-27T04:12:39","date_gmt":"2022-04-27T04:12:39","guid":{"rendered":"https:\/\/www.sisinternational.com\/?page_id=40213"},"modified":"2025-09-24T23:13:35","modified_gmt":"2025-09-25T03:13:35","slug":"investigacion-de-mercado-jersey-europa","status":"publish","type":"page","link":"https:\/\/www.sisinternational.com\/es\/cobertura\/europa\/investigacion-de-mercado-jersey-europa\/","title":{"rendered":"Investigaci\u00f3n de mercado en Jersey, Europa"},"content":{"rendered":"<h1 class=\"wp-block-heading\">Investigaci\u00f3n de mercado en Jersey, Europa<\/h1>\n\n\n\n<figure class=\"gb-block-image gb-block-image-4c737369\"><img loading=\"lazy\" decoding=\"async\" width=\"1456\" height=\"816\" class=\"gb-image gb-image-4c737369\" src=\"https:\/\/www.sisinternational.com\/wp-content\/uploads\/2025\/09\/Jersey-3.jpg\" alt=\"Investigaci\u00f3n y estrategia de mercado internacional de SIS\" title=\"Jersey (3)\" srcset=\"https:\/\/www.sisinternational.com\/wp-content\/uploads\/2025\/09\/Jersey-3.jpg 1456w, https:\/\/www.sisinternational.com\/wp-content\/uploads\/2025\/09\/Jersey-3-300x168.jpg 300w, https:\/\/www.sisinternational.com\/wp-content\/uploads\/2025\/09\/Jersey-3-1024x574.jpg 1024w, https:\/\/www.sisinternational.com\/wp-content\/uploads\/2025\/09\/Jersey-3-768x430.jpg 768w, https:\/\/www.sisinternational.com\/wp-content\/uploads\/2025\/09\/Jersey-3-18x10.jpg 18w\" sizes=\"auto, (max-width: 1456px) 100vw, 1456px\"><\/figure>\n\n\n\n<p><\/p>\n\n\n\n<p>Jersey es una de las Islas del Canal m\u00e1s grandes, ubicada entre Inglaterra y Francia. Esta dependencia brit\u00e1nica aut\u00f3noma tiene doce parroquias y alberga a 107.000 personas.<\/p>\n\n\n\n<p>Jersey, como las otras islas del canal, es salvaje y accidentada. La gente muestra una mezcla de culturas brit\u00e1nica y francesa. Los barrios m\u00e1s bonitos se encuentran en la costa sur. Si te quedas m\u00e1s de unos pocos d\u00edas, es posible que veas la mayor\u00eda de ellos. Puedes recorrer cada rinc\u00f3n de la isla alquilando un coche utilizando el servicio de autob\u00fas.<\/p>\n\n\n\n<h2 class=\"wp-block-heading\">Barrios<\/h2>\n\n\n\n<p>Los vecindarios en Jersey incluyen:<\/p>\n\n\n\n<ul class=\"wp-block-list\">\n<li>St. Helier \u2013 la capital de Jersey. Es el hogar de varios museos y atracciones.<\/li>\n\n\n\n<li>St. Aubin &#8211; the <a href=\"https:\/\/www.sisinternational.com\/es\/investigacion-de-mercado-en-ciudades-de-segundo-nivel-de-china\/\" title=\"Investigaci\u00f3n de mercado en las ciudades de segundo nivel de China\"  data-wpil-monitor-id=\"8386\">second largest city<\/a> in Jersey.<\/li>\n\n\n\n<li>St. Brelade: esta bah\u00eda protegida es famosa por sus ex\u00f3ticas playas de arena dorada. Es mundialmente conocido por su belleza y limpieza.<\/li>\n\n\n\n<li>Gorey: esta zona es excelente para hacer turismo.<\/li>\n\n\n\n<li>Grouville es otro pueblo con un profundo pasado patri\u00f3tico.<\/li>\n<\/ul>\n\n\n\n<h2 class=\"wp-block-heading\">Industrias clave<\/h2>\n\n\n\n<p>Las industrias clave en Jersey, Europa son:<\/p>\n\n\n\n<ul class=\"wp-block-list\">\n<li>Servicios financieros. Jersey tiene uno de los centros financieros mundiales m\u00e1s exitosos.<\/li>\n\n\n\n<li>Sector de tecnolog\u00eda digital.<\/li>\n\n\n\n<li><a href=\"https:\/\/www.sisinternational.com\/es\/soluciones\/consultoria-de-hosteleria-y-turismo-en-viajes\/\" title=\"Consultor\u00eda de viajes, turismo y hosteler\u00eda\"  data-wpil-monitor-id=\"8383\">Tourism and hospitality<\/a>.<\/li>\n\n\n\n<li>Agricultura y pesca.<\/li>\n\n\n\n<li>Construcci\u00f3n.<\/li>\n<\/ul>\n\n\n\n<p>Adem\u00e1s de sus hermosas playas, Jersey tambi\u00e9n cuenta con una gran variedad de senderos para caminar junto a los acantilados. Adem\u00e1s, la isla es conocida por sus valles interiores y castillos hist\u00f3ricos. Otra cosa por la que Jersey es famosa es su fascinante pasado militar.<\/p>\n\n\n\n<p>Jersey is the perfect place for history buffs. The island served as a staging post for attacks on the <a href=\"https:\/\/www.sisinternational.com\/es\/cobertura\/las-americas\/investigacion-de-mercado-en-el-caribe\/investigacion-de-mercado-islas-virgenes-britanicas\/\" title=\"Investigaci\u00f3n de mercado en las Islas V\u00edrgenes Brit\u00e1nicas\"  data-wpil-monitor-id=\"8388\">British<\/a> Isles throughout the Napoleonic Wars and World War II. One can feel this history all around the island.<\/p>\n\n\n\n<h2 class=\"wp-block-heading\">Benefits and Strengths of the Market in Jersey, Europe<\/h2>\n\n\n\n<p>El clima empresarial de Jersey est\u00e1 en auge con una red de comunicaciones bien desarrollada. Esta red de alta tecnolog\u00eda es otra ayuda para las empresas, ya que es confiable y eficiente. Conocida como Jersey Gigabit, es una de las redes Wi-Fi m\u00e1s r\u00e1pidas del mundo.<\/p>\n\n\n\n<p>Jersey\u2019s people are a further asset, as they tend to have a pro-business mindset. Jersey also has low income and company taxes. It is business-friendly, and some of the world\u2019s major companies like the trading environment. These companies include world-renowned banks and law firms. It also consists of a multinational <a href=\"https:\/\/www.sisinternational.com\/es\/pericia\/industrias\/investigacion-de-mercado-de-mineria-espacial\/\" title=\"Investigaci\u00f3n de mercado de miner\u00eda espacial\"  data-wpil-monitor-id=\"8380\">mining and research<\/a> company.<\/p>\n\n\n\n<p>Adem\u00e1s, Jersey tiene un excelente acceso a asesores profesionales. Otro aspecto positivo es su actitud progresista para tener m\u00e1s oficinas corporativas para multinacionales. Adem\u00e1s, iniciar un negocio en Jersey lo ubica en el coraz\u00f3n de un pr\u00f3spero centro de negocios.<\/p>\n\n\n\n<h2 class=\"wp-block-heading\">Base de consumidores<\/h2>\n\n\n\n<p>Jersey has a robust manufacturing sector. Another key point is that its avenues for the distribution and <a href=\"https:\/\/www.sisinternational.com\/es\/soluciones\/investigacion-de-consultoria-estrategica-fintech\/ingenieria-de-ventas-consultoria-de-servicios-financieros\/\" title=\"Ventas Ingenier\u00eda Servicios Financieros Consultor\u00eda\"  data-wpil-monitor-id=\"8384\">sale of goods and services<\/a> are top-notch. It has a significant impact on the local economy as well. The following goods and services have high consumption rates in Jersey:<\/p>\n\n\n\n<ul class=\"wp-block-list\">\n<li>Restaurantes, cafeter\u00edas y establecimientos de servicio de comida para llevar<\/li>\n\n\n\n<li><a href=\"https:\/\/www.sisinternational.com\/es\/pericia\/curriculums-de-experiencia\/alimentos-y-bebidas-en-asia-pacifico\/\" title=\"Investigaci\u00f3n de mercado de alimentos y bebidas en Asia\"  data-wpil-monitor-id=\"8377\">Alimentos y bebidas<\/a><\/li>\n\n\n\n<li>Ropa y joyas<\/li>\n\n\n\n<li>Productos m\u00e9dicos<\/li>\n\n\n\n<li>Tabaco<\/li>\n\n\n\n<li>Educaci\u00f3n<\/li>\n\n\n\n<li>Transporte<\/li>\n\n\n\n<li>Sanidad<\/li>\n\n\n\n<li>Entretenimiento<\/li>\n<\/ul>\n\n\n\n<h2 class=\"wp-block-heading\">Acerca de la investigaci\u00f3n de mercado en Jersey Europa<\/h2>\n\n\n\n<p>Jersey Europa es aut\u00f3noma. Tiene sus propias instituciones financieras y jur\u00eddicas y un sistema judicial independiente. A pesar de ello, Gran Breta\u00f1a se encarga de la defensa militar de Jersey.<\/p>\n\n\n\n<p>Al menos, esta isla est\u00e1 llena de energ\u00eda. Del mismo modo, ofrece de todo, desde deportes acu\u00e1ticos hasta deportes terrestres y caminatas por acantilados hasta caminos rurales. Adem\u00e1s, tambi\u00e9n cuenta con una gran cantidad de lugares de inter\u00e9s hist\u00f3rico y animados restaurantes y pubs. Otras actividades son el surf, el remo, el kayak, la navegaci\u00f3n de verano y las regatas de yates, que son actividades populares durante todo el a\u00f1o en las bah\u00edas que rodean la isla.<\/p>\n\n\n\n<p>In conclusion, if your company wants to invest in Jersey, Europe, you\u2019ll need Strategy Research. You\u2019ll also need to get Qualitative and Quantitative data. If you engage a <a href=\"https:\/\/www.sisinternational.com\/es\/pericia\/industrias\/soluciones-de-investigacion-de-mercado-sanitario\/\" title=\"Empresa de estudios del mercado sanitario\"  data-wpil-monitor-id=\"8374\">market research firm<\/a>, it\u2019s easy to access this information. Look for one that specializes in providing Interviews, Surveys, and Focus Groups. Such a <a href=\"https:\/\/www.sisinternational.com\/es\/nosotros-veterano-investigacion-de-mercado-2\/\" title=\"Investigaci\u00f3n de mercado de veteranos de EE. UU.\"  data-wpil-monitor-id=\"8371\">estrategia<\/a> will help you gather data for successful market entry in Jersey, Europe.<\/p>\n\n\n\n<p><\/p>","protected":false},"excerpt":{"rendered":"<p>SIS ofrece estudios de mercado cualitativos y cuantitativos en Jersey, Europa.<\/p>","protected":false},"author":1,"featured_media":66033,"parent":14510,"menu_order":51,"comment_status":"closed","ping_status":"closed","template":"","meta":{"footnotes":""},"class_list":["post-40213","page","type-page","status-publish","has-post-thumbnail"],"_links":{"self":[{"href":"https:\/\/www.sisinternational.com\/es\/wp-json\/wp\/v2\/pages\/40213","targetHints":{"allow":["GET"]}}],"collection":[{"href":"https:\/\/www.sisinternational.com\/es\/wp-json\/wp\/v2\/pages"}],"about":[{"href":"https:\/\/www.sisinternational.com\/es\/wp-json\/wp\/v2\/types\/page"}],"author":[{"embeddable":true,"href":"https:\/\/www.sisinternational.com\/es\/wp-json\/wp\/v2\/users\/1"}],"replies":[{"embeddable":true,"href":"https:\/\/www.sisinternational.com\/es\/wp-json\/wp\/v2\/comments?post=40213"}],"version-history":[{"count":4,"href":"https:\/\/www.sisinternational.com\/es\/wp-json\/wp\/v2\/pages\/40213\/revisions"}],"predecessor-version":[{"id":81405,"href":"https:\/\/www.sisinternational.com\/es\/wp-json\/wp\/v2\/pages\/40213\/revisions\/81405"}],"up":[{"embeddable":true,"href":"https:\/\/www.sisinternational.com\/es\/wp-json\/wp\/v2\/pages\/14510"}],"wp:featuredmedia":[{"embeddable":true,"href":"https:\/\/www.sisinternational.com\/es\/wp-json\/wp\/v2\/media\/66033"}],"wp:attachment":[{"href":"https:\/\/www.sisinternational.com\/es\/wp-json\/wp\/v2\/media?parent=40213"}],"curies":[{"name":"wp","href":"https:\/\/api.w.org\/{rel}","templated":true}]}}