{"id":40207,"date":"2022-04-27T03:49:21","date_gmt":"2022-04-27T03:49:21","guid":{"rendered":"https:\/\/www.sisinternational.com\/?page_id=40207"},"modified":"2026-01-24T19:02:51","modified_gmt":"2026-01-25T00:02:51","slug":"investigacion-de-mercado-de-factores-humanos","status":"publish","type":"page","link":"https:\/\/www.sisinternational.com\/es\/soluciones\/soluciones-de-investigacion-cualitativa-cuantitativa\/investigacion-de-mercado-de-factores-humanos\/","title":{"rendered":"Investigaci\u00f3n de mercado de factores humanos"},"content":{"rendered":"<h1 class=\"gb-headline gb-headline-ea9b569d gb-headline-text\">Investigaci\u00f3n de mercado de factores humanos<\/h1>\n\n\n\n<figure class=\"gb-block-image gb-block-image-6c9095e5\"><img loading=\"lazy\" decoding=\"async\" width=\"1456\" height=\"816\" class=\"gb-image gb-image-6c9095e5\" src=\"https:\/\/www.sisinternational.com\/wp-content\/uploads\/2025\/08\/Strategy-consulting-14.jpg\" alt=\"Investigaci\u00f3n y estrategia de mercado internacional de SIS\" title=\"Strategy consulting (14)\" srcset=\"https:\/\/www.sisinternational.com\/wp-content\/uploads\/2025\/08\/Strategy-consulting-14.jpg 1456w, https:\/\/www.sisinternational.com\/wp-content\/uploads\/2025\/08\/Strategy-consulting-14-300x168.jpg 300w, https:\/\/www.sisinternational.com\/wp-content\/uploads\/2025\/08\/Strategy-consulting-14-1024x574.jpg 1024w, https:\/\/www.sisinternational.com\/wp-content\/uploads\/2025\/08\/Strategy-consulting-14-768x430.jpg 768w, https:\/\/www.sisinternational.com\/wp-content\/uploads\/2025\/08\/Strategy-consulting-14-18x10.jpg 18w\" sizes=\"auto, (max-width: 1456px) 100vw, 1456px\"><\/figure>\n\n\n\n<p><\/p>\n\n\n\n<hr class=\"wp-block-separator has-alpha-channel-opacity is-style-dots\"\/>\n\n\n\n<p>El t\u00e9rmino Factores Humanos proviene del \u00e1mbito de la aviaci\u00f3n. De hecho, la Royal Airforce brit\u00e1nica fue la primera en utilizarlo. Luego, a finales de la d\u00e9cada de 1950, la frase se volvi\u00f3 de uso cotidiano. Denota la interacci\u00f3n segura y efectiva de los humanos con la tecnolog\u00eda. Otra caracter\u00edstica de los factores humanos es que utiliza datos para crear pol\u00edticas o procedimientos de dise\u00f1o. Estas pol\u00edticas ayudan a los humanos a trabajar mejor y sin errores.<\/p>\n\n\n\n<p>Entonces, los \u201cFactores Humanos\u201d son el estudio de las cosas que nos ayudan a trabajar sin errores. Es el v\u00ednculo entre los humanos y las herramientas o equipos en el lugar de trabajo. Estudiamos los aspectos f\u00edsicos, sociales, culturales y emocionales de este v\u00ednculo. Aparte de eso, tambi\u00e9n se presta atenci\u00f3n a los factores humanos en el lugar de trabajo. Podemos usarlo en otras \u00e1reas, y es una mezcla entre ingenier\u00eda y psicolog\u00eda. Hay muchas cosas para enumerar, pero aqu\u00ed hay algunas:<\/p>\n\n\n\n<ul class=\"wp-block-list\">\n<li>Mejorando la seguridad<\/li>\n\n\n\n<li>Reducir el error<\/li>\n\n\n\n<li>M\u00e1s comodidad<\/li>\n\n\n\n<li>Incrementando la productividad<\/li>\n<\/ul>\n\n\n\n<h2 class=\"wp-block-heading\">\u00bfPor qu\u00e9 son importantes los factores humanos?<\/h2>\n\n\n\n<p>Los \u201cfactores humanos\u201d se refieren al impacto que los empleados tienen en una empresa. Es el m\u00e9todo en el que una empresa decide manejar a los empleados.<\/p>\n\n\n\n<p>Necesitamos estudiar los factores humanos para lograr un flujo de trabajo fluido e impactante. Adem\u00e1s, las empresas que presten atenci\u00f3n a los factores humanos garantizar\u00e1n que el uso de los equipos sea seguro. No abordar los factores humanos puede reducir la producci\u00f3n y aumentar las tasas de error. Tambi\u00e9n aumenta el riesgo de lesiones y accidentes. Las reglas mantienen el orden. Sin ellos, surgir\u00e1n problemas. Los empleados desarrollar\u00e1n h\u00e1bitos de trabajo peligrosos, que pueden provocar una cantidad significativa de da\u00f1os. Los factores humanos apuntan a lo mejor y sacan lo mejor de los humanos. Tambi\u00e9n presta atenci\u00f3n a sus fortalezas y debilidades.<\/p>\n\n\n\n<h2 class=\"wp-block-heading\">T\u00edtulos de trabajo clave<\/h2>\n\n\n\n<p>Human Factors apply to all jobs, from management to product development teams. Engineering psychologists use Human Factors research to improve technology, consumer products, energy systems, telecommunications, transportation, work, and living.<\/p>\n\n\n\n<h2 class=\"wp-block-heading\">\u00bfPor qu\u00e9 las empresas necesitan la investigaci\u00f3n del factor humano?<\/h2>\n\n\n\n<p>Human Factor research primarily aims to make work easier and safe. There are also other benefits of having it:<\/p>\n\n\n\n<p>M\u00e1s conciencia e identificaci\u00f3n de riesgos humanos<\/p>\n\n\n\n<p>Abordar los asuntos de la manera correcta<\/p>\n\n\n\n<p>Mejorar la carga de trabajo humana<\/p>\n\n\n\n<p>In large companies, Human Factors and safety work hand in hand. Knowledge of Human Factors and its use in the business will improve safety and increase work levels. The workplace will have fewer problems, delays, and human errors. Today, with Human Factors, companies focus less on technology. Instead, they look at mental capacity and the basic skills needed to do the job.<\/p>\n\n\n\n<h2 class=\"wp-block-heading\">Factores claves del \u00e9xito<\/h2>\n\n\n\n<figure class=\"gb-block-image gb-block-image-a91f823b\"><img loading=\"lazy\" decoding=\"async\" width=\"1456\" height=\"816\" class=\"gb-image gb-image-a91f823b\" src=\"https:\/\/www.sisinternational.com\/wp-content\/uploads\/2025\/08\/Strategy-consulting-19.jpg\" alt=\"Investigaci\u00f3n y estrategia de mercado internacional de SIS\" title=\"Strategy consulting (19)\" srcset=\"https:\/\/www.sisinternational.com\/wp-content\/uploads\/2025\/08\/Strategy-consulting-19.jpg 1456w, https:\/\/www.sisinternational.com\/wp-content\/uploads\/2025\/08\/Strategy-consulting-19-300x168.jpg 300w, https:\/\/www.sisinternational.com\/wp-content\/uploads\/2025\/08\/Strategy-consulting-19-1024x574.jpg 1024w, https:\/\/www.sisinternational.com\/wp-content\/uploads\/2025\/08\/Strategy-consulting-19-768x430.jpg 768w, https:\/\/www.sisinternational.com\/wp-content\/uploads\/2025\/08\/Strategy-consulting-19-18x10.jpg 18w\" sizes=\"auto, (max-width: 1456px) 100vw, 1456px\"><\/figure>\n\n\n\n<p><\/p>\n\n\n\n<p>Addressing Human Factors is crucial to improving workers&#8217; performance. It\u2019s the most appropriate method of developing mental and manual skills to prepare workers for work in new environments. This will, in turn, be an excellent step for the future. It will further enable the easy flow of new tasks and systems, improving output.<\/p>\n\n\n\n<h2 class=\"wp-block-heading\">Acerca de la investigaci\u00f3n de mercado de factores humanos<\/h2>\n\n\n\n<p>Using Human Factors has many benefits, from more profit to safe employees. If your company is willing to use these factors, our business is here to help. We have focus groups to help in this and other areas. We also do strategic, quantitative, and qualitative research.<\/p>\n\n\n\n<p>Another key point is that safety is easier to handle with <a href=\"https:\/\/www.sisinternational.com\/es\/factores-clave-de-exito-en-la-investigacion-del-mercado-automotriz\/\" title=\"Factores clave de \u00e9xito en la investigaci\u00f3n de mercado automotriz\"  data-wpil-monitor-id=\"2520\">Human Factors research<\/a> tailored for your company. Our team can assist with the choices you make in the company to increase profits. We\u2019re always ready and willing to help. Contact us. <a href=\"https:\/\/www.linkedin.com\/company\/sisinternationalresearch\" target=\"_blank\" rel=\"noopener\">We are prepared<\/a> to help make your business better.<\/p>\n\n\n\n<h2 class=\"wp-block-heading\">Nuestra ubicaci\u00f3n de instalaciones en Nueva York<\/h2>\n\n\n\n<p>  <iframe loading=\"lazy\" src=\"https:\/\/www.google.com\/maps\/embed?pb=!1m18!1m12!1m3!1d3022.976188376966!2d-73.99130312499956!3d40.740549471389315!2m3!1f0!2f0!3f0!3m2!1i1024!2i768!4f13.1!3m3!1m2!1s0x89c259a15798c731%3A0xd695d09bdd495f25!2s11%20E%2022nd%20St%20FL%202%2C%20New%20York%2C%20NY%2010010%2C%20USA!5e0!3m2!1sen!2spe!4v1726171763526!5m2!1sen!2spe\" width=\"600\" height=\"450\" allowfullscreen=\"allowfullscreen\" data-mce-fragment=\"1\"><\/iframe>  <\/p>\n\n\n\n<h3 class=\"wp-block-heading\">11 E 22nd Street, piso 2, Nueva York, NY 10010 T: +1(212) 505-6805<\/h3>\n\n\n\n<hr class=\"wp-block-separator has-alpha-channel-opacity\"\/>\n\n\n\n<h2 class=\"wp-block-heading\"><strong>Acerca de SIS Internacional<\/strong><\/h2>\n\n\n\n<p><a href=\"https:\/\/www.sisinternational.com\/es\/\"><span style=\"font-weight: 400;\">SIS Internacional<\/span><\/a><span style=\"font-weight: 400;\"> ofrece investigaci\u00f3n cuantitativa, cualitativa y estrat\u00e9gica. Proporcionamos datos, herramientas, estrategias, informes y conocimientos para la toma de decisiones. Tambi\u00e9n realizamos entrevistas, encuestas, grupos focales y otros m\u00e9todos y enfoques de investigaci\u00f3n de mercado.<\/span><a href=\"https:\/\/www.sisinternational.com\/es\/sobre-la-investigacion-internacional-de-sis\/contact-sis-international-market-research\/\"><span style=\"font-weight: 400;\"> P\u00f3ngase en contacto con nosotros<\/span><\/a><span style=\"font-weight: 400;\"> para su pr\u00f3ximo proyecto de Investigaci\u00f3n de Mercado.<\/span><\/p>\n\n\n\n<p><\/p>","protected":false},"excerpt":{"rendered":"<p>La investigaci\u00f3n de mercado de factores humanos se refiere a c\u00f3mo una empresa gestiona a sus empleados para lograr un flujo de trabajo fluido. Estudia ayudas de trabajo sin errores.<\/p>","protected":false},"author":1,"featured_media":62540,"parent":14660,"menu_order":29,"comment_status":"closed","ping_status":"closed","template":"","meta":{"footnotes":""},"class_list":["post-40207","page","type-page","status-publish","has-post-thumbnail"],"_links":{"self":[{"href":"https:\/\/www.sisinternational.com\/es\/wp-json\/wp\/v2\/pages\/40207","targetHints":{"allow":["GET"]}}],"collection":[{"href":"https:\/\/www.sisinternational.com\/es\/wp-json\/wp\/v2\/pages"}],"about":[{"href":"https:\/\/www.sisinternational.com\/es\/wp-json\/wp\/v2\/types\/page"}],"author":[{"embeddable":true,"href":"https:\/\/www.sisinternational.com\/es\/wp-json\/wp\/v2\/users\/1"}],"replies":[{"embeddable":true,"href":"https:\/\/www.sisinternational.com\/es\/wp-json\/wp\/v2\/comments?post=40207"}],"version-history":[{"count":7,"href":"https:\/\/www.sisinternational.com\/es\/wp-json\/wp\/v2\/pages\/40207\/revisions"}],"predecessor-version":[{"id":76864,"href":"https:\/\/www.sisinternational.com\/es\/wp-json\/wp\/v2\/pages\/40207\/revisions\/76864"}],"up":[{"embeddable":true,"href":"https:\/\/www.sisinternational.com\/es\/wp-json\/wp\/v2\/pages\/14660"}],"wp:featuredmedia":[{"embeddable":true,"href":"https:\/\/www.sisinternational.com\/es\/wp-json\/wp\/v2\/media\/62540"}],"wp:attachment":[{"href":"https:\/\/www.sisinternational.com\/es\/wp-json\/wp\/v2\/media?parent=40207"}],"curies":[{"name":"wp","href":"https:\/\/api.w.org\/{rel}","templated":true}]}}