{"id":40205,"date":"2022-04-27T03:44:36","date_gmt":"2022-04-27T03:44:36","guid":{"rendered":"https:\/\/www.sisinternational.com\/?page_id=40205"},"modified":"2025-09-24T23:10:03","modified_gmt":"2025-09-25T03:10:03","slug":"investigacion-de-mercado-geopolitico","status":"publish","type":"page","link":"https:\/\/www.sisinternational.com\/es\/pericia\/investigacion-de-mercado-geopolitico\/","title":{"rendered":"Investigaci\u00f3n de Mercado Geopol\u00edtico"},"content":{"rendered":"<h1 class=\"wp-block-heading\">Investigaci\u00f3n de Mercado Geopol\u00edtico<\/h1>\n\n\n\n<figure class=\"gb-block-image gb-block-image-6d749cc7\"><img loading=\"lazy\" decoding=\"async\" width=\"1456\" height=\"816\" class=\"gb-image gb-image-6d749cc7\" src=\"https:\/\/www.sisinternational.com\/wp-content\/uploads\/2025\/08\/Global-2.jpg\" alt=\"Investigaci\u00f3n y estrategia de mercado internacional de SIS\" title=\"Global (2)\" srcset=\"https:\/\/www.sisinternational.com\/wp-content\/uploads\/2025\/08\/Global-2.jpg 1456w, https:\/\/www.sisinternational.com\/wp-content\/uploads\/2025\/08\/Global-2-300x168.jpg 300w, https:\/\/www.sisinternational.com\/wp-content\/uploads\/2025\/08\/Global-2-1024x574.jpg 1024w, https:\/\/www.sisinternational.com\/wp-content\/uploads\/2025\/08\/Global-2-768x430.jpg 768w, https:\/\/www.sisinternational.com\/wp-content\/uploads\/2025\/08\/Global-2-18x10.jpg 18w\" sizes=\"auto, (max-width: 1456px) 100vw, 1456px\"><\/figure>\n\n\n\n<p><\/p>\n\n\n\n<hr class=\"wp-block-separator has-alpha-channel-opacity is-style-dots\"\/>\n\n\n\n<h2 class=\"wp-block-heading\">\u00bfQu\u00e9 es la geopol\u00edtica?<\/h2>\n\n\n\n<p>La geopol\u00edtica es el estudio de las relaciones de poder. Cuestiona c\u00f3mo la geograf\u00eda afecta estas conexiones en las relaciones globales. Tambi\u00e9n es un intento de tener control sobre las entidades geogr\u00e1ficas. Estas entidades son lugares, regiones, pa\u00edses, escalas y redes alrededor del mundo. Las potencias que intentan controlar las entidades pueden ser pa\u00edses o empresas. O podr\u00edan ser otras cosas.<\/p>\n\n\n\n<h2 class=\"wp-block-heading\">\u00bfPor qu\u00e9 es importante la investigaci\u00f3n de mercados geopol\u00edticos?<\/h2>\n\n\n\n<p>In today\u2019s global market, sometimes, businesses grow. This growth may lead to branches in other countries. Or a business owner may also want to merge with a <a href=\"https:\/\/www.sisinternational.com\/es\/servicios-de-publicidad-multicultural-para-un-holding-y-conglomerado-empresarial-emirati\/\" title=\"Servicios de publicidad multicultural para un holding y un conglomerado empresarial emirat\u00ed\"  data-wpil-monitor-id=\"9455\">company<\/a> in another region or country. But every country has factors that affect business practices. Thus, countries need Geopolitical Market Research. It will give data on things such as foreign business practices.<\/p>\n\n\n\n<h2 class=\"wp-block-heading\">Trabajos clave en investigaci\u00f3n de mercados geopol\u00edticos<\/h2>\n\n\n\n<p>Estos son algunos de los trabajos cr\u00edticos en este campo:<\/p>\n\n\n\n<ul class=\"wp-block-list\">\n<li>Analistas geopol\u00edticos<\/li>\n\n\n\n<li>estrategas<\/li>\n\n\n\n<li>Asistente de investigaci\u00f3n<\/li>\n\n\n\n<li>Especialista en Finanzas Internacionales<\/li>\n<\/ul>\n\n\n\n<p>Por qu\u00e9 las empresas necesitan una investigaci\u00f3n de mercado geopol\u00edtica<\/p>\n\n\n\n<h3 class=\"wp-block-heading\">Para conocer los riesgos<\/h3>\n\n\n\n<p>Business owners have the task of making decisions for their companies. They must know the possible outcomes of these decisions. Geopolitical Market <a href=\"https:\/\/www.sisinternational.com\/es\/pericia\/industrias\/investigacion-de-mercado-de-perdida-auditiva\/\" title=\"Investigaci\u00f3n de mercado de p\u00e9rdida auditiva\u00a0 \u00a0\"  data-wpil-monitor-id=\"6808\">Investigaci\u00f3n<\/a> can protect the company from future loss. For example, if a war happens in a country where the <a href=\"https:\/\/www.sisinternational.com\/es\/soluciones\/prueba-de-sabor\/product-testing-for-companies\/\" title=\"Product Testing for Companies\"  data-wpil-monitor-id=\"9451\">company gets products<\/a>, the items can become scarce. This scarcity can affect supplies. As a result, production costs might rise.<\/p>\n\n\n\n<p>Adem\u00e1s, los clientes pueden obtener sus productos de un proveedor m\u00e1s barato y estable. Pero, con la investigaci\u00f3n adecuada, el propietario de la empresa puede prepararse para este problema. Elegir\u00e1n tener m\u00e1s de un proveedor.<\/p>\n\n\n\n<h3 class=\"wp-block-heading\">Para hacer buenas inversiones<\/h3>\n\n\n\n<p>Sometimes a business owner will want to expand their company. They may see the profit in adding a new type of <a href=\"https:\/\/www.sisinternational.com\/es\/soluciones\/prueba-de-sabor\/servicios-de-prueba-de-productos-en-nueva-york\/\" title=\"Servicios de prueba de productos en Nueva York\"  data-wpil-monitor-id=\"9452\">product or service<\/a>. Yet, there might not be a <a href=\"https:\/\/www.sisinternational.com\/es\/pericia\/industrias\/investigacion-de-mercados-de-paises-de-mercados-fronterizos\/\" title=\"Mercado fronterizo Investigaci\u00f3n de mercado nacional\"  data-wpil-monitor-id=\"9454\">market<\/a> for that new thing in their country. In this case, Geopolitical Market Research will help the business owner. For example, the company can try to invest in the product elsewhere. Or it can start another branch in a new country to include the item or service.<\/p>\n\n\n\n<h2 class=\"wp-block-heading\">Factores claves del \u00e9xito<\/h2>\n\n\n\n<h3 class=\"wp-block-heading\">Contrata a los expertos adecuados<\/h3>\n\n\n\n<p>Hoy vivimos en un mundo conectado. Es m\u00e1s probable que las cosas que suceden en otros lugares afecten a las empresas. Por tanto, las empresas deber\u00edan contratar personas en el \u00e1mbito geopol\u00edtico. Adem\u00e1s, todos los aspectos de la geopol\u00edtica no afectar\u00e1n a todas las empresas. Por lo tanto, se debe contratar a un experto que se adapte mejor a las necesidades de la empresa.<\/p>\n\n\n\n<h3 class=\"wp-block-heading\">Estar al d\u00eda<\/h3>\n\n\n\n<p>Relations between nations can change fast. Thus, geopolitics often changes as well. The decision-makers for the company must stay updated on these topics. If an uninformed person is making the choices, they might overlook risks. Such a <a href=\"https:\/\/www.sisinternational.com\/es\/estrategia-de-marketing-completa-para-una-empresa-estadounidense-de-finanzas-personales-en-linea\/\" title=\"Estrategia de marketing completa para una empresa estadounidense de finanzas personales en l\u00ednea\"  data-wpil-monitor-id=\"9453\">person can cost the company<\/a> money. So, they may only see the dangers. And the person can miss out on a good opportunity for the company. Having all the details is the best way to know that one is making the right choices for the business.<\/p>\n\n\n\n<h2 class=\"wp-block-heading\">Acerca de la investigaci\u00f3n de mercado geopol\u00edtico<\/h2>\n\n\n\n<p>Business owners do not work on their own. Many times, they have to answer to employees and stakeholders. Their choices affect many people. Thus, it is best to have all the information. Geopolitical Market Research is beneficial in this regard. Businesses should do strategic <a href=\"https:\/\/www.sisinternational.com\/es\/soluciones\/educacion-tecnologia-soluciones-edtech\/sistemas-de-gestion-del-aprendizaje-lms-investigacion-de-mercado\/\" title=\"Investigaci\u00f3n de mercado de sistemas de gesti\u00f3n de aprendizaje (LMS)\"  data-wpil-monitor-id=\"9450\">research to learn<\/a> more. Companies can use Qualitative and <a href=\"https:\/\/www.sisinternational.com\/es\/quantitative-market-research-methods-and-techniques\/\" title=\"Quantitative Market Research Methods and Techniques\"  data-wpil-monitor-id=\"9448\">M\u00e9todos de investigaci\u00f3n cuantitativa.<\/a>.<\/p>\n\n\n\n<p>They can also use focus groups, surveys, and interviews to get the needed information. Talk to the experts. Doing so will help business owners choose the right person for their team. Finally, business owners can speak with their employees and other bosses. This simple <a href=\"https:\/\/www.sisinternational.com\/es\/b2b\/\" title=\"Cost-Effective and Actionable Insights to Drive Your Next Strategic Move\"  data-wpil-monitor-id=\"9449\">action can give them insight<\/a> into how to create the best structure. In that way, they will be able to make the best use of Geopolitical Market Research.<\/p>\n\n\n\n<p><\/p>","protected":false},"excerpt":{"rendered":"<p>Cada pa\u00eds tiene factores \u00fanicos que impactan a las empresas. La Investigaci\u00f3n de Mercados Geopol\u00edticos es vital para obtener datos sobre pr\u00e1cticas comerciales extranjeras.<\/p>","protected":false},"author":1,"featured_media":62410,"parent":14514,"menu_order":118,"comment_status":"closed","ping_status":"closed","template":"","meta":{"footnotes":""},"class_list":["post-40205","page","type-page","status-publish","has-post-thumbnail"],"_links":{"self":[{"href":"https:\/\/www.sisinternational.com\/es\/wp-json\/wp\/v2\/pages\/40205","targetHints":{"allow":["GET"]}}],"collection":[{"href":"https:\/\/www.sisinternational.com\/es\/wp-json\/wp\/v2\/pages"}],"about":[{"href":"https:\/\/www.sisinternational.com\/es\/wp-json\/wp\/v2\/types\/page"}],"author":[{"embeddable":true,"href":"https:\/\/www.sisinternational.com\/es\/wp-json\/wp\/v2\/users\/1"}],"replies":[{"embeddable":true,"href":"https:\/\/www.sisinternational.com\/es\/wp-json\/wp\/v2\/comments?post=40205"}],"version-history":[{"count":5,"href":"https:\/\/www.sisinternational.com\/es\/wp-json\/wp\/v2\/pages\/40205\/revisions"}],"predecessor-version":[{"id":81579,"href":"https:\/\/www.sisinternational.com\/es\/wp-json\/wp\/v2\/pages\/40205\/revisions\/81579"}],"up":[{"embeddable":true,"href":"https:\/\/www.sisinternational.com\/es\/wp-json\/wp\/v2\/pages\/14514"}],"wp:featuredmedia":[{"embeddable":true,"href":"https:\/\/www.sisinternational.com\/es\/wp-json\/wp\/v2\/media\/62410"}],"wp:attachment":[{"href":"https:\/\/www.sisinternational.com\/es\/wp-json\/wp\/v2\/media?parent=40205"}],"curies":[{"name":"wp","href":"https:\/\/api.w.org\/{rel}","templated":true}]}}