{"id":40203,"date":"2022-04-27T03:29:56","date_gmt":"2022-04-27T03:29:56","guid":{"rendered":"https:\/\/www.sisinternational.com\/?page_id=40203"},"modified":"2026-03-12T13:29:25","modified_gmt":"2026-03-12T17:29:25","slug":"investigacion-de-mercado-de-seguridad-alimentaria","status":"publish","type":"page","link":"https:\/\/www.sisinternational.com\/es\/soluciones\/investigacion-de-mercado-de-la-industria-de-alimentos-y-bebidas\/investigacion-de-mercado-de-seguridad-alimentaria\/","title":{"rendered":"Investigaci\u00f3n de mercado de seguridad de alimentos y bebidas"},"content":{"rendered":"<h1 class=\"wp-block-heading\">Investigaci\u00f3n de mercado de seguridad de alimentos y bebidas<\/h1>\n\n\n\n<figure class=\"gb-block-image gb-block-image-93831ed9\"><img loading=\"lazy\" decoding=\"async\" width=\"1456\" height=\"816\" class=\"gb-image gb-image-93831ed9\" src=\"https:\/\/www.sisinternational.com\/wp-content\/uploads\/2025\/09\/Food-safety-6.jpg\" alt=\"Investigaci\u00f3n y estrategia de mercado internacional de SIS\" title=\"Food safety (6)\" srcset=\"https:\/\/www.sisinternational.com\/wp-content\/uploads\/2025\/09\/Food-safety-6.jpg 1456w, https:\/\/www.sisinternational.com\/wp-content\/uploads\/2025\/09\/Food-safety-6-300x168.jpg 300w, https:\/\/www.sisinternational.com\/wp-content\/uploads\/2025\/09\/Food-safety-6-1024x574.jpg 1024w, https:\/\/www.sisinternational.com\/wp-content\/uploads\/2025\/09\/Food-safety-6-768x430.jpg 768w, https:\/\/www.sisinternational.com\/wp-content\/uploads\/2025\/09\/Food-safety-6-18x10.jpg 18w\" sizes=\"auto, (max-width: 1456px) 100vw, 1456px\"><\/figure>\n\n\n\n<p><\/p>\n\n\n\n<h2 class=\"wp-block-heading\">\u00bfQu\u00e9 es la seguridad de alimentos y bebidas?<\/h2>\n\n\n\n<p>La comida no s\u00f3lo es deliciosa sino tambi\u00e9n la clave para sustentar la vida. Los alimentos limpios son clave para mantener la vida. Los alimentos, aunque importantes, pueden tener efectos mortales si no son seguros para comer. La seguridad alimentaria tiene que ver con tratar los alimentos de tal manera que se prevengan enfermedades. Incluye preservar la calidad de los alimentos durante un largo per\u00edodo de tiempo. Hay que mantener los alimentos libres de g\u00e9rmenes que no deber\u00edan estar all\u00ed. La seguridad alimentaria involucra todas las etapas de la preparaci\u00f3n de los alimentos. Por ejemplo, c\u00f3mo maneja los elementos del men\u00fa, limpia su entorno y cocina su comida.<\/p>\n\n\n\n<h2 class=\"wp-block-heading\">\u00bfPor qu\u00e9 es importante la investigaci\u00f3n de mercado de Seguridad de alimentos y bebidas?<\/h2>\n\n\n\n<p>Unsafe food causes sickness in millions and death in hundreds of thousands. It also strains healthcare systems dealing with a lot of preventable food illnesses. Children feel most of the impact of food-borne diseases. They are also the most vulnerable. With proper tools, systems, and practices, your business can improve its food safety practices. Such improvements reduce illnesses and deaths. It also leads to a healthier population. <a href=\"https:\/\/www.sisinternational.com\/es\/pericia\/curriculums-de-experiencia\/alimentos-y-bebidas-en-asia-pacifico\/\" title=\"Investigaci\u00f3n de mercado de alimentos y bebidas en Asia\"  data-wpil-monitor-id=\"9466\">Research is key to ensuring food<\/a> safety keeps improving.<\/p>\n\n\n\n<h2 class=\"wp-block-heading\">T\u00edtulos de trabajo clave<\/h2>\n\n\n\n<p>El campo de la seguridad alimentaria es bastante amplio. Por tanto, hay muchas carreras disponibles. Muchos requieren un t\u00edtulo en ciencias de los alimentos, qu\u00edmica o biolog\u00eda, mientras que otros solo requieren experiencia en el campo. Algunos t\u00edtulos populares incluyen:<\/p>\n\n\n\n<ul class=\"wp-block-list\">\n<li>Gerente de Aseguramiento de Calidad<\/li>\n\n\n\n<li>Supervisor de Calidad y Seguridad Alimentaria<\/li>\n\n\n\n<li>T\u00e9cnico de Garant\u00eda de Calidad<\/li>\n\n\n\n<li>Especialista en Seguridad Alimentaria<\/li>\n\n\n\n<li>Oficial de Cumplimiento<\/li>\n\n\n\n<li>Cient\u00edfico de comida<\/li>\n\n\n\n<li>T\u00e9cnico en Control de Calidad Qu\u00edmica<\/li>\n\n\n\n<li>Asociado de seguridad de laboratorio<\/li>\n<\/ul>\n\n\n\n<h2 class=\"wp-block-heading\">Por qu\u00e9 las empresas necesitan una investigaci\u00f3n de mercado sobre seguridad de alimentos y bebidas<\/h2>\n\n\n\n<p>Companies that get a bad rap for food safety also risk good profits. Thus, being known for sick <a href=\"https:\/\/www.sisinternational.com\/es\/pericia\/industrias\/alimentos-bebidas-voz-del-cliente-investigacion-de-mercado\/\" title=\"Investigaci\u00f3n de Mercado de la Voz del Cliente de Alimentos y Bebidas\"  data-wpil-monitor-id=\"9470\">customers will cause a failing food<\/a> business. One cannot have a quality business in the food <a href=\"https:\/\/www.sisinternational.com\/es\/industry-forecast\/personal-care-industry-forecast\/\" title=\"Personal Care Industry Forecast\"  data-wpil-monitor-id=\"9464\">industry and not care<\/a> about food safety. Thus, food safety is essential to companies. There are many <a href=\"https:\/\/www.sisinternational.com\/es\/publicaciones\/investigacion-de-mercado-empresarial-escalable-7-formas-de-construir-un-negocio-escalable\/\" title=\"Investigaci\u00f3n de mercado empresarial escalable: 7 formas de construir un negocio escalable\"  data-wpil-monitor-id=\"9469\">ways to consider food safety in business<\/a>. One critical one is ensuring that the area is clean. Soaps, bleach, and sanitizers are all essential items. Storage for food also affects the quality. So, fridges, containers, sterilized gear, and heating tools play a huge role. Protective gear like gloves, wipes, towels, aprons and hairnets have a small but crucial impact. Many things go into food safety that businesses use. So research continues to find new and better ways to solve problems with food safety.<\/p>\n\n\n\n<h2 class=\"wp-block-heading\">Factores claves del \u00e9xito<\/h2>\n\n\n\n<p>If your <a href=\"https:\/\/www.sisinternational.com\/es\/predictive-analytics\/\" title=\"Predictive Analytics: Your Crystal Ball for Business Success\"  data-wpil-monitor-id=\"9465\">business is to be successful<\/a> in the food safety field, you have to be aware of its standards. This area is well monitored, and so many guidelines exist. Sticking to these guidelines is essential. Besides government rules, your brand needs to do what it has to do well. Once you deliver quality and <a href=\"https:\/\/www.sisinternational.com\/es\/soluciones\/soluciones-de-branding-e-investigacion-de-clientes\/investigacion-de-clientes-de-marca\/\" title=\"Investigaci\u00f3n de marca e clientes\"  data-wpil-monitor-id=\"9467\">customers can pay for your brand<\/a>, they will rely on you. Some companies will even order in bulk depending on the product. Companies have to sustain quality to survive in the food industry. Having reliable <a href=\"https:\/\/www.sisinternational.com\/es\/industria-de-servicios-de-alimentos\/\" title=\"Enfoque de la industria de servicios alimentarios 2011\"  data-wpil-monitor-id=\"9463\">food safety goods and services<\/a> is much needed and profitable. It is also good to know what new problems need solving so that you can tackle them first in the industry.<\/p>\n\n\n\n<h2 class=\"wp-block-heading\">Acerca de la investigaci\u00f3n de mercado sobre seguridad de alimentos y bebidas<\/h2>\n\n\n\n<p><a href=\"https:\/\/www.sisinternational.com\/es\/pericia\/industrias\/estudio-de-mercado-de-seguridad-vial\/\" title=\"Investigaci\u00f3n de mercado de seguridad vial\"  data-wpil-monitor-id=\"4731\">Market research is vital in the food<\/a> safety field. Your company can use a wide range of research types, including quantitative, qualitative, and strategy research methods. The tools used to carry out such <a href=\"https:\/\/www.sisinternational.com\/es\/soluciones\/soluciones-de-investigacion-cualitativa-cuantitativa\/entrevistas-telefonicas-investigacion-de-mercado\/\" title=\"Investigaci\u00f3n de mercado de entrevistas telef\u00f3nicas en profundidad\"  data-wpil-monitor-id=\"9468\">research are interviews<\/a>, surveys, and focus groups. Some companies also do experiments.<\/p>\n\n\n\n<p>La seguridad alimentaria es esencial para la vida humana. A todos nos encanta la comida limpia, segura y sabrosa. Por eso, poder ofrecer bienes y servicios que garanticen esto no tiene precio. Siempre es bueno conocer las necesidades de este campo y qu\u00e9 nuevos problemas deben resolver las empresas.<\/p>\n\n\n\n<p><\/p>","protected":false},"excerpt":{"rendered":"<p>La seguridad alimentaria previene enfermedades. Mantiene los alimentos libres de g\u00e9rmenes da\u00f1inos durante todas las etapas, desde la manipulaci\u00f3n de los elementos del men\u00fa hasta la limpieza y la cocci\u00f3n.<\/p>","protected":false},"author":1,"featured_media":70076,"parent":22018,"menu_order":117,"comment_status":"closed","ping_status":"closed","template":"","meta":{"footnotes":""},"class_list":["post-40203","page","type-page","status-publish","has-post-thumbnail"],"_links":{"self":[{"href":"https:\/\/www.sisinternational.com\/es\/wp-json\/wp\/v2\/pages\/40203","targetHints":{"allow":["GET"]}}],"collection":[{"href":"https:\/\/www.sisinternational.com\/es\/wp-json\/wp\/v2\/pages"}],"about":[{"href":"https:\/\/www.sisinternational.com\/es\/wp-json\/wp\/v2\/types\/page"}],"author":[{"embeddable":true,"href":"https:\/\/www.sisinternational.com\/es\/wp-json\/wp\/v2\/users\/1"}],"replies":[{"embeddable":true,"href":"https:\/\/www.sisinternational.com\/es\/wp-json\/wp\/v2\/comments?post=40203"}],"version-history":[{"count":6,"href":"https:\/\/www.sisinternational.com\/es\/wp-json\/wp\/v2\/pages\/40203\/revisions"}],"predecessor-version":[{"id":81581,"href":"https:\/\/www.sisinternational.com\/es\/wp-json\/wp\/v2\/pages\/40203\/revisions\/81581"}],"up":[{"embeddable":true,"href":"https:\/\/www.sisinternational.com\/es\/wp-json\/wp\/v2\/pages\/22018"}],"wp:featuredmedia":[{"embeddable":true,"href":"https:\/\/www.sisinternational.com\/es\/wp-json\/wp\/v2\/media\/70076"}],"wp:attachment":[{"href":"https:\/\/www.sisinternational.com\/es\/wp-json\/wp\/v2\/media?parent=40203"}],"curies":[{"name":"wp","href":"https:\/\/api.w.org\/{rel}","templated":true}]}}