{"id":40196,"date":"2022-04-27T03:07:27","date_gmt":"2022-04-27T03:07:27","guid":{"rendered":"https:\/\/www.sisinternational.com\/?page_id=40196"},"modified":"2025-09-24T22:50:01","modified_gmt":"2025-09-25T02:50:01","slug":"investigacion-de-mercado-ecologia","status":"publish","type":"page","link":"https:\/\/www.sisinternational.com\/es\/pericia\/investigacion-de-mercado-ecologia\/","title":{"rendered":"Investigaci\u00f3n de Mercado de Ecolog\u00eda"},"content":{"rendered":"<h1 class=\"wp-block-heading\">Investigaci\u00f3n de Mercado de Ecolog\u00eda<\/h1>\n\n\n\n<figure class=\"gb-block-image gb-block-image-2daf90af\"><img loading=\"lazy\" decoding=\"async\" width=\"1456\" height=\"816\" class=\"gb-image gb-image-2daf90af\" src=\"https:\/\/www.sisinternational.com\/wp-content\/uploads\/2025\/08\/Circular-economy-2.jpg\" alt=\"Investigaci\u00f3n y estrategia de mercado internacional de SIS\" title=\"Circular economy (2)\" srcset=\"https:\/\/www.sisinternational.com\/wp-content\/uploads\/2025\/08\/Circular-economy-2.jpg 1456w, https:\/\/www.sisinternational.com\/wp-content\/uploads\/2025\/08\/Circular-economy-2-300x168.jpg 300w, https:\/\/www.sisinternational.com\/wp-content\/uploads\/2025\/08\/Circular-economy-2-1024x574.jpg 1024w, https:\/\/www.sisinternational.com\/wp-content\/uploads\/2025\/08\/Circular-economy-2-768x430.jpg 768w, https:\/\/www.sisinternational.com\/wp-content\/uploads\/2025\/08\/Circular-economy-2-18x10.jpg 18w\" sizes=\"auto, (max-width: 1456px) 100vw, 1456px\"><\/figure>\n\n\n\n<p><\/p>\n\n\n\n<hr class=\"wp-block-separator has-alpha-channel-opacity is-style-dots\"\/>\n\n\n\n<h2 class=\"wp-block-heading\">\u00bfQu\u00e9 es la ecolog\u00eda?<\/h2>\n\n\n\n<p>Ecology studies the relationship between life forms, such as humans, and their environment. It aims to reveal the vital links between plants, animals, and the environment. Ecology also tells us about biome values and how humans might use the Earth&#8217;s assets. It shows us <a href=\"https:\/\/www.sisinternational.com\/es\/publicaciones\/investigacion-de-mercado-empresarial-escalable-7-formas-de-construir-un-negocio-escalable\/\" title=\"Investigaci\u00f3n de mercado empresarial escalable: 7 formas de construir un negocio escalable\"  data-wpil-monitor-id=\"8373\">ways to build businesses<\/a> that sustain the planet for the future. Ecology studies the chain and the links between different life forms and microbes. It also explores the connection between these organisms and their biotic homes.<\/p>\n\n\n\n<h2 class=\"wp-block-heading\">\u00bfPor qu\u00e9 es importante la ecolog\u00eda?<\/h2>\n\n\n\n<p>Ecology fills the earth and is vital for human health and growth. It adds to our knowledge of people and <a href=\"https:\/\/www.sisinternational.com\/es\/pericia\/industrias\/investigacion-de-mercado-de-bebidas-de-alimentos-organicos-naturales\/\" title=\"Investigaci\u00f3n de mercado de alimentos y bebidas naturales y org\u00e1nicos\"  data-wpil-monitor-id=\"8376\">nature and is critical for food<\/a> production, clean air, and water. It&#8217;s also vital to know about soil conservation in a changing climate. Ecology is essential because it ensures that people see the effect of their actions. We affect the planet&#8217;s life as well as one another. We have learnt to value eco-friendliness due to all the data and studies gained from ecology, which help to raise people&#8217;s knowledge. It also urges them to choose a lifestyle that protects the ecology. Thus, people are more likely to live less selfish lives in the long run. The aim is to work to safeguard the well-being of all life forms. As a result, it promotes a balanced lifestyle and ensures the survival of all life forms.<\/p>\n\n\n\n<h2 class=\"wp-block-heading\">T\u00edtulos de trabajo clave<\/h2>\n\n\n\n<p>Trabajar en este campo proporciona un mejor conocimiento de los seres vivos y sus relaciones. Tambi\u00e9n le permite aplicar lo que ha aprendido para ayudar al mundo en su conjunto. A continuaci\u00f3n, enumeramos algunos de los mejores trabajos de ecolog\u00eda.<\/p>\n\n\n\n<h3 class=\"wp-block-heading\">Parque naturalista<\/h3>\n\n\n\n<p>Crean un v\u00ednculo entre los parques y el p\u00fablico. Ense\u00f1an a turistas, grupos escolares y otras personas sobre los parques locales, estatales y nacionales. Los naturalistas del parque tambi\u00e9n son conocedores de la historia.<\/p>\n\n\n\n<h3 class=\"wp-block-heading\">Bi\u00f3logo marino<\/h3>\n\n\n\n<p>Los bi\u00f3logos marinos estudian los animales marinos, sus h\u00e1bitos y v\u00ednculos con el medio ambiente. El agua cubre m\u00e1s del 70 por ciento de la tierra. Como resultado, como bi\u00f3logo marino, uno puede trabajar casi en cualquier parte del planeta.<\/p>\n\n\n\n<h3 class=\"wp-block-heading\">Gestor de Recursos Naturales (NRM)<\/h3>\n\n\n\n<p>Los administradores de recursos naturales est\u00e1n a cargo del uso de la tierra. Garantizan que todas las acciones tomadas en la tierra cumplan con las reglas y tambi\u00e9n intentan equilibrar las necesidades de los usuarios, como agricultores y propietarios. Los MRN velan por la salud del ecosistema y el medio ambiente.<\/p>\n\n\n\n<h2 class=\"wp-block-heading\">\u00bfPor qu\u00e9 las empresas necesitan investigaciones de mercado de ecolog\u00eda?<\/h2>\n\n\n\n<p>There is close and constant contact between a firm and its ecosystem, regardless of its type or size. This connection also aids the firm&#8217;s strength and the use of its resources. As a result, <a href=\"https:\/\/www.sisinternational.com\/es\/analysis-b2b\/\" title=\"What Business Leaders Need to Know Right Now\"  data-wpil-monitor-id=\"8382\">knowing the role of the business<\/a> environment is crucial. It will help in the pursuit of further business plans. It&#8217;s also vital for a business to interact with its environment. It becomes easier to identify the areas for growth and expansion of its activities.<\/p>\n\n\n\n<h2 class=\"wp-block-heading\">Factores de \u00e9xito importantes<\/h2>\n\n\n\n<p>Muchas cosas pueden da\u00f1ar el ecosistema, incluida la contaminaci\u00f3n y la temperatura del agua. Estos factores parecen empeorar con el tiempo, acerc\u00e1ndonos a una aut\u00e9ntica crisis ambiental. El resultado es que la gente es cada vez m\u00e1s consciente de estas preocupaciones. Tambi\u00e9n est\u00e1n haciendo m\u00e1s para resolver sus impactos da\u00f1inos. Los siguientes son algunos de los aspectos m\u00e1s importantes a tener en cuenta:<\/p>\n\n\n\n<ul class=\"wp-block-list\">\n<li>Contaminaci\u00f3n<\/li>\n\n\n\n<li>Calentamiento global<\/li>\n\n\n\n<li>Superpoblaci\u00f3n<\/li>\n\n\n\n<li>Deposito de basura<\/li>\n\n\n\n<li>La acidez del oc\u00e9ano<\/li>\n\n\n\n<li>P\u00e9rdida de biodiversidad<\/li>\n\n\n\n<li>Deforestaci\u00f3n<\/li>\n\n\n\n<li>Reducci\u00f3n de la capa de ozono<\/li>\n\n\n\n<li>Lluvia \u00e1cida<\/li>\n\n\n\n<li>Problemas de salud p\u00fablica<\/li>\n<\/ul>\n\n\n\n<h2 class=\"wp-block-heading\">Investigaci\u00f3n de mercado sobre ecolog\u00eda<\/h2>\n\n\n\n<p><a href=\"https:\/\/www.sisinternational.com\/es\/pericia\/industrias\/investigacion-de-mercado-automotriz\/investigacion-de-consumo-de-vehiculos-electricos-para-el-sector-automotor\/\" title=\"Por qu\u00e9 la investigaci\u00f3n de los consumidores en el sector automovil\u00edstico es tan importante hoy en d\u00eda con el futuro de los veh\u00edculos el\u00e9ctricos\"  data-wpil-monitor-id=\"8379\">Researching an area is vital<\/a> before starting a business there. It shows what the people in that area want and what they don\u2019t like. So, it is vital to conduct quantitative, qualitative, and strategic research. Focus groups and surveys can reveal the genuine opinions and ideas of customers. We can apply all these techniques to Ecology Market Research and many other areas.<\/p>\n\n\n\n<p><\/p>","protected":false},"excerpt":{"rendered":"<p>Las empresas que aprenden sobre el ecosistema y utilizan los recursos de manera responsable pueden identificar oportunidades de crecimiento con la investigaci\u00f3n del mercado ecol\u00f3gico.<\/p>","protected":false},"author":1,"featured_media":64755,"parent":14514,"menu_order":116,"comment_status":"closed","ping_status":"closed","template":"","meta":{"footnotes":""},"class_list":["post-40196","page","type-page","status-publish","has-post-thumbnail"],"_links":{"self":[{"href":"https:\/\/www.sisinternational.com\/es\/wp-json\/wp\/v2\/pages\/40196","targetHints":{"allow":["GET"]}}],"collection":[{"href":"https:\/\/www.sisinternational.com\/es\/wp-json\/wp\/v2\/pages"}],"about":[{"href":"https:\/\/www.sisinternational.com\/es\/wp-json\/wp\/v2\/types\/page"}],"author":[{"embeddable":true,"href":"https:\/\/www.sisinternational.com\/es\/wp-json\/wp\/v2\/users\/1"}],"replies":[{"embeddable":true,"href":"https:\/\/www.sisinternational.com\/es\/wp-json\/wp\/v2\/comments?post=40196"}],"version-history":[{"count":4,"href":"https:\/\/www.sisinternational.com\/es\/wp-json\/wp\/v2\/pages\/40196\/revisions"}],"predecessor-version":[{"id":81406,"href":"https:\/\/www.sisinternational.com\/es\/wp-json\/wp\/v2\/pages\/40196\/revisions\/81406"}],"up":[{"embeddable":true,"href":"https:\/\/www.sisinternational.com\/es\/wp-json\/wp\/v2\/pages\/14514"}],"wp:featuredmedia":[{"embeddable":true,"href":"https:\/\/www.sisinternational.com\/es\/wp-json\/wp\/v2\/media\/64755"}],"wp:attachment":[{"href":"https:\/\/www.sisinternational.com\/es\/wp-json\/wp\/v2\/media?parent=40196"}],"curies":[{"name":"wp","href":"https:\/\/api.w.org\/{rel}","templated":true}]}}