{"id":40190,"date":"2022-04-27T02:23:25","date_gmt":"2022-04-27T02:23:25","guid":{"rendered":"https:\/\/www.sisinternational.com\/?page_id=40190"},"modified":"2026-01-25T18:38:02","modified_gmt":"2026-01-25T23:38:02","slug":"investigacion-de-mercado-bioinformatica","status":"publish","type":"page","link":"https:\/\/www.sisinternational.com\/es\/pericia\/investigacion-de-mercado-bioinformatica\/","title":{"rendered":"Investigaci\u00f3n de Mercado de Bioinform\u00e1tica"},"content":{"rendered":"<h1 class=\"wp-block-heading\">Investigaci\u00f3n de Mercado de Bioinform\u00e1tica<\/h1>\n\n\n\n<figure class=\"gb-block-image gb-block-image-6cda46bc\"><img loading=\"lazy\" decoding=\"async\" width=\"1456\" height=\"816\" class=\"gb-image gb-image-6cda46bc\" src=\"https:\/\/www.sisinternational.com\/wp-content\/uploads\/2025\/09\/DNA-Genetics-16.jpg\" alt=\"Investigaci\u00f3n y estrategia de mercado internacional de SIS\" title=\"DNA Genetics (16)\" srcset=\"https:\/\/www.sisinternational.com\/wp-content\/uploads\/2025\/09\/DNA-Genetics-16.jpg 1456w, https:\/\/www.sisinternational.com\/wp-content\/uploads\/2025\/09\/DNA-Genetics-16-300x168.jpg 300w, https:\/\/www.sisinternational.com\/wp-content\/uploads\/2025\/09\/DNA-Genetics-16-1024x574.jpg 1024w, https:\/\/www.sisinternational.com\/wp-content\/uploads\/2025\/09\/DNA-Genetics-16-768x430.jpg 768w, https:\/\/www.sisinternational.com\/wp-content\/uploads\/2025\/09\/DNA-Genetics-16-18x10.jpg 18w\" sizes=\"auto, (max-width: 1456px) 100vw, 1456px\"><\/figure>\n\n\n\n<p><\/p>\n\n\n\n<hr class=\"wp-block-separator has-alpha-channel-opacity is-style-dots\"\/>\n\n\n\n<h2 class=\"wp-block-heading\">\u00bfQu\u00e9 es la investigaci\u00f3n de mercado de bioinform\u00e1tica?<\/h2>\n\n\n\n<p>Bioinformatics deals with obtaining, storing, breaking down, and sharing biological data. It is a mix between biology and computer science. Most times, it deals with DNA as well as amino acid sequences. Further, it makes use of software programs to decide gene and protein functions. The <a href=\"https:\/\/www.sisinternational.com\/es\/soluciones\/consultoria-estrategica\/investigacion-de-mercado-de-gestion-del-cambio\/\" title=\"Investigaci\u00f3n de mercado de gesti\u00f3n del cambio\"  data-wpil-monitor-id=\"9442\">research also brings changing<\/a> linkages into being and predicts the solid structures of proteins.<\/p>\n\n\n\n<h2 class=\"wp-block-heading\">\u00bfPor qu\u00e9 es importante la investigaci\u00f3n de mercado de bioinform\u00e1tica?<\/h2>\n\n\n\n<p>Los recursos tecnol\u00f3gicos se desarrollan y llegan al alcance de la mayor\u00eda de las personas a medida que pasa el tiempo. De hecho, estos recursos mejorar\u00e1n la forma en que encontramos y respondemos a las preocupaciones globales de nuevas maneras. Por tanto, las perspectivas son enormes y hay muchas maneras en que podemos aplicar ese conocimiento. Por ejemplo, podemos utilizarlo para desarrollar nuevos medicamentos, combatir brotes de enfermedades y mejorar los m\u00e9todos agr\u00edcolas.<\/p>\n\n\n\n<p>Scientific findings are the result of mining such data. Scientists use these discoveries in <a href=\"https:\/\/www.sisinternational.com\/es\/soluciones\/innovacion\/investigacion-de-mercado-genetica\/\" title=\"Investigaci\u00f3n de mercado de gen\u00e9tica\"  data-wpil-monitor-id=\"5012\">genetics and genomics research<\/a>.<\/p>\n\n\n\n<p>Bioinformatics also plays a part in the <a href=\"https:\/\/www.sisinternational.com\/es\/best-practices-for-quantitative-market-research\/\" title=\"Mejores pr\u00e1cticas para la investigaci\u00f3n de mercado cuantitativa\"  data-wpil-monitor-id=\"9447\">practical aspects of genetic research<\/a>. This type of <a href=\"https:\/\/www.sisinternational.com\/es\/soluciones\/investigacion-de-consultoria-estrategica-fintech\/investigacion-de-mercado-de-analisis-de-datos-bancarios\/\" title=\"Investigaci\u00f3n de mercado de an\u00e1lisis de datos bancarios\"  data-wpil-monitor-id=\"9443\">research gets massive amounts of data<\/a>, often too much to grasp. It also decodes this <a href=\"https:\/\/www.sisinternational.com\/es\/pericia\/industrias\/investigacion-de-mercado-de-recopilacion-de-datos\/\" title=\"Investigaci\u00f3n de mercado de recopilaci\u00f3n de datos\"  data-wpil-monitor-id=\"9444\">data to be helpful to researchers<\/a>.<\/p>\n\n\n\n<p>Companies build tools for this <a href=\"https:\/\/www.sisinternational.com\/es\/soluciones\/soluciones-de-investigacion-cualitativa-cuantitativa\/investigacion-de-mercado-de-servicios-de-campo\/\" title=\"Investigaci\u00f3n de mercado de servicios de campo\"  data-wpil-monitor-id=\"9441\">field with both the researcher<\/a> and the biologist in mind. It can help both parties create a database of info with easy-to-read and useful data to make clinical decisions.<\/p>\n\n\n\n<p>Sin la bioinform\u00e1tica, s\u00f3lo tendr\u00edamos una investigaci\u00f3n gen\u00e9tica limitada. Gran parte de los datos tienen una forma y un tama\u00f1o dif\u00edciles de decodificar, lo que dificulta la obtenci\u00f3n de detalles.<\/p>\n\n\n\n<h2 class=\"wp-block-heading\">T\u00edtulos de trabajo clave<\/h2>\n\n\n\n<ul class=\"wp-block-list\">\n<li>Investigador cient\u00edfico<\/li>\n\n\n\n<li>bi\u00f3logo molecular<\/li>\n\n\n\n<li>Microbi\u00f3logo<\/li>\n\n\n\n<li>Cient\u00edfico<\/li>\n\n\n\n<li>Zo\u00f3logo o bi\u00f3logo de vida silvestre<\/li>\n<\/ul>\n\n\n\n<h2 class=\"wp-block-heading\">Por qu\u00e9 las empresas necesitan una investigaci\u00f3n de mercado de bioinform\u00e1tica<\/h2>\n\n\n\n<p>This data could mean millions in savings for firms struggling to get FDA approval. At least, they can use these savings to do the <a href=\"https:\/\/www.sisinternational.com\/es\/pericia\/industrias\/investigacion-de-mercado-de-medicamentos-huerfanos\/\" title=\"Investigaci\u00f3n de mercado de medicamentos hu\u00e9rfanos\"  data-wpil-monitor-id=\"9445\">research to develop new drugs<\/a>. Patients can get alternative treatments faster. It also allows healthcare companies to make more money. Firms in this field try to build a good name for providing accurate data. Such firms can make lots of money. They can also present themselves as experts in the field by responding to questions from Big Pharma outfits. In addition, it lends itself to gaining good commercial ties. A crucial part of the selling process is stressing the value of data. According to the FDA, this data can improve the safety of drugs and medical equipment.<\/p>\n\n\n\n<h2 class=\"wp-block-heading\">Factores claves del \u00e9xito<\/h2>\n\n\n\n<p>Una de las necesidades m\u00e1s cr\u00edticas es que los miembros del equipo puedan aprender nuevos procedimientos.<\/p>\n\n\n\n<p>Otros asuntos vitales incluyen:<\/p>\n\n\n\n<ul class=\"wp-block-list\">\n<li>Avanzar hacia nuevas \u00e1reas a medida que evolucionan los m\u00e9todos de investigaci\u00f3n<\/li>\n\n\n\n<li>Al menos tres miembros del personal de alto nivel con diferentes conocimientos. Deber\u00edan estar trabajando en diferentes \u00e1reas del campo.<\/li>\n\n\n\n<li>Miembros del personal junior que sean maduros y que tengan una buena \u00e9tica de trabajo.<\/li>\n<\/ul>\n\n\n\n<p>Estos trabajadores pueden proporcionar la experiencia necesaria para abordar los desaf\u00edos con entusiasmo. Otro elemento de \u00e9xito es contar con miembros del equipo con formaci\u00f3n formal en el campo de la Biolog\u00eda. Son fundamentales varios a\u00f1os de experiencia en la aplicaci\u00f3n de tecnolog\u00eda bioinform\u00e1tica a desaf\u00edos biol\u00f3gicos. Muchos proyectos necesitar\u00e1n un amplio conocimiento de la biolog\u00eda. Experiencia pr\u00e1ctica con herramientas y programaci\u00f3n tambi\u00e9n. Se necesitan al menos conocimientos b\u00e1sicos de estad\u00edstica y dise\u00f1o experimental. Algunos proyectos tambi\u00e9n pueden necesitar personas con otros antecedentes. Por ejemplo, un proyecto puede necesitar a alguien con habilidades de miner\u00eda de datos o alguien que sepa hacer an\u00e1lisis, estad\u00edsticas avanzadas o inform\u00e1tica.<\/p>\n\n\n\n<h2 class=\"wp-block-heading\">Acerca de la investigaci\u00f3n de mercado de bioinform\u00e1tica<\/h2>\n\n\n\n<p>Do companies need Bioinformatics market research? It depends. For many niche companies in the field, it is a crucial lifeline. You may need Qualitative, Quantitative, or Strategic Research. Or, your company might want <a href=\"https:\/\/www.sisinternational.com\/es\/cobertura\/europa\/investigacion-de-mercado-liverpool-reino-unido\/\" title=\"Investigaci\u00f3n de mercado en Liverpool | Grupos focales y recopilaci\u00f3n de datos del Reino Unido\"  data-wpil-monitor-id=\"9440\">data from a Focus Group<\/a>. Some <a href=\"https:\/\/www.sisinternational.com\/es\/cobertura\/investigacion-de-mercado-asia\/market-research-in-china-2\/encuesta-empresa-de-investigacion-de-mercado-china\/\" title=\"Empresa de investigaci\u00f3n de mercado de encuestas en China\"  data-wpil-monitor-id=\"9446\">companies also look for Interviews and Surveys<\/a>. It\u2019s vital that you find out what your company\u2019s needs are and find a Market Research provider that can fill them. Extra points if you find one that ticks all your boxes! Market Research is crucial, so look into it to secure your company\u2019s success.<\/p>\n\n\n\n<p><\/p>","protected":false},"excerpt":{"rendered":"<p>La bioinform\u00e1tica gestiona y decodifica grandes cantidades de datos de investigaci\u00f3n gen\u00e9tica para que investigadores y bi\u00f3logos creen bases de datos cl\u00ednicas.<\/p>","protected":false},"author":1,"featured_media":69941,"parent":14514,"menu_order":115,"comment_status":"closed","ping_status":"closed","template":"","meta":{"footnotes":""},"class_list":["post-40190","page","type-page","status-publish","has-post-thumbnail"],"_links":{"self":[{"href":"https:\/\/www.sisinternational.com\/es\/wp-json\/wp\/v2\/pages\/40190","targetHints":{"allow":["GET"]}}],"collection":[{"href":"https:\/\/www.sisinternational.com\/es\/wp-json\/wp\/v2\/pages"}],"about":[{"href":"https:\/\/www.sisinternational.com\/es\/wp-json\/wp\/v2\/types\/page"}],"author":[{"embeddable":true,"href":"https:\/\/www.sisinternational.com\/es\/wp-json\/wp\/v2\/users\/1"}],"replies":[{"embeddable":true,"href":"https:\/\/www.sisinternational.com\/es\/wp-json\/wp\/v2\/comments?post=40190"}],"version-history":[{"count":5,"href":"https:\/\/www.sisinternational.com\/es\/wp-json\/wp\/v2\/pages\/40190\/revisions"}],"predecessor-version":[{"id":81578,"href":"https:\/\/www.sisinternational.com\/es\/wp-json\/wp\/v2\/pages\/40190\/revisions\/81578"}],"up":[{"embeddable":true,"href":"https:\/\/www.sisinternational.com\/es\/wp-json\/wp\/v2\/pages\/14514"}],"wp:featuredmedia":[{"embeddable":true,"href":"https:\/\/www.sisinternational.com\/es\/wp-json\/wp\/v2\/media\/69941"}],"wp:attachment":[{"href":"https:\/\/www.sisinternational.com\/es\/wp-json\/wp\/v2\/media?parent=40190"}],"curies":[{"name":"wp","href":"https:\/\/api.w.org\/{rel}","templated":true}]}}