{"id":40137,"date":"2022-04-16T17:59:13","date_gmt":"2022-04-16T17:59:13","guid":{"rendered":"https:\/\/www.sisinternational.com\/?page_id=40137"},"modified":"2026-01-26T17:22:32","modified_gmt":"2026-01-26T22:22:32","slug":"investigacion-de-mercado-de-web-scraping","status":"publish","type":"page","link":"https:\/\/www.sisinternational.com\/es\/pericia\/investigacion-de-mercado-de-web-scraping\/","title":{"rendered":"Investigaci\u00f3n de mercado de raspado web"},"content":{"rendered":"<h1 class=\"wp-block-heading\">Investigaci\u00f3n de mercado de raspado web<\/h1>\n\n\n\n<figure class=\"gb-block-image gb-block-image-6b1dca50\"><img loading=\"lazy\" decoding=\"async\" width=\"1456\" height=\"816\" class=\"gb-image gb-image-6b1dca50\" src=\"https:\/\/www.sisinternational.com\/wp-content\/uploads\/2025\/09\/Fintech-18.jpg\" alt=\"Investigaci\u00f3n y estrategia de mercado internacional de SIS\" title=\"Fintech (18)\" srcset=\"https:\/\/www.sisinternational.com\/wp-content\/uploads\/2025\/09\/Fintech-18.jpg 1456w, https:\/\/www.sisinternational.com\/wp-content\/uploads\/2025\/09\/Fintech-18-300x168.jpg 300w, https:\/\/www.sisinternational.com\/wp-content\/uploads\/2025\/09\/Fintech-18-1024x574.jpg 1024w, https:\/\/www.sisinternational.com\/wp-content\/uploads\/2025\/09\/Fintech-18-768x430.jpg 768w, https:\/\/www.sisinternational.com\/wp-content\/uploads\/2025\/09\/Fintech-18-18x10.jpg 18w\" sizes=\"auto, (max-width: 1456px) 100vw, 1456px\"><\/figure>\n\n\n\n<p><\/p>\n\n\n\n<h2 class=\"wp-block-heading\">\u00bfQu\u00e9 es la investigaci\u00f3n de mercado de raspado web?<\/h2>\n\n\n\n<p>In the modern-day, most human knowledge is on the internet for free. So, it makes sense for firms to try and get as much info as they can. They must know the nature of the market to profit from it. Web Scraping is how firms use data harvesting to extract data from websites. It\u2019s in many fields, from <a href=\"https:\/\/www.sisinternational.com\/es\/pericia\/industrias\/investigacion-de-mercado-de-ciencias-de-la-vida\/\" title=\"Investigaci\u00f3n de mercado de ciencias biol\u00f3gicas\"  data-wpil-monitor-id=\"9197\">science and research<\/a> to business and finance. Being able to save time and effort by scouring sites is a massive boon for a company seeking to advance itself. Web scraping should be an integral part of any business market research.<\/p>\n\n\n\n<h2 class=\"wp-block-heading\">\u00bfPor qu\u00e9 es importante la investigaci\u00f3n de mercado de Web Scraping?<\/h2>\n\n\n\n<p>Market research itself is at its best when it can draw upon good. So, web scraping can get the best out of it with its ability to access vast amounts of that data in a short time frame. It\u2019s that efficiency that allows it to be more informed and <a href=\"https:\/\/www.sisinternational.com\/es\/soluciones\/investigacion-de-mercado-de-conocimiento-de-marca-b2b\/\" title=\"Estudio de mercado sobre la conciencia de marca B2B\"  data-wpil-monitor-id=\"9196\">aware of the market<\/a> and make better predictions. To add, web scraping monitors <a href=\"https:\/\/www.sisinternational.com\/es\/pericia\/industrias\/investigacion-de-mercado-del-cambio-climatico\/\" title=\"Investigaci\u00f3n de mercado del cambio clim\u00e1tico\"  data-wpil-monitor-id=\"9195\">change in market<\/a> forces in real-time. This kind of real-time monitoring allows firms to make the most relevant decisions. And being able to work fast can be the difference between success and failure. The market waits on no one, and any business that wants to profit can\u2019t be idle. It needs to understand the situation and act fast.<\/p>\n\n\n\n<h2 class=\"wp-block-heading\">T\u00edtulos de trabajo clave<\/h2>\n\n\n\n<p>Los trabajos notables incluyen:<\/p>\n\n\n\n<ul class=\"wp-block-list\">\n<li>Analistas de investigaci\u00f3n de mercado<\/li>\n\n\n\n<li>Analistas de datos<\/li>\n\n\n\n<li>Analistas web<\/li>\n\n\n\n<li>T\u00e9cnico de bases de datos<\/li>\n\n\n\n<li>supervisor de TI<\/li>\n<\/ul>\n\n\n\n<h2 class=\"wp-block-heading\">Why Businesses Need Web Scraping Market Research<\/h2>\n\n\n\n<p><a href=\"https:\/\/www.sisinternational.com\/es\/soluciones\/consultoria-estrategica\/analisis-de-datos\/\" title=\"Empresa de an\u00e1lisis de datos\"  data-wpil-monitor-id=\"9198\">Companies need data<\/a>. They <a href=\"https:\/\/www.sisinternational.com\/es\/analysis-b2b\/\" title=\"What Business Leaders Need to Know Right Now\"  data-wpil-monitor-id=\"9199\">need to know<\/a> the next move when planning out their next quarter. That\u2019s why they need market research to give them the required foresight. It can help them <a href=\"https:\/\/www.sisinternational.com\/es\/soluciones\/investigacion-de-consultoria-estrategica-fintech\/investigacion-de-mercado-de-mercados-de-capitales\/\" title=\"Investigaci\u00f3n de mercado de mercados de capitales\"  data-wpil-monitor-id=\"9193\">capitalize on market<\/a> changes: as said before, much helpful information is available for free. Yet, we must remember that it\u2019s a daunting task to record all that data. Often, pages are chock full of information and will take forever to go through. That\u2019s why web scraping is so important. Businesses do all the information gathering by using an automated system. And from there, data analysts can organize that data in a way that\u2019s easy to understand.<\/p>\n\n\n\n<h2 class=\"wp-block-heading\">Factores claves del \u00e9xito<\/h2>\n\n\n\n<p>Los buenos t\u00e9cnicos son la columna vertebral de una investigaci\u00f3n como \u00e9sta. Por un lado, se aseguran de que todo funcione como se supone que debe hacerlo. Aunque ya llevamos un par de d\u00e9cadas en la era digital, todav\u00eda hay cosas que no podemos dar por sentado. Teniendo esto en cuenta, es necesario que personas con conocimientos de tecnolog\u00eda ayuden a implementar esas tecnolog\u00edas y sistemas. Una cosa es tener acceso a los avances modernos. Otra muy distinta es poder utilizarlos de forma eficaz.<\/p>\n\n\n\n<p>When doing <a href=\"https:\/\/www.sisinternational.com\/es\/soluciones\/soluciones-de-branding-e-investigacion-de-clientes\/investigacion-de-diseno-de-tienda\/\" title=\"Investigaci\u00f3n de dise\u00f1o de tienda\"  data-wpil-monitor-id=\"6503\">research that requires storing<\/a> lots of data, it\u2019s essential to have a secure database. One that can hold a great deal and allows you to retrieve that data. But you can\u2019t understate the importance of keeping that database safe. The infrastructure that runs the operation must be safe and protected. Invest in safety mechanisms as well as cloud storage backups. Do it in case anything terrible does happen.<\/p>\n\n\n\n<h2 class=\"wp-block-heading\">Acerca de la investigaci\u00f3n de mercado de raspado web<\/h2>\n\n\n\n<p>Web scaping lets you get a comprehensive look at elements of the market. It also improves your market research. Whether you want to do <a href=\"https:\/\/www.sisinternational.com\/es\/soluciones\/soluciones-de-investigacion-cualitativa-cuantitativa\/reclutamiento-de-investigacion-cualitativa\/\" title=\"Reclutamiento de investigaci\u00f3n cualitativa\"  data-wpil-monitor-id=\"9194\">qualitative or quantitative research<\/a>, it\u2019s a boon to that effort. But as you use Web scraping to get the information, it\u2019s important to use already proven methods. Focus groups, surveys, and Interviews are still helpful. They will help you form a more in-depth view of things on a small and large scale.<\/p>\n\n\n\n<p><\/p>","protected":false},"excerpt":{"rendered":"<p>El web scraping se utiliza para extraer datos de sitios web. Se utiliza ampliamente en diversas industrias, como la investigaci\u00f3n, las finanzas y los negocios.<\/p>","protected":false},"author":1,"featured_media":69517,"parent":14514,"menu_order":113,"comment_status":"closed","ping_status":"closed","template":"","meta":{"footnotes":""},"class_list":["post-40137","page","type-page","status-publish","has-post-thumbnail"],"_links":{"self":[{"href":"https:\/\/www.sisinternational.com\/es\/wp-json\/wp\/v2\/pages\/40137","targetHints":{"allow":["GET"]}}],"collection":[{"href":"https:\/\/www.sisinternational.com\/es\/wp-json\/wp\/v2\/pages"}],"about":[{"href":"https:\/\/www.sisinternational.com\/es\/wp-json\/wp\/v2\/types\/page"}],"author":[{"embeddable":true,"href":"https:\/\/www.sisinternational.com\/es\/wp-json\/wp\/v2\/users\/1"}],"replies":[{"embeddable":true,"href":"https:\/\/www.sisinternational.com\/es\/wp-json\/wp\/v2\/comments?post=40137"}],"version-history":[{"count":5,"href":"https:\/\/www.sisinternational.com\/es\/wp-json\/wp\/v2\/pages\/40137\/revisions"}],"predecessor-version":[{"id":81537,"href":"https:\/\/www.sisinternational.com\/es\/wp-json\/wp\/v2\/pages\/40137\/revisions\/81537"}],"up":[{"embeddable":true,"href":"https:\/\/www.sisinternational.com\/es\/wp-json\/wp\/v2\/pages\/14514"}],"wp:featuredmedia":[{"embeddable":true,"href":"https:\/\/www.sisinternational.com\/es\/wp-json\/wp\/v2\/media\/69517"}],"wp:attachment":[{"href":"https:\/\/www.sisinternational.com\/es\/wp-json\/wp\/v2\/media?parent=40137"}],"curies":[{"name":"wp","href":"https:\/\/api.w.org\/{rel}","templated":true}]}}