{"id":40129,"date":"2022-04-16T17:41:18","date_gmt":"2022-04-16T17:41:18","guid":{"rendered":"https:\/\/www.sisinternational.com\/?page_id=40129"},"modified":"2025-09-25T00:21:58","modified_gmt":"2025-09-25T04:21:58","slug":"investigacion-de-mercado-del-cambio-climatico","status":"publish","type":"page","link":"https:\/\/www.sisinternational.com\/es\/pericia\/investigacion-de-mercado-del-cambio-climatico\/","title":{"rendered":"Investigaci\u00f3n de mercado del cambio clim\u00e1tico"},"content":{"rendered":"<h1 class=\"wp-block-heading\">Investigaci\u00f3n de mercado del cambio clim\u00e1tico<\/h1>\n\n\n\n<figure class=\"gb-block-image gb-block-image-a6ac0bb1\"><img loading=\"lazy\" decoding=\"async\" width=\"1456\" height=\"816\" class=\"gb-image gb-image-a6ac0bb1\" src=\"https:\/\/www.sisinternational.com\/wp-content\/uploads\/2025\/08\/Climate-change-2.jpg\" alt=\"Investigaci\u00f3n y estrategia de mercado internacional de SIS\" title=\"Climate change (2)\" srcset=\"https:\/\/www.sisinternational.com\/wp-content\/uploads\/2025\/08\/Climate-change-2.jpg 1456w, https:\/\/www.sisinternational.com\/wp-content\/uploads\/2025\/08\/Climate-change-2-300x168.jpg 300w, https:\/\/www.sisinternational.com\/wp-content\/uploads\/2025\/08\/Climate-change-2-1024x574.jpg 1024w, https:\/\/www.sisinternational.com\/wp-content\/uploads\/2025\/08\/Climate-change-2-768x430.jpg 768w, https:\/\/www.sisinternational.com\/wp-content\/uploads\/2025\/08\/Climate-change-2-18x10.jpg 18w\" sizes=\"auto, (max-width: 1456px) 100vw, 1456px\"><\/figure>\n\n\n\n<p><\/p>\n\n\n\n<p>Climate change is the long-term change in temperatures and weather patterns. Another definition is that it denotes a change in global or regional climate patterns. These changes can be natural, but human activities have been the leading cause of climate change. Most of the Climate Change we experience today is due to burning fossil fuels, which produce heat-trapping gases.<\/p>\n\n\n\n<p>Esta definici\u00f3n muestra que desde el siglo XIX hasta la actualidad, el clima ha cambiado y estamos seguros de que lo hemos causado nosotros. Adem\u00e1s, nuestra vida cotidiana involucra muchas cosas que causan el cambio clim\u00e1tico. Talamos bosques y quemamos combustibles f\u00f3siles. Estas actividades est\u00e1n influyendo a\u00fan m\u00e1s en la temperatura de la Tierra. Luego a\u00f1aden grandes cantidades de gases de efecto invernadero a los que ya est\u00e1n en la atm\u00f3sfera. Los resultados son el efecto invernadero y el calentamiento global.<\/p>\n\n\n\n<h2 class=\"wp-block-heading\">\u00bfPor qu\u00e9 es importante el cambio clim\u00e1tico?<\/h2>\n\n\n\n<p>Comprender la forma en que est\u00e1 cambiando el clima es muy importante. Esta comprensi\u00f3n nos brinda una manera de prepararnos para el futuro. El conocimiento de los cambios nos permite predecir cosas como cu\u00e1nta lluvia podr\u00eda traer el pr\u00f3ximo invierno. Incluso cu\u00e1nto aumentar\u00e1 el nivel del mar debido al aumento de las temperaturas del mar.<\/p>\n\n\n\n<p>For people everywhere, knowing about the climate is essential. It affects farmers\u2019 crop cycles, which in turn impact food supply. Hence knowing the upcoming weather will help with better planning of events.<\/p>\n\n\n\n<h2 class=\"wp-block-heading\">T\u00edtulos de trabajo clave<\/h2>\n\n\n\n<p>El cambio clim\u00e1tico tiene muchos trabajos a su alrededor. Cuanto m\u00e1s cambia la atm\u00f3sfera, m\u00e1s empleos surgen. Algunas posiciones ya existentes son:<\/p>\n\n\n\n<ul class=\"wp-block-list\">\n<li>Abogado Ambiental<\/li>\n\n\n\n<li>Cient\u00edficos del clima<\/li>\n\n\n\n<li>Geocient\u00edficos<\/li>\n\n\n\n<li>Cient\u00edfico de energ\u00edas renovables<\/li>\n\n\n\n<li>ingeniero de autos limpios<\/li>\n\n\n\n<li>Consultor de sostenibilidad<\/li>\n\n\n\n<li>hidr\u00f3logo<\/li>\n<\/ul>\n\n\n\n<p>Las altas temperaturas pueden afectar la capacidad de los trabajadores para realizar su trabajo. Tambi\u00e9n lo puede hacer la contaminaci\u00f3n del aire, que a su vez puede limitar las horas de trabajo.<\/p>\n\n\n\n<h2 class=\"wp-block-heading\">Why Businesses Need Climate Change<\/h2>\n\n\n\n<p>Companies have found many benefits and use them to their advantage. Moreover, they find addressing matters that affect the climate and working around these problems. For example, greenhouse gas targets have helped save money. They improve energy and work efficiency. They also reduce production costs, and product sales have gotten better.<\/p>\n\n\n\n<p>Al tomar medidas ahora, las empresas pueden reducir los numerosos riesgos del cambio clim\u00e1tico. Actuar ahora crea un mejor camino para sobrevivir y prosperar tambi\u00e9n. Las nuevas oportunidades traer\u00e1n un futuro m\u00e1s fant\u00e1stico y m\u00e1s ecol\u00f3gico.<\/p>\n\n\n\n<h2 class=\"wp-block-heading\">Factores claves del \u00e9xito<\/h2>\n\n\n\n<p>Uno de los factores cr\u00edticos de \u00e9xito del cambio clim\u00e1tico es la adaptaci\u00f3n desde el principio. Por ejemplo, los agricultores de algunas regiones pueden disfrutar de mayores rendimientos gracias al calor de principios de la primavera. Las estaciones c\u00e1lidas m\u00e1s largas son excelentes para el cultivo. Los estudios incluso han demostrado que algunas plantas crecen mejor en presencia de m\u00e1s di\u00f3xido de carbono. Tambi\u00e9n parecen ser m\u00e1s tolerantes a las sequ\u00edas.<\/p>\n\n\n\n<p>Otro beneficio ser\u00eda el env\u00edo. El Pasaje del Noroeste permanece abierto por m\u00e1s tiempo. As\u00ed, en el corto plazo, el cambio clim\u00e1tico impacta positivamente en el comercio.<\/p>\n\n\n\n<p>La gente tambi\u00e9n ha cambiado algunas cosas en su vida diaria para prevenir el cambio clim\u00e1tico. Por ejemplo, han mejorado la eficiencia energ\u00e9tica y de viajes. Tambi\u00e9n han aumentado la energ\u00eda e\u00f3lica y solar y utilizan m\u00e1s biocombustibles a partir de residuos org\u00e1nicos. Otra medida de prevenci\u00f3n es la protecci\u00f3n de los bosques. El cambio clim\u00e1tico ha hecho que todos sean m\u00e1s conscientes de lo importante que es frenar el calentamiento de la Tierra. Por eso la gente est\u00e1 implementando estas medidas tanto como sea posible. La eficiencia y el ahorro energ\u00e9tico se han convertido en una pr\u00e1ctica diaria.<\/p>\n\n\n\n<h2 class=\"wp-block-heading\">Acerca de la investigaci\u00f3n de mercado del cambio clim\u00e1tico<\/h2>\n\n\n\n<p>La mayor\u00eda de la gente ve el cambio clim\u00e1tico como algo malo, pero va en ambos sentidos. Aunque el calentamiento de la Tierra es algo malo, hay cosas que las empresas pueden hacer. Juntos podemos prevenir e incluso mejorar situaciones de vida. Podemos desarrollar formas m\u00e1s eficientes de vivir la vida cotidiana que no aumenten la cantidad de gas en el aire. Al hacer esto, las empresas tienen mayores posibilidades de perdurar.<\/p>\n\n\n\n<p>Do you need help finding how your company will thrive under these conditions? Our company is here. We form focus groups that do strategic, qualitative, and quantitative research. We always aim for complete <a href=\"https:\/\/www.sisinternational.com\/es\/financial-services-consulting\/financial-services-customer-satisfaction\/\" title=\"Financial Services Customer Satisfaction\"  data-wpil-monitor-id=\"8086\">satisfaction for our customers<\/a>. Contact us today; you\u2019ll be happy you did!<\/p>\n\n\n\n<p><\/p>","protected":false},"excerpt":{"rendered":"<p>La investigaci\u00f3n de mercado sobre el cambio clim\u00e1tico ayuda a las empresas a ahorrar dinero, mejorar la eficiencia e impulsar las ventas al tiempo que reducen su huella de carbono.<\/p>","protected":false},"author":1,"featured_media":64050,"parent":14514,"menu_order":109,"comment_status":"closed","ping_status":"closed","template":"","meta":{"footnotes":""},"class_list":["post-40129","page","type-page","status-publish","has-post-thumbnail"],"_links":{"self":[{"href":"https:\/\/www.sisinternational.com\/es\/wp-json\/wp\/v2\/pages\/40129","targetHints":{"allow":["GET"]}}],"collection":[{"href":"https:\/\/www.sisinternational.com\/es\/wp-json\/wp\/v2\/pages"}],"about":[{"href":"https:\/\/www.sisinternational.com\/es\/wp-json\/wp\/v2\/types\/page"}],"author":[{"embeddable":true,"href":"https:\/\/www.sisinternational.com\/es\/wp-json\/wp\/v2\/users\/1"}],"replies":[{"embeddable":true,"href":"https:\/\/www.sisinternational.com\/es\/wp-json\/wp\/v2\/comments?post=40129"}],"version-history":[{"count":4,"href":"https:\/\/www.sisinternational.com\/es\/wp-json\/wp\/v2\/pages\/40129\/revisions"}],"predecessor-version":[{"id":81361,"href":"https:\/\/www.sisinternational.com\/es\/wp-json\/wp\/v2\/pages\/40129\/revisions\/81361"}],"up":[{"embeddable":true,"href":"https:\/\/www.sisinternational.com\/es\/wp-json\/wp\/v2\/pages\/14514"}],"wp:featuredmedia":[{"embeddable":true,"href":"https:\/\/www.sisinternational.com\/es\/wp-json\/wp\/v2\/media\/64050"}],"wp:attachment":[{"href":"https:\/\/www.sisinternational.com\/es\/wp-json\/wp\/v2\/media?parent=40129"}],"curies":[{"name":"wp","href":"https:\/\/api.w.org\/{rel}","templated":true}]}}