{"id":40037,"date":"2022-03-30T04:08:20","date_gmt":"2022-03-30T04:08:20","guid":{"rendered":"https:\/\/www.sisinternational.com\/?page_id=40037"},"modified":"2026-01-25T18:49:02","modified_gmt":"2026-01-25T23:49:02","slug":"estudio-de-mercado-las-islas-marianas","status":"publish","type":"page","link":"https:\/\/www.sisinternational.com\/es\/cobertura\/investigacion-de-mercado-asia\/estudio-de-mercado-las-islas-marianas\/","title":{"rendered":"Investigaci\u00f3n de Mercado en Las Islas Marianas"},"content":{"rendered":"<h1 class=\"wp-block-heading\">Investigaci\u00f3n de Mercado en Las Islas Marianas<\/h1>\n\n\n\n<p><\/p>\n\n\n\n<figure class=\"gb-block-image gb-block-image-08fa674c\"><img loading=\"lazy\" decoding=\"async\" width=\"1456\" height=\"816\" class=\"gb-image gb-image-08fa674c\" src=\"https:\/\/www.sisinternational.com\/wp-content\/uploads\/2025\/09\/Mariana-Islands-2.jpg\" alt=\"Investigaci\u00f3n y estrategia de mercado internacional de SIS\" title=\"Mariana Islands (2)\" srcset=\"https:\/\/www.sisinternational.com\/wp-content\/uploads\/2025\/09\/Mariana-Islands-2.jpg 1456w, https:\/\/www.sisinternational.com\/wp-content\/uploads\/2025\/09\/Mariana-Islands-2-300x168.jpg 300w, https:\/\/www.sisinternational.com\/wp-content\/uploads\/2025\/09\/Mariana-Islands-2-1024x574.jpg 1024w, https:\/\/www.sisinternational.com\/wp-content\/uploads\/2025\/09\/Mariana-Islands-2-768x430.jpg 768w, https:\/\/www.sisinternational.com\/wp-content\/uploads\/2025\/09\/Mariana-Islands-2-18x10.jpg 18w\" sizes=\"auto, (max-width: 1456px) 100vw, 1456px\"><\/figure>\n\n\n\n<p><\/p>\n\n\n\n<hr class=\"wp-block-separator has-alpha-channel-opacity is-style-dots\"\/>\n\n\n\n<p>Las Islas Marianas son una cadena de islas en forma de media luna formada por quince picos volc\u00e1nicos inactivos en el Pac\u00edfico Norte occidental. La gente habla varios idiomas nativos, pero la mayor\u00eda habla ingl\u00e9s. Los asi\u00e1ticos son el grupo \u00e9tnico m\u00e1s com\u00fan dentro de las islas, pero los nativos hawaianos tambi\u00e9n tienen una fuerte presencia.<\/p>\n\n\n\n<p>Otro punto clave es que es territorio estadounidense. La mayor\u00eda de la gente es cristiana, pero algunos tambi\u00e9n practican el budismo. Las religiones populares est\u00e1n presentes en las islas. La moneda es el d\u00f3lar estadounidense (USD).<\/p>\n\n\n\n<h2 class=\"wp-block-heading\">Industrias clave<\/h2>\n\n\n\n<p>El turismo es la industria principal. Rota y Saipan son importantes centros tur\u00edsticos que ofrecen hoteles de lujo. La mayor\u00eda de los turistas provienen de Jap\u00f3n y Estados Unidos.<\/p>\n\n\n\n<p>Muchas personas obtienen ingresos adicionales cultivando taro, fruta del pan, \u00f1ame y otros cultivos.<\/p>\n\n\n\n<p>People come from all over the world to invest in the islands, which have expanded the production of clothing and accessories. The garment industry is now a large part of the Northern Marianas economy.<\/p>\n\n\n\n<h2 class=\"wp-block-heading\">Barrios<\/h2>\n\n\n\n<p>Saipan, la isla m\u00e1s grande, est\u00e1 en el norte. Es el hogar de Susupe Village, donde encontrar\u00e1 la oficina principal del poder judicial del gobierno. Las otras dos sucursales est\u00e1n en Capitol Hill Village.<\/p>\n\n\n\n<p>Tinian es otra isla importante. En ella se encuentra la ciudad de Tinian, una de las cuatro ciudades m\u00e1s importantes de las islas del norte. El pueblo m\u00e1s grande de Tinian es San Jos\u00e9.<\/p>\n\n\n\n<p>Also known as the \u201cFriendly Island,\u201d Rota lies south of this group of islands. In early Spanish records, \u201cZarpana\u201d was its name. Rota derives from a Spaniard who may have named the island after the city of Rota in Spain.<\/p>\n\n\n\n<p>Saipan, Tinian y Rota est\u00e1n todas pavimentadas, pero el transporte p\u00fablico es casi inexistente. En cambio, los autobuses lanzadera llegan a las grandes ciudades. Las islas utilizan el transporte a\u00e9reo, pero varios buques de carga transportan mercanc\u00edas entre ellas. Saipan es el puerto m\u00e1s grande, seguido de Tinian y Rota. Saipan tiene un aeropuerto internacional, mientras que Rota y Tinian tienen aeropuertos peque\u00f1os.<\/p>\n\n\n\n<h2 class=\"wp-block-heading\">Tendencias<\/h2>\n\n\n\n<p>La poblaci\u00f3n de las islas ha aumentado con respecto a a\u00f1os anteriores. Adem\u00e1s, m\u00e1s personas se han conectado a Internet y han utilizado las redes sociales. Twitter y Facebook son dos de las principales aplicaciones de redes sociales en uso, y la gente tambi\u00e9n utiliza Pinterest, Instagram y LinkedIn. Tambi\u00e9n hay varias conexiones m\u00f3viles.<\/p>\n\n\n\n<h2 class=\"wp-block-heading\">Beneficios y Fortalezas en el Mercado<\/h2>\n\n\n\n<p>En todos los sectores de la econom\u00eda marina, el turismo y la recreaci\u00f3n son, con diferencia, los principales empleadores.<\/p>\n\n\n\n<p>En segundo lugar, las islas protegen las leyes estadounidenses, incluidas las relacionadas con el sistema judicial estadounidense. Tambi\u00e9n reconocen derechos de autor, marcas comerciales, patentes y propiedad intelectual.<\/p>\n\n\n\n<p>El hecho de que el d\u00f3lar estadounidense sea la moneda oficial es otro beneficio. No existen restricciones sobre el retorno de ganancias o capital a su pa\u00eds de origen.<\/p>\n\n\n\n<h2 class=\"wp-block-heading\">Razones para hacer crecer su negocio en las Islas Marianas<\/h2>\n\n\n\n<p>First, the <a href=\"https:\/\/www.sisinternational.com\/es\/cobertura\/las-americas\/investigacion-de-mercado-en-el-caribe\/investigacion-de-mercado-islas-virgenes-estadounidenses\/\" title=\"Investigaci\u00f3n de mercado en las Islas V\u00edrgenes de EE. UU.\"  data-wpil-monitor-id=\"5185\">islands are close to major Asian markets<\/a>.<\/p>\n\n\n\n<p>Tambi\u00e9n hay muchos beneficios fiscales. Por ejemplo, las personas que trabajan en las islas no tienen que pagar impuestos sobre la renta.<\/p>\n\n\n\n<p>La tercera raz\u00f3n son las visas. Los turistas de Jap\u00f3n y Corea del Sur disfrutan de un tratamiento completo sin visa.<\/p>\n\n\n\n<p>Otro beneficio son los puertos libres de impuestos estadounidenses de las islas.<\/p>\n\n\n\n<p>Por \u00faltimo, tambi\u00e9n existe un beneficio para las empresas con licencia en las islas. Estas empresas est\u00e1n exentas de la Ley de documentaci\u00f3n de buques de EE. UU.<\/p>\n\n\n\n<h2 class=\"wp-block-heading\"><strong>Acerca de SIS Internacional<\/strong><\/h2>\n\n\n\n<p><a href=\"https:\/\/www.sisinternational.com\/es\/\"><span style=\"font-weight: 400;\">SIS Internacional<\/span><\/a><span style=\"font-weight: 400;\"> ofrece investigaci\u00f3n cuantitativa, cualitativa y estrat\u00e9gica. Proporcionamos datos, herramientas, estrategias, informes y conocimientos para la toma de decisiones. Tambi\u00e9n realizamos entrevistas, encuestas, grupos focales y otros m\u00e9todos y enfoques de investigaci\u00f3n de mercado.<\/span><a href=\"https:\/\/www.sisinternational.com\/es\/sobre-la-investigacion-internacional-de-sis\/contact-sis-international-market-research\/\"><span style=\"font-weight: 400;\"> P\u00f3ngase en contacto con nosotros<\/span><\/a><span style=\"font-weight: 400;\"> para su pr\u00f3ximo proyecto de Investigaci\u00f3n de Mercado.<\/span><\/p>\n\n\n\n<p><\/p>","protected":false},"excerpt":{"rendered":"<p>SIS International Research proporciona investigaci\u00f3n de mercado cualitativa, cuantitativa y estrat\u00e9gica en las Islas Marianas.<\/p>","protected":false},"author":1,"featured_media":65705,"parent":14508,"menu_order":55,"comment_status":"closed","ping_status":"closed","template":"","meta":{"footnotes":""},"class_list":["post-40037","page","type-page","status-publish","has-post-thumbnail"],"_links":{"self":[{"href":"https:\/\/www.sisinternational.com\/es\/wp-json\/wp\/v2\/pages\/40037","targetHints":{"allow":["GET"]}}],"collection":[{"href":"https:\/\/www.sisinternational.com\/es\/wp-json\/wp\/v2\/pages"}],"about":[{"href":"https:\/\/www.sisinternational.com\/es\/wp-json\/wp\/v2\/types\/page"}],"author":[{"embeddable":true,"href":"https:\/\/www.sisinternational.com\/es\/wp-json\/wp\/v2\/users\/1"}],"replies":[{"embeddable":true,"href":"https:\/\/www.sisinternational.com\/es\/wp-json\/wp\/v2\/comments?post=40037"}],"version-history":[{"count":6,"href":"https:\/\/www.sisinternational.com\/es\/wp-json\/wp\/v2\/pages\/40037\/revisions"}],"predecessor-version":[{"id":79045,"href":"https:\/\/www.sisinternational.com\/es\/wp-json\/wp\/v2\/pages\/40037\/revisions\/79045"}],"up":[{"embeddable":true,"href":"https:\/\/www.sisinternational.com\/es\/wp-json\/wp\/v2\/pages\/14508"}],"wp:featuredmedia":[{"embeddable":true,"href":"https:\/\/www.sisinternational.com\/es\/wp-json\/wp\/v2\/media\/65705"}],"wp:attachment":[{"href":"https:\/\/www.sisinternational.com\/es\/wp-json\/wp\/v2\/media?parent=40037"}],"curies":[{"name":"wp","href":"https:\/\/api.w.org\/{rel}","templated":true}]}}