{"id":40004,"date":"2022-03-24T17:47:17","date_gmt":"2022-03-24T17:47:17","guid":{"rendered":"https:\/\/www.sisinternational.com\/?page_id=40004"},"modified":"2026-01-26T16:52:46","modified_gmt":"2026-01-26T21:52:46","slug":"estudio-de-mercado-de-apuestas-deportivas","status":"publish","type":"page","link":"https:\/\/www.sisinternational.com\/es\/pericia\/estudio-de-mercado-de-apuestas-deportivas\/","title":{"rendered":"Investigaci\u00f3n de mercado de apuestas deportivas"},"content":{"rendered":"<h1 class=\"wp-block-heading\">Investigaci\u00f3n de mercado de apuestas deportivas<\/h1>\n\n\n\n<p><\/p>\n\n\n\n<figure class=\"gb-block-image gb-block-image-b11a84dd\"><img loading=\"lazy\" decoding=\"async\" width=\"1456\" height=\"816\" class=\"gb-image gb-image-b11a84dd\" src=\"https:\/\/www.sisinternational.com\/wp-content\/uploads\/2025\/08\/Golf-sport-2.jpg\" alt=\"Investigaci\u00f3n y estrategia de mercado internacional de SIS\" title=\"Golf sport (2)\" srcset=\"https:\/\/www.sisinternational.com\/wp-content\/uploads\/2025\/08\/Golf-sport-2.jpg 1456w, https:\/\/www.sisinternational.com\/wp-content\/uploads\/2025\/08\/Golf-sport-2-300x168.jpg 300w, https:\/\/www.sisinternational.com\/wp-content\/uploads\/2025\/08\/Golf-sport-2-1024x574.jpg 1024w, https:\/\/www.sisinternational.com\/wp-content\/uploads\/2025\/08\/Golf-sport-2-768x430.jpg 768w, https:\/\/www.sisinternational.com\/wp-content\/uploads\/2025\/08\/Golf-sport-2-18x10.jpg 18w\" sizes=\"auto, (max-width: 1456px) 100vw, 1456px\"><\/figure>\n\n\n\n<p><\/p>\n\n\n\n<hr class=\"wp-block-separator has-alpha-channel-opacity is-style-dots\"\/>\n\n\n\n<p>Predecir y realizar una apuesta en un evento deportivo son &quot;apuestas deportivas&quot;. Ganar m\u00e1s dinero es el principal objetivo de las apuestas deportivas. Las apuestas deportivas no siempre se tratan de qui\u00e9n gana y qui\u00e9n pierde entre los jugadores. Tambi\u00e9n se puede predecir el n\u00famero de goles, los jugadores que marcar\u00e1n goles, el tiempo que marcar\u00e1n y mucho m\u00e1s. Las apuestas deportivas son apuestas en deportes como f\u00fatbol, baloncesto o boxeo. La gente tambi\u00e9n hace apuestas en rugby, balonmano y carreras de autos. Hacer apuestas en carreras de perros, peleas de gallos y carreras de caballos son extensiones no humanas. Tambi\u00e9n forman parte del \u00e1mbito de las apuestas deportivas. Uno de los riesgos vinculados a las apuestas deportivas es la adicci\u00f3n a ellas. Las apuestas deportivas tambi\u00e9n pueden generar h\u00e1bitos de gasto incontrolables.<\/p>\n\n\n\n<h2 class=\"wp-block-heading\">\u00bfPor qu\u00e9 son importantes las apuestas deportivas?<\/h2>\n\n\n\n<p>Las apuestas deportivas han crecido con el paso de los a\u00f1os. Ahora es una de las industrias de m\u00e1s r\u00e1pido crecimiento del mundo. Con sus numerosos beneficios, tambi\u00e9n ha ganado popularidad en todo el mundo. Internet facilita que los apostadores reserven sus apuestas desde la comodidad de sus hogares. Independientemente de la diversi\u00f3n de las apuestas deportivas, tambi\u00e9n existe la posibilidad de ganar dinero extra o m\u00e1s. Las apuestas deportivas tambi\u00e9n brindan un placer particular que hace que los fan\u00e1ticos regresen por m\u00e1s. Los fan\u00e1ticos disfrutan viendo f\u00fatbol, pero tener inter\u00e9s en el juego agrega una sensaci\u00f3n \u00fanica.<\/p>\n\n\n\n<h2 class=\"wp-block-heading\">T\u00edtulo del puesto clave<\/h2>\n\n\n\n<h3 class=\"wp-block-heading\">Cajero de apuestas deportivas<\/h3>\n\n\n\n<p>Un cajero de apuestas deportivas elabora un billete de apuestas para los apostadores. Tambi\u00e9n retiran los boletos ganadores para los ganadores.<\/p>\n\n\n\n<h3 class=\"wp-block-heading\">Cajeros de apuestas<\/h3>\n\n\n\n<p>Los cajeros de apuestas trabajan en modernas casas de apuestas. Recopilan los c\u00f3digos de reserva de los clientes o los ID de reserva e imprimen los boletos de apuestas. Tambi\u00e9n pagan a los clientes sus ganancias.<\/p>\n\n\n\n<h3 class=\"wp-block-heading\">Analista de apuestas deportivas<\/h3>\n\n\n\n<p><a href=\"https:\/\/www.sisinternational.com\/es\/pericia\/industrias\/investigacion-de-mercados-de-articulos-deportivos\/\" title=\"Investigaci\u00f3n de mercados de art\u00edculos deportivos\"  data-wpil-monitor-id=\"6241\">Sports betting<\/a> analysts select the best value bets on the market. They are also in charge of overseeing <a href=\"https:\/\/www.sisinternational.com\/es\/soluciones\/investigacion-de-mercado-de-ia-y-consultoria-estrategica\/consultoria-de-inteligencia-artificial-en-automatizacion-de-juegos-en-linea\/\" title=\"Consultor\u00eda en Inteligencia Artificial y Automatizaci\u00f3n de Juegos Online\"  data-wpil-monitor-id=\"9182\">automated systems and data for live games<\/a> in various sports.<\/p>\n\n\n\n<h2 class=\"wp-block-heading\">Factores claves del \u00e9xito<\/h2>\n\n\n\n<p>No encontrar\u00e1s una predicci\u00f3n 100 por ciento precisa en las apuestas deportivas. Pero tampoco se puede confiar s\u00f3lo en la suerte. Hay que saber hacer una buena predicci\u00f3n. Puede utilizar estad\u00edsticas, cifras y algoritmos de eventos deportivos anteriores. Por ejemplo, los apostadores deportivos utilizan estas m\u00e9tricas para predecir los resultados de los partidos de f\u00fatbol.<\/p>\n\n\n\n<p>A continuaci\u00f3n se ofrecen algunos consejos que le ayudar\u00e1n a predecir una apuesta deportiva ganadora.<\/p>\n\n\n\n<ul class=\"wp-block-list\">\n<li>Google ayuda a proporcionar estad\u00edsticas sobre los equipos. La investigaci\u00f3n ayudar\u00eda a lograr una gran victoria.<\/li>\n\n\n\n<li>Trate de no hacer un boleto de apuestas largo. Una casa de apuestas que reserve entre 20 y 30 apuestas en un \u00fanico billete perder\u00e1. Apuesta por juegos de calidad, no por cantidad.<\/li>\n\n\n\n<li>Mantenga la calma mientras reserva apuestas; no te apresures. T\u00f3mate tu tiempo para acceder a las estad\u00edsticas.<\/li>\n\n\n\n<li>Tambi\u00e9n hay que tener un buen conocimiento de los juegos. Toma nota de los equipos locales y visitantes. Tambi\u00e9n ayuda comprobar las alineaciones y los jugadores.<\/li>\n<\/ul>\n\n\n\n<h2 class=\"wp-block-heading\">\u00bfPor qu\u00e9 realizar una investigaci\u00f3n de mercado de apuestas deportivas?<\/h2>\n\n\n\n<p>It\u2019s vital to conduct <a href=\"https:\/\/www.sisinternational.com\/es\/pericia\/industrias\/investigacion-de-mercado-de-casinos-de-apuestas-deportivas-de-juegos-en-linea\/\" title=\"Investigaci\u00f3n de mercado de juegos en l\u00ednea, apuestas deportivas y casinos\"  data-wpil-monitor-id=\"9180\">research when launching sports betting<\/a> business. Sports betting is illegal in some countries. As sports betting is strictly 18+, one strategy would be to find a location without underage kids. Also, it should be in a place not close to where kids are usually seen, like schools. Working with a <a href=\"https:\/\/www.sisinternational.com\/es\/pericia\/curriculums-de-experiencia\/curriculum-de-experiencia-en-la-industria-automotriz\/\" title=\"Empresa de investigaci\u00f3n de mercado de la industria automotriz\"  data-wpil-monitor-id=\"9178\">market research company<\/a> will be an excellent first step. They can help get a better location for your business and make you understand the dos and don\u2019ts of the area.<\/p>\n\n\n\n<p>Nuestro <a href=\"https:\/\/www.sisinternational.com\/es\/soluciones\/empresa-de-investigacion-de-mercado-de-muestreo-de-encuestas-en-linea\/\" title=\"Empresa de estudios de mercado de muestreo de encuestas en l\u00ednea\"  data-wpil-monitor-id=\"9184\">company conducts live interviews and surveys<\/a> to gather information about your consumers\u2019 opinions. We also run focus groups. This tool is well-known in <a href=\"https:\/\/www.sisinternational.com\/es\/pericia\/industrias\/investigacion-de-mercado-de-datos-de-formacion\/\" title=\"Investigaci\u00f3n de mercado de datos de formaci\u00f3n\"  data-wpil-monitor-id=\"9179\">market research for getting in-depth data<\/a>. Businesses can also discover customers\u2019 genuine points of view and opinions through focus groups.<\/p>\n\n\n\n<p><a href=\"https:\/\/www.sisinternational.com\/es\/qualitative-research-to-enhance-customer-experience\/\" title=\"Qualitative Research to Enhance Customer Experience\"  data-wpil-monitor-id=\"9177\">Qualitative research helps us understand customer<\/a> behavior. It also identifies reasons for product repurchase. <a href=\"https:\/\/www.sisinternational.com\/es\/sis-application-of-quantitative-data-analytics-to-sensory-testing\/\" title=\"SIS Application of Quantitative Data Analytics to Sensory Testing\"  data-wpil-monitor-id=\"9181\">Quantitative research gives us unbiased data<\/a> about your customers\u2019 buying habits. With our strategy research, we help you save money and ensure the <a href=\"https:\/\/www.sisinternational.com\/es\/predictive-analytics\/\" title=\"Predictive Analytics: Your Crystal Ball for Business Success\"  data-wpil-monitor-id=\"9183\">success of your business<\/a>.<\/p>\n\n\n\n<p><\/p>","protected":false},"excerpt":{"rendered":"<p>Las apuestas deportivas son una industria de r\u00e1pido crecimiento que est\u00e1 ganando popularidad en todo el mundo y que ofrece muchos beneficios. Obtenga m\u00e1s informaci\u00f3n con la investigaci\u00f3n de mercado de apuestas deportivas.<\/p>","protected":false},"author":1,"featured_media":63664,"parent":14514,"menu_order":107,"comment_status":"closed","ping_status":"closed","template":"","meta":{"footnotes":""},"class_list":["post-40004","page","type-page","status-publish","has-post-thumbnail"],"_links":{"self":[{"href":"https:\/\/www.sisinternational.com\/es\/wp-json\/wp\/v2\/pages\/40004","targetHints":{"allow":["GET"]}}],"collection":[{"href":"https:\/\/www.sisinternational.com\/es\/wp-json\/wp\/v2\/pages"}],"about":[{"href":"https:\/\/www.sisinternational.com\/es\/wp-json\/wp\/v2\/types\/page"}],"author":[{"embeddable":true,"href":"https:\/\/www.sisinternational.com\/es\/wp-json\/wp\/v2\/users\/1"}],"replies":[{"embeddable":true,"href":"https:\/\/www.sisinternational.com\/es\/wp-json\/wp\/v2\/comments?post=40004"}],"version-history":[{"count":6,"href":"https:\/\/www.sisinternational.com\/es\/wp-json\/wp\/v2\/pages\/40004\/revisions"}],"predecessor-version":[{"id":81535,"href":"https:\/\/www.sisinternational.com\/es\/wp-json\/wp\/v2\/pages\/40004\/revisions\/81535"}],"up":[{"embeddable":true,"href":"https:\/\/www.sisinternational.com\/es\/wp-json\/wp\/v2\/pages\/14514"}],"wp:featuredmedia":[{"embeddable":true,"href":"https:\/\/www.sisinternational.com\/es\/wp-json\/wp\/v2\/media\/63664"}],"wp:attachment":[{"href":"https:\/\/www.sisinternational.com\/es\/wp-json\/wp\/v2\/media?parent=40004"}],"curies":[{"name":"wp","href":"https:\/\/api.w.org\/{rel}","templated":true}]}}