{"id":40002,"date":"2022-03-24T17:39:31","date_gmt":"2022-03-24T17:39:31","guid":{"rendered":"https:\/\/www.sisinternational.com\/?page_id=40002"},"modified":"2025-09-24T21:51:02","modified_gmt":"2025-09-25T01:51:02","slug":"investigacion-de-mercado-wallis-futuna","status":"publish","type":"page","link":"https:\/\/www.sisinternational.com\/es\/cobertura\/investigacion-de-mercado-asia\/investigacion-de-mercado-wallis-futuna\/","title":{"rendered":"Investigaci\u00f3n de mercado en Wallis y Futuna"},"content":{"rendered":"<h1 class=\"wp-block-heading p1\"><span class=\"s1\">Investigaci\u00f3n de mercado en Wallis y Futuna<\/span><\/h1>\n\n\n\n<figure class=\"gb-block-image gb-block-image-64b8e892\"><img loading=\"lazy\" decoding=\"async\" width=\"1456\" height=\"816\" class=\"gb-image gb-image-64b8e892\" src=\"https:\/\/www.sisinternational.com\/wp-content\/uploads\/2025\/09\/Wallis-and-Futuna-2.jpg\" alt=\"Investigaci\u00f3n y estrategia de mercado internacional de SIS\" title=\"Wallis and Futuna (2)\" srcset=\"https:\/\/www.sisinternational.com\/wp-content\/uploads\/2025\/09\/Wallis-and-Futuna-2.jpg 1456w, https:\/\/www.sisinternational.com\/wp-content\/uploads\/2025\/09\/Wallis-and-Futuna-2-300x168.jpg 300w, https:\/\/www.sisinternational.com\/wp-content\/uploads\/2025\/09\/Wallis-and-Futuna-2-1024x574.jpg 1024w, https:\/\/www.sisinternational.com\/wp-content\/uploads\/2025\/09\/Wallis-and-Futuna-2-768x430.jpg 768w, https:\/\/www.sisinternational.com\/wp-content\/uploads\/2025\/09\/Wallis-and-Futuna-2-18x10.jpg 18w\" sizes=\"auto, (max-width: 1456px) 100vw, 1456px\"><\/figure>\n\n\n\n<p><\/p>\n\n\n\n<p class=\"p2\">Wallis y Futuna es un archipi\u00e9lago de hermosas islas de habla francesa en el Oc\u00e9ano Pac\u00edfico Sur entre Fiji, Tuvalu, Samoa, Tonga y Tokelau. Hay dos grupos de islas Wallis: Uvea y las islas Horne. Otro nombre para estas islas es \u201cEl Coraz\u00f3n del Oc\u00e9ano\u201d, y el turismo de masas no las ha cambiado. La gente se apega a su cultura.<\/p>\n\n\n\n<p class=\"p2\">People started calling Uvea \u201cWallis\u201d after its founder, who came from Europe in the 18th century. The names of the islands are also very similar to many others, so they are often mixed up. The total area of the land is 54 square miles. The main island is a little more developed than Futuna. The French Administration is on Uvea.<\/p>\n\n\n\n<p class=\"p2\">Uvea es una isla volc\u00e1nica baja con una barrera de coral con 20 ensenadas abiertas que rodean la isla. El arrecife tiene una abertura que permite el paso de las embarcaciones para llegar a la isla. Entre el arrecife y la isla hay un caladero.<\/p>\n\n\n\n<h2 class=\"wp-block-heading p3\">Barrios<\/h2>\n\n\n\n<p class=\"p2\">The islands are home to 36 villages and the capital, Mata\u2019utu. Other villages are Kaleveleve, Mala\u2019etoli, and Gamua.<\/p>\n\n\n\n<p class=\"p2\">Kaleveleve tiene el hospital de las islas. Este centro de nueve camas ofrece primeros auxilios a los lugare\u00f1os. El apoyo adicional incluye atenci\u00f3n dental, atenci\u00f3n de salud maternoinfantil y otros servicios m\u00e9dicos.<\/p>\n\n\n\n<h2 class=\"wp-block-heading p3\">Industrias clave<\/h2>\n\n\n\n<p class=\"p2\">Wallis y Futuna tienen muchas industrias diferentes. Los principales son la copra, la artesan\u00eda, la pesca y la madera. Adem\u00e1s, la mayor\u00eda de la gente se dedica a la agricultura de subsistencia. Cultivan \u00f1ame, taro, pl\u00e1tanos y otros cultivos alimentarios, que env\u00edan al continente en peque\u00f1as porciones. Pa\u00edses como Nueva Caledonia, Italia y Jap\u00f3n son los principales importadores.<\/p>\n\n\n\n<h2 class=\"wp-block-heading p3\">Tendencias<\/h2>\n\n\n\n<p class=\"p2\">Wallis and Futuna rely on subsistence farming. About four-fifths of the people are subsistence farmers, and they raise their livestock (mainly pigs).<\/p>\n\n\n\n<p class=\"p2\">La idea de vender los cultivos producidos va en contra de las creencias tradicionales. Entonces intercambian estos cultivos en lugar de venderlos. Asimismo, el pueblo regala pescado a familiares, amigos y vecinos. Captan estos peces en la zona del arrecife circundante y rara vez en mar abierto.<\/p>\n\n\n\n<h2 class=\"wp-block-heading p3\">Base de consumidores<\/h2>\n\n\n\n<p class=\"p2\">The people in Wallis and Futuna are friendly. They usually believe in bartering more than selling. Revenues come from French government aid and fishing. Residents also earn income from small exports such as breadfruit, yams, and taro.<\/p>\n\n\n\n<p class=\"p2\">Apart from that, natives spend money on goods imported from France and Australia. These items include food products, electronics, vehicles, and building and public work supplies, which are all essential needs of the residents.<\/p>\n\n\n\n<h2 class=\"wp-block-heading p3\">Razones para iniciar un negocio en Wallis y Futuna<\/h2>\n\n\n\n<p class=\"p2\"><a href=\"https:\/\/www.sisinternational.com\/es\/establecer-una-empresa-en-turquia\/\" title=\"Establecer una empresa en Turqu\u00eda\"  data-wpil-monitor-id=\"10178\">Setting up a business<\/a> in a foreign country has plenty of advantages. Likewise, it may be hard to <a href=\"https:\/\/www.sisinternational.com\/es\/publicaciones\/investigacion-de-mercado-empresarial-escalable-7-formas-de-construir-un-negocio-escalable\/\" title=\"Investigaci\u00f3n de mercado empresarial escalable: 7 formas de construir un negocio escalable\"  data-wpil-monitor-id=\"10173\">build a business<\/a> in your own country due to unlikely conditions. Most countries offer location benefits, ranging from natural resources to favorable laws. In Wallis and Futuna, these <a href=\"https:\/\/www.sisinternational.com\/es\/soluciones\/legal-market-research\/law-firm-growth-strategies\/\" title=\"Law Firm Growth Strategies\"  data-wpil-monitor-id=\"10175\">laws allow growth<\/a>.<\/p>\n\n\n\n<p class=\"p2\">Here are a few reasons to start a business in Wallis and Futuna:<\/p>\n\n\n\n<ul class=\"wp-block-list ul1\">\n<li>Excellent <a href=\"https:\/\/www.sisinternational.com\/es\/soluciones\/investigacion-de-mercado-de-ia-y-consultoria-estrategica\/recursos-humanos-gestion-del-talento-automatizacion-inteligencia-artificial-consultoria\/\" title=\"Recursos Humanos y Gesti\u00f3n del Talento Automatizaci\u00f3n y Consultor\u00eda en IA\"  data-wpil-monitor-id=\"10171\">human assets and resources<\/a><\/li>\n\n\n\n<li>Sistema fiscal favorable<\/li>\n\n\n\n<li>Alto potencial de recursos geogr\u00e1ficos y naturales.<\/li>\n\n\n\n<li>Excelente (y aut\u00e9ntico) ambiente de vida<\/li>\n<\/ul>\n\n\n\n<p class=\"p2\">This French land is furthest away from its mainland. Thus, the islands have an economy that is slightly different from others. Another key point is that they are relatively poor and make little profit from exports.<\/p>\n\n\n\n<h2 class=\"wp-block-heading p3\">Acerca de la investigaci\u00f3n de mercado en Wallis y Futuna<\/h2>\n\n\n\n<p class=\"p2\">Starting your own business can be tough and a big step. Our company is always here and ready to offer help. As a matter of fact, we have focus groups for any business area you would like. In addition, we do qualitative, quantitative, and strategic research. We put plenty of time into improving the nature of any business that seeks our help. Our firm has never failed to bring out excellent results for our customers. In the end, they always leave happy. We also help with survey-making and interviews.<\/p>\n\n\n\n<p class=\"p4\">Estaremos encantados de ayudarle a usted y a su negocio.<\/p>\n\n\n\n<h2 class=\"wp-block-heading\"><strong>Acerca de SIS Internacional<\/strong><\/h2>\n\n\n\n<p><a href=\"https:\/\/www.sisinternational.com\/es\/\"><span style=\"font-weight: 400;\">SIS Internacional<\/span><\/a><span style=\"font-weight: 400;\"> offers Quantitative, Qualitative, and Strategy Research. We provide data, tools, strategies, reports, and insights for decision-making. We also conduct interviews, surveys, focus groups, and other <a href=\"https:\/\/www.sisinternational.com\/es\/quantitative-market-research-methods-and-techniques\/\" title=\"Quantitative Market Research Methods and Techniques\"  data-wpil-monitor-id=\"10170\">Market Research methods<\/a> and approaches.<\/span><a href=\"https:\/\/www.sisinternational.com\/es\/sobre-la-investigacion-internacional-de-sis\/contact-sis-international-market-research\/\"><span style=\"font-weight: 400;\"> P\u00f3ngase en contacto con nosotros<\/span><\/a><span style=\"font-weight: 400;\"> para su pr\u00f3ximo proyecto de Investigaci\u00f3n de Mercado.<\/span><\/p>\n\n\n\n<p><\/p>","protected":false},"excerpt":{"rendered":"<p>SIS International Research proporciona investigaci\u00f3n de mercado cualitativa, cuantitativa y estrat\u00e9gica en Wallis y Futuna.<\/p>","protected":false},"author":1,"featured_media":65821,"parent":14508,"menu_order":53,"comment_status":"closed","ping_status":"closed","template":"","meta":{"footnotes":""},"class_list":["post-40002","page","type-page","status-publish","has-post-thumbnail"],"_links":{"self":[{"href":"https:\/\/www.sisinternational.com\/es\/wp-json\/wp\/v2\/pages\/40002","targetHints":{"allow":["GET"]}}],"collection":[{"href":"https:\/\/www.sisinternational.com\/es\/wp-json\/wp\/v2\/pages"}],"about":[{"href":"https:\/\/www.sisinternational.com\/es\/wp-json\/wp\/v2\/types\/page"}],"author":[{"embeddable":true,"href":"https:\/\/www.sisinternational.com\/es\/wp-json\/wp\/v2\/users\/1"}],"replies":[{"embeddable":true,"href":"https:\/\/www.sisinternational.com\/es\/wp-json\/wp\/v2\/comments?post=40002"}],"version-history":[{"count":6,"href":"https:\/\/www.sisinternational.com\/es\/wp-json\/wp\/v2\/pages\/40002\/revisions"}],"predecessor-version":[{"id":81683,"href":"https:\/\/www.sisinternational.com\/es\/wp-json\/wp\/v2\/pages\/40002\/revisions\/81683"}],"up":[{"embeddable":true,"href":"https:\/\/www.sisinternational.com\/es\/wp-json\/wp\/v2\/pages\/14508"}],"wp:featuredmedia":[{"embeddable":true,"href":"https:\/\/www.sisinternational.com\/es\/wp-json\/wp\/v2\/media\/65821"}],"wp:attachment":[{"href":"https:\/\/www.sisinternational.com\/es\/wp-json\/wp\/v2\/media?parent=40002"}],"curies":[{"name":"wp","href":"https:\/\/api.w.org\/{rel}","templated":true}]}}