{"id":39988,"date":"2022-03-24T16:40:15","date_gmt":"2022-03-24T16:40:15","guid":{"rendered":"https:\/\/www.sisinternational.com\/?page_id=39988"},"modified":"2026-01-25T16:43:11","modified_gmt":"2026-01-25T21:43:11","slug":"investigacion-de-mercado-guam","status":"publish","type":"page","link":"https:\/\/www.sisinternational.com\/es\/cobertura\/north-america\/cobertura-de-estados-unidos\/investigacion-de-mercado-guam\/","title":{"rendered":"Investigaci\u00f3n de mercado en Guam"},"content":{"rendered":"<h1 class=\"wp-block-heading\">Investigaci\u00f3n de mercado en Guam<\/h1>\n\n\n\n<figure class=\"gb-block-image gb-block-image-5fa47201\"><img loading=\"lazy\" decoding=\"async\" width=\"1456\" height=\"816\" class=\"gb-image gb-image-5fa47201\" src=\"https:\/\/www.sisinternational.com\/wp-content\/uploads\/2025\/09\/Guam-4.jpg\" alt=\"Investigaci\u00f3n y estrategia de mercado internacional de SIS\" title=\"Guam (4)\" srcset=\"https:\/\/www.sisinternational.com\/wp-content\/uploads\/2025\/09\/Guam-4.jpg 1456w, https:\/\/www.sisinternational.com\/wp-content\/uploads\/2025\/09\/Guam-4-300x168.jpg 300w, https:\/\/www.sisinternational.com\/wp-content\/uploads\/2025\/09\/Guam-4-1024x574.jpg 1024w, https:\/\/www.sisinternational.com\/wp-content\/uploads\/2025\/09\/Guam-4-768x430.jpg 768w, https:\/\/www.sisinternational.com\/wp-content\/uploads\/2025\/09\/Guam-4-18x10.jpg 18w\" sizes=\"auto, (max-width: 1456px) 100vw, 1456px\"><\/figure>\n\n\n\n<p><\/p>\n\n\n\n<hr class=\"wp-block-separator has-alpha-channel-opacity is-style-dots\"\/>\n\n\n\n<p>Aunque es aut\u00f3noma, Guam es un territorio de los Estados Unidos. Su ubicaci\u00f3n es en el Oc\u00e9ano Pac\u00edfico Norte.<\/p>\n\n\n\n<h2 class=\"wp-block-heading\">Industrias clave<\/h2>\n\n\n\n<p>Las Fuerzas Armadas de Estados Unidos tienen presencia en la isla y el gasto de este sector respalda en parte la econom\u00eda de Guam.<\/p>\n\n\n\n<p>El turismo es el sector m\u00e1s s\u00f3lido del pa\u00eds. Tambi\u00e9n es el de m\u00e1s r\u00e1pido crecimiento; El turismo proporciona miles de puestos de trabajo en la isla. M\u00e1s de un mill\u00f3n de turistas visitan el pa\u00eds cada a\u00f1o.<\/p>\n\n\n\n<p>These two <a href=\"https:\/\/www.sisinternational.com\/es\/industry-forecast\/industrial-sector-forecast\/\" title=\"Industrial Sector Forecast\"  data-wpil-monitor-id=\"10145\">sectors also help the construction industry<\/a>. The construction sector benefits from the upkeep of the US military bases. It is also needed to build and maintain the hotels and resorts in Guam.<\/p>\n\n\n\n<p>Algunas otras industrias clave en Guam son la avicultura y el acabado de prendas de vestir.<\/p>\n\n\n\n<p>Las principales exportaciones de Guam son chatarra, bater\u00edas el\u00e9ctricas y productos de belleza. Sus principales socios exportadores son Corea del Sur, Hong Kong y Australia.<\/p>\n\n\n\n<p>Some of the country\u2019s <a href=\"https:\/\/www.sisinternational.com\/es\/pericia\/industrias\/estudio-de-mercado-de-iluminacion-automotriz\/que-importancia-tiene-el-ada-para-los-conductores-de-automoviles\/\" title=\"\u00bfQu\u00e9 importancia tiene el ADAS para los conductores de autom\u00f3viles?\"  data-wpil-monitor-id=\"1889\">imports are cars<\/a>, food, and oil. Some import partners are Japan, Malaysia, and Singapore.<\/p>\n\n\n\n<h2 class=\"wp-block-heading\">Barrios<\/h2>\n\n\n\n<p>La capital de Guam es Hagatna y es el centro neur\u00e1lgico de la isla. All\u00ed se encuentra la sede de los tres poderes del Estado. Hagatna es tambi\u00e9n la sede de la Iglesia Cat\u00f3lica, que es la principal fe religiosa de la isla.<\/p>\n\n\n\n<p>Dededo es el segundo pueblo m\u00e1s grande de Guam. Tanto a los visitantes como a los lugare\u00f1os les encanta visitar el parque de diversiones cubierto y el centro comercial.<\/p>\n\n\n\n<h2 class=\"wp-block-heading\">Tendencias<\/h2>\n\n\n\n<p>El crecimiento de Guam ha sido constante durante los \u00faltimos diez a\u00f1os. Las bases estadounidenses en la isla benefician tanto al sector p\u00fablico como al privado. Por ejemplo, la Marina de los EE.UU. otorga contratos al sector de la construcci\u00f3n. Tambi\u00e9n proporcionan varios puestos de trabajo a los ciudadanos.<\/p>\n\n\n\n<p>Hoy en d\u00eda, se presta m\u00e1s atenci\u00f3n a las artes y artesan\u00edas populares. Los grupos p\u00fablicos y privados est\u00e1n haciendo m\u00e1s para impulsar este sector. As\u00ed, tanto locales como turistas acuden a eventos y gastan en artesan\u00edas.<\/p>\n\n\n\n<p>Finalmente, el nivel de desarrollo de la isla atrae a muchos turistas de la regi\u00f3n.<\/p>\n\n\n\n<h2 class=\"wp-block-heading\">Beneficios y Fortalezas en el Mercado<\/h2>\n\n\n\n<p>Guam tiene una econom\u00eda estable. La moneda de la isla es el d\u00f3lar estadounidense.<\/p>\n\n\n\n<p>El gobierno de Guam quiere preparar su industria tur\u00edstica para el futuro. Hay planes para hacer crecer este sector, para hacer de Guam una atracci\u00f3n tur\u00edstica de primer nivel. El gobierno est\u00e1 trabajando para convertir Hagatna en la Aldea Cultural. Una vez terminado, estar\u00e1 lleno de actividades para el disfrute de los turistas. Por tanto, los inversores con nuevas ideas son bienvenidos.<\/p>\n\n\n\n<p>El mercado tambi\u00e9n es diverso. Hay muchos sectores de los que los inversores pueden beneficiarse. Adem\u00e1s, el gobierno tiene un programa de incentivos para los inversores. Algunos de los incentivos son fiscales, comerciales y tur\u00edsticos.<\/p>\n\n\n\n<h2 class=\"wp-block-heading\">Base de consumidores<\/h2>\n\n\n\n<p>Aproximadamente una cuarta parte de la poblaci\u00f3n vive por debajo del umbral de pobreza.<\/p>\n\n\n\n<p>A pesar de ello, la poblaci\u00f3n de Guam tiene muchos servicios de salud entre los que elegir. La isla cuenta con hospitales y cl\u00ednicas p\u00fablicas, privadas y militares.<\/p>\n\n\n\n<p>El pa\u00eds tambi\u00e9n es seguro para locales y visitantes.<\/p>\n\n\n\n<h2 class=\"wp-block-heading\">Reasons to Grow Your Business in Guam<\/h2>\n\n\n\n<p>Los edificios y servicios que se encuentran en Guam est\u00e1n a la altura de los est\u00e1ndares estadounidenses. Los inversores tienen acceso a buenos servicios de telecomunicaciones, financieros y de transporte.<\/p>\n\n\n\n<p>La educaci\u00f3n es gratuita entre los 6 y los 16 a\u00f1os. Tambi\u00e9n hay una universidad que ofrece programas de cuatro a\u00f1os y de maestr\u00eda. Por tanto, Guam tiene una clase trabajadora capacitada y educada.<\/p>\n\n\n\n<p>Por \u00faltimo, su mercado comercial es amplio y estable. El gobierno tambi\u00e9n est\u00e1 abierto a las inversiones, ya que fortalece sectores y crea empleos para la gente.<\/p>\n\n\n\n<h2 class=\"wp-block-heading\">Acerca de la investigaci\u00f3n de mercado en Guam<\/h2>\n\n\n\n<p>Business owners and investors must do Strategic <a href=\"https:\/\/www.sisinternational.com\/es\/pericia\/industrias\/investigacion-de-mercado-de-ropa-masculina\/\" title=\"Investigaci\u00f3n de mercado de ropa masculina\"  data-wpil-monitor-id=\"3722\">Research before they enter the market<\/a>. Doing <a href=\"https:\/\/www.sisinternational.com\/es\/soluciones\/soluciones-de-investigacion-cualitativa-cuantitativa\/reclutamiento-de-investigacion-cualitativa\/\" title=\"Reclutamiento de investigaci\u00f3n cualitativa\"  data-wpil-monitor-id=\"10143\">Investigaci\u00f3n cualitativa y cuantitativa<\/a> allows one to make the best business choices.<\/p>\n\n\n\n<p>Guam is a very diverse island. Thus, a <a href=\"https:\/\/www.sisinternational.com\/es\/top-5-benefits-of-qualitative-market-research-for-businesses\/\" title=\"Top 5 Benefits of Qualitative Market Research for Businesses\"  data-wpil-monitor-id=\"10146\">business owner will benefit<\/a> from Surveys, Focus Groups, and Interviews. These tools will give insight into the <a href=\"https:\/\/www.sisinternational.com\/es\/pericia\/industrias\/investigacion-de-mercado-de-pueblos-indigenas\/\" title=\"Investigaci\u00f3n de Mercado de Pueblos Ind\u00edgenas\"  data-wpil-monitor-id=\"10144\">market and the people<\/a>.<\/p>\n\n\n\n<p><\/p>","protected":false},"excerpt":{"rendered":"<p>Investigaci\u00f3n de mercado en Guam Aunque es un territorio aut\u00f3nomo, Guam es un territorio de los Estados Unidos. Su ubicaci\u00f3n es en el Oc\u00e9ano Pac\u00edfico Norte. Industrias clave Las Fuerzas Armadas de Estados Unidos tienen presencia en la isla y el gasto de este sector respalda en parte la econom\u00eda de Guam. El turismo es el sector m\u00e1s s\u00f3lido del pa\u00eds. \u00c9l \u2026 <a title=\"Investigaci\u00f3n de mercado en Guam\" class=\"read-more\" href=\"https:\/\/www.sisinternational.com\/es\/cobertura\/north-america\/cobertura-de-estados-unidos\/investigacion-de-mercado-guam\/\" aria-label=\"Leer m\u00e1s sobre Investigaci\u00f3n de Mercado en Guam\">Leer m\u00e1s<\/a><\/p>","protected":false},"author":1,"featured_media":66541,"parent":19303,"menu_order":58,"comment_status":"closed","ping_status":"closed","template":"","meta":{"footnotes":""},"class_list":["post-39988","page","type-page","status-publish","has-post-thumbnail"],"_links":{"self":[{"href":"https:\/\/www.sisinternational.com\/es\/wp-json\/wp\/v2\/pages\/39988","targetHints":{"allow":["GET"]}}],"collection":[{"href":"https:\/\/www.sisinternational.com\/es\/wp-json\/wp\/v2\/pages"}],"about":[{"href":"https:\/\/www.sisinternational.com\/es\/wp-json\/wp\/v2\/types\/page"}],"author":[{"embeddable":true,"href":"https:\/\/www.sisinternational.com\/es\/wp-json\/wp\/v2\/users\/1"}],"replies":[{"embeddable":true,"href":"https:\/\/www.sisinternational.com\/es\/wp-json\/wp\/v2\/comments?post=39988"}],"version-history":[{"count":5,"href":"https:\/\/www.sisinternational.com\/es\/wp-json\/wp\/v2\/pages\/39988\/revisions"}],"predecessor-version":[{"id":81677,"href":"https:\/\/www.sisinternational.com\/es\/wp-json\/wp\/v2\/pages\/39988\/revisions\/81677"}],"up":[{"embeddable":true,"href":"https:\/\/www.sisinternational.com\/es\/wp-json\/wp\/v2\/pages\/19303"}],"wp:featuredmedia":[{"embeddable":true,"href":"https:\/\/www.sisinternational.com\/es\/wp-json\/wp\/v2\/media\/66541"}],"wp:attachment":[{"href":"https:\/\/www.sisinternational.com\/es\/wp-json\/wp\/v2\/media?parent=39988"}],"curies":[{"name":"wp","href":"https:\/\/api.w.org\/{rel}","templated":true}]}}