{"id":39909,"date":"2022-02-28T23:57:24","date_gmt":"2022-02-28T23:57:24","guid":{"rendered":"https:\/\/www.sisinternational.com\/?page_id=39909"},"modified":"2026-01-25T16:48:52","modified_gmt":"2026-01-25T21:48:52","slug":"investigacion-de-mercado-petroquimico","status":"publish","type":"page","link":"https:\/\/www.sisinternational.com\/es\/pericia\/investigacion-de-mercado-petroquimico\/","title":{"rendered":"Investigaci\u00f3n de Mercado Petroqu\u00edmico"},"content":{"rendered":"<h1 class=\"wp-block-heading\">Investigaci\u00f3n de mercado petroqu\u00edmico<\/h1>\n\n\n\n<figure class=\"gb-block-image gb-block-image-b9db8642\"><img loading=\"lazy\" decoding=\"async\" width=\"1456\" height=\"816\" class=\"gb-image gb-image-b9db8642\" src=\"https:\/\/www.sisinternational.com\/wp-content\/uploads\/2025\/08\/Oit-petroleum-petrochemical-4.jpg\" alt=\"Investigaci\u00f3n y estrategia de mercado internacional de SIS\" title=\"Oit petroleum petrochemical (4)\" srcset=\"https:\/\/www.sisinternational.com\/wp-content\/uploads\/2025\/08\/Oit-petroleum-petrochemical-4.jpg 1456w, https:\/\/www.sisinternational.com\/wp-content\/uploads\/2025\/08\/Oit-petroleum-petrochemical-4-300x168.jpg 300w, https:\/\/www.sisinternational.com\/wp-content\/uploads\/2025\/08\/Oit-petroleum-petrochemical-4-1024x574.jpg 1024w, https:\/\/www.sisinternational.com\/wp-content\/uploads\/2025\/08\/Oit-petroleum-petrochemical-4-768x430.jpg 768w, https:\/\/www.sisinternational.com\/wp-content\/uploads\/2025\/08\/Oit-petroleum-petrochemical-4-18x10.jpg 18w\" sizes=\"auto, (max-width: 1456px) 100vw, 1456px\"><\/figure>\n\n\n\n<p><\/p>\n\n\n\n<h2 class=\"wp-block-heading\">\u00bfQu\u00e9 son los petroqu\u00edmicos?<\/h2>\n\n\n\n<p>Los petroqu\u00edmicos son un gran grupo de productos qu\u00edmicos derivados del petr\u00f3leo y el gas natural. Los utilizamos para varios fines qu\u00edmicos. De hecho, son muy importantes en la vida cotidiana moderna. Son el n\u00facleo de muchas industrias, entre ellas:<\/p>\n\n\n\n<ul class=\"wp-block-list\">\n<li>Pl\u00e1stica<\/li>\n\n\n\n<li>Productos cosm\u00e9ticos<\/li>\n\n\n\n<li>Textiles<\/li>\n\n\n\n<li>embalaje<\/li>\n\n\n\n<li>Art\u00edculos de aseo<\/li>\n<\/ul>\n\n\n\n<h2 class=\"wp-block-heading\">\u00bfPor qu\u00e9 es importante la investigaci\u00f3n de mercado petroqu\u00edmico?<\/h2>\n\n\n\n<p>La demanda de varias industrias de uso final ha tenido una tendencia ascendente. Estas industrias incluyen edificaci\u00f3n y construcci\u00f3n, aeroespacial, alimentos y bebidas y atenci\u00f3n m\u00e9dica. Por tanto, el mercado ha experimentado un gran crecimiento en las \u00faltimas d\u00e9cadas. Sin embargo, muchos han expresado preocupaci\u00f3n por el impacto de los pl\u00e1sticos. Por tanto, la demanda de pl\u00e1sticos en varios sectores centrales ha disminuido. Por lo tanto, es probable que el crecimiento del mercado se desacelere pronto.<\/p>\n\n\n\n<p>La investigaci\u00f3n de mercado es esencial para que las empresas detecten tendencias como \u00e9stas. Por ejemplo, los mercados emergentes est\u00e1n viendo un aumento de empresas petroqu\u00edmicas. Los analistas del mercado esperan que esta tendencia contin\u00fae. El punto es que estos datos son de gran ayuda para las empresas existentes y aspirantes en la industria. Y la investigaci\u00f3n de mercado es la mejor manera de obtener esos datos.<\/p>\n\n\n\n<h2 class=\"wp-block-heading\">Por qu\u00e9 las empresas necesitan estudios de mercado<\/h2>\n\n\n\n<p>Una empresa necesita promocionarse para tener \u00e9xito. Como hemos visto, la investigaci\u00f3n de mercado recopila datos para conocer a los consumidores objetivo. Las empresas lo utilizan para averiguar d\u00f3nde viven estos consumidores, c\u00f3mo compran y su rango de ingresos. Esta investigaci\u00f3n impulsa a las empresas al \u00e9xito de varias maneras. Proporciona las respuestas necesarias para tomar decisiones que los har\u00e1n avanzar. La investigaci\u00f3n de mercado es una parte vital de cualquier estrategia empresarial, ya sea grande o peque\u00f1a, B2B o B2C, nueva o antigua.<\/p>\n\n\n\n<p>Realizar investigaciones de mercado con regularidad es esencial para mantenerse al d\u00eda con las tendencias recientes. Tambi\u00e9n ayuda a las empresas a competir. Pueden identificar nuevos clientes y conocer los existentes. Tambi\u00e9n les ayuda a establecer objetivos viables para sus negocios y a desarrollar estrategias nuevas y efectivas que les permitan resolver sus mayores desaf\u00edos de mercado. Con la investigaci\u00f3n de mercado, estas empresas obtienen las herramientas para considerar la expansi\u00f3n. Tambi\u00e9n ven c\u00f3mo pueden ampliar su oferta de productos.<\/p>\n\n\n\n<h2 class=\"wp-block-heading\">T\u00edtulos de trabajo clave<\/h2>\n\n\n\n<p>Esta industria sigue siendo un actor crucial en la combinaci\u00f3n energ\u00e9tica. Los empleadores est\u00e1n invirtiendo en personal nuevo, incluido:<\/p>\n\n\n\n<ul class=\"wp-block-list\">\n<li>Ingenieros de procesos<\/li>\n\n\n\n<li>Ingenieros\/especialistas en HVAC<\/li>\n\n\n\n<li>Ingenieros de equipos rotativos<\/li>\n<\/ul>\n\n\n\n<h2 class=\"wp-block-heading\">Factores claves del \u00e9xito<\/h2>\n\n\n\n<p>La ubicaci\u00f3n sol\u00eda ser crucial para el \u00e9xito en esta industria. Pero la demanda se ha desacelerado en las econom\u00edas emergentes y las materias primas se han vuelto menos abundantes. Por lo tanto, es probable que las empresas tengan que adoptar un enfoque disciplinado para la expansi\u00f3n. Los actores de la industria tambi\u00e9n necesitar\u00e1n trabajar m\u00e1s duro en la estrategia. Necesitar\u00e1n producir m\u00e1s en los proyectos a gran escala de la industria. Uno de los m\u00e9todos que ayudar\u00e1 es el an\u00e1lisis digital y avanzado para mejorar la producci\u00f3n.<\/p>\n\n\n\n<h2 class=\"wp-block-heading\">Acerca de la investigaci\u00f3n de mercado petroqu\u00edmica<\/h2>\n\n\n\n<p>La investigaci\u00f3n de mercado puede parecer una perspectiva desalentadora para el propietario de una empresa que carece de tiempo. Sin embargo, tanto la investigaci\u00f3n cualitativa como la cuantitativa tienen sus puntos fuertes. Cuando se utilizan juntos, proporcionan valiosos resultados de m\u00e9todos mixtos. Estos resultados ayudan a los actores de la industria a comprender las necesidades de sus clientes objetivo. Tambi\u00e9n les ayuda a evaluar la calidad de su competencia. Cuando estas empresas a\u00f1aden investigaci\u00f3n estrat\u00e9gica, solucionan sus debilidades. As\u00ed, evitan errores que pueden provocar el fracaso del negocio.<\/p>\n\n\n\n<p>Los investigadores tienen varias herramientas a su disposici\u00f3n para abordar esta industria. Pueden utilizar grupos focales para recopilar las ideas, opiniones y creencias de las personas. Esta herramienta de investigaci\u00f3n ayuda a las empresas a desarrollar nuevos productos. Las encuestas y entrevistas tambi\u00e9n son beneficiosas. Una vez que la empresa recopila los datos relevantes, puede modificar sus productos. De esa manera, se aseguran de satisfacer las necesidades de los clientes objetivo.<\/p>\n\n\n\n<h2 class=\"wp-block-heading\">Demanda de investigaci\u00f3n de mercado petroqu\u00edmico<\/h2>\n\n\n\n<figure class=\"gb-block-image gb-block-image-6fa72726\"><img loading=\"lazy\" decoding=\"async\" width=\"1456\" height=\"816\" class=\"gb-image gb-image-6fa72726\" src=\"https:\/\/www.sisinternational.com\/wp-content\/uploads\/2025\/08\/Oit-petroleum-petrochemical-9.jpg\" alt=\"Investigaci\u00f3n y estrategia de mercado internacional de SIS\" title=\"Oit petroleum petrochemical (9)\" srcset=\"https:\/\/www.sisinternational.com\/wp-content\/uploads\/2025\/08\/Oit-petroleum-petrochemical-9.jpg 1456w, https:\/\/www.sisinternational.com\/wp-content\/uploads\/2025\/08\/Oit-petroleum-petrochemical-9-300x168.jpg 300w, https:\/\/www.sisinternational.com\/wp-content\/uploads\/2025\/08\/Oit-petroleum-petrochemical-9-1024x574.jpg 1024w, https:\/\/www.sisinternational.com\/wp-content\/uploads\/2025\/08\/Oit-petroleum-petrochemical-9-768x430.jpg 768w, https:\/\/www.sisinternational.com\/wp-content\/uploads\/2025\/08\/Oit-petroleum-petrochemical-9-18x10.jpg 18w\" sizes=\"auto, (max-width: 1456px) 100vw, 1456px\"><\/figure>\n\n\n\n<p><\/p>\n\n\n\n<p>Los petroqu\u00edmicos son productos qu\u00edmicos derivados del petr\u00f3leo y el gas natural y son componentes de muchos de los productos m\u00e1s populares del mundo. Los petroqu\u00edmicos incluyen etileno, propileno, butilenos, benceno, tolueno y xilenos.<\/p>\n\n\n\n<p>El creciente crecimiento de la demanda de productos petroqu\u00edmicos y sus derivados est\u00e1 impulsado por el crecimiento del consumo en los hogares, productos de cuidado personal, embalajes y materiales de construcci\u00f3n.<\/p>\n\n\n\n<p>La demanda petroqu\u00edmica mundial contin\u00faa creciendo. Esto se puede atribuir al aumento del consumo en los hogares, productos de cuidado personal, embalajes y materiales de construcci\u00f3n.<\/p>\n\n\n\n<p>Hay algunos impulsores del crecimiento y la demanda de la industria:<\/p>\n\n\n\n<ul class=\"wp-block-list\">\n<li><strong>Consumo de los hogares<\/strong>: La duplicaci\u00f3n del n\u00famero de hogares con al menos un autom\u00f3vil ha contribuido significativamente al aumento del uso de gasolina. Adem\u00e1s, los veh\u00edculos el\u00e9ctricos y otras tecnolog\u00edas nuevas pueden impulsar el uso de di\u00e9sel con el tiempo.<\/li>\n\n\n\n<li><strong>Productos de cuidado personal<\/strong>: Existe una demanda creciente de productos para el cuidado de la piel que puede impulsar la demanda de petroqu\u00edmicos. Mientras tanto, los datos se\u00f1alaron la preferencia de los baby boomers hacia productos m\u00e1s tradicionales en lugar de aquellos que contienen ingredientes animales.<\/li>\n<\/ul>\n\n\n\n<p>Existen nuevas oportunidades tanto para los nuevos participantes en este mercado como para las empresas establecidas que buscan expandir sus operaciones a nuevos mercados geogr\u00e1ficos donde puedan satisfacer la demanda.<\/p>\n\n\n\n<h2 class=\"wp-block-heading\">Tomadores de decisiones petroqu\u00edmicas<\/h2>\n\n\n\n<p>La investigaci\u00f3n de mercado petroqu\u00edmico se puede realizar mediante entrevistas con las siguientes partes interesadas:<\/p>\n\n\n\n<ul class=\"wp-block-list\">\n<li>Ingenieros de controles<\/li>\n\n\n\n<li>Analistas de pol\u00edticas<\/li>\n\n\n\n<li>Gerentes de Seguridad y Salud Ambiental<\/li>\n\n\n\n<li>Gerentes de Exportaci\u00f3n<\/li>\n\n\n\n<li>Consultores Petroqu\u00edmicos<\/li>\n\n\n\n<li>Expertos en la materia<\/li>\n\n\n\n<li>Expertos en refiner\u00edas<\/li>\n\n\n\n<li>Venta de turbomaquinaria<\/li>\n\n\n\n<li>Gerente de Seguridad Petroqu\u00edmica<\/li>\n\n\n\n<li>Ingenieros de optimizaci\u00f3n de procesos<\/li>\n\n\n\n<li>Ingenieros de aseguramiento de la calidad<\/li>\n\n\n\n<li>Gerentes de Comercio Petroqu\u00edmico<\/li>\n\n\n\n<li>Gerentes de Operaciones de Petr\u00f3leo Petroqu\u00edmicos<\/li>\n\n\n\n<li>Ingenieros de dise\u00f1o<\/li>\n\n\n\n<li>T\u00e9cnicos en Instrumentaci\u00f3n y Metrolog\u00eda<\/li>\n\n\n\n<li>Ingeniero qu\u00edmico<\/li>\n\n\n\n<li>Ingenieros de automatizaci\u00f3n<\/li>\n\n\n\n<li>Ingenieros T\u00e9cnicos<\/li>\n\n\n\n<li>Gerentes de equipos e instalaciones<\/li>\n\n\n\n<li>Gerentes de Planta<\/li>\n<\/ul>\n\n\n\n<h2 class=\"wp-block-heading\">Tendencias industriales<\/h2>\n\n\n\n<p>Las principales tendencias en el sector incluyen la presi\u00f3n competitiva para mejorar la eficiencia operativa, reducir los costos de las materias primas y los esfuerzos de sostenibilidad.<br>The petrochemical industry is one of the most competitive industries in the world, with companies competing on a global scale. The sector experiences high levels of overcapacity and weak demand growth, resulting in a decline in its share price over the past few years. In addition to this, there are also increasing concerns about environmental protection around production sites, as well as energy conservation efforts made by governments to reduce carbon emissions.<\/p>\n\n\n\n<h2 class=\"wp-block-heading\">Acerca de la industria petroqu\u00edmica de Oriente Medio<\/h2>\n\n\n\n<p>El <a href=\"https:\/\/www.sisinternational.com\/es\/investigacion-de-mercado-en-el-medio-oriente\/\" title=\"Investigaci\u00f3n de mercado en Medio Oriente\"  data-wpil-monitor-id=\"2931\">Oriente Medio<\/a> is one of the fastest-growing petrochemical markets in the world. The region produces one-third of the world&#8217;s polyethylene, which is used in everything from packaging to consumer goods.<\/p>\n\n\n\n<p>The rise of the Middle East\u2019s demand for petrochemical products involves a number of factors. This includes increasing disposable income levels across various countries such as Saudi Arabia and the United Arab Emirates (UAE). Also, the growing urbanization levels across these regions are noticeably significant. In fact, consumers\u2019 spending on cosmetics and toiletries snatched a large portion of this trend.<\/p>\n\n\n\n<p>La regi\u00f3n de Medio Oriente ha estado atravesando una transici\u00f3n. Aparte de su abundante suministro de petr\u00f3leo, sus bajos costos laborales y sus reg\u00edmenes fiscales favorables permitieron que las instalaciones de producci\u00f3n locales operaran de manera rentable.<\/p>\n\n\n\n<h3 class=\"wp-block-heading\">Se espera que la participaci\u00f3n de Oriente Medio en el sector petroqu\u00edmico aumente sustancialmente.<\/h3>\n\n\n\n<p>Aunque la mayor parte del crecimiento de los principales productos petroqu\u00edmicos provendr\u00e1 de econom\u00edas emergentes como India y China, se prev\u00e9 un r\u00e1pido crecimiento de la demanda de petroqu\u00edmicos en Medio Oriente durante los pr\u00f3ximos cinco a\u00f1os.<\/p>\n\n\n\n<h3 class=\"wp-block-heading\">Arabia Saudita es l\u00edder mundial en la producci\u00f3n de etileno y se prev\u00e9 que ampliar\u00e1 su capacidad de producci\u00f3n de etileno en los pr\u00f3ximos a\u00f1os.<\/h3>\n\n\n\n<p>Arabia Saudita es actualmente el mayor productor de etileno del mundo. A medida que los consumidores siguen demandando cada vez m\u00e1s pol\u00edmeros para sus productos, Arabia Saudita planea aumentar significativamente su capacidad de producci\u00f3n a trav\u00e9s de proyectos conjuntos con varios de los principales productores petroqu\u00edmicos internacionales. Se espera que estas inversiones atraigan a otros actores de la cadena de valor de los pol\u00edmeros, como convertidores y fabricantes de envases.<br>Esto significar\u00eda que Arabia Saudita se convertir\u00eda en uno de los mayores exportadores de etileno, que se utiliza para fabricar polietileno (el pl\u00e1stico m\u00e1s utilizado con una amplia gama de aplicaciones, desde envases hasta bienes de consumo).<\/p>\n\n\n\n<h2 class=\"wp-block-heading\">Acerca de la investigaci\u00f3n de mercado del polietileno<\/h2>\n\n\n\n<p>Polyethylene is an important material in the petrochemical industry. It plays a key role in manufacturing different types of chemicals, from plastics and paints to lubricants and sealants. The demand for this product has increased significantly because it can be produced at a lower cost than other materials such as petroleum-based ones or natural gas-based ones.<\/p>\n\n\n\n<p>This rise in demand for polyethylene has led many countries around world, including Saudi Arabia to invest heavily in their own production facilities. This does not only meet the domestic needs, but also exports them abroad where a huge potential market awaits just outside our borders.<\/p>\n\n\n\n<h2 class=\"wp-block-heading\">Acerca de la investigaci\u00f3n de mercado petroqu\u00edmica<\/h2>\n\n\n\n<p>Petrochemicals affect many aspects of daily life. Market Research uncovers the data, insights, tools and strategies to be competitive in this strategically important industry. SIS provide Market Research worldwide especially in important economies in the industry such as Saudi Arabia, the <a href=\"https:\/\/www.sisinternational.com\/es\/perspectivas-economicas-de-qatar\/\" title=\"Perspectivas econ\u00f3micas e investigaci\u00f3n de mercado de Qatar\"  data-wpil-monitor-id=\"3567\">Middle East and other markets<\/a>. We provide Qualitative <a href=\"https:\/\/www.sisinternational.com\/es\/cobertura\/las-americas\/investigacion-de-mercado-de-america-latina\/investigacion-de-mercado-en-la-guayana-francesa\/\" title=\"Investigaci\u00f3n de mercado en la Guayana Francesa\"  data-wpil-monitor-id=\"3739\">Estudios de mercado<\/a>, Quantitative Market Research, Market Entry Consulting and Strategy Research. Contact us for your next Petrochemical Market Research project.<\/p>\n\n\n\n<p><\/p>","protected":false},"excerpt":{"rendered":"<p>Varias industrias, como la edificaci\u00f3n y la construcci\u00f3n, la aeroespacial, la alimentaci\u00f3n y bebidas y la atenci\u00f3n sanitaria, han impulsado la demanda de petroqu\u00edmicos.<\/p>","protected":false},"author":1,"featured_media":64288,"parent":14514,"menu_order":104,"comment_status":"closed","ping_status":"closed","template":"","meta":{"footnotes":""},"class_list":["post-39909","page","type-page","status-publish","has-post-thumbnail"],"_links":{"self":[{"href":"https:\/\/www.sisinternational.com\/es\/wp-json\/wp\/v2\/pages\/39909","targetHints":{"allow":["GET"]}}],"collection":[{"href":"https:\/\/www.sisinternational.com\/es\/wp-json\/wp\/v2\/pages"}],"about":[{"href":"https:\/\/www.sisinternational.com\/es\/wp-json\/wp\/v2\/types\/page"}],"author":[{"embeddable":true,"href":"https:\/\/www.sisinternational.com\/es\/wp-json\/wp\/v2\/users\/1"}],"replies":[{"embeddable":true,"href":"https:\/\/www.sisinternational.com\/es\/wp-json\/wp\/v2\/comments?post=39909"}],"version-history":[{"count":6,"href":"https:\/\/www.sisinternational.com\/es\/wp-json\/wp\/v2\/pages\/39909\/revisions"}],"predecessor-version":[{"id":77938,"href":"https:\/\/www.sisinternational.com\/es\/wp-json\/wp\/v2\/pages\/39909\/revisions\/77938"}],"up":[{"embeddable":true,"href":"https:\/\/www.sisinternational.com\/es\/wp-json\/wp\/v2\/pages\/14514"}],"wp:featuredmedia":[{"embeddable":true,"href":"https:\/\/www.sisinternational.com\/es\/wp-json\/wp\/v2\/media\/64288"}],"wp:attachment":[{"href":"https:\/\/www.sisinternational.com\/es\/wp-json\/wp\/v2\/media?parent=39909"}],"curies":[{"name":"wp","href":"https:\/\/api.w.org\/{rel}","templated":true}]}}