{"id":39905,"date":"2022-02-28T20:04:59","date_gmt":"2022-02-28T20:04:59","guid":{"rendered":"https:\/\/www.sisinternational.com\/?page_id=39905"},"modified":"2025-09-23T20:23:17","modified_gmt":"2025-09-24T00:23:17","slug":"investigacion-de-mercado-tonga","status":"publish","type":"page","link":"https:\/\/www.sisinternational.com\/es\/cobertura\/investigacion-de-mercado-asia\/investigacion-de-mercado-tonga\/","title":{"rendered":"Investigaci\u00f3n de mercado en Tonga"},"content":{"rendered":"<h1 class=\"wp-block-heading\">Investigaci\u00f3n de mercado en Tonga<\/h1>\n\n\n\n<figure class=\"gb-block-image gb-block-image-13d00d65\"><img loading=\"lazy\" decoding=\"async\" width=\"1456\" height=\"816\" class=\"gb-image gb-image-13d00d65\" src=\"https:\/\/www.sisinternational.com\/wp-content\/uploads\/2025\/09\/Tonga-2.jpg\" srcset=\"https:\/\/www.sisinternational.com\/wp-content\/uploads\/2025\/09\/Tonga-2.jpg 1456w, https:\/\/www.sisinternational.com\/wp-content\/uploads\/2025\/09\/Tonga-2-300x168.jpg 300w, https:\/\/www.sisinternational.com\/wp-content\/uploads\/2025\/09\/Tonga-2-1024x574.jpg 1024w, https:\/\/www.sisinternational.com\/wp-content\/uploads\/2025\/09\/Tonga-2-768x430.jpg 768w, https:\/\/www.sisinternational.com\/wp-content\/uploads\/2025\/09\/Tonga-2-18x10.jpg 18w\" sizes=\"auto, (max-width: 1456px) 100vw, 1456px\" alt=\"Investigaci\u00f3n y estrategia de mercado internacional de SIS\"><\/figure>\n\n\n\n<p><\/p>\n\n\n\n<hr class=\"wp-block-separator has-alpha-channel-opacity is-style-dots\"\/>\n\n\n\n<p>How can businesses truly understand the Tongan market and its unique consumer needs? For companies looking to expand into Tonga, conducting thorough market research in Tonga is essential. With a small but diverse population, varying cultural influences, and a growing interest in international products \u2212 and without proper research, businesses may miss out on key insights that could determine their success.<\/p>\n\n\n\n<h2 class=\"wp-block-heading\">What Is Market Research in Tonga?<\/h2>\n\n\n\n<p>Market research in Tonga analyzes the Tongan market to help businesses make informed decisions, understanding consumer behavior, industry trends, and competitive landscapes is crucial for businesses looking to enter or expand in the Tongan market.<\/p>\n\n\n\n<p>For example, <a href=\"https:\/\/www.linkedin.com\/pulse\/how-market-research-enables-growth-ruth-stanat-phekf\/\" target=\"_blank\" rel=\"noopener\"><span style=\"font-weight: 400;\">Investigaci\u00f3n de mercado<\/span><\/a> in Tonga helps businesses identify key factors such as purchasing habits, product preferences, and the impact of cultural values on consumer choices. Tourism is a significant part of Tonga&#8217;s economy, so understanding the demands of both locals and international visitors is crucial.&nbsp;<\/p>\n\n\n\n<h2 class=\"wp-block-heading\">Why Do Businesses Need Market Research in Tonga?<\/h2>\n\n\n\n<p>Businesses looking to succeed in Tonga need market research in Tonga to navigate the region\u2019s unique economic and cultural landscape. Tonga&#8217;s small population, combined with its reliance on specific industries such as agriculture, fisheries, and tourism, presents distinct challenges for businesses that are unfamiliar with the local market. Without a clear understanding of these dynamics, businesses may struggle to target consumers or adapt their offerings to local needs effectively.<\/p>\n\n\n\n<p>That&#8217;s why market research in Tonga is essential for understanding consumer preferences, spending patterns, and regional demands. For instance, the Tongan economy is heavily influenced by remittances from overseas workers, which affects purchasing power and consumer behavior. Additionally, understanding the role of tradition and community in buying decisions is critical to developing marketing strategies that resonate with local consumers. With insights gained from comprehensive market research, businesses can develop targeted approaches that help them align with the needs of Tongan consumers and succeed in this unique market.<\/p>\n\n\n\n<h2 class=\"wp-block-heading\">Industrias clave<\/h2>\n\n\n\n<p>La agricultura es una parte vital de la econom\u00eda de Tonga, ya que es a la vez una fuente de empleo y de dinero extranjero. La agricultura es una pr\u00e1ctica com\u00fan en las zonas rurales del pa\u00eds. Los cocos, los frijoles, el caf\u00e9 y el taro son cultivos que se cultivan para el mercado local. La gente tambi\u00e9n utiliza estos productos para consumo dom\u00e9stico. Adem\u00e1s, los cultivos de ra\u00edces son los m\u00e1s comunes en las islas y cubren aproximadamente dos tercios de la tierra cultivable. La cr\u00eda de ganado, como aves de corral y cerdos, es com\u00fan en Tonga. La cantidad de ganado vacuno criado en el pa\u00eds ha aumentado, lo que ha provocado una disminuci\u00f3n de las importaciones de carne vacuna.<\/p>\n\n\n\n<h2 class=\"wp-block-heading\">Barrios<\/h2>\n\n\n\n<p>Tonga is a country in Oceania. This small island chain in the South Pacific Ocean, known as the Kingdom of Tonga, is northeast of Samoa, west of Vanuatu, and east of Niue. It is also northwest of Fiji and <a href=\"https:\/\/www.sisinternational.com\/es\/cobertura\/investigacion-de-mercado-asia\/investigacion-de-mercado-wallis-futuna\/\" title=\"Investigaci\u00f3n de mercado en Wallis y Futuna\" data-wpil-monitor-id=\"5711\">Wallis and Futuna<\/a> (France) and nearly two-thirds between Hawaii and New Zealand. It\u2019s about 1,100 miles east of Brisbane and about the same distance north of New Zealand\u2019s North Island. Nuku\u2019alofa is Tonga\u2019s largest city and capital.<\/p>\n\n\n\n<p>Tonga comprende 171 islas, de las cuales s\u00f3lo 45 son habitables. La isla de Tongatapu alberga a dos tercios de la poblaci\u00f3n. Fiji, Samoa y Samoa Americana est\u00e1n cerca de Tonga.<\/p>\n\n\n\n<p>Nukualofa, la capital y puerto principal de Tonga, se encuentra en la costa norte de la isla Tongatapu en el suroeste del Oc\u00e9ano Pac\u00edfico. Los arrecifes protegen el puerto de gran calado de la ciudad. Las Tumbas Reales y la Casa Real (1865-1867), hogar de la familia real de Tonga) se encuentran en el paseo mar\u00edtimo al final del antiguo muelle. Tambi\u00e9n se encuentra la escuela de formaci\u00f3n de profesores y el Hospital Vaiola, situados en la localidad. Los visitantes tambi\u00e9n encontrar\u00e1n una gran iglesia wesleyana, un estudio de radio y, por supuesto, una plaza del pueblo. Fuera de la ciudad hay una gran urbanizaci\u00f3n con carpinter\u00eda y la Junta de Copra.<\/p>\n\n\n\n<h2 class=\"wp-block-heading\">Tendencias<\/h2>\n\n\n\n<p>La mayor perspectiva de exportaci\u00f3n para las empresas estadounidenses a Tonga son las materias primas. El pa\u00eds tambi\u00e9n importa aves de corral, bienes de primera necesidad y bienes de capital.<\/p>\n\n\n\n<p>Ha aumentado el n\u00famero de turistas que visitan Tonga. A\u00fan as\u00ed, la ley no permite a los extra\u00f1os poseer tierras en Tonga. Los costos de flete tambi\u00e9n son muy altos, por lo que las empresas estadounidenses deber\u00edan tener esto en cuenta. Sin embargo, es fundamental se\u00f1alar que los tonganos buscan art\u00edculos estadounidenses por su excelente calidad.<\/p>\n\n\n\n<h2 class=\"wp-block-heading\">Opportunities in Market Research in Tonga<\/h2>\n\n\n\n<figure class=\"gb-block-image gb-block-image-1313b82d\"><img loading=\"lazy\" decoding=\"async\" width=\"1456\" height=\"816\" class=\"gb-image gb-image-1313b82d\" src=\"https:\/\/www.sisinternational.com\/wp-content\/uploads\/2025\/09\/Tonga-1.jpg\" alt=\"Investigaci\u00f3n y estrategia de mercado internacional de SIS\" title=\"Tonga (1)\" srcset=\"https:\/\/www.sisinternational.com\/wp-content\/uploads\/2025\/09\/Tonga-1.jpg 1456w, https:\/\/www.sisinternational.com\/wp-content\/uploads\/2025\/09\/Tonga-1-300x168.jpg 300w, https:\/\/www.sisinternational.com\/wp-content\/uploads\/2025\/09\/Tonga-1-1024x574.jpg 1024w, https:\/\/www.sisinternational.com\/wp-content\/uploads\/2025\/09\/Tonga-1-768x430.jpg 768w, https:\/\/www.sisinternational.com\/wp-content\/uploads\/2025\/09\/Tonga-1-18x10.jpg 18w\" sizes=\"auto, (max-width: 1456px) 100vw, 1456px\"><\/figure>\n\n\n\n<p><\/p>\n\n\n\n<p>One of the most significant opportunities lies in the tourism sector, which is a cornerstone of Tonga\u2019s economy. With stunning natural landscapes, rich cultural heritage, and rising interest from international tourists, businesses in hospitality, travel, and related industries can benefit greatly from data-driven insights into tourist preferences and market trends.<\/p>\n\n\n\n<p>Another opportunity identified through market research in Tonga is the increasing demand for imported goods, especially in areas like consumer electronics, packaged foods, and lifestyle products. As Tonga&#8217;s economy evolves and more Tongans have access to disposable income, understanding shifts in consumption patterns can help businesses cater to emerging needs in retail and consumer goods.<\/p>\n\n\n\n<p>In addition, the digital transformation offers opportunities for businesses in telecommunications and e-commerce, especially as more Tongans embrace online shopping and mobile technologies. Market research in Tonga can help businesses understand these emerging trends and develop strategies to harness the potential of these growing sectors.<\/p>\n\n\n\n<h2 class=\"wp-block-heading\">Base de consumidores<\/h2>\n\n\n\n<p>Los estudios de mercado muestran que el precio juega el papel m\u00e1s importante en la decisi\u00f3n de compra.<\/p>\n\n\n\n<p>Investigaciones adicionales revelan un marcado contraste. Quienes pertenecen a los grupos de ingresos m\u00e1s altos y m\u00e1s bajos tienen diferentes h\u00e1bitos de compra. Los tonganos compran y utilizan productos en funci\u00f3n de su estatus econ\u00f3mico y social y de su acceso al efectivo. Tambi\u00e9n est\u00e1n m\u00e1s dispuestos a comprar alimentos locales que importados.<\/p>\n\n\n\n<h2 class=\"wp-block-heading\">Razones para hacer crecer su negocio en el mercado<\/h2>\n\n\n\n<p>En 2010, el pa\u00eds firm\u00f3 un plan para ampliar su crecimiento durante los pr\u00f3ximos cinco a\u00f1os. Los avances posteriores reflejan el actual equilibrio pol\u00edtico del pa\u00eds. Por ejemplo, el gobierno reconstruy\u00f3 el sector empresarial de Nuku&#039;alofa despu\u00e9s de que los manifestantes lo destrozaran.<\/p>\n\n\n\n<p>La corrupci\u00f3n pol\u00edtica es un obst\u00e1culo al comercio exterior. Aun as\u00ed, el Banco Mundial informa que Tonga ha logrado grandes avances en la lucha contra la corrupci\u00f3n.<\/p>\n\n\n\n<p>Tonga ha estado avanzando hacia la energ\u00eda renovable con la ayuda de Nueva Zelanda. Su objetivo es limitar la dependencia de las importaciones de petr\u00f3leo.<\/p>\n\n\n\n<h2 class=\"wp-block-heading\">How SIS International\u2019s Market Research in Tonga Helps Businesses<\/h2>\n\n\n\n<p><a href=\"https:\/\/www.linkedin.com\/company\/sisinternationalresearch\/\" target=\"_blank\" rel=\"noopener\"><span style=\"font-weight: 400;\">SIS Internacional<\/span><\/a>&nbsp;delivers tailored market research in Tonga to support businesses in overcoming challenges and tapping into growth opportunities. Our research offers valuable, actionable insights specific to the Tongan market, enabling informed business strategies. Key benefits include:<\/p>\n\n\n\n<ul class=\"wp-block-list\">\n<li><strong>Localized market insights<\/strong>: We provide detailed data on Tonga\u2019s consumer behavior, market trends, and competitive dynamics, helping businesses make well-informed decisions.<\/li>\n\n\n\n<li><strong>Industry expertise<\/strong>: Our research covers various sectors such as tourism, retail, and agriculture, identifying opportunities and growth potential in Tonga\u2019s key industries.<\/li>\n\n\n\n<li><strong>Comprehensive research methods<\/strong>: We use both qualitative and quantitative techniques, including surveys, focus groups, and competitor analysis, to offer a complete view of Tonga\u2019s market landscape.<\/li>\n\n\n\n<li><strong>Cultural alignment<\/strong>: We help businesses understand and integrate local customs, traditions, and consumer preferences into their strategies, ensuring resonance with Tongan consumers.<\/li>\n\n\n\n<li><strong>Navigating logistical and regulatory challenges<\/strong>: Our research assists businesses in managing distribution, supply chain issues, and compliance with Tonga\u2019s regulations, optimizing their market entry and operations.<\/li>\n\n\n\n<li><strong>Sustainable success<\/strong>: By leveraging SIS International\u2019s insights, businesses can create tailored strategies that ensure long-term success and growth in the Tongan market.<\/li>\n<\/ul>\n\n\n\n<h2 class=\"wp-block-heading\"><span style=\"font-weight: 400;\">Acerca de SIS Internacional<\/span><\/h2>\n\n\n\n<p><a href=\"https:\/\/www.sisinternational.com\/es\/\"><span style=\"font-weight: 400;\">SIS Internacional<\/span><\/a><span style=\"font-weight: 400;\"> ofrece investigaci\u00f3n cuantitativa, cualitativa y estrat\u00e9gica. Proporcionamos datos, herramientas, estrategias, informes y conocimientos para la toma de decisiones. Tambi\u00e9n realizamos entrevistas, encuestas, grupos focales y otros m\u00e9todos y enfoques de investigaci\u00f3n de mercado.<\/span><a href=\"https:\/\/www.sisinternational.com\/es\/sobre-la-investigacion-internacional-de-sis\/contact-sis-international-market-research\/\"><span style=\"font-weight: 400;\"> P\u00f3ngase en contacto con nosotros<\/span><\/a><span style=\"font-weight: 400;\"> para su pr\u00f3ximo proyecto de Investigaci\u00f3n de Mercado.<\/span><\/p>\n\n\n\n<p><\/p>","protected":false},"excerpt":{"rendered":"<p>Market Research in Tonga How can businesses truly understand the Tongan market and its unique consumer needs? For companies looking to expand into Tonga, conducting thorough market research in Tonga is essential. With a small but diverse population, varying cultural influences, and a growing interest in international products \u2212 and without proper research, businesses may &#8230; <a title=\"Investigaci\u00f3n de mercado en Tonga\" class=\"read-more\" href=\"https:\/\/www.sisinternational.com\/es\/cobertura\/investigacion-de-mercado-asia\/investigacion-de-mercado-tonga\/\" aria-label=\"Leer m\u00e1s sobre Investigaci\u00f3n de Mercado en Tonga\">Leer m\u00e1s<\/a><\/p>","protected":false},"author":1,"featured_media":65743,"parent":14508,"menu_order":41,"comment_status":"closed","ping_status":"closed","template":"","meta":{"footnotes":""},"class_list":["post-39905","page","type-page","status-publish","has-post-thumbnail"],"_links":{"self":[{"href":"https:\/\/www.sisinternational.com\/es\/wp-json\/wp\/v2\/pages\/39905","targetHints":{"allow":["GET"]}}],"collection":[{"href":"https:\/\/www.sisinternational.com\/es\/wp-json\/wp\/v2\/pages"}],"about":[{"href":"https:\/\/www.sisinternational.com\/es\/wp-json\/wp\/v2\/types\/page"}],"author":[{"embeddable":true,"href":"https:\/\/www.sisinternational.com\/es\/wp-json\/wp\/v2\/users\/1"}],"replies":[{"embeddable":true,"href":"https:\/\/www.sisinternational.com\/es\/wp-json\/wp\/v2\/comments?post=39905"}],"version-history":[{"count":5,"href":"https:\/\/www.sisinternational.com\/es\/wp-json\/wp\/v2\/pages\/39905\/revisions"}],"predecessor-version":[{"id":79412,"href":"https:\/\/www.sisinternational.com\/es\/wp-json\/wp\/v2\/pages\/39905\/revisions\/79412"}],"up":[{"embeddable":true,"href":"https:\/\/www.sisinternational.com\/es\/wp-json\/wp\/v2\/pages\/14508"}],"wp:featuredmedia":[{"embeddable":true,"href":"https:\/\/www.sisinternational.com\/es\/wp-json\/wp\/v2\/media\/65743"}],"wp:attachment":[{"href":"https:\/\/www.sisinternational.com\/es\/wp-json\/wp\/v2\/media?parent=39905"}],"curies":[{"name":"wp","href":"https:\/\/api.w.org\/{rel}","templated":true}]}}