{"id":39903,"date":"2022-02-28T20:01:28","date_gmt":"2022-02-28T20:01:28","guid":{"rendered":"https:\/\/www.sisinternational.com\/?page_id=39903"},"modified":"2026-01-25T19:32:56","modified_gmt":"2026-01-26T00:32:56","slug":"investigacion-de-mercado-samoa","status":"publish","type":"page","link":"https:\/\/www.sisinternational.com\/es\/cobertura\/investigacion-de-mercado-asia\/investigacion-de-mercado-samoa\/","title":{"rendered":"Investigaci\u00f3n de mercado en Samoa"},"content":{"rendered":"<h1 class=\"wp-block-heading\">Investigaci\u00f3n de mercado en Samoa<\/h1>\n\n\n\n<figure class=\"gb-block-image gb-block-image-106664fb\"><img loading=\"lazy\" decoding=\"async\" width=\"1456\" height=\"816\" class=\"gb-image gb-image-106664fb\" src=\"https:\/\/www.sisinternational.com\/wp-content\/uploads\/2025\/09\/Samoa-4.jpg\" alt=\"Investigaci\u00f3n y estrategia de mercado internacional de SIS\" title=\"Samoa (4)\" srcset=\"https:\/\/www.sisinternational.com\/wp-content\/uploads\/2025\/09\/Samoa-4.jpg 1456w, https:\/\/www.sisinternational.com\/wp-content\/uploads\/2025\/09\/Samoa-4-300x168.jpg 300w, https:\/\/www.sisinternational.com\/wp-content\/uploads\/2025\/09\/Samoa-4-1024x574.jpg 1024w, https:\/\/www.sisinternational.com\/wp-content\/uploads\/2025\/09\/Samoa-4-768x430.jpg 768w, https:\/\/www.sisinternational.com\/wp-content\/uploads\/2025\/09\/Samoa-4-18x10.jpg 18w\" sizes=\"auto, (max-width: 1456px) 100vw, 1456px\"><\/figure>\n\n\n\n<p><\/p>\n\n\n\n<p>Located in the Pacific Ocean, the nation of Samoa comprises two large islands and four smaller ones. The islands in Samoa are of volcanic origin. They are also unlike other places in the world. For example, the entire country has only one city. Samoa has a relaxed vibe, which is excellent for tourism. But it has other key industries:<\/p>\n\n\n\n<h2 class=\"wp-block-heading\">What Is Market Research in Samoa?<\/h2>\n\n\n\n<p><a href=\"https:\/\/www.sisinternational.com\/es\/cobertura\/investigacion-de-mercado-africa\/investigacion-de-mercado-en-mauricio-africa\/\" title=\"Market Research in Mauritius \u2014 Island off Africa&#8217;s East Coast\"  data-wpil-monitor-id=\"5308\">Market research in Samoa<\/a> studies the economic and cultural context of this small island nation in the South Pacific, where community values and sustainability play a significant role in consumer behavior.<\/p>\n\n\n\n<p><strong>Aspectos clave:<\/strong><\/p>\n\n\n\n<ul class=\"wp-block-list\">\n<li><strong>Contexto econ\u00f3mico:<\/strong> The Samoan economy relies on agriculture, tourism, and remittances. Understanding the interplay between local traditions and modern consumer habits is crucial.<\/li>\n\n\n\n<li><strong>Metodolog\u00edas:<\/strong> Qualitative approaches, including interviews and focus groups, are often utilized to gather insights into consumer preferences and cultural influences.<\/li>\n\n\n\n<li><strong>Desaf\u00edos:<\/strong> The small population and geographic isolation can limit the scope of research and data availability.<\/li>\n\n\n\n<li><strong>Beneficios:<\/strong> Effective market research helps businesses identify opportunities for sustainable development and understand local consumer needs, allowing them to tailor offerings that resonate with the Samoan population.<\/li>\n<\/ul>\n\n\n\n<h2 class=\"wp-block-heading\">Industrias clave<\/h2>\n\n\n\n<p>La agricultura es un componente esencial de la econom\u00eda de Samoa. Se suma al crecimiento del pa\u00eds y representa dos tercios de toda la fuerza laboral. La agricultura tambi\u00e9n proporciona gran parte de las materias primas para la industria manufacturera de Samoa.<\/p>\n\n\n\n<p>La pesca es esencial para los samoanos. El pescado es una fuente vital de alimento y un bien de exportaci\u00f3n. Aproximadamente una cuarta parte de los hogares samoanos obtienen sus ingresos de esta industria. El pescado tambi\u00e9n es una parte fundamental de la dieta de Samoa.<\/p>\n\n\n\n<h2 class=\"wp-block-heading\">Barrios<\/h2>\n\n\n\n<p>Apia es la capital (y \u00fanica) ciudad de la naci\u00f3n de Samoa y se encuentra a 40 kil\u00f3metros del aeropuerto en la costa de Upolu. Esta pintoresca ciudad es el centro comercial, gubernamental y comercial de Samoa. Tambi\u00e9n es una zona estupenda para visitar o como base mientras exploras la isla. Si bien Apia puede ser peque\u00f1a, tiene una buena cantidad de restaurantes, clubes, mercados y tiendas. Tambi\u00e9n hay atracciones culturales para mantener a los turistas entretenidos y ocupados.<\/p>\n\n\n\n<h2 class=\"wp-block-heading\">Tendencias<\/h2>\n\n\n\n<p>Con el poder de los medios de comunicaci\u00f3n, la afluencia de bienes extranjeros se est\u00e1 convirtiendo en un destino inevitable para Samoa. Las importaciones est\u00e1n fluyendo hacia el pa\u00eds a medida que las brechas comerciales se han reducido. Las grandes empresas e incluso las peque\u00f1as empresas traen productos extranjeros. Desde que se uni\u00f3 a la OMC, la importaci\u00f3n de bienes al pa\u00eds desde el extranjero ha aumentado. Estos cambios pueden traer h\u00e1bitos de consumo mejores y m\u00e1s seguros para el p\u00fablico.<\/p>\n\n\n\n<h2 class=\"wp-block-heading\">Beneficios y fortalezas en el mercado<\/h2>\n\n\n\n<figure class=\"gb-block-image gb-block-image-359f3e64\"><img loading=\"lazy\" decoding=\"async\" width=\"1456\" height=\"816\" class=\"gb-image gb-image-359f3e64\" src=\"https:\/\/www.sisinternational.com\/wp-content\/uploads\/2025\/09\/Samoa-2.jpg\" alt=\"Investigaci\u00f3n y estrategia de mercado internacional de SIS\" title=\"Samoa (2)\" srcset=\"https:\/\/www.sisinternational.com\/wp-content\/uploads\/2025\/09\/Samoa-2.jpg 1456w, https:\/\/www.sisinternational.com\/wp-content\/uploads\/2025\/09\/Samoa-2-300x168.jpg 300w, https:\/\/www.sisinternational.com\/wp-content\/uploads\/2025\/09\/Samoa-2-1024x574.jpg 1024w, https:\/\/www.sisinternational.com\/wp-content\/uploads\/2025\/09\/Samoa-2-768x430.jpg 768w, https:\/\/www.sisinternational.com\/wp-content\/uploads\/2025\/09\/Samoa-2-18x10.jpg 18w\" sizes=\"auto, (max-width: 1456px) 100vw, 1456px\"><\/figure>\n\n\n\n<p><\/p>\n\n\n\n<p>The government of Samoa is trying to stir up foreign and local investment. It offers a stable political system based on strong social and cultural structures and values. Samoa also has a trained, productive, and adaptable workforce that communicates well in English. The economy is well-managed, with low labor costs and a favorable exchange rate. Samoa provides a good investment environment.<\/p>\n\n\n\n<h2 class=\"wp-block-heading\">Base de consumidores<\/h2>\n\n\n\n<p>El poder adquisitivo impulsa la demanda de productos en Samoa. La capacidad de los samoanos para ganar lugares privilegiados y aumentar el tr\u00e1fico en las tiendas tambi\u00e9n ayuda a obtener ganancias. Las empresas necesitan suministrar productos de alta calidad para asegurar su lugar en el mercado. Las peque\u00f1as empresas tambi\u00e9n podr\u00edan ser una amenaza para las m\u00e1s grandes si producen art\u00edculos \u00fanicos. Las empresas con un buen servicio al cliente tienden a tener una mano ganadora en sus negocios.<\/p>\n\n\n\n<h2 class=\"wp-block-heading\">Raz\u00f3n para hacer crecer su negocio en el mercado de Samoa<\/h2>\n\n\n\n<p>Samoa es un lugar ideal para inversores de todo el mundo. Es genial para la inversi\u00f3n. De hecho, el mundo sabe que este pa\u00eds es pac\u00edfico y que la econom\u00eda siempre es estable. Las leyes de Samoa tambi\u00e9n ayudan a crear las mejores condiciones para los inversores de todo el mundo. Adem\u00e1s, su ubicaci\u00f3n en el coraz\u00f3n del Pac\u00edfico lo convierte en un v\u00ednculo vital para los continentes de Australia, Asia y Am\u00e9rica. Samoa ser\u00e1 el punto de acceso perfecto si desea expandir el mercado de su empresa a Ocean\u00eda.<\/p>\n\n\n\n<h2 class=\"wp-block-heading\">How SIS International\u2019s Market Research in Samoa Helps Businesses<\/h2>\n\n\n\n<p>SIS International provides expert <a href=\"https:\/\/www.sisinternational.com\/es\/cobertura\/investigacion-de-mercado-asia\/investigacion-de-mercado-las-islas-cook\/\" title=\"Investigaci\u00f3n de mercado en las Islas Cook\"  data-wpil-monitor-id=\"5739\">market research in Samoa<\/a> to help businesses navigate the unique opportunities and challenges of this Pacific Island nation. Samoa offers significant potential in tourism, agriculture, and sustainable development, and our market research ensures businesses have the insights needed to succeed. Here are the key benefits of working with SIS in Samoa:<\/p>\n\n\n\n<ul class=\"wp-block-list\">\n<li><strong>Planificaci\u00f3n estrat\u00e9gica mejorada<\/strong>: Our market research in Samoa delivers crucial insights into local market trends, regulatory requirements, and consumer behaviors, helping businesses develop effective strategies that align with Samoa\u2019s market dynamics.<\/li>\n\n\n\n<li><strong>Mayores ingresos<\/strong>: By identifying key growth sectors such as eco-tourism, agriculture, and renewable energy, SIS helps businesses optimize their market entry and revenue potential in Samoa\u2019s expanding economy.<\/li>\n\n\n\n<li><strong>La reducci\u00f3n de riesgos<\/strong>: Navigating the regulatory environment and understanding local cultural nuances can be challenging. SIS International provides in-depth knowledge of Samoa\u2019s legal and business landscape, minimizing risks for businesses entering this market.<\/li>\n\n\n\n<li><strong>Eficiencia de marketing mejorada<\/strong>: With a strong focus on eco-tourism and sustainability, market research in Samoa helps businesses craft targeted marketing strategies that resonate with both local consumers and international tourists.<\/li>\n\n\n\n<li><strong>Crecimiento acelerado e innovaci\u00f3n<\/strong>: Samoa\u2019s growing sectors, especially in sustainable tourism and agriculture, offer exciting opportunities for businesses. SIS helps companies identify these trends and innovate in line with local market needs.<\/li>\n\n\n\n<li><strong>ROI impulsado<\/strong>: By delivering actionable insights and tailored recommendations, SIS ensures businesses investing in Samoa maximize their return on investment, leading to sustainable and profitable growth.<\/li>\n<\/ul>\n\n\n\n<h2 class=\"wp-block-heading\"><strong>Acerca de SIS Internacional<\/strong><\/h2>\n\n\n\n<p><a href=\"https:\/\/www.sisinternational.com\/es\/\"><span style=\"font-weight: 400;\">SIS Internacional<\/span><\/a><span style=\"font-weight: 400;\"> ofrece investigaci\u00f3n cuantitativa, cualitativa y estrat\u00e9gica. Proporcionamos datos, herramientas, estrategias, informes y conocimientos para la toma de decisiones. Tambi\u00e9n realizamos entrevistas, encuestas, grupos focales y otros m\u00e9todos y enfoques de investigaci\u00f3n de mercado.<\/span><a href=\"https:\/\/www.sisinternational.com\/es\/sobre-la-investigacion-internacional-de-sis\/contact-sis-international-market-research\/\"><span style=\"font-weight: 400;\"> P\u00f3ngase en contacto con nosotros<\/span><\/a><span style=\"font-weight: 400;\"> para su pr\u00f3ximo proyecto de Investigaci\u00f3n de Mercado.<\/span><\/p>\n\n\n\n<p><\/p>","protected":false},"excerpt":{"rendered":"<p>Market Research in Samoa Located in the Pacific Ocean, the nation of Samoa comprises two large islands and four smaller ones. The islands in Samoa are of volcanic origin. They are also unlike other places in the world. For example, the entire country has only one city. Samoa has a relaxed vibe, which is excellent &#8230; <a title=\"Investigaci\u00f3n de mercado en Samoa\" class=\"read-more\" href=\"https:\/\/www.sisinternational.com\/es\/cobertura\/investigacion-de-mercado-asia\/investigacion-de-mercado-samoa\/\" aria-label=\"Leer m\u00e1s sobre Investigaci\u00f3n de Mercado en Samoa\">Leer m\u00e1s<\/a><\/p>","protected":false},"author":1,"featured_media":65602,"parent":14508,"menu_order":40,"comment_status":"closed","ping_status":"closed","template":"","meta":{"footnotes":""},"class_list":["post-39903","page","type-page","status-publish","has-post-thumbnail"],"_links":{"self":[{"href":"https:\/\/www.sisinternational.com\/es\/wp-json\/wp\/v2\/pages\/39903","targetHints":{"allow":["GET"]}}],"collection":[{"href":"https:\/\/www.sisinternational.com\/es\/wp-json\/wp\/v2\/pages"}],"about":[{"href":"https:\/\/www.sisinternational.com\/es\/wp-json\/wp\/v2\/types\/page"}],"author":[{"embeddable":true,"href":"https:\/\/www.sisinternational.com\/es\/wp-json\/wp\/v2\/users\/1"}],"replies":[{"embeddable":true,"href":"https:\/\/www.sisinternational.com\/es\/wp-json\/wp\/v2\/comments?post=39903"}],"version-history":[{"count":7,"href":"https:\/\/www.sisinternational.com\/es\/wp-json\/wp\/v2\/pages\/39903\/revisions"}],"predecessor-version":[{"id":79430,"href":"https:\/\/www.sisinternational.com\/es\/wp-json\/wp\/v2\/pages\/39903\/revisions\/79430"}],"up":[{"embeddable":true,"href":"https:\/\/www.sisinternational.com\/es\/wp-json\/wp\/v2\/pages\/14508"}],"wp:featuredmedia":[{"embeddable":true,"href":"https:\/\/www.sisinternational.com\/es\/wp-json\/wp\/v2\/media\/65602"}],"wp:attachment":[{"href":"https:\/\/www.sisinternational.com\/es\/wp-json\/wp\/v2\/media?parent=39903"}],"curies":[{"name":"wp","href":"https:\/\/api.w.org\/{rel}","templated":true}]}}