{"id":39896,"date":"2022-02-28T19:28:37","date_gmt":"2022-02-28T19:28:37","guid":{"rendered":"https:\/\/www.sisinternational.com\/?page_id=39896"},"modified":"2025-09-23T20:41:42","modified_gmt":"2025-09-24T00:41:42","slug":"republica-kiribati","status":"publish","type":"page","link":"https:\/\/www.sisinternational.com\/es\/cobertura\/investigacion-de-mercado-asia\/republica-kiribati\/","title":{"rendered":"Investigaci\u00f3n de mercado en la Rep\u00fablica de Kiribati"},"content":{"rendered":"<h1 class=\"wp-block-heading\">Investigaci\u00f3n de mercado en la Rep\u00fablica de Kiribati<\/h1>\n\n\n\n<figure class=\"gb-block-image gb-block-image-4b3a7670\"><img loading=\"lazy\" decoding=\"async\" width=\"1456\" height=\"816\" class=\"gb-image gb-image-4b3a7670\" src=\"https:\/\/www.sisinternational.com\/wp-content\/uploads\/2025\/09\/Kiribati-4.jpg\" alt=\"Investigaci\u00f3n y estrategia de mercado internacional de SIS\" title=\"Kiribati (4)\" srcset=\"https:\/\/www.sisinternational.com\/wp-content\/uploads\/2025\/09\/Kiribati-4.jpg 1456w, https:\/\/www.sisinternational.com\/wp-content\/uploads\/2025\/09\/Kiribati-4-300x168.jpg 300w, https:\/\/www.sisinternational.com\/wp-content\/uploads\/2025\/09\/Kiribati-4-1024x574.jpg 1024w, https:\/\/www.sisinternational.com\/wp-content\/uploads\/2025\/09\/Kiribati-4-768x430.jpg 768w, https:\/\/www.sisinternational.com\/wp-content\/uploads\/2025\/09\/Kiribati-4-18x10.jpg 18w\" sizes=\"auto, (max-width: 1456px) 100vw, 1456px\"><\/figure>\n\n\n\n<p><\/p>\n\n\n\n<p>La Rep\u00fablica de Kiribati (Ki. ri. bas) es una naci\u00f3n insular en el Oc\u00e9ano Pac\u00edfico. Se compone de 33 islas. Pero la gente s\u00f3lo vive en 20 de ellos. La gente vive en las 16 islas Gilbert y las 3 islas Line. Las Islas de la L\u00ednea son, en su mayor parte, arrecifes y atolones.<\/p>\n\n\n\n<h2 class=\"wp-block-heading\">Barrios<\/h2>\n\n\n\n<p>La capital de Kiribati es Tarawa. Es una cadena de islas conectadas por calzadas y una carretera. Tarawa es la zona m\u00e1s desarrollada entre las islas. As\u00ed, mucha gente se traslada desde las otras islas a la capital.<\/p>\n\n\n\n<p>In the urban areas, the people <a href=\"https:\/\/www.sisinternational.com\/es\/pericia\/industrias\/investigacion-de-mercado-de-materiales-de-construccion-ecologicos\/\" title=\"Investigaci\u00f3n de mercado de materiales de construcci\u00f3n ecol\u00f3gicos\"  data-wpil-monitor-id=\"10295\">build their houses with materials<\/a> such as blocks and concrete. But in the villages, the houses have thatched roofs and raised floors. There are also Western-style churches and hospitals throughout the island.<\/p>\n\n\n\n<h2 class=\"wp-block-heading\">Industrias clave<\/h2>\n\n\n\n<p>La agricultura es una industria clave en las islas. Algunos de los principales cultivos que se cultivan en las islas son la copra, el \u00e1rbol del pan y la batata.<\/p>\n\n\n\n<p>Fishing is also one of the country&#8217;s most important jobs. In the Pacific Ocean, Kiribati is one of the best tuna sources. Finally, <a href=\"https:\/\/www.sisinternational.com\/es\/soluciones\/investigacion-de-mercado-de-ia-y-consultoria-estrategica\/adopcion-de-ia-viajes-hospitalidad-turismo-industria-consultoria\/\" title=\"Adopci\u00f3n de IA en la consultor\u00eda de la industria de viajes, hoteler\u00eda y turismo\"  data-wpil-monitor-id=\"10296\">tourism is a major industry<\/a>. It creates thousands of jobs.<\/p>\n\n\n\n<p>Las exportaciones ayudan a sostener la econom\u00eda. Por ejemplo, el gobierno es propietario de la empresa agr\u00edcola m\u00e1s importante de la isla. La copra es su mayor cultivo de exportaci\u00f3n. Algunos de los pa\u00edses a los que exportan son Taiw\u00e1n, Australia y Marruecos.<\/p>\n\n\n\n<p>Tambi\u00e9n es esencial tener en cuenta las importaciones. El pa\u00eds trae mucha comida. El petr\u00f3leo, el arroz y los veh\u00edculos son algunos de los art\u00edculos m\u00e1s populares. Importan de pa\u00edses como Australia, Jap\u00f3n y Singapur.<\/p>\n\n\n\n<h2 class=\"wp-block-heading\">Tendencias<\/h2>\n\n\n\n<p>Kiribati uses the Australian currency. There was strong fiscal growth in recent years, followed by a decline. The economy is trending upward again.<\/p>\n\n\n\n<p>The increased population has created a larger workforce. Yet, the country&#8217;s narrow economic base prevents job creation, resulting in many unemployed people.<\/p>\n\n\n\n<p>Furthermore, the country is near the equator, making it a good place for satellite telemetry and spacecraft launching. National and transnational space companies invest in space projects, which bring jobs and capital to the country.<\/p>\n\n\n\n<h2 class=\"wp-block-heading\">Beneficios y Fortalezas en el Mercado<\/h2>\n\n\n\n<figure class=\"gb-block-image gb-block-image-fb63ddf6\"><img loading=\"lazy\" decoding=\"async\" width=\"1456\" height=\"816\" class=\"gb-image gb-image-fb63ddf6\" src=\"https:\/\/www.sisinternational.com\/wp-content\/uploads\/2025\/09\/Kiribati-1.jpg\" alt=\"Investigaci\u00f3n y estrategia de mercado internacional de SIS\" title=\"Kiribati (1)\" srcset=\"https:\/\/www.sisinternational.com\/wp-content\/uploads\/2025\/09\/Kiribati-1.jpg 1456w, https:\/\/www.sisinternational.com\/wp-content\/uploads\/2025\/09\/Kiribati-1-300x168.jpg 300w, https:\/\/www.sisinternational.com\/wp-content\/uploads\/2025\/09\/Kiribati-1-1024x574.jpg 1024w, https:\/\/www.sisinternational.com\/wp-content\/uploads\/2025\/09\/Kiribati-1-768x430.jpg 768w, https:\/\/www.sisinternational.com\/wp-content\/uploads\/2025\/09\/Kiribati-1-18x10.jpg 18w\" sizes=\"auto, (max-width: 1456px) 100vw, 1456px\"><\/figure>\n\n\n\n<p><\/p>\n\n\n\n<p>Las industrias del turismo, la artesan\u00eda y la pesca son el mejor punto de entrada para los inversores.<\/p>\n\n\n\n<p>Some of the private sector entities on the island are small. With more investments, the clothing, furniture, and beverage industries will grow. This will also employ skilled people and create more jobs.<\/p>\n\n\n\n<p>Investment in the capital will promote the development of the other islands. It will also lead to better industries and more exports. Citizens will welcome commercial engagement in the public sector. It will give people more options and create healthy competition.<\/p>\n\n\n\n<h2 class=\"wp-block-heading\">Base de consumidores<\/h2>\n\n\n\n<p>Kiribati is a lower-middle-income country. The island&#8217;s economy is reviving, and the government plans to <a href=\"https:\/\/www.sisinternational.com\/es\/soluciones\/consultoria-de-hosteleria-y-turismo-en-viajes\/consultoria-de-desarrollo-turistico\/\" title=\"Consultor\u00eda de Desarrollo Tur\u00edstico\"  data-wpil-monitor-id=\"10298\">develop the tourism<\/a> sector.<\/p>\n\n\n\n<p>Still, close to a quarter of the people live below the poverty line. The country has few employment prospects. However, many people with jobs have started living an urban lifestyle, thus increasing the cost of living.<\/p>\n\n\n\n<h2 class=\"wp-block-heading\">Razones para hacer crecer su negocio<\/h2>\n\n\n\n<p>Kiribati has a large labor force for tourism investors. Furthermore, the islands in the chain bring all kinds of tourist attractions. There is a <a href=\"https:\/\/www.sisinternational.com\/es\/convertirse-en-un-campeon-oculto-en-marketing-de-nicho\/\" title=\"Estrategia de marketing de campeones ocultos y marketing de nicho\"  data-wpil-monitor-id=\"10297\">market for both niche<\/a> and more common commercial attractions. The government is also raising the people&#8217;s education levels. This project will create a better workforce for investors.<\/p>\n\n\n\n<p>Finally, long-term investment is needed. Such investment will create more jobs, lower the poverty level, and increase the island&#8217;s development.<\/p>\n\n\n\n<h2 class=\"wp-block-heading\"><strong>Acerca de SIS Internacional<\/strong><\/h2>\n\n\n\n<p><a href=\"https:\/\/www.sisinternational.com\/es\/\"><span style=\"font-weight: 400;\">SIS Internacional<\/span><\/a><span style=\"font-weight: 400;\"> offers Quantitative, Qualitative, and Strategy Research. We provide data, tools, strategies, reports, and insights for decision-making. We also conduct interviews, surveys, focus groups, and other <a href=\"https:\/\/www.sisinternational.com\/es\/quantitative-market-research-methods-and-techniques\/\" title=\"Quantitative Market Research Methods and Techniques\"  data-wpil-monitor-id=\"10294\">Market Research methods<\/a> and approaches.<\/span><a href=\"https:\/\/www.sisinternational.com\/es\/sobre-la-investigacion-internacional-de-sis\/contact-sis-international-market-research\/\"><span style=\"font-weight: 400;\"> P\u00f3ngase en contacto con nosotros<\/span><\/a><span style=\"font-weight: 400;\"> para su pr\u00f3ximo proyecto de Investigaci\u00f3n de Mercado.<\/span><\/p>\n\n\n\n<p><\/p>","protected":false},"excerpt":{"rendered":"<p>Market Research in the Republic of Kiribati The Republic of Kiribati (Ki. ri. bas) is an island nation in the Pacific Ocean. It consists of 33 islands. But people only live on 20 of them. People live on the 16 Gilbert Islands and the 3 of the Line Islands. The Line Islands are, for the &#8230; <a title=\"Investigaci\u00f3n de mercado en la Rep\u00fablica de Kiribati\" class=\"read-more\" href=\"https:\/\/www.sisinternational.com\/es\/cobertura\/investigacion-de-mercado-asia\/republica-kiribati\/\" aria-label=\"Leer m\u00e1s sobre Investigaci\u00f3n de Mercado en la Rep\u00fablica de Kiribati\">Leer m\u00e1s<\/a><\/p>","protected":false},"author":1,"featured_media":65691,"parent":14508,"menu_order":37,"comment_status":"closed","ping_status":"closed","template":"","meta":{"footnotes":""},"class_list":["post-39896","page","type-page","status-publish","has-post-thumbnail"],"_links":{"self":[{"href":"https:\/\/www.sisinternational.com\/es\/wp-json\/wp\/v2\/pages\/39896","targetHints":{"allow":["GET"]}}],"collection":[{"href":"https:\/\/www.sisinternational.com\/es\/wp-json\/wp\/v2\/pages"}],"about":[{"href":"https:\/\/www.sisinternational.com\/es\/wp-json\/wp\/v2\/types\/page"}],"author":[{"embeddable":true,"href":"https:\/\/www.sisinternational.com\/es\/wp-json\/wp\/v2\/users\/1"}],"replies":[{"embeddable":true,"href":"https:\/\/www.sisinternational.com\/es\/wp-json\/wp\/v2\/comments?post=39896"}],"version-history":[{"count":4,"href":"https:\/\/www.sisinternational.com\/es\/wp-json\/wp\/v2\/pages\/39896\/revisions"}],"predecessor-version":[{"id":81699,"href":"https:\/\/www.sisinternational.com\/es\/wp-json\/wp\/v2\/pages\/39896\/revisions\/81699"}],"up":[{"embeddable":true,"href":"https:\/\/www.sisinternational.com\/es\/wp-json\/wp\/v2\/pages\/14508"}],"wp:featuredmedia":[{"embeddable":true,"href":"https:\/\/www.sisinternational.com\/es\/wp-json\/wp\/v2\/media\/65691"}],"wp:attachment":[{"href":"https:\/\/www.sisinternational.com\/es\/wp-json\/wp\/v2\/media?parent=39896"}],"curies":[{"name":"wp","href":"https:\/\/api.w.org\/{rel}","templated":true}]}}