{"id":39890,"date":"2022-02-28T18:44:10","date_gmt":"2022-02-28T18:44:10","guid":{"rendered":"https:\/\/www.sisinternational.com\/?page_id=39890"},"modified":"2026-03-12T11:36:24","modified_gmt":"2026-03-12T15:36:24","slug":"investigacion-de-mercado-de-diseno-industrial","status":"publish","type":"page","link":"https:\/\/www.sisinternational.com\/es\/pericia\/investigacion-de-mercados-industriales\/investigacion-de-mercado-de-diseno-industrial\/","title":{"rendered":"Investigaci\u00f3n de Mercado de Dise\u00f1o Industrial"},"content":{"rendered":"<h1 class=\"wp-block-heading\">Investigaci\u00f3n de Mercado de Dise\u00f1o Industrial<\/h1>\n\n\n\n<figure class=\"gb-block-image gb-block-image-0dacd377\"><img loading=\"lazy\" decoding=\"async\" width=\"1456\" height=\"816\" class=\"gb-image gb-image-0dacd377\" src=\"https:\/\/www.sisinternational.com\/wp-content\/uploads\/2025\/08\/Industrial-design-4.jpg\" alt=\"Investigaci\u00f3n y estrategia de mercado internacional de SIS\" title=\"Industrial design (4)\" srcset=\"https:\/\/www.sisinternational.com\/wp-content\/uploads\/2025\/08\/Industrial-design-4.jpg 1456w, https:\/\/www.sisinternational.com\/wp-content\/uploads\/2025\/08\/Industrial-design-4-300x168.jpg 300w, https:\/\/www.sisinternational.com\/wp-content\/uploads\/2025\/08\/Industrial-design-4-1024x574.jpg 1024w, https:\/\/www.sisinternational.com\/wp-content\/uploads\/2025\/08\/Industrial-design-4-768x430.jpg 768w, https:\/\/www.sisinternational.com\/wp-content\/uploads\/2025\/08\/Industrial-design-4-18x10.jpg 18w\" sizes=\"auto, (max-width: 1456px) 100vw, 1456px\"><\/figure>\n\n\n\n<p><\/p>\n\n\n\n<h2 class=\"wp-block-heading\">\u00bfQu\u00e9 es?<\/h2>\n\n\n\n<p>El dise\u00f1o industrial es un proceso creativo. Las empresas lo utilizan para encontrar nuevas soluciones para resolver problemas. Este proceso implica el dise\u00f1o de productos y servicios utilizados en nuestro d\u00eda a d\u00eda. Los dise\u00f1adores de este campo se centran en tres caracter\u00edsticas principales, la primera de las cuales es la apariencia del producto. Otra es lo bien que funciona. El \u00faltimo es lo f\u00e1cil que es producirlo.<\/p>\n\n\n\n<p>El proceso de dise\u00f1o es diferente del proceso de producci\u00f3n real. Es diferente porque los dise\u00f1adores se centran en optimizar el dise\u00f1o del producto final. De este modo, pueden obtener buenos comentarios de los clientes.<\/p>\n\n\n\n<h2 class=\"wp-block-heading\">\u00bfPor qu\u00e9 es importante?<\/h2>\n\n\n\n<p>Cada objeto que utilizamos es resultado de un proceso de dise\u00f1o. Estos incluyen objetos que se encuentran en nuestro hogar, oficina, escuela o espacios p\u00fablicos. El dise\u00f1o industrial busca mejorar nuestro d\u00eda a d\u00eda con soluciones creativas que se materializan en productos utilizables. Por tanto, es clave para las empresas que fabrican productos f\u00edsicos.<\/p>\n\n\n\n<p>Industrial <a href=\"https:\/\/www.sisinternational.com\/es\/el-papel-del-desarrollo-de-procesos-y-sistemas-en-el-exito-organizacional\/\" title=\"Investigaci\u00f3n de Mercado de Dise\u00f1o Organizacional\"  data-wpil-monitor-id=\"2932\">design market research<\/a> is essential for many reasons. It allows the designers to maximize product sales. They can do so while using only a tiny amount of material. In this way, they use fewer resources to produce their goods. Also, this advanced design process helps ensure products are safe for use. With this research, a company can save money during the early stages as it develops a product. Hence, a company will last longer due to lower expenses.<\/p>\n\n\n\n<h2 class=\"wp-block-heading\">T\u00edtulos de trabajo clave<\/h2>\n\n\n\n<p>Un Dise\u00f1ador Industrial ayuda a desarrollar productos. Ayudan a establecer el lenguaje de dise\u00f1o de un producto. Adem\u00e1s, fijan la marca y la identidad del producto.<\/p>\n\n\n\n<p>Los profesionales en este campo pueden tener muchos t\u00edtulos laborales. Las tres principales trayectorias profesionales son:<\/p>\n\n\n\n<ul class=\"wp-block-list\">\n<li>Dise\u00f1ador interno en una empresa.<\/li>\n\n\n\n<li>Dise\u00f1ador freelance \/ Propietario de un estudio de dise\u00f1o<\/li>\n\n\n\n<li>Propietario\/CEO: En este caso, crean un producto y forman una empresa.<\/li>\n<\/ul>\n\n\n\n<h2 class=\"wp-block-heading\">Por qu\u00e9 las empresas necesitan una investigaci\u00f3n de mercado sobre dise\u00f1o industrial<\/h2>\n\n\n\n<p>La investigaci\u00f3n de mercado permite a las empresas conocer a sus clientes. De hecho, con este conocimiento, una empresa puede dise\u00f1ar un producto que se adapte a las necesidades espec\u00edficas de sus clientes. Por lo tanto, los productos creados seguir\u00e1n siendo relevantes para el mercado.<\/p>\n\n\n\n<p>Una investigaci\u00f3n de mercado adecuada ayuda a evitar el per\u00edodo de \u201cprueba y error\u201d. Este per\u00edodo ocurre cuando nuevos productos llegan al mercado. Por tanto, un producto tendr\u00e1 un buen rendimiento una vez que llegue al mercado.<\/p>\n\n\n\n<p>Adem\u00e1s, esta investigaci\u00f3n permite a las empresas anunciarse de forma inteligente. Pueden invertir en anuncios dirigidos. Por lo tanto, pueden conservar recursos.<\/p>\n\n\n\n<p>Most products have rivals in the market. Good <a href=\"https:\/\/www.sisinternational.com\/es\/pericia\/industrias\/investigacion-de-mercado-de-la-empresa-de-diseno\/\" title=\"Investigaci\u00f3n de mercado de empresas de dise\u00f1o\"  data-wpil-monitor-id=\"5596\">market research helps inform design<\/a>. Thus, a business can gain more market share.<\/p>\n\n\n\n<h2 class=\"wp-block-heading\">Factores claves del \u00e9xito<\/h2>\n\n\n\n<p>Los dise\u00f1adores deben cumplir muchas condiciones para garantizar el \u00e9xito de sus productos. Tambi\u00e9n necesitan comprender las necesidades de sus usuarios. El Dise\u00f1o Industrial puede contar una historia. Adem\u00e1s, es vital para predecir c\u00f3mo reaccionar\u00e1 alguien ante algo. De esta forma, el dise\u00f1ador puede saber si un producto ser\u00e1 popular. Una empresa debe asegurarse de cumplir con estas condiciones para garantizar el \u00e9xito.<\/p>\n\n\n\n<h2 class=\"wp-block-heading\">Acerca de la investigaci\u00f3n de mercado de dise\u00f1o industrial<\/h2>\n\n\n\n<p>Siempre es vital hacer una investigaci\u00f3n de mercado. Es tan esencial en la ciencia y la tecnolog\u00eda como en cualquier otro campo. En el caso del dise\u00f1o industrial, la investigaci\u00f3n de mercado ayuda a las empresas a conocer a sus clientes. A trav\u00e9s de la investigaci\u00f3n, pueden conocer datos clave sobre el lugar donde vive un cliente. Los investigadores tambi\u00e9n pueden aprender sobre sus h\u00e1bitos de gasto. De esta manera, una empresa puede llegar al cliente con su producto. Llegar al cliente es crucial para garantizar el \u00e9xito del producto.<\/p>\n\n\n\n<p>Las empresas pueden utilizar investigaciones cuantitativas, cualitativas y estrat\u00e9gicas para realizar investigaciones relevantes. Adem\u00e1s, los m\u00e9todos de investigaci\u00f3n pueden adoptar la forma de entrevistas, encuestas o grupos focales.<\/p>\n\n\n\n<p>For industrial design, this research can help businesses develop innovative solutions. Companies can determine the best way to <a href=\"https:\/\/www.sisinternational.com\/es\/pericia\/industrias\/investigacion-de-mercado-de-la-industria-de-la-fotografia\/\" title=\"Investigaci\u00f3n de mercado de la industria de la fotograf\u00eda\"  data-wpil-monitor-id=\"3212\">market these solutions through this research<\/a>.<\/p>\n\n\n\n<p><\/p>","protected":false},"excerpt":{"rendered":"<p>El dise\u00f1o industrial es un proceso creativo que implica dise\u00f1ar productos y servicios para el uso diario, utilizados por las empresas para resolver problemas.<\/p>","protected":false},"author":1,"featured_media":63537,"parent":14181,"menu_order":103,"comment_status":"closed","ping_status":"closed","template":"","meta":{"footnotes":""},"class_list":["post-39890","page","type-page","status-publish","has-post-thumbnail"],"_links":{"self":[{"href":"https:\/\/www.sisinternational.com\/es\/wp-json\/wp\/v2\/pages\/39890","targetHints":{"allow":["GET"]}}],"collection":[{"href":"https:\/\/www.sisinternational.com\/es\/wp-json\/wp\/v2\/pages"}],"about":[{"href":"https:\/\/www.sisinternational.com\/es\/wp-json\/wp\/v2\/types\/page"}],"author":[{"embeddable":true,"href":"https:\/\/www.sisinternational.com\/es\/wp-json\/wp\/v2\/users\/1"}],"replies":[{"embeddable":true,"href":"https:\/\/www.sisinternational.com\/es\/wp-json\/wp\/v2\/comments?post=39890"}],"version-history":[{"count":6,"href":"https:\/\/www.sisinternational.com\/es\/wp-json\/wp\/v2\/pages\/39890\/revisions"}],"predecessor-version":[{"id":79328,"href":"https:\/\/www.sisinternational.com\/es\/wp-json\/wp\/v2\/pages\/39890\/revisions\/79328"}],"up":[{"embeddable":true,"href":"https:\/\/www.sisinternational.com\/es\/wp-json\/wp\/v2\/pages\/14181"}],"wp:featuredmedia":[{"embeddable":true,"href":"https:\/\/www.sisinternational.com\/es\/wp-json\/wp\/v2\/media\/63537"}],"wp:attachment":[{"href":"https:\/\/www.sisinternational.com\/es\/wp-json\/wp\/v2\/media?parent=39890"}],"curies":[{"name":"wp","href":"https:\/\/api.w.org\/{rel}","templated":true}]}}