{"id":39829,"date":"2022-01-28T18:56:43","date_gmt":"2022-01-28T18:56:43","guid":{"rendered":"https:\/\/www.sisinternational.com\/?page_id=39829"},"modified":"2026-01-25T18:36:21","modified_gmt":"2026-01-25T23:36:21","slug":"investigacion-de-mercado-de-zoologia","status":"publish","type":"page","link":"https:\/\/www.sisinternational.com\/es\/pericia\/investigacion-de-mercado-de-zoologia\/","title":{"rendered":"Investigaci\u00f3n de mercado de zoolog\u00eda"},"content":{"rendered":"<h1 class=\"wp-block-heading\">Investigaci\u00f3n de mercado de zoolog\u00eda<\/h1>\n\n\n\n<figure class=\"gb-block-image gb-block-image-aaeb69f3\"><img loading=\"lazy\" decoding=\"async\" width=\"1456\" height=\"816\" class=\"gb-image gb-image-aaeb69f3\" src=\"https:\/\/www.sisinternational.com\/wp-content\/uploads\/2025\/08\/Zoology-animals-6-2.jpg\" alt=\"Investigaci\u00f3n y estrategia de mercado internacional de SIS\" title=\"Zoology animals 6 (2)\" srcset=\"https:\/\/www.sisinternational.com\/wp-content\/uploads\/2025\/08\/Zoology-animals-6-2.jpg 1456w, https:\/\/www.sisinternational.com\/wp-content\/uploads\/2025\/08\/Zoology-animals-6-2-300x168.jpg 300w, https:\/\/www.sisinternational.com\/wp-content\/uploads\/2025\/08\/Zoology-animals-6-2-1024x574.jpg 1024w, https:\/\/www.sisinternational.com\/wp-content\/uploads\/2025\/08\/Zoology-animals-6-2-768x430.jpg 768w, https:\/\/www.sisinternational.com\/wp-content\/uploads\/2025\/08\/Zoology-animals-6-2-18x10.jpg 18w\" sizes=\"auto, (max-width: 1456px) 100vw, 1456px\"><\/figure>\n\n\n\n<p><\/p>\n\n\n\n<hr class=\"wp-block-separator has-alpha-channel-opacity is-style-dots\"\/>\n\n\n\n<h2 class=\"wp-block-heading\">\u00bfQu\u00e9 es?<\/h2>\n\n\n\n<p>La zoolog\u00eda, rama de la biolog\u00eda que algunos expertos llaman ciencia animal, estudia el reino animal y la vida animal. Ofrece informaci\u00f3n sobre la estructura animal y la composici\u00f3n molecular. Tambi\u00e9n se estudia c\u00f3mo se relacionan los animales entre s\u00ed, las plantas y los seres no vivos.<\/p>\n\n\n\n<p>La zoolog\u00eda es una ciencia tanto b\u00e1sica como aplicada. Los trabajadores de las ciencias b\u00e1sicas se centran en el conocimiento de los animales. No les preocupa el uso de este conocimiento. Pero la ciencia aplicada se centra en las formas en que este estudio puede ayudar a los humanos y a los animales. Por ejemplo, el campo de la medicina utiliza la ciencia aplicada.<\/p>\n\n\n\n<p>En este amplio campo, hay muchas subdisciplinas. Estos se centran en partes espec\u00edficas de la vida animal. Por ejemplo, la entomolog\u00eda se centra en los insectos.<\/p>\n\n\n\n<h2 class=\"wp-block-heading\">\u00bfPor qu\u00e9 es importante la investigaci\u00f3n de mercado de zoolog\u00eda?<\/h2>\n\n\n\n<p>The science of zoology helps humans understand the world around us. People who <a href=\"https:\/\/www.sisinternational.com\/es\/estudio-de-caso-de-sis-sobre-informacion-sobre-tiendas-en-todo-el-mundo\/\" title=\"Informaci\u00f3n sobre los compradores en la tienda: estudio de caso de investigaci\u00f3n de mercado\"  data-wpil-monitor-id=\"10288\">study animals gain critical insights<\/a>. They know the ways these animals interact with humans and the ways we relate to them. Also, this study helps improve our health and well-being. For instance, through this science, we may learn:<\/p>\n\n\n\n<ul class=\"wp-block-list\">\n<li>La causa de las enfermedades y formas de tratarlas y prevenirlas.<\/li>\n\n\n\n<li>Formas de prevenir enfermedades causadas por animales.<\/li>\n\n\n\n<li>Informaci\u00f3n sobre los paralelismos entre las enfermedades animales y humanas<\/li>\n\n\n\n<li>Informaci\u00f3n sobre modelos animales de funci\u00f3n humana normal y anormal.<\/li>\n<\/ul>\n\n\n\n<p>La zoolog\u00eda tambi\u00e9n nos ayuda a aumentar el n\u00famero y mejorar la calidad de los animales que nos dan huevos, carne y leche. Se cruza con la industria y nos ayuda a encontrar las mejores formas de utilizar los productos animales.<\/p>\n\n\n\n<p>Adem\u00e1s, esta ciencia beneficia a la agricultura. Nos ayuda a comprender los ciclos de vida de los insectos que son da\u00f1inos para nuestros cultivos. As\u00ed, podemos controlar estos insectos y proteger nuestros cultivos con este conocimiento.<\/p>\n\n\n\n<h2 class=\"wp-block-heading\">T\u00edtulos de trabajo clave<\/h2>\n\n\n\n<p>There are many roles in the field of zoology. Yet, the most basic is a zoologist. Within this, many focus on different aspects of zoology. Some focus on the biology of a specific <a href=\"https:\/\/www.sisinternational.com\/es\/soluciones\/grupos-de-enfoque\/instalaciones-para-grupos-focales-en-nueva-york\/\" title=\"Instalaciones para grupos focales en la ciudad de Nueva York\"  data-wpil-monitor-id=\"10289\">group<\/a> of animals. In contrast, others focus on the structure and function of animal bodies. Still, others study the emergence of new animals and their attributes.<\/p>\n\n\n\n<h3 class=\"wp-block-heading\">Otros trabajos clave incluyen:<\/h3>\n\n\n\n<ul class=\"wp-block-list\">\n<li>Consultor ambiental<\/li>\n\n\n\n<li>Nutricionista Animal<\/li>\n\n\n\n<li>Cient\u00edfico Biom\u00e9dico<\/li>\n\n\n\n<li>Escritor cient\u00edfico<\/li>\n<\/ul>\n\n\n\n<h2 class=\"wp-block-heading\">Por qu\u00e9 las empresas necesitan una investigaci\u00f3n de mercado zool\u00f3gica<\/h2>\n\n\n\n<p><a href=\"https:\/\/www.sisinternational.com\/es\/pericia\/industrias\/ciencia-de-la-decision-investigacion-de-mercado\/\" title=\"Investigaci\u00f3n de mercado de ciencia de la decisi\u00f3n\"  data-wpil-monitor-id=\"4990\">Market research into this branch of science<\/a> is helpful to particular business niches. For example, this is a crucial part of <a href=\"https:\/\/www.sisinternational.com\/es\/pericia\/industrias\/soluciones-de-investigacion-de-mercado-sanitario\/\" title=\"Empresa de estudios del mercado sanitario\"  data-wpil-monitor-id=\"10285\">firms dealing with health and disease research<\/a>. Investments in science and tech often make profits for their investors.<\/p>\n\n\n\n<p>In the same way, market research in this field can help companies make wise choices. For example, a gap for disease prevention <a href=\"https:\/\/www.sisinternational.com\/es\/pericia\/industrias\/investigacion-de-mercado-de-medicamentos-huerfanos\/\" title=\"Investigaci\u00f3n de mercado de medicamentos hu\u00e9rfanos\"  data-wpil-monitor-id=\"10286\">drugs may exist in the market<\/a>. Knowledge of this helps more investments into zoology, which will, in turn, help fill the void.<\/p>\n\n\n\n<h3 class=\"wp-block-heading\">Factores claves del \u00e9xito<\/h3>\n\n\n\n<p>Un zo\u00f3logo exitoso debe tener habilidades cr\u00edticas. Por ejemplo, deben tener buenos conocimientos de ciencia, pensamiento y comunicaci\u00f3n. Tambi\u00e9n necesitan paciencia y compromiso. Saber analizar es importante. Los zo\u00f3logos tambi\u00e9n deben tener experiencia en inform\u00e1tica. Esta carrera se nutre de un excelente liderazgo y la capacidad de trabajar bien en equipos.<\/p>\n\n\n\n<h2 class=\"wp-block-heading\">Acerca de la investigaci\u00f3n de mercado de zoolog\u00eda<\/h2>\n\n\n\n<p>It is always essential to do market research. It is as necessary for science and tech as in any other field. Businesses can use Quantitative, Qualitative, and Strategy <a href=\"https:\/\/www.sisinternational.com\/es\/how-to-conduct-effective-desk-research\/\" title=\"How to Conduct Effective Desk Research\"  data-wpil-monitor-id=\"10287\">research to conduct<\/a> relevant research. Also, research methods may take the form of Interviews, Surveys, or Focus Groups. In zoology, this research can aid potential investors in solving world health problems. Businesses can also determine the best way to <a href=\"https:\/\/www.sisinternational.com\/es\/cobertura\/las-americas\/investigacion-de-mercado-de-america-latina\/investigacion-de-mercado-en-la-guayana-francesa\/\" title=\"Investigaci\u00f3n de mercado en la Guayana Francesa\"  data-wpil-monitor-id=\"3744\">market these solutions through this research<\/a>.<\/p>\n\n\n\n<p><\/p>","protected":false},"excerpt":{"rendered":"<p>La zoolog\u00eda es una ciencia aplicada que se centra en las formas en que ciertos campos de estudio pueden beneficiar a los humanos y los animales. <\/p>","protected":false},"author":1,"featured_media":63473,"parent":14514,"menu_order":100,"comment_status":"closed","ping_status":"closed","template":"","meta":{"footnotes":""},"class_list":["post-39829","page","type-page","status-publish","has-post-thumbnail"],"_links":{"self":[{"href":"https:\/\/www.sisinternational.com\/es\/wp-json\/wp\/v2\/pages\/39829","targetHints":{"allow":["GET"]}}],"collection":[{"href":"https:\/\/www.sisinternational.com\/es\/wp-json\/wp\/v2\/pages"}],"about":[{"href":"https:\/\/www.sisinternational.com\/es\/wp-json\/wp\/v2\/types\/page"}],"author":[{"embeddable":true,"href":"https:\/\/www.sisinternational.com\/es\/wp-json\/wp\/v2\/users\/1"}],"replies":[{"embeddable":true,"href":"https:\/\/www.sisinternational.com\/es\/wp-json\/wp\/v2\/comments?post=39829"}],"version-history":[{"count":5,"href":"https:\/\/www.sisinternational.com\/es\/wp-json\/wp\/v2\/pages\/39829\/revisions"}],"predecessor-version":[{"id":81701,"href":"https:\/\/www.sisinternational.com\/es\/wp-json\/wp\/v2\/pages\/39829\/revisions\/81701"}],"up":[{"embeddable":true,"href":"https:\/\/www.sisinternational.com\/es\/wp-json\/wp\/v2\/pages\/14514"}],"wp:featuredmedia":[{"embeddable":true,"href":"https:\/\/www.sisinternational.com\/es\/wp-json\/wp\/v2\/media\/63473"}],"wp:attachment":[{"href":"https:\/\/www.sisinternational.com\/es\/wp-json\/wp\/v2\/media?parent=39829"}],"curies":[{"name":"wp","href":"https:\/\/api.w.org\/{rel}","templated":true}]}}