{"id":39823,"date":"2022-01-28T18:58:16","date_gmt":"2022-01-28T18:58:16","guid":{"rendered":"https:\/\/www.sisinternational.com\/?page_id=39823"},"modified":"2026-01-25T18:34:52","modified_gmt":"2026-01-25T23:34:52","slug":"investigacion-de-mercado-de-tecnologia-del-agua","status":"publish","type":"page","link":"https:\/\/www.sisinternational.com\/es\/pericia\/investigacion-de-mercado-de-tecnologia-del-agua\/","title":{"rendered":"Investigaci\u00f3n de mercado de tecnolog\u00eda del agua"},"content":{"rendered":"<h1 class=\"wp-block-heading\">Investigaci\u00f3n de mercado de tecnolog\u00eda del agua<\/h1>\n\n\n\n<figure class=\"gb-block-image gb-block-image-a9891a6d\"><img loading=\"lazy\" decoding=\"async\" width=\"1456\" height=\"816\" class=\"gb-image gb-image-a9891a6d\" src=\"https:\/\/www.sisinternational.com\/wp-content\/uploads\/2025\/08\/Water-27.jpg\" alt=\"Investigaci\u00f3n y estrategia de mercado internacional de SIS\" title=\"Water (27)\" srcset=\"https:\/\/www.sisinternational.com\/wp-content\/uploads\/2025\/08\/Water-27.jpg 1456w, https:\/\/www.sisinternational.com\/wp-content\/uploads\/2025\/08\/Water-27-300x168.jpg 300w, https:\/\/www.sisinternational.com\/wp-content\/uploads\/2025\/08\/Water-27-1024x574.jpg 1024w, https:\/\/www.sisinternational.com\/wp-content\/uploads\/2025\/08\/Water-27-768x430.jpg 768w, https:\/\/www.sisinternational.com\/wp-content\/uploads\/2025\/08\/Water-27-18x10.jpg 18w\" sizes=\"auto, (max-width: 1456px) 100vw, 1456px\"><\/figure>\n\n\n\n<p><\/p>\n\n\n\n<hr class=\"wp-block-separator has-alpha-channel-opacity is-style-dots\"\/>\n\n\n\n<h2 class=\"wp-block-heading\">\u00bfQu\u00e9 es la investigaci\u00f3n de mercado de tecnolog\u00eda del agua?<\/h2>\n\n\n\n<p>Water Tech Market Research es un proceso bastante nuevo. A trav\u00e9s de este proceso, los proveedores de servicios ofrecen a las personas servicios de agua de alta calidad. Durante a\u00f1os hemos estado diciendo que \u201cel agua es vida\u201d. Este dicho es totalmente cierto, ya que los humanos, las plantas y los animales no pueden vivir sin agua. Por lo tanto, el proveedor del servicio debe limpiar el agua antes de llevarla a los hogares.<\/p>\n\n\n\n<h2 class=\"wp-block-heading\">\u00bfPor qu\u00e9 es importante la investigaci\u00f3n de mercado de tecnolog\u00eda del agua?<\/h2>\n\n\n\n<p>Water <a href=\"https:\/\/www.sisinternational.com\/es\/pericia\/industrias\/tecnologia-medica-investigacion-de-mercado-de-tecnologia-medica\/\" title=\"Investigaci\u00f3n de mercado de tecnolog\u00eda m\u00e9dica (Med Tech)\"  data-wpil-monitor-id=\"3766\">Tech Market Research<\/a> helps service providers put measures to avoid significant health risks. It removes pollutants from drinking water. These pollutants can cause severe and sometimes deadly illnesses. Water Techs must apply these measures in our dams and reservoirs, and, once installed, they can inspect the water. Also, they can treat and <a href=\"https:\/\/www.sisinternational.com\/es\/soluciones\/educacion-tecnologia-soluciones-edtech\/sistemas-de-gestion-del-aprendizaje-lms-investigacion-de-mercado\/\" title=\"Investigaci\u00f3n de mercado de sistemas de gesti\u00f3n de aprendizaje (LMS)\"  data-wpil-monitor-id=\"10290\">manage filter systems<\/a>.<\/p>\n\n\n\n<p>Adem\u00e1s, las medidas aplicadas ayudan a Water Techs a filtrar las aguas residuales de las f\u00e1bricas. Sumado a esto, los proveedores de servicios pueden almacenar agua. Entonces es seguro para ellos dar agua potable a la gente. Por ello, los Water Techs deben conocer la importancia de los sistemas. Luego pueden garantizar que las personas tengan acceso a suficiente agua limpia para el uso diario.<\/p>\n\n\n\n<h3 class=\"wp-block-heading\">T\u00edtulos de trabajo clave<\/h3>\n\n\n\n<p>\u00b7 T\u00e9cnico de Agua<\/p>\n\n\n\n<p>\u00b7 Operador de Recuperaci\u00f3n de Recursos H\u00eddricos (Tratamiento de Aguas Residuales)<\/p>\n\n\n\n<p>\u00b7 Operador de Tratamiento de Agua Potable<\/p>\n\n\n\n<p>\u00b7 Operador de Distribuci\u00f3n de Agua<\/p>\n\n\n\n<p>\u00b7 T\u00e9cnico de laboratorio<\/p>\n\n\n\n<h2 class=\"wp-block-heading\">Por qu\u00e9 las empresas necesitan una investigaci\u00f3n de mercado sobre tecnolog\u00eda del agua<\/h2>\n\n\n\n<p>Businesses need <a href=\"https:\/\/www.sisinternational.com\/es\/pericia\/industrias\/investigacion-de-mercado-de-agua-embotellada\/\" title=\"Investigaci\u00f3n de mercado de agua embotellada\"  data-wpil-monitor-id=\"4963\">Investigaci\u00f3n de mercado de tecnolog\u00eda del agua<\/a> now more than ever. Around the globe, the amount of water consumed by people continues to increase. Yet, in some countries, water is scarce. In other countries, the population continues to grow, leading to an increase in water demand. That\u2019s where the term \u201csmart water management\u201d comes in. Many countries have considered using this approach.<\/p>\n\n\n\n<p>Hasta ahora, este nuevo sistema ha ayudado a muchos lugares de negocios. Les permite adoptar un enfoque proactivo para reducir el desperdicio de agua. Muchas empresas tambi\u00e9n est\u00e1n utilizando este sistema para conseguir un uso eficiente de la energ\u00eda. La \u201cgesti\u00f3n inteligente del agua\u201d utiliza medidores, sensores y soluciones de agua.<\/p>\n\n\n\n<p>Today, bill payment is easier for many people in lesser developed countries. Before, they had to go into the service company to pay their bills. But, in the early 2020s, service providers relooked that system. They had to subscribe to ways where <a href=\"https:\/\/www.sisinternational.com\/es\/estrategia-de-marketing-completa-para-una-empresa-estadounidense-de-finanzas-personales-en-linea\/\" title=\"Estrategia de marketing completa para una empresa estadounidense de finanzas personales en l\u00ednea\"  data-wpil-monitor-id=\"10293\">persons could pay their bills online<\/a>. Without a doubt, it worked out for the greater good as it reduced the long lines and the cluster of people.<\/p>\n\n\n\n<h2 class=\"wp-block-heading\">Factores claves del \u00e9xito<\/h2>\n\n\n\n<p>Las regiones desarrolladas del mundo son pioneras en el tratamiento de aguas residuales. Antiguamente muchas empresas instalaban un sistema de tratamiento de agua manual. Este sistema ha fallado con el tiempo a medida que la demanda de agua contin\u00faa aumentando. Por lo tanto, es costoso continuar reparando estas estructuras obsoletas.<\/p>\n\n\n\n<h3 class=\"wp-block-heading\">Lo bueno es que ahora estamos en la cima de la era tecnol\u00f3gica. Por tanto, las empresas deb\u00edan:<\/h3>\n\n\n\n<ul class=\"wp-block-list\">\n<li>Buscar formas de mejorar sus servicios a las personas.<\/li>\n\n\n\n<li>Adoptar formas efectivas de gestionar el suministro de agua.<\/li>\n\n\n\n<li>B\u00fasqueda de ideas para reducir el alto coste de mantenimiento<\/li>\n<\/ul>\n\n\n\n<p>Likewise, many governments aim to use \u201csmart water management\u201d methods. These methods <a href=\"https:\/\/www.sisinternational.com\/es\/pericia\/industrias\/investigacion-de-mercado-de-ferreteria\/\" title=\"Investigaci\u00f3n de mercado de ferreter\u00eda y mejoras para el hogar\"  data-wpil-monitor-id=\"10292\">improve their marketing<\/a>. They are confident that these methods will foster economic growth in their countries.<\/p>\n\n\n\n<h2 class=\"wp-block-heading\">Acerca de la investigaci\u00f3n de mercado de tecnolog\u00eda del agua<\/h2>\n\n\n\n<p>La econom\u00eda y el sistema de atenci\u00f3n m\u00e9dica de un pa\u00eds no pueden prosperar sin un sistema de agua adecuado. En base a ese hecho, la falta de un sistema de agua s\u00f3lido dar\u00e1 lugar a los siguientes problemas: \u2013<\/p>\n\n\n\n<ul class=\"wp-block-list\">\n<li>Graves riesgos para la salud<\/li>\n\n\n\n<li>Sequ\u00eda y hambruna<\/li>\n\n\n\n<li>Desorden en el sector tur\u00edstico<\/li>\n\n\n\n<li>Un caldo de cultivo para la pobreza y las enfermedades<\/li>\n<\/ul>\n\n\n\n<p>We can solve this problem as we provide <a href=\"https:\/\/www.sisinternational.com\/es\/how-to-design-effective-surveys-for-quantitative-research\/\" title=\"How to Design Effective Surveys for Quantitative Research\"  data-wpil-monitor-id=\"10291\">Investigaci\u00f3n cuantitativa y cualitativa<\/a> services. We also offer Surveys, Interviews, Focus Groups, and Strategy Research. Our tools work well. Contact us now for more info!<\/p>\n\n\n\n<p><\/p>","protected":false},"excerpt":{"rendered":"<p>El agua es vital para sustentar la vida, pero en muchos pa\u00edses el agua dulce es escasa y est\u00e1 contaminada. En los pa\u00edses desarrollados, los gobiernos y las empresas han iniciado soluciones de \u201cgesti\u00f3n inteligente del agua\u201d y sistemas de tratamiento de aguas residuales.<\/p>","protected":false},"author":1,"featured_media":63550,"parent":14514,"menu_order":101,"comment_status":"closed","ping_status":"closed","template":"","meta":{"footnotes":""},"class_list":["post-39823","page","type-page","status-publish","has-post-thumbnail"],"_links":{"self":[{"href":"https:\/\/www.sisinternational.com\/es\/wp-json\/wp\/v2\/pages\/39823","targetHints":{"allow":["GET"]}}],"collection":[{"href":"https:\/\/www.sisinternational.com\/es\/wp-json\/wp\/v2\/pages"}],"about":[{"href":"https:\/\/www.sisinternational.com\/es\/wp-json\/wp\/v2\/types\/page"}],"author":[{"embeddable":true,"href":"https:\/\/www.sisinternational.com\/es\/wp-json\/wp\/v2\/users\/1"}],"replies":[{"embeddable":true,"href":"https:\/\/www.sisinternational.com\/es\/wp-json\/wp\/v2\/comments?post=39823"}],"version-history":[{"count":5,"href":"https:\/\/www.sisinternational.com\/es\/wp-json\/wp\/v2\/pages\/39823\/revisions"}],"predecessor-version":[{"id":81697,"href":"https:\/\/www.sisinternational.com\/es\/wp-json\/wp\/v2\/pages\/39823\/revisions\/81697"}],"up":[{"embeddable":true,"href":"https:\/\/www.sisinternational.com\/es\/wp-json\/wp\/v2\/pages\/14514"}],"wp:featuredmedia":[{"embeddable":true,"href":"https:\/\/www.sisinternational.com\/es\/wp-json\/wp\/v2\/media\/63550"}],"wp:attachment":[{"href":"https:\/\/www.sisinternational.com\/es\/wp-json\/wp\/v2\/media?parent=39823"}],"curies":[{"name":"wp","href":"https:\/\/api.w.org\/{rel}","templated":true}]}}