{"id":39820,"date":"2022-01-28T19:00:13","date_gmt":"2022-01-28T19:00:13","guid":{"rendered":"https:\/\/www.sisinternational.com\/?page_id=39820"},"modified":"2025-09-23T21:39:50","modified_gmt":"2025-09-24T01:39:50","slug":"investigacion-de-mercado-de-arnm","status":"publish","type":"page","link":"https:\/\/www.sisinternational.com\/es\/pericia\/investigacion-de-mercado-de-arnm\/","title":{"rendered":"Investigaci\u00f3n de mercado de ARNm"},"content":{"rendered":"<h1 class=\"wp-block-heading p1\"><span class=\"s1\">Investigaci\u00f3n de mercado de ARNm<\/span><\/h1>\n\n\n\n<figure class=\"gb-block-image gb-block-image-2b2d6a3a\"><img loading=\"lazy\" decoding=\"async\" width=\"1456\" height=\"816\" class=\"gb-image gb-image-2b2d6a3a\" src=\"https:\/\/www.sisinternational.com\/wp-content\/uploads\/2025\/08\/DNA-genomics-genetics-3.jpg\" srcset=\"https:\/\/www.sisinternational.com\/wp-content\/uploads\/2025\/08\/DNA-genomics-genetics-3.jpg 1456w, https:\/\/www.sisinternational.com\/wp-content\/uploads\/2025\/08\/DNA-genomics-genetics-3-300x168.jpg 300w, https:\/\/www.sisinternational.com\/wp-content\/uploads\/2025\/08\/DNA-genomics-genetics-3-1024x574.jpg 1024w, https:\/\/www.sisinternational.com\/wp-content\/uploads\/2025\/08\/DNA-genomics-genetics-3-768x430.jpg 768w, https:\/\/www.sisinternational.com\/wp-content\/uploads\/2025\/08\/DNA-genomics-genetics-3-18x10.jpg 18w\" sizes=\"auto, (max-width: 1456px) 100vw, 1456px\" alt=\"Investigaci\u00f3n y estrategia de mercado internacional de SIS\"><\/figure>\n\n\n\n<p><\/p>\n\n\n\n<hr class=\"wp-block-separator has-alpha-channel-opacity is-style-dots\"\/>\n\n\n\n<h2 class=\"wp-block-heading p3\">\u00bfQu\u00e9 es el ARNm?<\/h2>\n\n\n\n<p class=\"p4\">Los ARN mensajeros, tambi\u00e9n conocidos como ARNm, son mol\u00e9culas que existen desde hace a\u00f1os. El aumento de la pandemia de COVID-19 impuls\u00f3 este nuevo tipo de investigaci\u00f3n a la vanguardia. Diariamente, los investigadores buscan nuevas formas de crear vacunas. Las vacunas entrenan al cuerpo para reconocer un virus y una bacteria. Tambi\u00e9n le ense\u00f1a al cuerpo a responder a las prote\u00ednas que contiene.<span class=\"Apple-converted-space\">&nbsp;<\/span><\/p>\n\n\n\n<p class=\"p4\">El ARNm es un tipo de ARN que hace que otras c\u00e9lulas produzcan prote\u00ednas en el cuerpo humano. Las prote\u00ednas imitan el comportamiento del virus COVID-19. El prop\u00f3sito de las vacunas de ARNm es entrenar el sistema inmunol\u00f3gico de una persona para que reaccione ante un germen. Entonces, una vez que el cuerpo de una persona se expone al virus COVID-19, se preparar\u00e1 para combatirlo.<span class=\"Apple-converted-space\">&nbsp;<\/span><\/p>\n\n\n\n<h2 class=\"wp-block-heading p3\">\u00bfPor qu\u00e9 es importante la investigaci\u00f3n de mercado de ARNm?<\/h2>\n\n\n\n<p class=\"p4\">Diariamente, el n\u00famero de casos de COVID-19 sigue aumentando. Adem\u00e1s, el n\u00famero de cepas mutadas, como Delta y Omicron, ha mostrado un r\u00e1pido aumento. Y debido a esto, los cient\u00edficos est\u00e1n llevando a cabo investigaciones sobre el ARNm para combatir el virus. Adem\u00e1s del virus COVID-19, los cient\u00edficos pretenden utilizar ARNm para tratar el c\u00e1ncer, la malaria y la gripe. Tambi\u00e9n planean utilizar ARNm para tratar enfermedades gen\u00e9ticas raras, como la influenza, el Zika, la malaria y la rabia. Adem\u00e1s, est\u00e1n superando sus l\u00edmites porque desean desarrollar vacunas contra el VIH y las c\u00e9lulas falciformes.<span class=\"Apple-converted-space\">&nbsp;<\/span><\/p>\n\n\n\n<p class=\"p4\">Como siempre decimos, \u201cla salud es riqueza\u201d. Por tanto, una sociedad sana fomenta el crecimiento y la producci\u00f3n. Pero una comunidad insalubre desencadena enfermedades graves y problemas en la econom\u00eda. A su vez, esto acorta la esperanza de vida de las personas. Como resultado, los gobiernos de todo el mundo est\u00e1n haciendo todo lo posible para combatir la propagaci\u00f3n de virus. Esta necesidad de luchar contra la propagaci\u00f3n es la raz\u00f3n por la que la investigaci\u00f3n de mercado de ARNm es esencial. Las personas deben sentirse c\u00f3modas con lo que ponen en sus cuerpos. Y los cient\u00edficos deben educar al p\u00fablico sobre los pros y los contras de las vacunas. La responsabilidad de decidir si se vacunar\u00e1 o no recae en la persona. Las vacunas ayudan a reducir el riesgo de que una persona contraiga y propague virus.<\/p>\n\n\n\n<h2 class=\"wp-block-heading p3\">T\u00edtulos de trabajo clave<span class=\"Apple-converted-space\">&nbsp;<\/span><\/h2>\n\n\n\n<p class=\"p4\">\u2022 Investigadores<\/p>\n\n\n\n<p class=\"p4\">\u2022 Cient\u00edficos<\/p>\n\n\n\n<p class=\"p4\">\u2022 Microbi\u00f3logo<\/p>\n\n\n\n<p class=\"p4\">\u2022 Especialista en vacunas<\/p>\n\n\n\n<p class=\"p4\">\u2022 Voluntario de ensayos cl\u00ednicos<\/p>\n\n\n\n<h2 class=\"wp-block-heading p3\">Por qu\u00e9 las empresas necesitan una investigaci\u00f3n de mercado de ARNm<\/h2>\n\n\n\n<p class=\"p4\">Las vacunas tradicionales tardaron mucho m\u00e1s en desarrollarse. Pero ahora, las empresas pueden crear vacunas en un corto per\u00edodo gracias a la tecnolog\u00eda avanzada. Actualmente, la vacuna de ARNm est\u00e1 ganando mucha atenci\u00f3n. La vacuna impresion\u00f3 a las empresas por su tiempo de respuesta, velocidad de producci\u00f3n y ahorro de costos. Adem\u00e1s, es \u00fanico y de gran inter\u00e9s para los desarrolladores de vacunas.<\/p>\n\n\n\n<h3 class=\"wp-block-heading p3\">Factores claves del \u00e9xito<\/h3>\n\n\n\n<p class=\"p4\">mRNA vaccines are now recognized and accepted. Many companies approved such vaccines and are <a href=\"https:\/\/www.sisinternational.com\/es\/soluciones\/investigacion-de-consultoria-estrategica-fintech\/investigacion-de-mercados-de-inversion-y-fondos-de-cobertura\/\" title=\"Investigaci\u00f3n de mercados de inversiones y fondos de cobertura\"  data-wpil-monitor-id=\"8441\">investing and funding<\/a> the donors. As such, vaccine creators will keep the mRNA vaccine on the shelf.<\/p>\n\n\n\n<p class=\"p4\">Moreover, compared to traditional medicines, mRNA vaccines are more effective, advanced, and cost-effective. The delivery of the mRNA vaccine is creating a <a href=\"https:\/\/www.sisinternational.com\/es\/soluciones\/soluciones-de-branding-e-investigacion-de-clientes\/investigacion-de-mercado-posicionamiento-de-marca\/\" title=\"Investigaci\u00f3n de Mercado de Posicionamiento de Marca\"  data-wpil-monitor-id=\"8440\">positive outlook on the market<\/a>. In conclusion, the mRNA vaccine helps with improving the healthcare system.<\/p>\n\n\n\n<h2 class=\"wp-block-heading p3\">Acerca de la investigaci\u00f3n de mercado de ARNm<\/h2>\n\n\n\n<p class=\"p4\">Mucha gente espera volver a un estado de normalidad. Sin embargo, los cient\u00edficos predicen que la pandemia de COVID-19 seguir\u00e1 coexistiendo con los humanos. La gente debe aceptar el hecho de que el COVID-19 \u201clleg\u00f3 para quedarse\u201d. Por lo tanto, deber\u00e1n cumplir con las siguientes medidas y protocolos: \u2013<\/p>\n\n\n\n<p class=\"p4\">\u2022 Aceptaci\u00f3n de vacunas<\/p>\n\n\n\n<p class=\"p4\">\u2022 Uso frecuente de desinfectantes<\/p>\n\n\n\n<p class=\"p4\">\u2022 El uso de m\u00e1scaras<\/p>\n\n\n\n<p class=\"p4\">\u2022 Pruebas, una vez expuesto o comprometido por el virus<\/p>\n\n\n\n<p class=\"p4\">Our tools can help to flatten the COVID-19 curve. We provide <a href=\"https:\/\/www.sisinternational.com\/es\/cobertura\/europa\/quantitative-research-in-london\/\" title=\"Quantitative Research in London\"  data-wpil-monitor-id=\"8439\">Investigaci\u00f3n cuantitativa y cualitativa<\/a> services and also surveys and interviews. <a href=\"https:\/\/www.sisinternational.com\/es\/soluciones\/investigacion-de-mercado-de-grupo-focal\/\" title=\"Investigaci\u00f3n de mercado con grupos focales\"  data-wpil-monitor-id=\"8438\">Focus groups and Strategy Research<\/a> are also a part of our package. Contact us now for more info!<\/p>\n\n\n\n<p><\/p>","protected":false},"excerpt":{"rendered":"<p>Los investigadores est\u00e1n descubriendo nuevas formas de crear vacunas de ARNm. Las vacunas condicionan al cuerpo para reconocer virus y bacterias y responder a las prote\u00ednas.<\/p>","protected":false},"author":1,"featured_media":63645,"parent":14514,"menu_order":102,"comment_status":"closed","ping_status":"closed","template":"","meta":{"footnotes":""},"class_list":["post-39820","page","type-page","status-publish","has-post-thumbnail"],"_links":{"self":[{"href":"https:\/\/www.sisinternational.com\/es\/wp-json\/wp\/v2\/pages\/39820","targetHints":{"allow":["GET"]}}],"collection":[{"href":"https:\/\/www.sisinternational.com\/es\/wp-json\/wp\/v2\/pages"}],"about":[{"href":"https:\/\/www.sisinternational.com\/es\/wp-json\/wp\/v2\/types\/page"}],"author":[{"embeddable":true,"href":"https:\/\/www.sisinternational.com\/es\/wp-json\/wp\/v2\/users\/1"}],"replies":[{"embeddable":true,"href":"https:\/\/www.sisinternational.com\/es\/wp-json\/wp\/v2\/comments?post=39820"}],"version-history":[{"count":4,"href":"https:\/\/www.sisinternational.com\/es\/wp-json\/wp\/v2\/pages\/39820\/revisions"}],"predecessor-version":[{"id":81415,"href":"https:\/\/www.sisinternational.com\/es\/wp-json\/wp\/v2\/pages\/39820\/revisions\/81415"}],"up":[{"embeddable":true,"href":"https:\/\/www.sisinternational.com\/es\/wp-json\/wp\/v2\/pages\/14514"}],"wp:featuredmedia":[{"embeddable":true,"href":"https:\/\/www.sisinternational.com\/es\/wp-json\/wp\/v2\/media\/63645"}],"wp:attachment":[{"href":"https:\/\/www.sisinternational.com\/es\/wp-json\/wp\/v2\/media?parent=39820"}],"curies":[{"name":"wp","href":"https:\/\/api.w.org\/{rel}","templated":true}]}}