{"id":39815,"date":"2022-01-28T18:52:57","date_gmt":"2022-01-28T18:52:57","guid":{"rendered":"https:\/\/www.sisinternational.com\/?page_id=39815"},"modified":"2026-01-26T16:54:15","modified_gmt":"2026-01-26T21:54:15","slug":"investigacion-de-mercado-de-biologia","status":"publish","type":"page","link":"https:\/\/www.sisinternational.com\/es\/pericia\/investigacion-de-mercado-de-biologia\/","title":{"rendered":"Investigaci\u00f3n de mercado de biolog\u00eda"},"content":{"rendered":"<h1 class=\"wp-block-heading p1\"><span class=\"s1\">Investigaci\u00f3n de mercado de biolog\u00eda<\/span><\/h1>\n\n\n\n<figure class=\"gb-block-image gb-block-image-f720d27e\"><img loading=\"lazy\" decoding=\"async\" width=\"1456\" height=\"816\" class=\"gb-image gb-image-f720d27e\" src=\"https:\/\/www.sisinternational.com\/wp-content\/uploads\/2025\/08\/Hospitan-urgent-care-7.jpg\" alt=\"Investigaci\u00f3n y estrategia de mercado internacional de SIS\" title=\"Hospita\u00f1 urgent care (7)\" srcset=\"https:\/\/www.sisinternational.com\/wp-content\/uploads\/2025\/08\/Hospitan-urgent-care-7.jpg 1456w, https:\/\/www.sisinternational.com\/wp-content\/uploads\/2025\/08\/Hospitan-urgent-care-7-300x168.jpg 300w, https:\/\/www.sisinternational.com\/wp-content\/uploads\/2025\/08\/Hospitan-urgent-care-7-1024x574.jpg 1024w, https:\/\/www.sisinternational.com\/wp-content\/uploads\/2025\/08\/Hospitan-urgent-care-7-768x430.jpg 768w, https:\/\/www.sisinternational.com\/wp-content\/uploads\/2025\/08\/Hospitan-urgent-care-7-18x10.jpg 18w\" sizes=\"auto, (max-width: 1456px) 100vw, 1456px\"><\/figure>\n\n\n\n<p><\/p>\n\n\n\n<p class=\"p2\">La biolog\u00eda se ocupa de los seres vivos y sus procesos vitales. Otra definici\u00f3n podr\u00eda ser el estudio de la vida. \u201cBiolog\u00eda\u201d proviene de la palabra griega bios, que significa vida, y tambi\u00e9n logos, que significa estudio. Este prefijo y sufijo forman la palabra que hoy conocemos. Los seres vivos, en este caso, incluyen criaturas con una sola c\u00e9lula, como bacterias y hongos.<\/p>\n\n\n\n<p class=\"p2\">This field is a natural science with a wide range of topics. Yet, it has several further themes. It covers conservation, ecology, evolution, genetics, marine biology, and more. Another <a href=\"https:\/\/www.sisinternational.com\/es\/cobertura\/las-americas\/cobertura-de-estados-unidos\/investigacion-de-mercado-de-key-west-florida\/\" title=\"Investigaci\u00f3n de mercado de Cayo Hueso, Florida\"  data-wpil-monitor-id=\"9368\">key point is that research<\/a> now deals with the everyday habits of living things and their reactions towards cross disciplines.<\/p>\n\n\n\n<h2 class=\"wp-block-heading p3\">\u00bfPor qu\u00e9 es importante la biolog\u00eda?<\/h2>\n\n\n\n<p class=\"p2\">Este campo ayuda a mejorar la vida de los seres vivos. Adem\u00e1s, este campo nos ayuda a comprender el mundo vivo y c\u00f3mo se comporta y crece. De hecho, todo el personal m\u00e9dico, incluidos los m\u00e9dicos y enfermeras, debe estudiar en esta \u00e1rea. As\u00ed es como aprenden a ayudar a los animales y a los humanos. Es esencial aprender todo sobre las funciones internas del cuerpo. La biolog\u00eda nos habla de los \u00f3rganos, la sangre, la reproducci\u00f3n, el desarrollo y las enfermedades. Necesitamos este conocimiento para encontrar curas y realizar m\u00e1s investigaciones. A medida que este campo crezca, la calidad de la vida cotidiana tambi\u00e9n mejorar\u00e1.<\/p>\n\n\n\n<p class=\"p2\">Without biology, we would not understand how diseases and cells mesh. Moreover, without <a href=\"https:\/\/www.sisinternational.com\/es\/soluciones\/soluciones-de-investigacion-cualitativa-cuantitativa\/investigacion-de-mercado-de-servicios-de-campo\/\" title=\"Investigaci\u00f3n de mercado de servicios de campo\"  data-wpil-monitor-id=\"9367\">research in this field<\/a>, we would have relied on vague ideas of how plants and animals work. We wouldn\u2019t know how cells and bacteria work, so we would use outdated approaches to cure disease.<\/p>\n\n\n\n<h2 class=\"wp-block-heading p3\">T\u00edtulos de trabajo clave<\/h2>\n\n\n\n<h3 class=\"wp-block-heading p2\">Algunos trabajos que las personas pueden realizar con un t\u00edtulo en este campo:<\/h3>\n\n\n\n<ul class=\"wp-block-list ul1\">\n<li>Investigador cient\u00edfico<\/li>\n\n\n\n<li>Farmac\u00f3logo<\/li>\n\n\n\n<li>Bi\u00f3logo<\/li>\n\n\n\n<li>Oficial de conservaci\u00f3n de la naturaleza<\/li>\n\n\n\n<li>trabajador de agencia gubernamental<\/li>\n<\/ul>\n\n\n\n<p class=\"p2\">La lista contin\u00faa porque la biolog\u00eda es una de las materias m\u00e1s amplias que se pueden estudiar. La biolog\u00eda abarca desde el proceso de la vida hasta el estudio de la vida animal y vegetal. A su vez, est\u00e1n surgiendo nuevos empleos y, adem\u00e1s, los empleos ahora est\u00e1n mejorando.<\/p>\n\n\n\n<h2 class=\"wp-block-heading p3\">Por qu\u00e9 las empresas necesitan una investigaci\u00f3n de mercado en biolog\u00eda<\/h2>\n\n\n\n<p class=\"p2\">Biology, at its core, is a set of critical and necessary processes. In a way, it\u2019s like business processes. We can even build companies based on the basic principles of biology. At least, we can <a href=\"https:\/\/www.sisinternational.com\/es\/pericia\/industrias\/investigacion-de-mercado-de-ferreteria\/\" title=\"Investigaci\u00f3n de mercado de ferreter\u00eda y mejoras para el hogar\"  data-wpil-monitor-id=\"9366\">improve several areas by the research<\/a> done in this field. Examples are contact systems, resource management, culture, and electing.<\/p>\n\n\n\n<p class=\"p2\"><a href=\"https:\/\/www.sisinternational.com\/es\/publicaciones\/exportacion-del-mercado-medio-japones\/\" title=\"Hacer crecer su negocio en Jap\u00f3n\"  data-wpil-monitor-id=\"9364\">Businesses are also constantly growing<\/a>. By the same token, new biotech businesses are starting up, and <a href=\"https:\/\/www.sisinternational.com\/es\/soluciones\/soluciones-de-branding-e-investigacion-de-clientes\/investigacion-de-mercado-de-descubrimiento-de-clientes\/\" title=\"Investigaci\u00f3n de mercado de descubrimiento de clientes\"  data-wpil-monitor-id=\"9365\">research on drug discovery<\/a> is improving. Market <a href=\"https:\/\/www.sisinternational.com\/es\/pericia\/industrias\/investigacion-de-mercado-de-intencion-del-comprador\/\" title=\"Investigaci\u00f3n de mercado de intenci\u00f3n del comprador\"  data-wpil-monitor-id=\"6265\">Investigaci\u00f3n<\/a> can help companies to find buyers for their products. It takes the guesswork out of buying and selling.<\/p>\n\n\n\n<h2 class=\"wp-block-heading p3\">Factores claves del \u00e9xito<\/h2>\n\n\n\n<p class=\"p2\">Success factors are required for a <a href=\"https:\/\/www.sisinternational.com\/es\/soluciones\/consultoria-de-hosteleria-y-turismo-en-viajes\/investigacion-de-mercado-de-la-empresa-de-guias-turisticos\/\" title=\"Investigaci\u00f3n de mercado de la empresa de gu\u00edas tur\u00edsticos\"  data-wpil-monitor-id=\"9363\">company to compete in the target market<\/a>. They are also known as strategic postures. In simpler terms, it is what a company must do to be successful and achieve its goal. Biology has risen above views and is succeeding in every area. It continues to grow and grow by the day. It is finding new drugs coupled with solutions to diseases and ways to improve the lives of living things.<\/p>\n\n\n\n<h3 class=\"wp-block-heading p2\">Algunos de los mejores hallazgos en la historia de la biolog\u00eda:<\/h3>\n\n\n\n<ul class=\"wp-block-list ul1\">\n<li>Herencia<\/li>\n\n\n\n<li>antibi\u00f3ticos<\/li>\n\n\n\n<li>ADN polimerasa<\/li>\n\n\n\n<li>La transcriptasa inversa<\/li>\n\n\n\n<li>La estructura del ADN.<\/li>\n\n\n\n<li>S\u00edntesis de insulina bacteriana<\/li>\n\n\n\n<li>Terapia de genes<\/li>\n\n\n\n<li>Organismos transg\u00e9nicos<\/li>\n\n\n\n<li>Tecnolog\u00eda de trasplante<\/li>\n<\/ul>\n\n\n\n<h2 class=\"wp-block-heading p3\">Acerca de la investigaci\u00f3n de mercado de biolog\u00eda<\/h2>\n\n\n\n<p class=\"p2\">Crear un buen negocio en biolog\u00eda puede ser f\u00e1cil de hacer. Nuestra empresa comprende la importancia de este campo para los seres humanos en la vida diaria. Por eso creamos grupos focales para realizar investigaciones estrat\u00e9gicas, cualitativas y cuantitativas. Adem\u00e1s, realizamos encuestas y entrevistas. Nuestro objetivo es complacerlo ayudando a que su negocio brille. Tambi\u00e9n tratamos a todos los clientes con el mismo respeto. Por favor no dude en contactarnos.<\/p>\n\n\n\n<p class=\"p4\">Esperamos con inter\u00e9s trabajar con usted.<\/p>\n\n\n\n<p><\/p>","protected":false},"excerpt":{"rendered":"<p>El campo de la Biolog\u00eda es una ciencia natural con temas integrales. Las empresas pueden mejorar varias \u00e1reas utilizando Biology Market Research. <\/p>","protected":false},"author":1,"featured_media":63574,"parent":14514,"menu_order":97,"comment_status":"closed","ping_status":"closed","template":"","meta":{"footnotes":""},"class_list":["post-39815","page","type-page","status-publish","has-post-thumbnail"],"_links":{"self":[{"href":"https:\/\/www.sisinternational.com\/es\/wp-json\/wp\/v2\/pages\/39815","targetHints":{"allow":["GET"]}}],"collection":[{"href":"https:\/\/www.sisinternational.com\/es\/wp-json\/wp\/v2\/pages"}],"about":[{"href":"https:\/\/www.sisinternational.com\/es\/wp-json\/wp\/v2\/types\/page"}],"author":[{"embeddable":true,"href":"https:\/\/www.sisinternational.com\/es\/wp-json\/wp\/v2\/users\/1"}],"replies":[{"embeddable":true,"href":"https:\/\/www.sisinternational.com\/es\/wp-json\/wp\/v2\/comments?post=39815"}],"version-history":[{"count":5,"href":"https:\/\/www.sisinternational.com\/es\/wp-json\/wp\/v2\/pages\/39815\/revisions"}],"predecessor-version":[{"id":81566,"href":"https:\/\/www.sisinternational.com\/es\/wp-json\/wp\/v2\/pages\/39815\/revisions\/81566"}],"up":[{"embeddable":true,"href":"https:\/\/www.sisinternational.com\/es\/wp-json\/wp\/v2\/pages\/14514"}],"wp:featuredmedia":[{"embeddable":true,"href":"https:\/\/www.sisinternational.com\/es\/wp-json\/wp\/v2\/media\/63574"}],"wp:attachment":[{"href":"https:\/\/www.sisinternational.com\/es\/wp-json\/wp\/v2\/media?parent=39815"}],"curies":[{"name":"wp","href":"https:\/\/api.w.org\/{rel}","templated":true}]}}