{"id":39745,"date":"2022-01-26T20:54:07","date_gmt":"2022-01-26T20:54:07","guid":{"rendered":"https:\/\/www.sisinternational.com\/?page_id=39745"},"modified":"2025-09-23T22:06:51","modified_gmt":"2025-09-24T02:06:51","slug":"analisis-multivariado-investigacion-de-mercado","status":"publish","type":"page","link":"https:\/\/www.sisinternational.com\/es\/pericia\/analisis-multivariado-investigacion-de-mercado\/","title":{"rendered":"An\u00e1lisis Multivariado Investigaci\u00f3n de Mercado"},"content":{"rendered":"<h1 class=\"wp-block-heading p1\"><span class=\"s1\">An\u00e1lisis Multivariado Investigaci\u00f3n de Mercado<\/span><\/h1>\n\n\n\n<figure class=\"gb-block-image gb-block-image-92735762\"><img loading=\"lazy\" decoding=\"async\" width=\"1456\" height=\"816\" class=\"gb-image gb-image-92735762\" src=\"https:\/\/www.sisinternational.com\/wp-content\/uploads\/2025\/08\/Strategy-consulting-10.jpg\" alt=\"Investigaci\u00f3n y estrategia de mercado internacional de SIS\" title=\"Strategy consulting (10)\" srcset=\"https:\/\/www.sisinternational.com\/wp-content\/uploads\/2025\/08\/Strategy-consulting-10.jpg 1456w, https:\/\/www.sisinternational.com\/wp-content\/uploads\/2025\/08\/Strategy-consulting-10-300x168.jpg 300w, https:\/\/www.sisinternational.com\/wp-content\/uploads\/2025\/08\/Strategy-consulting-10-1024x574.jpg 1024w, https:\/\/www.sisinternational.com\/wp-content\/uploads\/2025\/08\/Strategy-consulting-10-768x430.jpg 768w, https:\/\/www.sisinternational.com\/wp-content\/uploads\/2025\/08\/Strategy-consulting-10-18x10.jpg 18w\" sizes=\"auto, (max-width: 1456px) 100vw, 1456px\"><\/figure>\n\n\n\n<p><\/p>\n\n\n\n<hr class=\"wp-block-separator has-alpha-channel-opacity is-style-dots\"\/>\n\n\n\n<p class=\"p2\">El an\u00e1lisis multivariado estudia m\u00e1s de dos variables para encontrar posibles v\u00ednculos entre ellas. Ayuda a los especialistas en marketing a comprender los diferentes resultados. Tambi\u00e9n vincula cada una de las diversas formas de investigaci\u00f3n.<\/p>\n\n\n\n<p class=\"p2\">Utilizar el an\u00e1lisis para resolver un problema puede implicar varios tipos de an\u00e1lisis multivariado. Tambi\u00e9n puede implicar otros estudios para ver la relaci\u00f3n entre variables y c\u00f3mo se conectan con el problema.<\/p>\n\n\n\n<p class=\"p2\">This form of <a href=\"https:\/\/www.sisinternational.com\/es\/sis-application-of-quantitative-data-analytics-to-sensory-testing\/\" title=\"SIS Application of Quantitative Data Analytics to Sensory Testing\"  data-wpil-monitor-id=\"7974\">testing studies more hard data<\/a> sets than any other analysis could manage. Researchers tend to use software to do this type of <a href=\"https:\/\/www.sisinternational.com\/es\/dia-mundial-del-autismo\/\" title=\"Estudios de investigaci\u00f3n de mercado del autismo\"  data-wpil-monitor-id=\"7976\">estudiar<\/a> as it dealing with so much data by hand can be a bit much.<\/p>\n\n\n\n<p class=\"p2\">Este estudio puede resultar dif\u00edcil en ocasiones y tambi\u00e9n dif\u00edcil de resolver. A\u00fan as\u00ed, se trata de lo que una persona busca. Esta dificultad a veces causa un problema y ralentiza el progreso. Este resultado podr\u00eda significar que los resultados pueden no tener significado debido a errores.<\/p>\n\n\n\n<h2 class=\"wp-block-heading p3\">\u00bfPor qu\u00e9 es importante el an\u00e1lisis multivariado?<\/h2>\n\n\n\n<p class=\"p2\">El an\u00e1lisis es cr\u00edtico y \u00fatil. Su principal ventaja es que maneja m\u00e1s de un conjunto de variables, problemas y otros datos. A su vez, ayuda a sacar conclusiones m\u00e1s exactas. Estas soluciones son m\u00e1s realistas y correctas para tomar mejores decisiones. El estudio permite probar todas las variables juntas, en lugar de muchas respuestas.<\/p>\n\n\n\n<p class=\"p2\">Apart from that, multivariate testing is a necessary part of biostatistics. It is a valued part of public health. That is because <a href=\"https:\/\/www.sisinternational.com\/es\/que-son-las-relaciones-publicas\/\" title=\"Relaciones P\u00fablicas e Investigaci\u00f3n de Mercados\"  data-wpil-monitor-id=\"7975\">public health research<\/a> has been expanding. It is also attracting more attention. Furthermore, when people use this method, they can help explain complex problems in simple ways.<\/p>\n\n\n\n<h2 class=\"wp-block-heading p3\">T\u00edtulos de trabajo clave<\/h2>\n\n\n\n<h3 class=\"wp-block-heading p2\">Estos son algunos trabajos que utilizan el an\u00e1lisis multivariado:<\/h3>\n\n\n\n<ul class=\"wp-block-list ul1\">\n<li>analista de i-Gaming<\/li>\n\n\n\n<li>Cient\u00edficos de datos<\/li>\n\n\n\n<li>analista criminal<\/li>\n\n\n\n<li>Investigador asociado<\/li>\n\n\n\n<li>analista de experiencia del cliente<\/li>\n<\/ul>\n\n\n\n<h2 class=\"wp-block-heading p3\">\u00bfPor qu\u00e9 las empresas necesitan un an\u00e1lisis multivariado?<\/h2>\n\n\n\n<p class=\"p2\">This study measures many variables and how they relate to each other. This method can help in all areas of a business. By using the correct data, a business can do many things. Also, it tests several sets at once, which saves <a href=\"https:\/\/www.sisinternational.com\/es\/soluciones\/soluciones-de-branding-e-investigacion-de-clientes\/investigacion-de-mercado-de-pruebas-de-productos\/la-mejor-empresa-de-investigacion-de-mercado-en-usabilidad\/\" title=\"Usability testing Company\"  data-wpil-monitor-id=\"7971\">companies much time compared to testing<\/a> single or only two at a time. This method finds answers to problems with more than two values.<\/p>\n\n\n\n<p class=\"p2\">Los expertos son quienes escriben las reglas del estudio. Mientras tanto, los propietarios, los directores de ventas, los directores de marketing y los inversores son los clientes. El sistema es similar al de un proveedor y un cliente.<\/p>\n\n\n\n<h3 class=\"wp-block-heading p3\">Factores claves del \u00e9xito<\/h3>\n\n\n\n<p class=\"p2\">Como se mencion\u00f3 anteriormente, la principal ventaja de este an\u00e1lisis es que aborda m\u00e1s de un factor a la vez. Puede brindarle a su empresa una mejor comprensi\u00f3n de las variables. Tambi\u00e9n ayuda a dar conclusiones adecuadas. Sin embargo, tiene muchos m\u00e1s beneficios. Cuando se hace correctamente, este an\u00e1lisis no puede anular la necesidad de realizar dos pruebas, una a la vez, con el mismo objetivo. En cambio, las pruebas se realizan en per\u00edodos m\u00e1s cortos. Adem\u00e1s, el uso de software lo hace mucho m\u00e1s f\u00e1cil.<\/p>\n\n\n\n<h2 class=\"wp-block-heading p3\">Acerca de la investigaci\u00f3n de mercado de an\u00e1lisis multivariado<\/h2>\n\n\n\n<p class=\"p4\">Using the multivariate <a href=\"https:\/\/www.sisinternational.com\/es\/soluciones\/investigacion-de-consultoria-estrategica-fintech\/analisis-costo-beneficio-investigacion-de-mercado\/\" title=\"An\u00e1lisis Costo Beneficio Investigaci\u00f3n de Mercado\"  data-wpil-monitor-id=\"7970\">analysis can benefit<\/a> businesses in many ways. One of the main benefits is gains in profit. If your company is willing to use these methods, our business is here to help. We arrange focus groups to assist in this and other areas as well. We also conduct strategic, quantitative, and qualitative research in all areas. The <a href=\"https:\/\/www.sisinternational.com\/es\/soluciones\/investigacion-de-mercado-de-grupo-focal\/\" title=\"Investigaci\u00f3n de mercado con grupos focales\"  data-wpil-monitor-id=\"7973\">groups do all the research<\/a> needed to give the best results. With the help of our team, we can help improve the choices you make in the company to increase profits. Get in touch with us. Let\u2019s start building your business today. <a href=\"https:\/\/www.sisinternational.com\/es\/predictive-analytics\/\" title=\"Predictive Analytics: Your Crystal Ball for Business Success\"  data-wpil-monitor-id=\"7972\">Success will be in your business&#8217;s<\/a> future.<\/p>\n\n\n\n<p><\/p>","protected":false},"excerpt":{"rendered":"<p>An\u00e1lisis multivariado Market Research gestiona m\u00e1s de un conjunto de variables, problemas y otros datos. Ayuda a tomar una determinaci\u00f3n m\u00e1s exacta. El uso del an\u00e1lisis multivariado beneficia a las empresas, especialmente en t\u00e9rminos de ganancias.<\/p>","protected":false},"author":1,"featured_media":62536,"parent":14514,"menu_order":94,"comment_status":"closed","ping_status":"closed","template":"","meta":{"footnotes":""},"class_list":["post-39745","page","type-page","status-publish","has-post-thumbnail"],"_links":{"self":[{"href":"https:\/\/www.sisinternational.com\/es\/wp-json\/wp\/v2\/pages\/39745","targetHints":{"allow":["GET"]}}],"collection":[{"href":"https:\/\/www.sisinternational.com\/es\/wp-json\/wp\/v2\/pages"}],"about":[{"href":"https:\/\/www.sisinternational.com\/es\/wp-json\/wp\/v2\/types\/page"}],"author":[{"embeddable":true,"href":"https:\/\/www.sisinternational.com\/es\/wp-json\/wp\/v2\/users\/1"}],"replies":[{"embeddable":true,"href":"https:\/\/www.sisinternational.com\/es\/wp-json\/wp\/v2\/comments?post=39745"}],"version-history":[{"count":4,"href":"https:\/\/www.sisinternational.com\/es\/wp-json\/wp\/v2\/pages\/39745\/revisions"}],"predecessor-version":[{"id":81344,"href":"https:\/\/www.sisinternational.com\/es\/wp-json\/wp\/v2\/pages\/39745\/revisions\/81344"}],"up":[{"embeddable":true,"href":"https:\/\/www.sisinternational.com\/es\/wp-json\/wp\/v2\/pages\/14514"}],"wp:featuredmedia":[{"embeddable":true,"href":"https:\/\/www.sisinternational.com\/es\/wp-json\/wp\/v2\/media\/62536"}],"wp:attachment":[{"href":"https:\/\/www.sisinternational.com\/es\/wp-json\/wp\/v2\/media?parent=39745"}],"curies":[{"name":"wp","href":"https:\/\/api.w.org\/{rel}","templated":true}]}}