{"id":39741,"date":"2022-01-26T20:54:58","date_gmt":"2022-01-26T20:54:58","guid":{"rendered":"https:\/\/www.sisinternational.com\/?page_id=39741"},"modified":"2026-01-25T19:37:07","modified_gmt":"2026-01-26T00:37:07","slug":"investigacion-de-mercado-de-pruebas-monadicas","status":"publish","type":"page","link":"https:\/\/www.sisinternational.com\/es\/pericia\/investigacion-de-mercado-de-pruebas-monadicas\/","title":{"rendered":"Investigaci\u00f3n de mercado de pruebas mon\u00e1dicas"},"content":{"rendered":"<h1 class=\"wp-block-heading\">Investigaci\u00f3n de mercado de pruebas mon\u00e1dicas<\/h1>\n\n\n\n<figure class=\"gb-block-image gb-block-image-3dd5f693\"><img loading=\"lazy\" decoding=\"async\" width=\"1456\" height=\"816\" class=\"gb-image gb-image-3dd5f693\" src=\"https:\/\/www.sisinternational.com\/wp-content\/uploads\/2025\/09\/Research-9.jpg\" alt=\"Investigaci\u00f3n y estrategia de mercado internacional de SIS\" title=\"Research (9)\" srcset=\"https:\/\/www.sisinternational.com\/wp-content\/uploads\/2025\/09\/Research-9.jpg 1456w, https:\/\/www.sisinternational.com\/wp-content\/uploads\/2025\/09\/Research-9-300x168.jpg 300w, https:\/\/www.sisinternational.com\/wp-content\/uploads\/2025\/09\/Research-9-1024x574.jpg 1024w, https:\/\/www.sisinternational.com\/wp-content\/uploads\/2025\/09\/Research-9-768x430.jpg 768w, https:\/\/www.sisinternational.com\/wp-content\/uploads\/2025\/09\/Research-9-18x10.jpg 18w\" sizes=\"auto, (max-width: 1456px) 100vw, 1456px\"><\/figure>\n\n\n\n<p><\/p>\n\n\n\n<hr class=\"wp-block-separator has-alpha-channel-opacity is-style-dots\"\/>\n\n\n\n<h2 class=\"wp-block-heading\">\u00bfQu\u00e9 es la investigaci\u00f3n de mercado de pruebas mon\u00e1dicas?<\/h2>\n\n\n\n<p class=\"p3\">Monadic Testing is a method of consumer testing. With this method, the respondent rates one thing by itself. In essence, it\u2019s done in isolation, separate from the influence of other choices. It is unlike comparison testing, which uses many options and respondents. Monadic Testing is suitable for <a href=\"https:\/\/www.sisinternational.com\/es\/soluciones\/soluciones-de-branding-e-investigacion-de-clientes\/investigacion-de-mercado-de-pruebas-de-productos\/new-product-concept-testing-methods\/\" title=\"New Product Concept Testing Methods\"  data-wpil-monitor-id=\"8633\">concept<\/a> testing and packing research. Areas like this need specific information that can grab a new customer\u2019s attention. Why? Because they represent the brand itself in a way. In most cases, a monadic test operates like this:<\/p>\n\n\n\n<div class=\"table-1\">\n<table width=\"100%\">\n<thead>\n<tr>\n<th align=\"left\">Grupo 1<\/th>\n<th align=\"left\">Grupo 2<\/th>\n<th align=\"left\">grupo 3<\/th>\n<\/tr>\n<\/thead>\n<tbody>\n<tr>\n<td align=\"left\">Idea 1<\/td>\n<td align=\"left\">idea 2<\/td>\n<td align=\"left\">Producto actual<\/td>\n<\/tr>\n<\/tbody>\n<\/table>\n<\/div>\n\n\n\n<p class=\"p1\"><strong>La figura 1.0 muestra una prueba mon\u00e1dica.<\/strong><\/p>\n\n\n\n<p class=\"p3\">En la figura 1.0, el investigador le da a cada grupo una idea y hace preguntas para ver c\u00f3mo se sienten acerca de la idea. Un grupo de control tambi\u00e9n sirve como punto de referencia para medir los cambios. Luego, cuando hacen la prueba, el investigador recopila los resultados y los analiza. En esta prueba, las personas no tienen que comparar productos\/ideas\/dise\u00f1os ellos mismos. S\u00f3lo tienen que centrarse en lo que tienen delante. Y por lo tanto, sus elecciones no se ven influenciadas por los dem\u00e1s productos que existen.<\/p>\n\n\n\n<h2 class=\"wp-block-heading p2\"><b>\u00bfPor qu\u00e9 es importante la investigaci\u00f3n de mercado de pruebas mon\u00e1dicas?<\/b><\/h2>\n\n\n\n<p class=\"p3\">The main advantage of the monadic test is that it can realistically measure the appeal of a product or service. In other words, it gets an accurate opinion of the potential customers. Even better, it does so without outside influences. Monadic tests are essential to get a more realistic view of <a href=\"https:\/\/www.sisinternational.com\/es\/pericia\/industrias\/alimentos-bebidas-voz-del-cliente-investigacion-de-mercado\/\" title=\"Investigaci\u00f3n de Mercado de la Voz del Cliente de Alimentos y Bebidas\"  data-wpil-monitor-id=\"8634\">customers\u2019 choices in the market<\/a>. In contrast, a comparison test usually provides information that lacks context. Thus, it is less valuable. When doing market research, getting the most accurate information is crucial.<\/p>\n\n\n\n<p class=\"p3\">To summarize, the better the info, the better the insights. And the better the insights, the better the predictions. <a href=\"https:\/\/www.sisinternational.com\/es\/pericia\/industrias\/director-de-informacion-cio-investigacion-de-mercado\/\" title=\"Director de Informaci\u00f3n (CIO) Investigaci\u00f3n de Mercado\"  data-wpil-monitor-id=\"8632\">Market research seeks to produce accurate information<\/a> with practical application. And you can\u2019t do that if your methods lack depth.<\/p>\n\n\n\n<h2 class=\"wp-block-heading p2\"><b>T\u00edtulos de trabajo clave<\/b><\/h2>\n\n\n\n<h3 class=\"wp-block-heading p3\">Algunos trabajos notables incluyen:<\/h3>\n\n\n\n<ul class=\"wp-block-list ul1\">\n<li>Analista de Investigaci\u00f3n de Mercado<\/li>\n\n\n\n<li>analista de investigaci\u00f3n de datos<\/li>\n\n\n\n<li>Analista de producto<\/li>\n<\/ul>\n\n\n\n<h2 class=\"wp-block-heading p2\"><b>Por qu\u00e9 las empresas necesitan una investigaci\u00f3n de mercado de pruebas mon\u00e1dicas<\/b><\/h2>\n\n\n\n<p class=\"p3\">One of the main things to note when running a business is efficiency. You have to make sure you\u2019re getting the most bang for your buck. You have to look at it spending-wise and consider the time and effort spent on your new projects. <a href=\"https:\/\/www.sisinternational.com\/es\/pericia\/industrias\/investigacion-de-mercado-monadica-versus-secuencial\/\" title=\"Investigaci\u00f3n de mercado mon\u00e1dica versus secuencial\"  data-wpil-monitor-id=\"5815\">Monadic Testing<\/a> is an excellent way of getting more in-depth and valuable info for your market research. Furthermore, monadic tests need fewer people to run, saving time and money.<\/p>\n\n\n\n<h3 class=\"wp-block-heading p2\"><b>Factores claves del \u00e9xito<\/b><\/h3>\n\n\n\n<p class=\"p3\">Si bien tener un toque humano siempre es importante, no utilizar las nuevas herramientas a nuestra disposici\u00f3n ser\u00eda un desperdicio. Los algoritmos le permiten ejecutar miles de conjuntos de datos. Le ahorran meses de su tiempo de investigaci\u00f3n. En esencia, un enfoque m\u00e1s basado en software acelera la investigaci\u00f3n de mercado.<\/p>\n\n\n\n<p class=\"p3\">So, one solution is to use other <a href=\"https:\/\/www.sisinternational.com\/es\/estudios-de-caso\/\" title=\"Casos pr\u00e1cticos\"  data-wpil-monitor-id=\"8629\">market research studies<\/a> and learn from them. Many businesses use <a href=\"https:\/\/www.sisinternational.com\/es\/soluciones\/prueba-de-sabor\/investigacion-de-mercado-de-pruebas-de-sabor-monadico\/\" title=\"Investigaci\u00f3n de mercado de pruebas de sabor mon\u00e1dico\"  data-wpil-monitor-id=\"8630\">monadic market research<\/a> to help fine-tune their operations. Some of this information is available online and is easy to access. While it\u2019s best to do your <a href=\"https:\/\/www.sisinternational.com\/es\/pericia\/industrias\/investigacion-de-mercado-de-datos-de-formacion\/\" title=\"Investigaci\u00f3n de mercado de datos de formaci\u00f3n\"  data-wpil-monitor-id=\"8631\">market research for the kind of data<\/a> most relevant to your needs, it doesn\u2019t hurt to read up.<\/p>\n\n\n\n<p class=\"p3\">It is worth noting that people\u2019s choices can influence results. So, for Monadic Testing, researchers show them different scenarios. For example, a person who starts the <a href=\"https:\/\/www.sisinternational.com\/es\/soluciones\/soluciones-de-branding-e-investigacion-de-clientes\/investigacion-de-mercado-de-pruebas-de-productos\/\" title=\"Investigaci\u00f3n de mercado de pruebas de productos\"  data-wpil-monitor-id=\"8635\">test with a product<\/a> design they like may give the ones that come after a lower score. If the <a href=\"https:\/\/www.sisinternational.com\/es\/soluciones\/soluciones-de-investigacion-cualitativa-cuantitativa\/empresas-de-diseno-de-estudios-de-mercado\/\" title=\"Empresa de investigaci\u00f3n de dise\u00f1o\"  data-wpil-monitor-id=\"8636\">researcher only showed people each design<\/a> without prior knowledge, that wouldn\u2019t happen. They would give a more accurate representation of a new consumer. So, it\u2019s essential to make a note of that.<\/p>\n\n\n\n<h2 class=\"wp-block-heading p2\"><b>Acerca de la investigaci\u00f3n de mercado de pruebas mon\u00e1dicas<\/b><\/h2>\n\n\n\n<p class=\"p4\">Los investigadores utilizan pruebas mon\u00e1dicas en estudios de precios. Utilizan investigaci\u00f3n tanto cualitativa como cuantitativa en sus pruebas. Tambi\u00e9n es bueno aumentar su conjunto de datos incorporando grupos focales y encuestas. Las entrevistas son otra gran herramienta para incorporar a su proceso. Estos tambi\u00e9n pueden ayudar a llenar los espacios en blanco y brindar mejores \u201cideas\u201d.<\/p>\n\n\n\n<p><\/p>","protected":false},"excerpt":{"rendered":"<p> Monadic Testing es apropiado para pruebas de conceptos e investigaci\u00f3n de empaques. Monadic Testing es una forma ideal para que su empresa obtenga informaci\u00f3n m\u00e1s detallada y pr\u00e1ctica para su investigaci\u00f3n de mercado y mejore su operaci\u00f3n. <\/p>","protected":false},"author":1,"featured_media":69505,"parent":14514,"menu_order":95,"comment_status":"closed","ping_status":"closed","template":"","meta":{"footnotes":""},"class_list":["post-39741","page","type-page","status-publish","has-post-thumbnail"],"_links":{"self":[{"href":"https:\/\/www.sisinternational.com\/es\/wp-json\/wp\/v2\/pages\/39741","targetHints":{"allow":["GET"]}}],"collection":[{"href":"https:\/\/www.sisinternational.com\/es\/wp-json\/wp\/v2\/pages"}],"about":[{"href":"https:\/\/www.sisinternational.com\/es\/wp-json\/wp\/v2\/types\/page"}],"author":[{"embeddable":true,"href":"https:\/\/www.sisinternational.com\/es\/wp-json\/wp\/v2\/users\/1"}],"replies":[{"embeddable":true,"href":"https:\/\/www.sisinternational.com\/es\/wp-json\/wp\/v2\/comments?post=39741"}],"version-history":[{"count":5,"href":"https:\/\/www.sisinternational.com\/es\/wp-json\/wp\/v2\/pages\/39741\/revisions"}],"predecessor-version":[{"id":81447,"href":"https:\/\/www.sisinternational.com\/es\/wp-json\/wp\/v2\/pages\/39741\/revisions\/81447"}],"up":[{"embeddable":true,"href":"https:\/\/www.sisinternational.com\/es\/wp-json\/wp\/v2\/pages\/14514"}],"wp:featuredmedia":[{"embeddable":true,"href":"https:\/\/www.sisinternational.com\/es\/wp-json\/wp\/v2\/media\/69505"}],"wp:attachment":[{"href":"https:\/\/www.sisinternational.com\/es\/wp-json\/wp\/v2\/media?parent=39741"}],"curies":[{"name":"wp","href":"https:\/\/api.w.org\/{rel}","templated":true}]}}