{"id":39736,"date":"2022-01-26T20:57:21","date_gmt":"2022-01-26T20:57:21","guid":{"rendered":"https:\/\/www.sisinternational.com\/?page_id=39736"},"modified":"2025-09-23T22:33:34","modified_gmt":"2025-09-24T02:33:34","slug":"investigacion-de-mercado-botanica","status":"publish","type":"page","link":"https:\/\/www.sisinternational.com\/es\/pericia\/investigacion-de-mercado-botanica\/","title":{"rendered":"Investigaci\u00f3n de mercado de bot\u00e1nica"},"content":{"rendered":"<h1 class=\"wp-block-heading p1\"><span class=\"s1\">Investigaci\u00f3n de mercado de bot\u00e1nica<\/span><\/h1>\n\n\n\n<figure class=\"gb-block-image gb-block-image-b86c8209\"><img loading=\"lazy\" decoding=\"async\" width=\"1456\" height=\"816\" class=\"gb-image gb-image-b86c8209\" src=\"https:\/\/www.sisinternational.com\/wp-content\/uploads\/2025\/09\/Botany-3.jpg\" alt=\"Investigaci\u00f3n y estrategia de mercado internacional de SIS\" title=\"Botany (3)\" srcset=\"https:\/\/www.sisinternational.com\/wp-content\/uploads\/2025\/09\/Botany-3.jpg 1456w, https:\/\/www.sisinternational.com\/wp-content\/uploads\/2025\/09\/Botany-3-300x168.jpg 300w, https:\/\/www.sisinternational.com\/wp-content\/uploads\/2025\/09\/Botany-3-1024x574.jpg 1024w, https:\/\/www.sisinternational.com\/wp-content\/uploads\/2025\/09\/Botany-3-768x430.jpg 768w, https:\/\/www.sisinternational.com\/wp-content\/uploads\/2025\/09\/Botany-3-18x10.jpg 18w\" sizes=\"auto, (max-width: 1456px) 100vw, 1456px\"><\/figure>\n\n\n\n<p><\/p>\n\n\n\n<hr class=\"wp-block-separator has-alpha-channel-opacity is-style-dots\"\/>\n\n\n\n<p>&nbsp;<\/p>\n\n\n\n<h2 class=\"wp-block-heading p3\">\u00bfQu\u00e9 es la bot\u00e1nica?<\/h2>\n\n\n\n<p class=\"p4\">Las plantas est\u00e1n a nuestro alrededor. Todos sabemos que son esenciales. Nos proporcionan alimento y ox\u00edgeno. Incluso ayudan en la lucha contra el cambio clim\u00e1tico. Debido a su importancia, cuanto m\u00e1s sepamos sobre las plantas, mejor. La bot\u00e1nica, en t\u00e9rminos simples, es la ciencia de las plantas. Se trata de adquirir conocimientos sobre c\u00f3mo las plantas hacen lo que hacen. Incluso cubre c\u00f3mo algunas cosas pueden mejorar para la plantaci\u00f3n y los subproductos de las plantas. La bot\u00e1nica tambi\u00e9n incluye la gen\u00e9tica y c\u00f3mo este campo emergente puede ayudar a resolver algunos de los problemas que enfrentamos. Por ejemplo, algunas plantas pueden ser propensas a enfermedades molestas. La bot\u00e1nica entonces encontrar\u00eda una manera de cambiar los cultivos para resistir estas enfermedades.<\/p>\n\n\n\n<h2 class=\"wp-block-heading\">\u00bfPor qu\u00e9 es importante la bot\u00e1nica?<\/h2>\n\n\n\n<p class=\"p4\">Todo el reino animal depende de las plantas para vivir y, en algunos casos, son su \u00fanica fuente de alimento y refugio. En cualquier caso, las plantas proporcionan m\u00e1s que alimento. Los humanos usan plantas para construir casas e incluso para sostener l\u00edneas el\u00e9ctricas. Muchos medicamentos que salvan vidas provienen de todas partes de diferentes plantas. Incluso utilizamos plantas con fines est\u00e9ticos y terap\u00e9uticos. Por supuesto, no podemos olvidar su papel crucial al proporcionarnos ox\u00edgeno y eliminar el di\u00f3xido de carbono. El estudio de las plantas es de gran alcance y muy necesario. Por ello, la bot\u00e1nica puede afectar a todas las industrias e incluso a la vida cotidiana.<\/p>\n\n\n\n<h2 class=\"wp-block-heading p3\">T\u00edtulos de trabajo clave<\/h2>\n\n\n\n<p class=\"p5\">Debido a que la bot\u00e1nica tiene una gama tan amplia de usos, personas de diversos or\u00edgenes pueden encontrar trabajo en este campo. La bot\u00e1nica, la ecolog\u00eda y la qu\u00edmica son algunas \u00e1reas relacionadas. Algunas otras \u00e1reas incluyen matem\u00e1ticas, f\u00edsica e investigaci\u00f3n.<\/p>\n\n\n\n<h3 class=\"wp-block-heading p5\">Los t\u00edtulos de trabajo clave incluyen:<\/h3>\n\n\n\n<ul class=\"wp-block-list\">\n<li>Bi\u00f3logos de vida silvestre<\/li>\n\n\n\n<li>Cient\u00edficos del suelo y las plantas<\/li>\n\n\n\n<li>bot\u00e1nicos<\/li>\n\n\n\n<li>Ecologistas vegetales<\/li>\n\n\n\n<li>Tax\u00f3nomos<\/li>\n\n\n\n<li>conservacionistas<\/li>\n\n\n\n<li>T\u00e9cnicos de investigaci\u00f3n<\/li>\n<\/ul>\n\n\n\n<h2 class=\"wp-block-heading p3\">Por qu\u00e9 las empresas necesitan la bot\u00e1nica<\/h2>\n\n\n\n<p class=\"p4\">We have already agreed that plants, and by extension botany, affects many industries. Hence, many different businesses need botany. For example, the <a href=\"https:\/\/www.sisinternational.com\/es\/pericia\/industrias\/investigacion-de-mercado-de-ingredientes-de-bebidas-alimentarias\/\" title=\"Investigaci\u00f3n de mercado de ingredientes de alimentos y bebidas\"  data-wpil-monitor-id=\"7955\">food industry benefits by finding new ingredients<\/a>, flavors, and preservatives. The construction industry can find better processes to make some materials more durable. Also, the medical industry can discover new properties of traditional and non-traditional plants. Even agriculture can benefit. It pays for agricultural experts to learn more about better care for some plants. Though we have touched on many industries here, there are many more ways that botany can apply to each one. There are even a lot more industries that botany can impact for the better.<\/p>\n\n\n\n<h3 class=\"wp-block-heading p3\">Factores claves del \u00e9xito<\/h3>\n\n\n\n<p class=\"p4\"><a href=\"https:\/\/www.sisinternational.com\/es\/top-5-benefits-of-qualitative-market-research-for-businesses\/\" title=\"Top 5 Benefits of Qualitative Market Research for Businesses\"  data-wpil-monitor-id=\"7957\">Businesses can tap into the benefits<\/a> of applying botany to their current industry. Or they can even enter the <a href=\"https:\/\/www.sisinternational.com\/es\/soluciones\/soluciones-de-investigacion-cualitativa-cuantitativa\/investigacion-de-mercado-de-servicios-de-campo\/\" title=\"Investigaci\u00f3n de mercado de servicios de campo\"  data-wpil-monitor-id=\"7956\">field of botany research<\/a> in and of itself. <a href=\"https:\/\/www.sisinternational.com\/es\/pericia\/industrias\/investigacion-de-mercado-automotriz\/investigacion-de-consumo-de-vehiculos-electricos-para-el-sector-automotor\/\" title=\"Por qu\u00e9 la investigaci\u00f3n de los consumidores en el sector automovil\u00edstico es tan importante hoy en d\u00eda con el futuro de los veh\u00edculos el\u00e9ctricos\"  data-wpil-monitor-id=\"7958\">Research is vital<\/a> no matter how you use it to benefit your business. Plants need lots of scientific research. So companies need to understand the what\u2019s, how\u2019s, and why\u2019s. Only then will they be able to provide solutions for the existing problems. Knowing the <a href=\"https:\/\/www.sisinternational.com\/es\/cobertura\/las-americas\/cobertura-de-estados-unidos\/investigacion-de-mercado-de-key-west-florida\/\" title=\"Investigaci\u00f3n de mercado de Cayo Hueso, Florida\"  data-wpil-monitor-id=\"7953\">market and its needs are also key<\/a> to guiding your company. With research comes new ideas. Being open-minded to creating things outside of the box is also something to consider. Non-traditional ways may be what your company needs to succeed using botany.<\/p>\n\n\n\n<h2 class=\"wp-block-heading p3\">Acerca de la bot\u00e1nica<\/h2>\n\n\n\n<p class=\"p6\">Botany is very important to human and animal life. The field thrives on new data and discoveries. Due to this, research is vital when it comes to botany. You can use a wide range of research types to do this. These <a href=\"https:\/\/www.sisinternational.com\/es\/how-to-design-effective-surveys-for-quantitative-research\/\" title=\"How to Design Effective Surveys for Quantitative Research\"  data-wpil-monitor-id=\"7948\">research types include quantitative<\/a>, qualitative, and strategy research. The <a href=\"https:\/\/www.sisinternational.com\/es\/quantitative-market-research-methods-and-techniques\/\" title=\"Quantitative Market Research Methods and Techniques\"  data-wpil-monitor-id=\"7951\">methods used to carry out such research<\/a> are, for example, interviews and surveys. You can also use focus groups and experiments.<\/p>\n\n\n\n<p><\/p>","protected":false},"excerpt":{"rendered":"<p>La bot\u00e1nica es la ciencia de las plantas y el campo est\u00e1 abierto a una enorme variedad de empresas e industrias. <\/p>","protected":false},"author":1,"featured_media":69922,"parent":14514,"menu_order":96,"comment_status":"closed","ping_status":"closed","template":"","meta":{"footnotes":""},"class_list":["post-39736","page","type-page","status-publish","has-post-thumbnail"],"_links":{"self":[{"href":"https:\/\/www.sisinternational.com\/es\/wp-json\/wp\/v2\/pages\/39736","targetHints":{"allow":["GET"]}}],"collection":[{"href":"https:\/\/www.sisinternational.com\/es\/wp-json\/wp\/v2\/pages"}],"about":[{"href":"https:\/\/www.sisinternational.com\/es\/wp-json\/wp\/v2\/types\/page"}],"author":[{"embeddable":true,"href":"https:\/\/www.sisinternational.com\/es\/wp-json\/wp\/v2\/users\/1"}],"replies":[{"embeddable":true,"href":"https:\/\/www.sisinternational.com\/es\/wp-json\/wp\/v2\/comments?post=39736"}],"version-history":[{"count":4,"href":"https:\/\/www.sisinternational.com\/es\/wp-json\/wp\/v2\/pages\/39736\/revisions"}],"predecessor-version":[{"id":81340,"href":"https:\/\/www.sisinternational.com\/es\/wp-json\/wp\/v2\/pages\/39736\/revisions\/81340"}],"up":[{"embeddable":true,"href":"https:\/\/www.sisinternational.com\/es\/wp-json\/wp\/v2\/pages\/14514"}],"wp:featuredmedia":[{"embeddable":true,"href":"https:\/\/www.sisinternational.com\/es\/wp-json\/wp\/v2\/media\/69922"}],"wp:attachment":[{"href":"https:\/\/www.sisinternational.com\/es\/wp-json\/wp\/v2\/media?parent=39736"}],"curies":[{"name":"wp","href":"https:\/\/api.w.org\/{rel}","templated":true}]}}