{"id":39699,"date":"2022-01-19T04:28:16","date_gmt":"2022-01-19T04:28:16","guid":{"rendered":"https:\/\/www.sisinternational.com\/?page_id=39699"},"modified":"2025-09-23T22:31:30","modified_gmt":"2025-09-24T02:31:30","slug":"investigacion-de-mercado-genetica","status":"publish","type":"page","link":"https:\/\/www.sisinternational.com\/es\/soluciones\/innovacion\/investigacion-de-mercado-genetica\/","title":{"rendered":"Investigaci\u00f3n de mercado de gen\u00e9tica"},"content":{"rendered":"<h1 class=\"wp-block-heading\">Investigaci\u00f3n de mercado de gen\u00e9tica<\/h1>\n\n\n\n<figure class=\"gb-block-image gb-block-image-1d9e735c\"><img loading=\"lazy\" decoding=\"async\" width=\"1456\" height=\"816\" class=\"gb-image gb-image-1d9e735c\" src=\"https:\/\/www.sisinternational.com\/wp-content\/uploads\/2025\/09\/DNA-Genetics-27.jpg\" alt=\"Investigaci\u00f3n y estrategia de mercado internacional de SIS\" title=\"DNA Genetics (27)\" srcset=\"https:\/\/www.sisinternational.com\/wp-content\/uploads\/2025\/09\/DNA-Genetics-27.jpg 1456w, https:\/\/www.sisinternational.com\/wp-content\/uploads\/2025\/09\/DNA-Genetics-27-300x168.jpg 300w, https:\/\/www.sisinternational.com\/wp-content\/uploads\/2025\/09\/DNA-Genetics-27-1024x574.jpg 1024w, https:\/\/www.sisinternational.com\/wp-content\/uploads\/2025\/09\/DNA-Genetics-27-768x430.jpg 768w, https:\/\/www.sisinternational.com\/wp-content\/uploads\/2025\/09\/DNA-Genetics-27-18x10.jpg 18w\" sizes=\"auto, (max-width: 1456px) 100vw, 1456px\"><\/figure>\n\n\n\n<p><\/p>\n\n\n\n<h2 class=\"wp-block-heading\">\u00bfQu\u00e9 es la gen\u00e9tica?<\/h2>\n\n\n\n<p>La gen\u00e9tica es un \u00e1rea de la biolog\u00eda que estudia todas las formas de vida. Incluye el ADN, c\u00f3mo se forman los genes y c\u00f3mo las plantas y los animales heredan esos genes. Analiza c\u00f3mo los organismos transmiten genes y rasgos de una generaci\u00f3n a otra. Los datos transportados por los genes afectan la salud y la apariencia. \u00a1Incluso afecta la personalidad!<\/p>\n\n\n\n<h2 class=\"wp-block-heading\">\u00bfPor qu\u00e9 es importante la gen\u00e9tica?<\/h2>\n\n\n\n<p>La gen\u00e9tica juega un papel muy importante en la prevenci\u00f3n de las causas de algunos trastornos. Para desarrollar el mejor tratamiento para cada dolencia, los m\u00e9dicos necesitan tener la informaci\u00f3n correcta. Adem\u00e1s, aproximadamente la mitad de la poblaci\u00f3n mundial corre el riesgo de desarrollar enfermedades cr\u00f3nicas. Por ejemplo, el c\u00e1ncer, la diabetes y los problemas card\u00edacos son grandes problemas. La gen\u00e9tica puede dar una idea de las posibilidades de contraer una enfermedad. Aprender sobre esto puede ayudar a evitar tener la enfermedad. Tambi\u00e9n puede solucionar la causa ra\u00edz para que las generaciones venideras no la contraigan. La gen\u00e9tica abre muchas puertas a posibilidades y tambi\u00e9n puede ayudar con el crecimiento de cada especie.<\/p>\n\n\n\n<h2 class=\"wp-block-heading\">T\u00edtulos de trabajo clave<\/h2>\n\n\n\n<figure class=\"gb-block-image gb-block-image-40fe0f21\"><img loading=\"lazy\" decoding=\"async\" width=\"1456\" height=\"816\" class=\"gb-image gb-image-40fe0f21\" src=\"https:\/\/www.sisinternational.com\/wp-content\/uploads\/2025\/09\/DNA-Genetics-16.jpg\" alt=\"Investigaci\u00f3n y estrategia de mercado internacional de SIS\" title=\"DNA Genetics (16)\" srcset=\"https:\/\/www.sisinternational.com\/wp-content\/uploads\/2025\/09\/DNA-Genetics-16.jpg 1456w, https:\/\/www.sisinternational.com\/wp-content\/uploads\/2025\/09\/DNA-Genetics-16-300x168.jpg 300w, https:\/\/www.sisinternational.com\/wp-content\/uploads\/2025\/09\/DNA-Genetics-16-1024x574.jpg 1024w, https:\/\/www.sisinternational.com\/wp-content\/uploads\/2025\/09\/DNA-Genetics-16-768x430.jpg 768w, https:\/\/www.sisinternational.com\/wp-content\/uploads\/2025\/09\/DNA-Genetics-16-18x10.jpg 18w\" sizes=\"auto, (max-width: 1456px) 100vw, 1456px\"><\/figure>\n\n\n\n<p><\/p>\n\n\n\n<h3 class=\"wp-block-heading\">Genetista Cl\u00ednico<\/h3>\n\n\n\n<p>Un genetista cl\u00ednico ayuda a realizar las pruebas de laboratorio correctas sobre los genes. Tambi\u00e9n asesoran a pacientes que corren riesgo de desarrollar problemas de salud debido a su composici\u00f3n gen\u00e9tica.<\/p>\n\n\n\n<h3 class=\"wp-block-heading\">Asesor Gen\u00e9tico<\/h3>\n\n\n\n<p>Estos asesores gu\u00edan a los pacientes para que tomen buenas decisiones con respecto a su salud gen\u00e9tica. Sus campos de estudio incluyen ciencias b\u00e1sicas y gen\u00e9tica m\u00e9dica. Por lo tanto, pueden hablar con los clientes sobre un conjunto diverso de indicadores gen\u00e9ticos.<\/p>\n\n\n\n<h3 class=\"wp-block-heading\">Mejorador de plantas<\/h3>\n\n\n\n<p>Los fitomejoradores tienen como objetivo desarrollar buenos rasgos en las plantas. Por ejemplo, cultivan plantas que resisten enfermedades y sequ\u00edas. Un criador rara vez puede centrarse en un solo atributo. En cambio, deben evaluar muchos rasgos que hacen que la planta sea m\u00e1s \u00fatil.<\/p>\n\n\n\n<h2 class=\"wp-block-heading\">\u00bfPor qu\u00e9 las empresas necesitan investigaciones de mercado gen\u00e9tico?<\/h2>\n\n\n\n<p>El <a href=\"https:\/\/www.sisinternational.com\/es\/soluciones\/soluciones-de-investigacion-cualitativa-cuantitativa\/investigacion-de-mercado-de-servicios-de-campo\/\" title=\"Investigaci\u00f3n de mercado de servicios de campo\"  data-wpil-monitor-id=\"7969\">field of genetic research<\/a> has seen constant growth. It helped in the development of better plants, for instance, food crops such as corn, rice, and wheat. Geneticists are also able to harness better quality seeds. Another benefit is investing in the cross-breeding of plants for better quality produce. These plants help treat various kinds of diseases. Geneticists use these plants to place genes into individual cells. This type of therapy helps treat some forms of cancer. It replaces harmful mutant alleles with essential cells.<\/p>\n\n\n\n<h2 class=\"wp-block-heading\">Factores de \u00e9xito importantes<\/h2>\n\n\n\n<p>En la naturaleza, todos los organismos todav\u00eda est\u00e1n evolucionando. La hierba en un campo abierto es una poblaci\u00f3n natural. Tambi\u00e9n lo son los lobos en un bosque e incluso las bacterias en el cuerpo de una persona. Cada una de esas poblaciones desarrolla al menos algunos de sus genes.<\/p>\n\n\n\n<p>These populations will never reach some final state of perfection. Their <a href=\"https:\/\/www.sisinternational.com\/es\/global-beverage-market\/\" title=\"Global Beverage Market: Market Dynamics, Growth Projections &amp; Consumer Insights\"  data-wpil-monitor-id=\"7968\">growth is dynamic<\/a> and their genetic makeup will change over generations. The changes are subtle. For instance, there may be a shift in the number of genes for black instead of grey fur in a wolf pack. Sometimes this kind of change happens because of a natural process. Or, it comes from new members moving into the population. Or it can be from random events\u2014the organic process\u2019s \u201cluck of the draw.\u201d<\/p>\n\n\n\n<p>A continuaci\u00f3n se detallan algunos de los factores cr\u00edticos que influyen en el equilibrio y los cambios gen\u00e9ticos:<\/p>\n\n\n\n<ul class=\"wp-block-list\">\n<li>Mutaciones<\/li>\n\n\n\n<li>Apareamiento aleatorio<\/li>\n\n\n\n<li>Deriva gen\u00e9tica<\/li>\n\n\n\n<li>Flujo de genes<\/li>\n\n\n\n<li>Seleccion natural<\/li>\n<\/ul>\n\n\n\n<h2 class=\"wp-block-heading\">Acerca de la investigaci\u00f3n de mercado gen\u00e9tico<\/h2>\n\n\n\n<p><a href=\"https:\/\/www.sisinternational.com\/es\/contacto-sis-investigacion-de-mercado-internacional\/\" title=\"Cont\u00e1ctenos\"  data-wpil-monitor-id=\"7964\">SIS International Research<\/a> carries out surveys to collect data on what customers think. We also do focus groups and live interviews. These <a href=\"https:\/\/www.sisinternational.com\/es\/quantitative-market-research-methods-and-techniques\/\" title=\"Quantitative Market Research Methods and Techniques\"  data-wpil-monitor-id=\"7965\">market research methods<\/a> are excellent for gathering in-depth insights. Focus groups also reveal customers\u2019 actual opinions and points of view.<\/p>\n\n\n\n<p>Cualitativo <a href=\"https:\/\/www.sisinternational.com\/es\/publicaciones\/comportamiento-del-comprador-despues-del-coronavirus-nuevo-consumidor\/\" title=\"Comportamiento del comprador despu\u00e9s del coronavirus \u2013 Investigaci\u00f3n de mercado del consumidor\"  data-wpil-monitor-id=\"7966\">research helps us to understand consumer behavior<\/a> in the field of genetics. It also identifies who the customers are and their reasons for buying. Quantitative analysis, in contrast, gives us impartial data about customers\u2019 buying habits. With our strategy research, we help <a href=\"https:\/\/www.sisinternational.com\/es\/pericia\/industrias\/soluciones-de-investigacion-de-mercado-sanitario\/\" title=\"Empresa de estudios del mercado sanitario\"  data-wpil-monitor-id=\"7967\">firms and researchers<\/a> save money and ensure business success.<\/p>\n\n\n\n<p><\/p>","protected":false},"excerpt":{"rendered":"<p>Investigaci\u00f3n de mercado de gen\u00e9tica \u00bfQu\u00e9 es la gen\u00e9tica? La gen\u00e9tica es un \u00e1rea de la biolog\u00eda que estudia todas las formas de vida. Incluye el ADN, c\u00f3mo se forman los genes y c\u00f3mo las plantas y los animales heredan esos genes. Analiza c\u00f3mo los organismos transmiten genes y rasgos de una generaci\u00f3n a otra. Los datos transportados por los genes afectan la salud y... <a title=\"Investigaci\u00f3n de mercado de gen\u00e9tica\" class=\"read-more\" href=\"https:\/\/www.sisinternational.com\/es\/soluciones\/innovacion\/investigacion-de-mercado-genetica\/\" aria-label=\"Leer m\u00e1s sobre Investigaci\u00f3n de Mercado Gen\u00e9tico\">Leer m\u00e1s<\/a><\/p>","protected":false},"author":1,"featured_media":69918,"parent":14459,"menu_order":9,"comment_status":"closed","ping_status":"closed","template":"","meta":{"footnotes":""},"class_list":["post-39699","page","type-page","status-publish","has-post-thumbnail"],"_links":{"self":[{"href":"https:\/\/www.sisinternational.com\/es\/wp-json\/wp\/v2\/pages\/39699","targetHints":{"allow":["GET"]}}],"collection":[{"href":"https:\/\/www.sisinternational.com\/es\/wp-json\/wp\/v2\/pages"}],"about":[{"href":"https:\/\/www.sisinternational.com\/es\/wp-json\/wp\/v2\/types\/page"}],"author":[{"embeddable":true,"href":"https:\/\/www.sisinternational.com\/es\/wp-json\/wp\/v2\/users\/1"}],"replies":[{"embeddable":true,"href":"https:\/\/www.sisinternational.com\/es\/wp-json\/wp\/v2\/comments?post=39699"}],"version-history":[{"count":3,"href":"https:\/\/www.sisinternational.com\/es\/wp-json\/wp\/v2\/pages\/39699\/revisions"}],"predecessor-version":[{"id":81343,"href":"https:\/\/www.sisinternational.com\/es\/wp-json\/wp\/v2\/pages\/39699\/revisions\/81343"}],"up":[{"embeddable":true,"href":"https:\/\/www.sisinternational.com\/es\/wp-json\/wp\/v2\/pages\/14459"}],"wp:featuredmedia":[{"embeddable":true,"href":"https:\/\/www.sisinternational.com\/es\/wp-json\/wp\/v2\/media\/69918"}],"wp:attachment":[{"href":"https:\/\/www.sisinternational.com\/es\/wp-json\/wp\/v2\/media?parent=39699"}],"curies":[{"name":"wp","href":"https:\/\/api.w.org\/{rel}","templated":true}]}}