{"id":39690,"date":"2022-01-18T05:11:24","date_gmt":"2022-01-18T05:11:24","guid":{"rendered":"https:\/\/www.sisinternational.com\/?page_id=39690"},"modified":"2025-09-23T22:27:15","modified_gmt":"2025-09-24T02:27:15","slug":"investigacion-de-mercado-de-aprendizaje-profundo-2","status":"publish","type":"page","link":"https:\/\/www.sisinternational.com\/es\/soluciones\/innovacion\/investigacion-de-mercado-de-aprendizaje-profundo-2\/","title":{"rendered":"Investigaci\u00f3n de mercado de aprendizaje profundo"},"content":{"rendered":"<h1 class=\"wp-block-heading\">Investigaci\u00f3n de mercado de aprendizaje profundo<\/h1>\n\n\n\n<figure class=\"gb-block-image gb-block-image-e95e2686\"><img loading=\"lazy\" decoding=\"async\" width=\"1456\" height=\"816\" class=\"gb-image gb-image-e95e2686\" src=\"https:\/\/www.sisinternational.com\/wp-content\/uploads\/2025\/08\/Deep-learning-machine-learning-42.jpg\" alt=\"Investigaci\u00f3n y estrategia de mercado internacional de SIS\" title=\"Deep learning machine learning (42)\" srcset=\"https:\/\/www.sisinternational.com\/wp-content\/uploads\/2025\/08\/Deep-learning-machine-learning-42.jpg 1456w, https:\/\/www.sisinternational.com\/wp-content\/uploads\/2025\/08\/Deep-learning-machine-learning-42-300x168.jpg 300w, https:\/\/www.sisinternational.com\/wp-content\/uploads\/2025\/08\/Deep-learning-machine-learning-42-1024x574.jpg 1024w, https:\/\/www.sisinternational.com\/wp-content\/uploads\/2025\/08\/Deep-learning-machine-learning-42-768x430.jpg 768w, https:\/\/www.sisinternational.com\/wp-content\/uploads\/2025\/08\/Deep-learning-machine-learning-42-18x10.jpg 18w\" sizes=\"auto, (max-width: 1456px) 100vw, 1456px\"><\/figure>\n\n\n\n<p><\/p>\n\n\n\n<h2 class=\"wp-block-heading\">\u00bfQu\u00e9 es el aprendizaje profundo?<\/h2>\n\n\n\n<p>El aprendizaje profundo es parte del aprendizaje autom\u00e1tico. El objetivo del Deep Learning es hacer que la Inteligencia Artificial sea m\u00e1s inteligente. Lo hace copiando la forma en que aprende el cerebro humano. El cerebro humano tiene redes neuronales que nos ayudan a procesar la informaci\u00f3n que obtenemos del mundo. En Deep Learning, existen tres o m\u00e1s capas de redes neuronales artificiales. Las capas permiten que la computadora procese m\u00e1s datos. La computadora usa los datos para \u201caprender\u201d de los ejemplos. Por lo tanto, har\u00e1n mejores predicciones, lo que conducir\u00e1 a resultados m\u00e1s correctos.<\/p>\n\n\n\n<h2 class=\"wp-block-heading\">\u00bfPor qu\u00e9 es importante el aprendizaje profundo?<\/h2>\n\n\n\n<p>Las computadoras tienen hoy m\u00e1s responsabilidad que nunca. En el futuro, su papel en nuestras vidas aumentar\u00e1 a\u00fan m\u00e1s. Por ejemplo, confiamos en las m\u00e1quinas para crear horarios para nosotros. Adem\u00e1s, para alertar a los bancos sobre fraudes con tarjetas de cr\u00e9dito. Las empresas incluso est\u00e1n fabricando veh\u00edculos aut\u00f3nomos y ense\u00f1ando m\u00e1quinas a operar con personas. Por lo tanto, es esencial contar con IA que puedan aprender de interacciones pasadas y necesiten menos intervenci\u00f3n humana.<\/p>\n\n\n\n<h2 class=\"wp-block-heading\">Aqu\u00ed hay algunos trabajos clave en el aprendizaje profundo<\/h2>\n\n\n\n<ul class=\"wp-block-list\">\n<li>Analista de investigaci\u00f3n<\/li>\n\n\n\n<li>cient\u00edfico de datos<\/li>\n\n\n\n<li>Ingeniero de datos<\/li>\n\n\n\n<li>Cient\u00edfico Aplicado<\/li>\n\n\n\n<li>Ingeniero de software<\/li>\n<\/ul>\n\n\n\n<h2 class=\"wp-block-heading\">\u00bfPor qu\u00e9 las empresas necesitan el aprendizaje profundo?<\/h2>\n\n\n\n<h3 class=\"wp-block-heading\">Protege contra el fraude<\/h3>\n\n\n\n<p>Many businesses keep essential information <a href=\"https:\/\/www.sisinternational.com\/es\/pericia\/industrias\/empresa-de-investigacion-de-mercado-de-paneles-en-linea\/\" title=\"Empresa de investigaci\u00f3n de mercado de paneles en l\u00ednea\"  data-wpil-monitor-id=\"7937\">online since it protects company<\/a> and client information. But they are still open to cyber-attacks such as fraud. This fraud might cost the company money. It could also give the company a bad name and cause them to lose clients.<\/p>\n\n\n\n<p>Con una IA de aprendizaje profundo, la computadora nota una actividad inusual. Una vez que la IA detecta el fraude, puede sugerir formas de evitar que ocurra en el futuro.<\/p>\n\n\n\n<h3 class=\"wp-block-heading\">Da datos actuales<\/h3>\n\n\n\n<p>El <a href=\"https:\/\/www.sisinternational.com\/es\/soluciones\/consultoria-estrategica\/analisis-de-datos\/\" title=\"Empresa de an\u00e1lisis de datos\"  data-wpil-monitor-id=\"7935\">data that can affect the company<\/a> is fluid. It changes often and fast. Keeping up with these changes helps <a href=\"https:\/\/www.sisinternational.com\/es\/empresa-lider-mundial-en-investigacion-cuantitativa-de-mercados\/\" title=\"Empresa l\u00edder mundial en investigaci\u00f3n cuantitativa de mercados\"  data-wpil-monitor-id=\"7932\">companies to compete in the global market<\/a>. But, it would be hard to do so without AI. Deep Learning takes data and turns it into useful information for the company. Thus, business owners will use the information to make choices. Of course, these choices should benefit the company.<\/p>\n\n\n\n<h2 class=\"wp-block-heading\">Factores clave para el \u00e9xito del aprendizaje profundo<\/h2>\n\n\n\n<h3 class=\"wp-block-heading\">Muchos datos<\/h3>\n\n\n\n<p>Si una empresa quiere utilizar una IA para su sitio o aplicaci\u00f3n, debe entrenar la m\u00e1quina. Este \u201centrenamiento\u201d le ense\u00f1a a notar y comprender los datos que procesar\u00e1. Entonces, si la empresa opta por utilizar el aprendizaje profundo, los ingenieros deben utilizar una gran cantidad de datos.<\/p>\n\n\n\n<p>Adem\u00e1s, el objetivo es tener una IA eficiente que funcione como el cerebro humano. Por lo tanto, la m\u00e1quina tambi\u00e9n debe obtener datos de alta calidad, que debe anotar. El proceso de anotaci\u00f3n garantiza que los datos sean accesibles para que la computadora los comprenda y los utilice.<\/p>\n\n\n\n<h3 class=\"wp-block-heading\">Trabajar con el desarrollador<\/h3>\n\n\n\n<p>Aunque la empresa no est\u00e1 desarrollando IA, la utilizar\u00e1n todo el tiempo. Por lo tanto, deber\u00edan trabajar junto con el desarrollador. Si los t\u00e9cnicos trabajan solos, la IA podr\u00eda resultar demasiado compleja. Pero, cuando trabajan juntos, pueden decidir qu\u00e9 problemas resolver\u00e1 el ML. Esta colaboraci\u00f3n har\u00e1 que la IA sea m\u00e1s f\u00e1cil de usar en el futuro.<\/p>\n\n\n\n<h3 class=\"wp-block-heading\">Ser paciente<\/h3>\n\n\n\n<p>Construir una IA que funcione como un cerebro no es f\u00e1cil. Es poco probable que el proceso sea perfecto la primera vez. Las empresas deben recordar que hay muchos factores a considerar. Por lo tanto, deben estar bien con prueba y error. Se necesita tiempo para crear el sistema de IA adecuado.<\/p>\n\n\n\n<h3 class=\"wp-block-heading\">Acerca del aprendizaje profundo<\/h3>\n\n\n\n<p><a href=\"https:\/\/www.sisinternational.com\/es\/pericia\/industrias\/empresa-de-investigacion-de-mercado-de-grupos-focales-emergentes\/\" title=\"Empresa de investigaci\u00f3n de mercado de grupos focales emergentes\"  data-wpil-monitor-id=\"7931\">Grupos de enfoque<\/a> and interviews will help the company decide why they need Deep Learning. <a href=\"https:\/\/www.sisinternational.com\/es\/soluciones\/soluciones-de-investigacion-cualitativa-cuantitativa\/encuesta-de-investigacion-de-mercado\/\" title=\"Investigaci\u00f3n de mercado de encuestas\"  data-wpil-monitor-id=\"7936\">Surveys are another way to do research<\/a>. The survey will inform consumers of Deep Learning. It will also get their views on this kind of Machine Learning.<\/p>\n\n\n\n<p>It is safe to say that Deep Learning is the future of business. But each company needs to do its homework before choosing to add it. That\u2019s why companies need to do <a href=\"https:\/\/www.sisinternational.com\/es\/soluciones\/soluciones-de-investigacion-cualitativa-cuantitativa\/reclutamiento-de-investigacion-cualitativa\/\" title=\"Reclutamiento de investigaci\u00f3n cualitativa\"  data-wpil-monitor-id=\"7933\">Qualitative and Quantitative research<\/a>. El <a href=\"https:\/\/www.sisinternational.com\/es\/pericia\/curriculums-de-experiencia\/investigacion-de-marca\/\" title=\"Empresa de investigaci\u00f3n de marca\"  data-wpil-monitor-id=\"7934\">research will inform the company<\/a> of the best data for machine training.<\/p>\n\n\n\n<p><\/p>","protected":false},"excerpt":{"rendered":"<p>Investigaci\u00f3n de mercado de aprendizaje profundo \u00bfQu\u00e9 es el aprendizaje profundo? El aprendizaje profundo es parte del aprendizaje autom\u00e1tico. El objetivo del Deep Learning es hacer que la Inteligencia Artificial sea m\u00e1s inteligente. Lo hace copiando la forma en que aprende el cerebro humano. El cerebro humano tiene redes neuronales que nos ayudan a procesar la informaci\u00f3n que obtenemos del mundo. \u2026 <a title=\"Investigaci\u00f3n de mercado de aprendizaje profundo\" class=\"read-more\" href=\"https:\/\/www.sisinternational.com\/es\/soluciones\/innovacion\/investigacion-de-mercado-de-aprendizaje-profundo-2\/\" aria-label=\"Leer m\u00e1s sobre Investigaci\u00f3n de Mercado de Aprendizaje Profundo\">Leer m\u00e1s<\/a><\/p>","protected":false},"author":1,"featured_media":64419,"parent":14459,"menu_order":7,"comment_status":"closed","ping_status":"closed","template":"","meta":{"footnotes":""},"class_list":["post-39690","page","type-page","status-publish","has-post-thumbnail"],"_links":{"self":[{"href":"https:\/\/www.sisinternational.com\/es\/wp-json\/wp\/v2\/pages\/39690","targetHints":{"allow":["GET"]}}],"collection":[{"href":"https:\/\/www.sisinternational.com\/es\/wp-json\/wp\/v2\/pages"}],"about":[{"href":"https:\/\/www.sisinternational.com\/es\/wp-json\/wp\/v2\/types\/page"}],"author":[{"embeddable":true,"href":"https:\/\/www.sisinternational.com\/es\/wp-json\/wp\/v2\/users\/1"}],"replies":[{"embeddable":true,"href":"https:\/\/www.sisinternational.com\/es\/wp-json\/wp\/v2\/comments?post=39690"}],"version-history":[{"count":3,"href":"https:\/\/www.sisinternational.com\/es\/wp-json\/wp\/v2\/pages\/39690\/revisions"}],"predecessor-version":[{"id":81339,"href":"https:\/\/www.sisinternational.com\/es\/wp-json\/wp\/v2\/pages\/39690\/revisions\/81339"}],"up":[{"embeddable":true,"href":"https:\/\/www.sisinternational.com\/es\/wp-json\/wp\/v2\/pages\/14459"}],"wp:featuredmedia":[{"embeddable":true,"href":"https:\/\/www.sisinternational.com\/es\/wp-json\/wp\/v2\/media\/64419"}],"wp:attachment":[{"href":"https:\/\/www.sisinternational.com\/es\/wp-json\/wp\/v2\/media?parent=39690"}],"curies":[{"name":"wp","href":"https:\/\/api.w.org\/{rel}","templated":true}]}}