{"id":39686,"date":"2022-01-18T04:47:09","date_gmt":"2022-01-18T04:47:09","guid":{"rendered":"https:\/\/www.sisinternational.com\/?page_id=39686"},"modified":"2025-09-23T22:36:54","modified_gmt":"2025-09-24T02:36:54","slug":"investigacion-de-mercado-metaverso","status":"publish","type":"page","link":"https:\/\/www.sisinternational.com\/es\/pericia\/investigacion-de-mercado-metaverso\/","title":{"rendered":"Investigaci\u00f3n de mercado del metaverso"},"content":{"rendered":"<h1 class=\"wp-block-heading\">Investigaci\u00f3n de mercado del metaverso<\/h1>\n\n\n\n<figure class=\"gb-block-image gb-block-image-35aa4790\"><img loading=\"lazy\" decoding=\"async\" width=\"1456\" height=\"816\" class=\"gb-image gb-image-35aa4790\" src=\"https:\/\/www.sisinternational.com\/wp-content\/uploads\/2025\/08\/Virtual-reality-metaverse-17.jpg\" alt=\"Investigaci\u00f3n y estrategia de mercado internacional de SIS\" title=\"Virtual reality metaverse (17)\" srcset=\"https:\/\/www.sisinternational.com\/wp-content\/uploads\/2025\/08\/Virtual-reality-metaverse-17.jpg 1456w, https:\/\/www.sisinternational.com\/wp-content\/uploads\/2025\/08\/Virtual-reality-metaverse-17-300x168.jpg 300w, https:\/\/www.sisinternational.com\/wp-content\/uploads\/2025\/08\/Virtual-reality-metaverse-17-1024x574.jpg 1024w, https:\/\/www.sisinternational.com\/wp-content\/uploads\/2025\/08\/Virtual-reality-metaverse-17-768x430.jpg 768w, https:\/\/www.sisinternational.com\/wp-content\/uploads\/2025\/08\/Virtual-reality-metaverse-17-18x10.jpg 18w\" sizes=\"auto, (max-width: 1456px) 100vw, 1456px\"><\/figure>\n\n\n\n<p><\/p>\n\n\n\n<h2 class=\"wp-block-heading\">\u00bfQu\u00e9 es el Metaverso?<\/h2>\n\n\n\n<p>El Metaverso ser\u00e1 un mundo digital basado en el f\u00edsico. Por tanto, ser\u00e1 una forma alternativa de realidad. Es una mezcla de realidad virtual (VR) y realidad aumentada (AR). Otra caracter\u00edstica es que los usuarios podr\u00e1n interactuar con su entorno y otras personas utilizando tecnolog\u00eda digital. El Metaverso crear\u00e1 una nueva experiencia para los humanos. Es posible que muchos hayan escuchado el t\u00e9rmino &quot;Metaverso&quot; despu\u00e9s de que Facebook se hiciera p\u00fablico y dijera que intentar\u00eda desarrollarlo a\u00fan m\u00e1s. Sin embargo, el concepto de Metaverso exist\u00eda mucho antes de esto, en libros y pel\u00edculas, y uno puede considerarlo como un juego de realidad virtual m\u00e1s avanzado. El Metaverso combinar\u00e1 muchas funciones y servicios en l\u00ednea. Por ejemplo, reunir\u00e1 compras, pagos, reuniones y juegos en l\u00ednea. Ser\u00e1 una experiencia completa.<\/p>\n\n\n\n<h2 class=\"wp-block-heading\">\u00bfPor qu\u00e9 es importante el metaverso?<\/h2>\n\n\n\n<p>The Metaverse is the direction that tech is heading. So, like it or not, it will soon be a part of our lives. Furthermore, many <a href=\"https:\/\/www.sisinternational.com\/es\/soluciones\/prueba-de-sabor\/product-testing-for-companies\/\" title=\"Product Testing for Companies\"  data-wpil-monitor-id=\"8413\">companies have been going into creating products<\/a> and services for Metaverse use. Other companies have been trying out the benefits that the Metaverse will offer. For instance, one business entity was able to host a virtual gallery and art show. The Metaverse will change how we conduct business and even our everyday lives. Above all, it will create easy ways to connect, socialize and work. Knowing what it is and how to stay ahead of the game is essential in business.<\/p>\n\n\n\n<h2 class=\"wp-block-heading\">T\u00edtulos de trabajo clave<\/h2>\n\n\n\n<p>Debido a la vasta naturaleza del Metaverso, una amplia gama de trabajos vendr\u00e1n a atenderlo. Se abrir\u00e1n as\u00ed puestos relacionados con su creaci\u00f3n, los servicios que puede prestar y las actividades de ocio. Por ahora, la variedad de estos t\u00edtulos y funciones laborales s\u00f3lo puede descansar en nuestra imaginaci\u00f3n. Como resultado, estos nuevos empleos abarcar\u00e1n varios campos, incluidos TI, negocios y marketing.<\/p>\n\n\n\n<h2 class=\"wp-block-heading\">T\u00edtulos de trabajo:<\/h2>\n\n\n\n<ul class=\"wp-block-list\">\n<li>Desarrollador de software<\/li>\n\n\n\n<li>Gerente de Mercadeo<\/li>\n\n\n\n<li>Asesor de activos<\/li>\n\n\n\n<li>Abogado<\/li>\n\n\n\n<li>Dise\u00f1ador de juegos<\/li>\n\n\n\n<li>camar\u00f3grafo<\/li>\n\n\n\n<li>Productor<\/li>\n\n\n\n<li>Productor de datos<\/li>\n\n\n\n<li>ArtistaDise\u00f1ador de personajes<\/li>\n\n\n\n<li>Creador de captura de movimiento<\/li>\n\n\n\n<li>Geoetiquetado<\/li>\n\n\n\n<li>Mapeador espacial<\/li>\n<\/ul>\n\n\n\n<h2 class=\"wp-block-heading\">Por qu\u00e9 las empresas necesitan el metaverso<\/h2>\n\n\n\n<p>The Metaverse will help companies step up their game, allow them to market to a broader audience, and increase innovation. Moreover, it will revamp <a href=\"https:\/\/www.sisinternational.com\/es\/soluciones\/prueba-de-sabor\/servicios-de-prueba-de-productos-en-nueva-york\/\" title=\"Servicios de prueba de productos en Nueva York\"  data-wpil-monitor-id=\"8414\">products and services<\/a>. It will also make business systems and customer relations work better. Businesses will have the chance to thrive in unique ways. The Metaverse will bring about a lot of notable changes. The companies that adopt it early will benefit most. Businesses need the Metaverse to push a new era and new opportunities.<\/p>\n\n\n\n<h2 class=\"wp-block-heading\">Factores claves del \u00e9xito<\/h2>\n\n\n\n<p>For companies to be successful in the Metaverse, they have to think ahead. Hence creative thinking is essential to take advantage of opportunities. Companies have also to be willing to adapt. Staying hooked on old <a href=\"https:\/\/www.sisinternational.com\/es\/publicaciones\/investigacion-de-mercado-empresarial-escalable-7-formas-de-construir-un-negocio-escalable\/\" title=\"Investigaci\u00f3n de mercado empresarial escalable: 7 formas de construir un negocio escalable\"  data-wpil-monitor-id=\"8412\">ways will blind businesses<\/a> from jumping on lucrative trends. The new marketing tactics the Metaverse will afford will also be essential. The virtual reality world will provide many options to get products to new audiences. As a result, using them will skyrocket popularity and, if done well, profits.<\/p>\n\n\n\n<h2 class=\"wp-block-heading\">Sobre el metaverso<\/h2>\n\n\n\n<p>El Metaverso est\u00e1 lleno de potencial y proporcionar\u00e1 una nueva forma de vida. Hay mucho que esperar cuando se trata de negocios. Los desarrolladores todav\u00eda est\u00e1n trabajando en ello. Este enorme concepto necesitar\u00e1 mucho trabajo para despegar. La investigaci\u00f3n cuantitativa, cualitativa y estrat\u00e9gica es una gran parte de este trabajo. Estos m\u00e9todos permiten un an\u00e1lisis en profundidad para permitir que una operaci\u00f3n tan grande se inicie bien. Lo m\u00e1s probable es que dicha investigaci\u00f3n adopte la forma de entrevistas, grupos focales y encuestas.<\/p>\n\n\n\n<p><\/p>","protected":false},"excerpt":{"rendered":"<p>El Metaverso es un mundo digital basado en el f\u00edsico. Es una mezcla de realidad virtual (VR) y realidad aumentada (AR).<\/p>","protected":false},"author":1,"featured_media":64018,"parent":14514,"menu_order":91,"comment_status":"closed","ping_status":"closed","template":"","meta":{"footnotes":""},"class_list":["post-39686","page","type-page","status-publish","has-post-thumbnail"],"_links":{"self":[{"href":"https:\/\/www.sisinternational.com\/es\/wp-json\/wp\/v2\/pages\/39686","targetHints":{"allow":["GET"]}}],"collection":[{"href":"https:\/\/www.sisinternational.com\/es\/wp-json\/wp\/v2\/pages"}],"about":[{"href":"https:\/\/www.sisinternational.com\/es\/wp-json\/wp\/v2\/types\/page"}],"author":[{"embeddable":true,"href":"https:\/\/www.sisinternational.com\/es\/wp-json\/wp\/v2\/users\/1"}],"replies":[{"embeddable":true,"href":"https:\/\/www.sisinternational.com\/es\/wp-json\/wp\/v2\/comments?post=39686"}],"version-history":[{"count":4,"href":"https:\/\/www.sisinternational.com\/es\/wp-json\/wp\/v2\/pages\/39686\/revisions"}],"predecessor-version":[{"id":81411,"href":"https:\/\/www.sisinternational.com\/es\/wp-json\/wp\/v2\/pages\/39686\/revisions\/81411"}],"up":[{"embeddable":true,"href":"https:\/\/www.sisinternational.com\/es\/wp-json\/wp\/v2\/pages\/14514"}],"wp:featuredmedia":[{"embeddable":true,"href":"https:\/\/www.sisinternational.com\/es\/wp-json\/wp\/v2\/media\/64018"}],"wp:attachment":[{"href":"https:\/\/www.sisinternational.com\/es\/wp-json\/wp\/v2\/media?parent=39686"}],"curies":[{"name":"wp","href":"https:\/\/api.w.org\/{rel}","templated":true}]}}