{"id":39684,"date":"2022-01-18T04:33:24","date_gmt":"2022-01-18T04:33:24","guid":{"rendered":"https:\/\/www.sisinternational.com\/?page_id=39684"},"modified":"2026-01-25T16:48:55","modified_gmt":"2026-01-25T21:48:55","slug":"investigacion-de-mercado-de-cesped","status":"publish","type":"page","link":"https:\/\/www.sisinternational.com\/es\/soluciones\/soluciones-de-investigacion-cualitativa-cuantitativa\/investigacion-de-mercado-de-cesped\/","title":{"rendered":"Investigaci\u00f3n de mercado TURF"},"content":{"rendered":"<h1 class=\"wp-block-heading\">Investigaci\u00f3n de mercado TURF<\/h1>\n\n\n\n<figure class=\"gb-block-image gb-block-image-92f58603\"><img loading=\"lazy\" decoding=\"async\" width=\"1456\" height=\"816\" class=\"gb-image gb-image-92f58603\" src=\"https:\/\/www.sisinternational.com\/wp-content\/uploads\/2025\/09\/Research-18.jpg\" srcset=\"https:\/\/www.sisinternational.com\/wp-content\/uploads\/2025\/09\/Research-18.jpg 1456w, https:\/\/www.sisinternational.com\/wp-content\/uploads\/2025\/09\/Research-18-300x168.jpg 300w, https:\/\/www.sisinternational.com\/wp-content\/uploads\/2025\/09\/Research-18-1024x574.jpg 1024w, https:\/\/www.sisinternational.com\/wp-content\/uploads\/2025\/09\/Research-18-768x430.jpg 768w, https:\/\/www.sisinternational.com\/wp-content\/uploads\/2025\/09\/Research-18-18x10.jpg 18w\" sizes=\"auto, (max-width: 1456px) 100vw, 1456px\" alt=\"Investigaci\u00f3n y estrategia de mercado internacional de SIS\"><\/figure>\n\n\n\n<p><\/p>\n\n\n\n<hr class=\"wp-block-separator has-alpha-channel-opacity is-style-dots\"\/>\n\n\n\n<h2 class=\"wp-block-heading\">\u00bfQu\u00e9 es la investigaci\u00f3n de mercado TURF?<\/h2>\n\n\n\n<p>TURF analysis is a method used in statistical research. It stands for Total Unduplicated Reach and Frequency Analysis, and it allows users to assess market research potential. TURF analysis is possible for many products and services. It uses a ranking system. For example, it may rank a mix of products based on how many people like that blend.<\/p>\n\n\n\n<p>\u201cAlcance\u201d (la R en TURF) describe con cu\u00e1ntas personas contactas. La &quot;frecuencia&quot; significa la frecuencia con la que llamas a estas personas.<\/p>\n\n\n\n<p>TURF proporciona un m\u00e9todo utilizado para lograr las m\u00e1ximas ventas de productos. Utiliza una herramienta de algoritmo TURF, que analiza todas las combinaciones posibles. Los consumidores deben responder a una encuesta de opci\u00f3n m\u00faltiple. Luego, el analista eval\u00faa las opciones de respuesta de esta encuesta. Al final, un an\u00e1lisis TURF proporciona opciones que el usuario no consider\u00f3.<\/p>\n\n\n\n<p>A pesar de sus beneficios, el an\u00e1lisis TURF tiene algunas limitaciones. Por ejemplo, no considera el valor de los consumidores. Por lo tanto, no es mejor utilizarlo desde una perspectiva de ventas de valor.<\/p>\n\n\n\n<p>\u00bfPor qu\u00e9 es importante el an\u00e1lisis TURF?<\/p>\n\n\n\n<p>TURF es una potente herramienta que resulta crucial en muchos contextos empresariales. Ayuda a optimizar las ofertas de productos y servicios. Adem\u00e1s, ayuda a afinar la eficacia de una estrategia de comunicaci\u00f3n.<\/p>\n\n\n\n<p>Another feature of TURF <a href=\"https:\/\/www.sisinternational.com\/es\/soluciones\/investigacion-de-mercado-de-ia-y-consultoria-estrategica\/analisis-de-investigacion-de-mercado-de-sentimiento-de-ai\/\" title=\"An\u00e1lisis de investigaci\u00f3n de mercado de sentimiento de IA\"  data-wpil-monitor-id=\"10282\">analysis is that it helps researchers<\/a> understand the effect of removing or including a product offering. To add, it makes the most of the market strategy used.<\/p>\n\n\n\n<p>TURF funciona mejor que utilizar totales o porcentajes simples para tomar decisiones. Considera combinaciones complejas de productos.<\/p>\n\n\n\n<h2 class=\"wp-block-heading\">T\u00edtulos de trabajo clave<\/h2>\n\n\n\n<p>Seg\u00fan la naturaleza de TURF, los t\u00edtulos de trabajo a continuaci\u00f3n son los m\u00e1s relevantes:<\/p>\n\n\n\n<p>\u2013 Estad\u00edsticos<\/p>\n\n\n\n<p>\u2013 Responsable de marketing<\/p>\n\n\n\n<p>- Especialista en marketing<\/p>\n\n\n\n<p>- Desarrollador de producto<\/p>\n\n\n\n<h2 class=\"wp-block-heading\">Por qu\u00e9 las empresas necesitan una investigaci\u00f3n de mercado TURF<\/h2>\n\n\n\n<p>This method provides high valued insights to companies. Thus, it is helpful for those who wish to expand product portfolios. Its ability to spot the potential and reach of products is crucial. A TURF analysis can suggest <a href=\"https:\/\/www.sisinternational.com\/es\/pericia\/curriculums-de-experiencia\/estudio-de-mercado-de-productos-de-cuidado-personal\/\" title=\"Investigaci\u00f3n de mercado de productos de cuidado personal\"  data-wpil-monitor-id=\"10280\">products that will further improve market<\/a> reach.<\/p>\n\n\n\n<p>It allows a business to devise an ideal product and <a href=\"https:\/\/www.sisinternational.com\/es\/soluciones\/investigacion-de-consultoria-estrategica-fintech\/banca-como-servicio-investigacion-de-mercado-y-consultoria-estrategica\/\" title=\"Banca como Servicio Investigaci\u00f3n de Mercado y Consultor\u00eda Estrat\u00e9gica\"  data-wpil-monitor-id=\"10277\">service marketing strategy<\/a>. This strategy is essential for brands.<\/p>\n\n\n\n<p>TURF ayuda a las empresas a encontrar:<\/p>\n\n\n\n<p>\u2013 Potential market share when <a href=\"https:\/\/www.sisinternational.com\/es\/soluciones\/consultoria-estrategica\/investigacion-de-mercado-de-lanzamiento-de-nuevos-productos\/\" title=\"Investigaci\u00f3n de lanzamiento de nuevos productos\"  data-wpil-monitor-id=\"10281\">launching new products<\/a><\/p>\n\n\n\n<p>\u2013 L\u00ednea de productos \u00f3ptima que una marca puede ofrecer<\/p>\n\n\n\n<p>\u2013 Qu\u00e9 caracter\u00edsticas debe tener un producto<\/p>\n\n\n\n<p>\u2013 Los mejores componentes del mensaje para mezclar para llegar a los consumidores.<\/p>\n\n\n\n<p><a href=\"https:\/\/www.sisinternational.com\/es\/publicaciones\/comportamiento-del-comprador-despues-del-coronavirus-nuevo-consumidor\/\" title=\"Comportamiento del comprador despu\u00e9s del coronavirus \u2013 Investigaci\u00f3n de mercado del consumidor\"  data-wpil-monitor-id=\"10283\">\u2013 Mejores canales para llegar a nuevos consumidores<\/a><\/p>\n\n\n\n<p>\u2013 Puntos de venta clave para las campa\u00f1as.<\/p>\n\n\n\n<p>Se utiliza mejor cuando una empresa quiere desarrollar algo nuevo o penetrar en el mercado. Adem\u00e1s, proporciona buenos conocimientos para empresas con un presupuesto ajustado. De esta forma, una empresa puede elegir la mejor forma de gastar su presupuesto de marketing.<\/p>\n\n\n\n<h2 class=\"wp-block-heading\">Factores claves del \u00e9xito<\/h2>\n\n\n\n<p>Un an\u00e1lisis TURF hace muchas suposiciones que pueden limitar su precisi\u00f3n. Sin embargo, uno puede compensar esto. Para ello, las preguntas de la encuesta deben identificar con qu\u00e9 frecuencia el encuestado utiliza el producto.<\/p>\n\n\n\n<p>Antes de realizar el an\u00e1lisis, el usuario debe proporcionar descripciones precisas. Por ejemplo, hay que definir qu\u00e9 constituye un &quot;alcance&quot;. Un alcance ocurre cuando una persona quiere al menos un producto en cada combinaci\u00f3n de productos.<\/p>\n\n\n\n<h2 class=\"wp-block-heading\">Acerca de la investigaci\u00f3n de mercado TURF<\/h2>\n\n\n\n<p>Quantitative, qualitative, and strategy <a href=\"https:\/\/www.sisinternational.com\/es\/pericia\/industrias\/investigacion-de-mercado-de-vacunacion\/\" title=\"Investigaci\u00f3n de mercado de vacunaci\u00f3n\"  data-wpil-monitor-id=\"3751\">research are helpful for market<\/a> research. These methods may take the form of interviews, surveys, or focus groups. TURF Analysis is another tool that aids <a href=\"https:\/\/www.sisinternational.com\/es\/soluciones\/soluciones-de-investigacion-cualitativa-cuantitativa\/analisis-de-chaid-investigacion-de-mercado\/\" title=\"An\u00e1lisis CHAID Investigaci\u00f3n de Mercado\"  data-wpil-monitor-id=\"10278\">investigaci\u00f3n de mercado<\/a>.<\/p>\n\n\n\n<p>Its ability to predict market trends makes it ideal. It\u2019s also a boon when a <a href=\"https:\/\/www.sisinternational.com\/es\/publicaciones\/investigacion-de-mercado-empresarial-escalable-7-formas-de-construir-un-negocio-escalable\/\" title=\"Investigaci\u00f3n de mercado empresarial escalable: 7 formas de construir un negocio escalable\"  data-wpil-monitor-id=\"10284\">business wants to penetrate the market<\/a>. Thus, it is crucial for a company that deals with a product or service.<\/p>\n\n\n\n<p>Analysts can mix <a href=\"https:\/\/www.sisinternational.com\/es\/soluciones\/soluciones-de-investigacion-cualitativa-cuantitativa\/turf-analysis-market-research\/\" title=\"TURF Analysis Market Research\"  data-wpil-monitor-id=\"1527\">TURF with other market research<\/a> strategies. In this way, they can get a complete picture. Thus, the user will have more significant <a href=\"https:\/\/www.sisinternational.com\/es\/global-beverage-market\/\" title=\"Global Beverage Market: Market Dynamics, Growth Projections &amp; Consumer Insights\"  data-wpil-monitor-id=\"10279\">insights into consumer preference and market<\/a> potential.<\/p>\n\n\n\n<p><\/p>","protected":false},"excerpt":{"rendered":"<p>TURF Market Research What is TURF Market Research? TURF analysis is a method used in statistical research. It stands for Total Unduplicated Reach and Frequency Analysis, and it allows users to assess market research potential. TURF analysis is possible for many products and services. It uses a ranking system. For example, it may rank a &#8230; <a title=\"Investigaci\u00f3n de mercado TURF\" class=\"read-more\" href=\"https:\/\/www.sisinternational.com\/es\/soluciones\/soluciones-de-investigacion-cualitativa-cuantitativa\/investigacion-de-mercado-de-cesped\/\" aria-label=\"Leer m\u00e1s sobre Investigaci\u00f3n de Mercado TURF\">Leer m\u00e1s<\/a><\/p>","protected":false},"author":1,"featured_media":69513,"parent":14660,"menu_order":26,"comment_status":"closed","ping_status":"closed","template":"","meta":{"_uag_custom_page_level_css":"","footnotes":""},"class_list":["post-39684","page","type-page","status-publish","has-post-thumbnail"],"uagb_featured_image_src":{"full":["https:\/\/www.sisinternational.com\/wp-content\/uploads\/2025\/09\/Research-18.jpg",1456,816,false],"thumbnail":["https:\/\/www.sisinternational.com\/wp-content\/uploads\/2025\/09\/Research-18-150x150.jpg",150,150,true],"medium":["https:\/\/www.sisinternational.com\/wp-content\/uploads\/2025\/09\/Research-18-300x168.jpg",300,168,true],"medium_large":["https:\/\/www.sisinternational.com\/wp-content\/uploads\/2025\/09\/Research-18-768x430.jpg",768,430,true],"large":["https:\/\/www.sisinternational.com\/wp-content\/uploads\/2025\/09\/Research-18-1024x574.jpg",1024,574,true],"1536x1536":["https:\/\/www.sisinternational.com\/wp-content\/uploads\/2025\/09\/Research-18.jpg",1456,816,false],"2048x2048":["https:\/\/www.sisinternational.com\/wp-content\/uploads\/2025\/09\/Research-18.jpg",1456,816,false],"trp-custom-language-flag":["https:\/\/www.sisinternational.com\/wp-content\/uploads\/2025\/09\/Research-18-18x10.jpg",18,10,true]},"uagb_author_info":{"display_name":"Ruth Stanat","author_link":"https:\/\/www.sisinternational.com\/es\/author\/expert\/"},"uagb_comment_info":0,"uagb_excerpt":"TURF Market Research What is TURF Market Research? TURF analysis is a method used in statistical research. It stands for Total Unduplicated Reach and Frequency Analysis, and it allows users to assess market research potential. TURF analysis is possible for many products and services. It uses a ranking system. For example, it may rank a&hellip;","_links":{"self":[{"href":"https:\/\/www.sisinternational.com\/es\/wp-json\/wp\/v2\/pages\/39684","targetHints":{"allow":["GET"]}}],"collection":[{"href":"https:\/\/www.sisinternational.com\/es\/wp-json\/wp\/v2\/pages"}],"about":[{"href":"https:\/\/www.sisinternational.com\/es\/wp-json\/wp\/v2\/types\/page"}],"author":[{"embeddable":true,"href":"https:\/\/www.sisinternational.com\/es\/wp-json\/wp\/v2\/users\/1"}],"replies":[{"embeddable":true,"href":"https:\/\/www.sisinternational.com\/es\/wp-json\/wp\/v2\/comments?post=39684"}],"version-history":[{"count":5,"href":"https:\/\/www.sisinternational.com\/es\/wp-json\/wp\/v2\/pages\/39684\/revisions"}],"predecessor-version":[{"id":81695,"href":"https:\/\/www.sisinternational.com\/es\/wp-json\/wp\/v2\/pages\/39684\/revisions\/81695"}],"up":[{"embeddable":true,"href":"https:\/\/www.sisinternational.com\/es\/wp-json\/wp\/v2\/pages\/14660"}],"wp:featuredmedia":[{"embeddable":true,"href":"https:\/\/www.sisinternational.com\/es\/wp-json\/wp\/v2\/media\/69513"}],"wp:attachment":[{"href":"https:\/\/www.sisinternational.com\/es\/wp-json\/wp\/v2\/media?parent=39684"}],"curies":[{"name":"wp","href":"https:\/\/api.w.org\/{rel}","templated":true}]}}