{"id":39676,"date":"2022-01-18T03:46:41","date_gmt":"2022-01-18T03:46:41","guid":{"rendered":"https:\/\/www.sisinternational.com\/?page_id=39676"},"modified":"2026-01-25T16:48:56","modified_gmt":"2026-01-25T21:48:56","slug":"investigacion-de-mercado-austin-texas","status":"publish","type":"page","link":"https:\/\/www.sisinternational.com\/es\/cobertura\/north-america\/cobertura-de-estados-unidos\/investigacion-de-mercado-austin-texas\/","title":{"rendered":"Investigaci\u00f3n de mercado en Austin"},"content":{"rendered":"<h1 class=\"wp-block-heading\">Investigaci\u00f3n de mercado en Austin<\/h1>\n\n\n\n<figure class=\"gb-block-image gb-block-image-69c822d6\"><img loading=\"lazy\" decoding=\"async\" width=\"1456\" height=\"816\" class=\"gb-image gb-image-69c822d6\" src=\"https:\/\/www.sisinternational.com\/wp-content\/uploads\/2025\/09\/Austin-Texas-4-2.jpg\" alt=\"Investigaci\u00f3n y estrategia de mercado internacional de SIS\" title=\"Austin Texas 4 (2)\" srcset=\"https:\/\/www.sisinternational.com\/wp-content\/uploads\/2025\/09\/Austin-Texas-4-2.jpg 1456w, https:\/\/www.sisinternational.com\/wp-content\/uploads\/2025\/09\/Austin-Texas-4-2-300x168.jpg 300w, https:\/\/www.sisinternational.com\/wp-content\/uploads\/2025\/09\/Austin-Texas-4-2-1024x574.jpg 1024w, https:\/\/www.sisinternational.com\/wp-content\/uploads\/2025\/09\/Austin-Texas-4-2-768x430.jpg 768w, https:\/\/www.sisinternational.com\/wp-content\/uploads\/2025\/09\/Austin-Texas-4-2-18x10.jpg 18w\" sizes=\"auto, (max-width: 1456px) 100vw, 1456px\"><\/figure>\n\n\n\n<p><\/p>\n\n\n\n<hr class=\"wp-block-separator has-alpha-channel-opacity is-style-dots\"\/>\n\n\n\n<p><span style=\"font-weight: 400;\">Austin emerge r\u00e1pidamente como una potencia empresarial, combinando una escena tecnol\u00f3gica din\u00e1mica con un paisaje cultural vibrante. Por lo tanto, la investigaci\u00f3n de mercado en Austin es crucial para las empresas que buscan capitalizar este crecimiento y mantenerse a la vanguardia en un entorno competitivo.<\/span><\/p>\n\n\n\n<h2 class=\"wp-block-heading\"><strong>\u00bfQu\u00e9 es la investigaci\u00f3n de mercado en Austin?<\/strong><\/h2>\n\n\n\n<p><span style=\"font-weight: 400;\">La investigaci\u00f3n de mercado en Austin incluye comprender los comportamientos de los consumidores, las tendencias del mercado y la din\u00e1mica competitiva espec\u00edfica de Austin. Proporciona conocimientos pr\u00e1cticos que impulsan la planificaci\u00f3n estrat\u00e9gica y la innovaci\u00f3n. Permite a las empresas identificar oportunidades, mitigar riesgos y mejorar su ventaja competitiva.&nbsp;<\/span><\/p>\n\n\n\n<h2 class=\"wp-block-heading\"><strong>\u00bfPor qu\u00e9 las empresas necesitan investigaciones de mercado en Austin?<\/strong><\/h2>\n\n\n\n<p><span style=\"font-weight: 400;\">Realizar una investigaci\u00f3n de mercado en Austin ayuda a las empresas a identificar y comprender a su p\u00fablico objetivo. Este conocimiento es crucial para desarrollar productos y servicios que satisfagan las necesidades y preferencias de los residentes de Austin.&nbsp;<\/span><\/p>\n\n\n\n<p><span style=\"font-weight: 400;\">Adem\u00e1s, la investigaci\u00f3n de mercado en Austin es esencial para el an\u00e1lisis competitivo. Con el r\u00e1pido crecimiento de la ciudad, constantemente surgen nuevos competidores. La investigaci\u00f3n de mercado ayuda a las empresas a mantenerse a la vanguardia al proporcionar informaci\u00f3n sobre las estrategias, fortalezas y debilidades de la competencia.&nbsp; <\/span><span style=\"font-weight: 400;\">Adem\u00e1s, la investigaci\u00f3n de mercado en Austin respalda la toma de decisiones estrat\u00e9gicas. Proporciona informaci\u00f3n basada en datos que gu\u00eda las estrategias comerciales, desde el desarrollo de productos hasta el marketing y las ventas.&nbsp;<\/span><\/p>\n\n\n\n<h2 class=\"wp-block-heading\"><strong>\u00bfQui\u00e9n utiliza la investigaci\u00f3n de mercado en Austin?<\/strong><\/h2>\n\n\n\n<p><b>Empresas tecnol\u00f3gicas<\/b><span style=\"font-weight: 400;\"> se encuentran entre los usuarios principales, aprovechando la investigaci\u00f3n de mercado en Austin para comprender las tendencias y preferencias de los consumidores en una ciudad conocida por su innovaci\u00f3n y cultura de startups. Estos conocimientos les ayudan a desarrollar productos y servicios de vanguardia que satisfagan las necesidades de una poblaci\u00f3n conocedora de la tecnolog\u00eda.<\/span><\/p>\n\n\n\n<p><b>Negocios minoristas<\/b><span style=\"font-weight: 400;\"> Tambi\u00e9n dependen en gran medida de la investigaci\u00f3n de mercado en Austin. Al comprender los comportamientos y preferencias de compra locales, los minoristas pueden adaptar sus ofertas y estrategias de marketing para atraer y retener clientes. Esto es particularmente importante en una ciudad con una poblaci\u00f3n diversa y en crecimiento, donde los gustos de los consumidores var\u00edan ampliamente.<\/span><\/p>\n\n\n\n<p><a href=\"https:\/\/www.sisinternational.com\/es\/creacion-de-organos-con-impresoras-3d\/\" title=\"Creaci\u00f3n de \u00f3rganos e investigaci\u00f3n de mercado de impresoras 3D\"  data-wpil-monitor-id=\"2314\">Healthcare organizations in Austin use market research<\/a> to better understand patient needs and improve service delivery. With the city&#8217;s expanding healthcare sector, these insights are crucial for enhancing patient experiences and outcomes.<\/span><\/p>\n\n\n\n<p><b>Instituciones educacionales<\/b><span style=\"font-weight: 400;\"> y <\/span><b>agencias gubernamentales<\/b><span style=\"font-weight: 400;\"> Tambi\u00e9n se beneficiar\u00e1 de la investigaci\u00f3n de mercado en Austin. Las escuelas y universidades lo utilizan para comprender la demograf\u00eda de los estudiantes y las necesidades educativas, mientras que las agencias gubernamentales lo utilizan para informar decisiones pol\u00edticas y programas comunitarios.<\/span><\/p>\n\n\n\n<h2 class=\"wp-block-heading\"><strong>Resultados esperados de la investigaci\u00f3n de mercado de SIS en Austin<\/strong><\/h2>\n\n\n\n<p><b>Toma de decisiones mejorada<\/b><span style=\"font-weight: 400;\">&nbsp;<\/span><\/p>\n\n\n\n<p><span style=\"font-weight: 400;\">La investigaci\u00f3n de mercado en Austin brinda a las empresas los datos y los conocimientos necesarios para tomar decisiones informadas. Las empresas pueden desarrollar estrategias efectivas y eficientes al comprender las tendencias del mercado, el comportamiento del consumidor y la din\u00e1mica competitiva.<\/span><\/p>\n\n\n\n<p><b>Orientaci\u00f3n al cliente mejorada<\/b><span style=\"font-weight: 400;\">&nbsp;<\/span><\/p>\n\n\n\n<p><span style=\"font-weight: 400;\">Al analizar la demograf\u00eda local y las preferencias de los consumidores, las empresas pueden orientar mejor sus esfuerzos de marketing. Esto conduce a una mayor participaci\u00f3n y mejores tasas de conversi\u00f3n, lo que en \u00faltima instancia impulsa las ventas y los ingresos.<\/span><\/p>\n\n\n\n<p><b>Mayor ventaja competitiva<\/b><span style=\"font-weight: 400;\">&nbsp;<\/span><\/p>\n\n\n\n<p><a href=\"https:\/\/www.linkedin.com\/company\/sisinternationalresearch\/\" target=\"_blank\" rel=\"noopener\"><span style=\"font-weight: 400;\">SIS Internacional<\/span><\/a><span style=\"font-weight: 400;\"> Proporciona informaci\u00f3n sobre las fortalezas y debilidades de los competidores. Al aprovechar esta informaci\u00f3n, las empresas pueden desarrollar estrategias que aprovechen las oportunidades del mercado y se diferencien de la competencia.<\/span><\/p>\n\n\n\n<p><b>Desarrollo de productos optimizado<\/b><span style=\"font-weight: 400;\">&nbsp;<\/span><\/p>\n\n\n\n<p><span style=\"font-weight: 400;\">Comprender las necesidades y preferencias de los consumidores de Austin permite a las empresas desarrollar productos y servicios que satisfagan mejor las demandas del mercado. Esto aumenta la probabilidad de \u00e9xito del producto y la satisfacci\u00f3n del cliente.<\/span><\/p>\n\n\n\n<p><b>Mitigaci\u00f3n de riesgos<\/b><span style=\"font-weight: 400;\">&nbsp;<\/span><\/p>\n\n\n\n<p><span style=\"font-weight: 400;\">Identifying potential <a href=\"https:\/\/www.sisinternational.com\/es\/pericia\/industrias\/investigacion-de-mercado-de-vacunacion\/\" title=\"Investigaci\u00f3n de mercado de vacunaci\u00f3n\" data-wpil-monitor-id=\"3753\">market risks through research<\/a> permite a las empresas desarrollar estrategias para mitigar estos riesgos. Este enfoque proactivo ayuda a garantizar la estabilidad y el \u00e9xito a largo plazo.<\/span><\/p>\n\n\n\n<h2 class=\"wp-block-heading\"><strong>Industrias clave en Austin<\/strong><\/h2>\n\n\n\n<p><span style=\"font-weight: 400;\">Varias industrias clave impulsan la diversa econom\u00eda de Austin y cada una de ellas contribuye significativamente al crecimiento y desarrollo de la ciudad.<\/span><\/p>\n\n\n\n<p><b>Tecnolog\u00eda<\/b><\/p>\n\n\n\n<p><span style=\"font-weight: 400;\">A Austin a menudo se le llama &quot;Silicon Hills&quot; debido a su pr\u00f3spera escena tecnol\u00f3gica. Empresas como Dell Technologies, Apple e IBM tienen operaciones importantes aqu\u00ed, fomentando un s\u00f3lido ecosistema de innovaci\u00f3n y emprendimiento. La presencia de numerosas empresas emergentes mejora a\u00fan m\u00e1s la reputaci\u00f3n de la ciudad como centro tecnol\u00f3gico.<\/span><\/p>\n\n\n\n<p><b>Sanidad<\/b><\/p>\n\n\n\n<p><span style=\"font-weight: 400;\">El sector de la salud en Austin se est\u00e1 expandiendo r\u00e1pidamente, con instituciones como St. David&#039;s HealthCare y Seton Healthcare Family a la cabeza. Los avances en la tecnolog\u00eda m\u00e9dica y una poblaci\u00f3n en crecimiento han impulsado la demanda de servicios de atenci\u00f3n m\u00e9dica, convirti\u00e9ndola en una industria fundamental en la ciudad.<\/span><\/p>\n\n\n\n<p><b>Educaci\u00f3n<\/b><\/p>\n\n\n\n<p><span style=\"font-weight: 400;\">El sector educativo, con instituciones destacadas como la Universidad de Texas en Austin, contribuye de manera importante a la econom\u00eda local. Estas instituciones brindan educaci\u00f3n e impulsan la investigaci\u00f3n y la innovaci\u00f3n en diversos campos.<\/span><\/p>\n\n\n\n<p><b>Venta al por menor<\/b><\/p>\n\n\n\n<p><span style=\"font-weight: 400;\">Los negocios minoristas de Austin se benefician de la creciente poblaci\u00f3n y la industria tur\u00edstica de la ciudad. Empresas como Whole Foods Market, fundada en Austin, y varias boutiques y tiendas locales atienden a una base de clientes diversa y adinerada.<\/span><\/p>\n\n\n\n<p><b>Entretenimiento y Turismo<\/b><\/p>\n\n\n\n<p><span style=\"font-weight: 400;\">Austin es conocida por su escena musical, festivales culturales y su vibrante vida nocturna. El festival South by Southwest (SXSW) atrae a miles de visitantes anualmente, lo que impulsa la econom\u00eda local. Este sector es fundamental en la configuraci\u00f3n de la identidad cultural y el panorama econ\u00f3mico de la ciudad.<\/span><\/p>\n\n\n\n<h2 class=\"wp-block-heading\"><strong>Actores l\u00edderes en el mercado de Austin<\/strong><\/h2>\n\n\n\n<p><span style=\"font-weight: 400;\">El mercado de Austin alberga varios actores l\u00edderes de diversas industrias, cada uno de los cuales contribuye al din\u00e1mico entorno empresarial de la ciudad.<\/span><\/p>\n\n\n\n<p><b>\u2022 Tecnolog\u00edas Dell<\/b><span style=\"font-weight: 400;\"> es una piedra angular de la industria tecnol\u00f3gica de Austin. Proporciona una gama de soluciones inform\u00e1ticas y emplea a miles de residentes. Su presencia ha catalizado el crecimiento de numerosas nuevas empresas tecnol\u00f3gicas y negocios auxiliares.<\/span><\/p>\n\n\n\n<p><b>\u2022 Mercado de alimentos integrales<\/b><span style=\"font-weight: 400;\">, con sede en Austin, ha revolucionado el sector de la alimentaci\u00f3n, centr\u00e1ndose en alimentos org\u00e1nicos y naturales. Ahora una subsidiaria de Amazon, contin\u00faa influyendo en el panorama minorista a nivel local y nacional.<\/span><\/p>\n\n\n\n<p><b>\u2022 SXSW<\/b><span style=\"font-weight: 400;\"> es un importante motor cultural y econ\u00f3mico en Austin. Este evento anual re\u00fane a profesionales de la m\u00fasica, el cine y la tecnolog\u00eda, generando una importante actividad econ\u00f3mica y atenci\u00f3n global para la ciudad.<\/span><\/p>\n\n\n\n<p><b>\u2022 The University of Texas at <a href=\"https:\/\/www.sisinternational.com\/es\/cobertura\/las-americas\/cobertura-de-estados-unidos\/investigacion-de-mercado-en-texas\/\" title=\"Investigaci\u00f3n de mercado en Texas\" data-wpil-monitor-id=\"6082\">Austin<\/a><\/b><span style=\"font-weight: 400;\"> es crucial en la educaci\u00f3n y la investigaci\u00f3n. Sus contribuciones a la tecnolog\u00eda, la atenci\u00f3n m\u00e9dica y otros campos tienen un impacto profundo en la econom\u00eda local y m\u00e1s all\u00e1.<\/span><\/p>\n\n\n\n<h2 class=\"wp-block-heading\"><strong>Principales atracciones tur\u00edsticas en Austin<\/strong><\/h2>\n\n\n\n<p><span style=\"font-weight: 400;\">Austin es famosa por su vibrante cultura y atracciones \u00fanicas, lo que la convierte en un destino tur\u00edstico popular. La mezcla ecl\u00e9ctica de m\u00fasica, arte y actividades al aire libre de la ciudad ofrece algo para todos.<\/span><\/p>\n\n\n\n<ol class=\"wp-block-list\">\n<li><b> El Capitolio del Estado de Texas<\/b><span style=\"font-weight: 400;\"> es una maravilla arquitect\u00f3nica, m\u00e1s grande que el Capitolio de los EE. UU. en Washington, DC Los visitantes pueden explorar el edificio hist\u00f3rico y sus hermosos terrenos y aprender sobre la historia y el gobierno de Texas.<\/span><\/li>\n\n\n\n<li><b> Lago Lady Bird<\/b><span style=\"font-weight: 400;\"> es un embalse pintoresco en el coraz\u00f3n de Austin que es perfecto para los entusiastas del aire libre. Los visitantes pueden disfrutar de paseos en kayak, remo o simplemente pasear por el sendero para caminatas y bicicletas Ann and Roy Butler que rodea el lago.<\/span><\/li>\n\n\n\n<li><b> Piscina de Barton Springs<\/b><span style=\"font-weight: 400;\">&nbsp;Es una piscina natural alimentada por un manantial que mantiene una temperatura refrescante durante todo el a\u00f1o. Es un lugar popular para nadar y hacer picnic, y ofrece un respiro del calor de Texas.<\/span><\/li>\n\n\n\n<li><b> Avenida Congreso Sur (SoCo)<\/b><span style=\"font-weight: 400;\"> es un barrio vibrante conocido por sus tiendas ecl\u00e9cticas, restaurantes de moda y locales de m\u00fasica en vivo. Encarna el esp\u00edritu de Austin y es un \u00e1rea de visita obligada para quienes buscan experimentar la cultura \u00fanica de la ciudad.<\/span><\/li>\n\n\n\n<li><b>5. La biblioteca presidencial LBJ<\/b> ofrece una gran cantidad de informaci\u00f3n sobre su presidencia y legado. Las exhibiciones del museo brindan informaci\u00f3n sobre una era fundamental en la historia de Estados Unidos.<\/li>\n<\/ol>\n\n\n\n<h2 class=\"wp-block-heading\">Barrios<\/h2>\n\n\n\n<figure class=\"gb-block-image gb-block-image-23742671\"><img loading=\"lazy\" decoding=\"async\" width=\"1456\" height=\"816\" class=\"gb-image gb-image-23742671\" src=\"https:\/\/www.sisinternational.com\/wp-content\/uploads\/2025\/09\/Austin-Texas-4-1.jpg\" alt=\"Investigaci\u00f3n y estrategia de mercado internacional de SIS\" title=\"Austin Texas 4 (1)\" srcset=\"https:\/\/www.sisinternational.com\/wp-content\/uploads\/2025\/09\/Austin-Texas-4-1.jpg 1456w, https:\/\/www.sisinternational.com\/wp-content\/uploads\/2025\/09\/Austin-Texas-4-1-300x168.jpg 300w, https:\/\/www.sisinternational.com\/wp-content\/uploads\/2025\/09\/Austin-Texas-4-1-1024x574.jpg 1024w, https:\/\/www.sisinternational.com\/wp-content\/uploads\/2025\/09\/Austin-Texas-4-1-768x430.jpg 768w, https:\/\/www.sisinternational.com\/wp-content\/uploads\/2025\/09\/Austin-Texas-4-1-18x10.jpg 18w\" sizes=\"auto, (max-width: 1456px) 100vw, 1456px\"><\/figure>\n\n\n\n<p><\/p>\n\n\n\n<p>The Hills es para aquellos que aman la vida de club de campo. Ofrece a los residentes nataci\u00f3n, spa, golf y gimnasios. Las casas son hermosas y los patios tambi\u00e9n est\u00e1n al mismo nivel. The Hills tambi\u00e9n ofrece a los residentes un estilo de vida gastron\u00f3mico informal.<\/p>\n\n\n\n<p>Wimberley es otra gran opci\u00f3n. Este vecindario tiene casas familiares con muchas habitaciones y lotes que se extienden por acres. El arte local en el Wimberley Fine Art Center siempre est\u00e1 abierto para los lugare\u00f1os. Adem\u00e1s, pueden refrescarse durante los d\u00edas calurosos en la poza para nadar Blue Hole. Tambi\u00e9n est\u00e1 Wimberley Zipline Adventures si desea una vista \u00fanica de la ciudad.<\/p>\n\n\n\n<p>Hutto es uno de los suburbios m\u00e1s seguros de Austin. Tiene una baja tasa de criminalidad y muchas casas espaciosas en venta, lo que es ideal para familias numerosas.<\/p>\n\n\n\n<h2 class=\"wp-block-heading\">Industrias clave<\/h2>\n\n\n\n<p>El estado tiene una econom\u00eda fuerte vinculada a sectores empresariales como la manufactura y las telecomunicaciones. Otros negocios incluyen servicios financieros, defensa de TI, seguridad, gesti\u00f3n de datos, tecnolog\u00eda espacial y ciencias biol\u00f3gicas.<\/p>\n\n\n\n<p>El heno y el forraje son los segundos cultivos m\u00e1s populares cultivados y vendidos por los productores. Actualmente se cultivan m\u00e1s de 37.000 hect\u00e1reas. Otros cultivos importantes son el ma\u00edz, el algod\u00f3n, el arroz, los melones, las uvas para vino y cultivos especiales.<\/p>\n\n\n\n<h2 class=\"wp-block-heading\">Tendencias<\/h2>\n\n\n\n<p>La econom\u00eda de Austin es fuerte y saludable, y es una ciudad de r\u00e1pido crecimiento. Los servicios profesionales y empresariales son los sectores que impulsan la econom\u00eda de Austin. Hoy, la atm\u00f3sfera est\u00e1 impulsada por la tecnolog\u00eda. Por tanto, es un lugar excelente para la fabricaci\u00f3n avanzada. Tambi\u00e9n es perfecto para semiconductores, nanotecnolog\u00eda y innovaciones en tecnolog\u00eda automotriz.<\/p>\n\n\n\n<h2 class=\"wp-block-heading\"><strong>Indicadores de mercado<\/strong><\/h2>\n\n\n\n<p><span style=\"font-weight: 400;\">La industria tecnol\u00f3gica es un importante impulsor de la econom\u00eda de Austin, con innovaci\u00f3n continua y un fuerte esp\u00edritu empresarial que impulsa el crecimiento. La presencia de importantes empresas tecnol\u00f3gicas y un pr\u00f3spero ecosistema de startups atrae talento e inversi\u00f3n, impulsando la actividad econ\u00f3mica y la creaci\u00f3n de empleo.<\/span><\/p>\n\n\n\n<p><span style=\"font-weight: 400;\">El crecimiento de la poblaci\u00f3n de Austin es otro importante impulsor del mercado. La atractiva calidad de vida de la ciudad, incluidas sus ofertas culturales y su costo de vida relativamente bajo en comparaci\u00f3n con otros centros tecnol\u00f3gicos, contin\u00faa atrayendo nuevos residentes. Esta afluencia de personas estimula la demanda de vivienda, comercio minorista y servicios, lo que contribuye a la expansi\u00f3n econ\u00f3mica general.<\/span><\/p>\n\n\n\n<p><span style=\"font-weight: 400;\">El turismo y el entretenimiento son impulsores clave, y eventos como SXSW y Austin City Limits atraen a visitantes de todo el mundo. Estos eventos generan una actividad econ\u00f3mica sustancial, benefician a las empresas locales y promueven a Austin como un destino vibrante.<\/span><\/p>\n\n\n\n<h2 class=\"wp-block-heading\"><strong>Restricciones del mercado<\/strong><\/h2>\n\n\n\n<p><span style=\"font-weight: 400;\">Una limitaci\u00f3n importante es el r\u00e1pido ritmo de crecimiento demogr\u00e1fico, que ha generado una presi\u00f3n significativa sobre la infraestructura de la ciudad. La congesti\u00f3n del tr\u00e1fico y el aumento de los costos de la vivienda son problemas constantes que afectan la calidad de vida y las operaciones comerciales. Abordar estos desaf\u00edos requiere esfuerzos coordinados tanto del sector p\u00fablico como del privado.<\/span><\/p>\n\n\n\n<p><span style=\"font-weight: 400;\">El panorama competitivo en Austin es intenso, particularmente en la industria tecnol\u00f3gica. Si bien esto impulsa la innovaci\u00f3n, tambi\u00e9n significa que las empresas deben evolucionar continuamente para mantener su ventaja competitiva. El alto nivel de competencia puede ser una barrera para los nuevos participantes y las empresas m\u00e1s peque\u00f1as que intentan establecerse.<\/span><\/p>\n\n\n\n<p><span style=\"font-weight: 400;\">Las disparidades econ\u00f3micas dentro de la ciudad presentan otro desaf\u00edo. Si bien algunas \u00e1reas de Austin prosperan, otras luchan contra la pobreza y el acceso limitado a los recursos. Esta disparidad puede afectar el comportamiento del consumidor y el potencial del mercado, lo que requiere estrategias espec\u00edficas para involucrar a las comunidades desatendidas.<\/span><\/p>\n\n\n\n<h2 class=\"wp-block-heading\">Base de consumidores<\/h2>\n\n\n\n<p>En Austin, Texas, la gente gasta sus ingresos en art\u00edculos para el hogar. Tambi\u00e9n les gusta el entretenimiento. Estas dos cosas son una gran parte de la vida de las personas en Austin.<\/p>\n\n\n\n<h2 class=\"wp-block-heading\">Razones para iniciar un negocio en Austin, Texas<\/h2>\n\n\n\n<p>Austin es la capital de Texas, lo que hace que iniciar un negocio all\u00ed sea mucho m\u00e1s accesible. Este hermoso lugar tiene una excelente vida nocturna, impresionantes paisajes monta\u00f1osos y otras atracciones culturales, lo que lo convierte en uno de los mejores lugares para iniciar una empresa. Muchas plataformas inmobiliarias han publicado datos que muestran que Austin tiene excelentes tasas de creaci\u00f3n de empresas.<\/p>\n\n\n\n<h2 class=\"wp-block-heading\"><strong>C\u00f3mo la investigaci\u00f3n de mercado de SIS International en Austin ayuda a las empresas<\/strong><\/h2>\n\n\n\n<p><a href=\"https:\/\/twitter.com\/SISIntlResearch\" target=\"_blank\" rel=\"noopener\"><span style=\"font-weight: 400;\">SIS<\/span><\/a><span style=\"font-weight: 400;\"> ayuda a las empresas a reducir el riesgo, aumentar los ingresos y acelerar el crecimiento. SIS International permite a las empresas tomar decisiones informadas que impulsen el \u00e9xito al proporcionar informaci\u00f3n pr\u00e1ctica sobre las tendencias del mercado y el comportamiento del consumidor.<\/span><\/p>\n\n\n\n<p><b>La reducci\u00f3n de riesgos<\/b><span style=\"font-weight: 400;\">&nbsp;<\/span><\/p>\n\n\n\n<p><span style=\"font-weight: 400;\">SIS identifica riesgos y desaf\u00edos potenciales a trav\u00e9s de un an\u00e1lisis integral del mercado, lo que permite a las empresas desarrollar estrategias de mitigaci\u00f3n. Este enfoque proactivo garantiza la estabilidad a largo plazo y minimiza el impacto de eventos imprevistos.<\/span><\/p>\n\n\n\n<p><b>Aumento de ingresos<\/b><span style=\"font-weight: 400;\">&nbsp;<\/span><\/p>\n\n\n\n<p><span style=\"font-weight: 400;\">La investigaci\u00f3n de mercado en Austin ayuda a las empresas a comprender las preferencias y comportamientos de los consumidores, permiti\u00e9ndoles adaptar eficazmente sus ofertas y estrategias de marketing. Esto conduce a una mayor satisfacci\u00f3n del cliente y mayores ventas, lo que en \u00faltima instancia aumenta los ingresos.<\/span><\/p>\n\n\n\n<p><b>Crecimiento acelerado<\/b><span style=\"font-weight: 400;\">&nbsp;<\/span><\/p>\n\n\n\n<p><span style=\"font-weight: 400;\">SIS International ayuda a las empresas a capitalizar el potencial de crecimiento identificando oportunidades de mercado y tendencias emergentes. Esto incluye explorar nuevos mercados, desarrollar productos innovadores y ampliar operaciones para satisfacer la demanda.<\/span><\/p>\n\n\n\n<p><b>Innovaci\u00f3n y ventaja competitiva<\/b><span style=\"font-weight: 400;\">&nbsp;<\/span><\/p>\n\n\n\n<p><span style=\"font-weight: 400;\">Nuestro equipo proporciona informaci\u00f3n sobre las estrategias de la competencia y la din\u00e1mica del mercado, ayudando a las empresas a mantenerse a la vanguardia. Esto fomenta la innovaci\u00f3n y permite a las empresas desarrollar propuestas de valor \u00fanicas que las diferencian de sus competidores.<\/span><\/p>\n\n\n\n<p><b>Retorno de la inversi\u00f3n mejorado<\/b><span style=\"font-weight: 400;\">&nbsp;<\/span><\/p>\n\n\n\n<p><span style=\"font-weight: 400;\">Con informaci\u00f3n basada en datos, las empresas pueden optimizar sus operaciones y esfuerzos de marketing, lo que genera mayores retornos de la inversi\u00f3n. Esto incluye una asignaci\u00f3n eficiente de recursos, campa\u00f1as de marketing espec\u00edficas y una planificaci\u00f3n estrat\u00e9gica basada en datos de mercado confiables.<\/span><\/p>\n\n\n\n<h2 class=\"wp-block-heading\"><strong>Acerca de SIS Internacional<\/strong><\/h2>\n\n\n\n<p><a href=\"https:\/\/www.sisinternational.com\/es\/\"><span style=\"font-weight: 400;\">SIS Internacional<\/span><\/a><span style=\"font-weight: 400;\"> ofrece investigaci\u00f3n cuantitativa, cualitativa y estrat\u00e9gica. Proporcionamos datos, herramientas, estrategias, informes y conocimientos para la toma de decisiones. Tambi\u00e9n realizamos entrevistas, encuestas, grupos focales y otros m\u00e9todos y enfoques de investigaci\u00f3n de mercado.<\/span><a href=\"https:\/\/www.sisinternational.com\/es\/sobre-la-investigacion-internacional-de-sis\/contact-sis-international-market-research\/\"><span style=\"font-weight: 400;\"> P\u00f3ngase en contacto con nosotros<\/span><\/a><span style=\"font-weight: 400;\"> para su pr\u00f3ximo proyecto de Investigaci\u00f3n de Mercado.<\/span><\/p>\n\n\n\n<p><\/p>","protected":false},"excerpt":{"rendered":"<p>Investigaci\u00f3n de mercado en Austin Austin emerge r\u00e1pidamente como una potencia empresarial, que combina una escena tecnol\u00f3gica din\u00e1mica con un paisaje cultural vibrante. Por lo tanto, la investigaci\u00f3n de mercado en Austin es crucial para las empresas que buscan capitalizar este crecimiento y mantenerse a la vanguardia en un entorno competitivo. \u00bfQu\u00e9 es la investigaci\u00f3n de mercado en Austin? La investigaci\u00f3n de mercado en Austin incluye la comprensi\u00f3n... <a title=\"Investigaci\u00f3n de mercado en Austin\" class=\"read-more\" href=\"https:\/\/www.sisinternational.com\/es\/cobertura\/north-america\/cobertura-de-estados-unidos\/investigacion-de-mercado-austin-texas\/\" aria-label=\"Leer m\u00e1s sobre Investigaci\u00f3n de Mercado en Austin\">Leer m\u00e1s<\/a><\/p>","protected":false},"author":1,"featured_media":66506,"parent":19303,"menu_order":57,"comment_status":"closed","ping_status":"closed","template":"","meta":{"footnotes":""},"class_list":["post-39676","page","type-page","status-publish","has-post-thumbnail"],"_links":{"self":[{"href":"https:\/\/www.sisinternational.com\/es\/wp-json\/wp\/v2\/pages\/39676","targetHints":{"allow":["GET"]}}],"collection":[{"href":"https:\/\/www.sisinternational.com\/es\/wp-json\/wp\/v2\/pages"}],"about":[{"href":"https:\/\/www.sisinternational.com\/es\/wp-json\/wp\/v2\/types\/page"}],"author":[{"embeddable":true,"href":"https:\/\/www.sisinternational.com\/es\/wp-json\/wp\/v2\/users\/1"}],"replies":[{"embeddable":true,"href":"https:\/\/www.sisinternational.com\/es\/wp-json\/wp\/v2\/comments?post=39676"}],"version-history":[{"count":18,"href":"https:\/\/www.sisinternational.com\/es\/wp-json\/wp\/v2\/pages\/39676\/revisions"}],"predecessor-version":[{"id":79712,"href":"https:\/\/www.sisinternational.com\/es\/wp-json\/wp\/v2\/pages\/39676\/revisions\/79712"}],"up":[{"embeddable":true,"href":"https:\/\/www.sisinternational.com\/es\/wp-json\/wp\/v2\/pages\/19303"}],"wp:featuredmedia":[{"embeddable":true,"href":"https:\/\/www.sisinternational.com\/es\/wp-json\/wp\/v2\/media\/66506"}],"wp:attachment":[{"href":"https:\/\/www.sisinternational.com\/es\/wp-json\/wp\/v2\/media?parent=39676"}],"curies":[{"name":"wp","href":"https:\/\/api.w.org\/{rel}","templated":true}]}}