{"id":39617,"date":"2021-12-31T01:15:07","date_gmt":"2021-12-31T01:15:07","guid":{"rendered":"https:\/\/www.sisinternational.com\/?page_id=39617"},"modified":"2026-01-24T20:54:24","modified_gmt":"2026-01-25T01:54:24","slug":"supply-chain-market-research","status":"publish","type":"page","link":"https:\/\/www.sisinternational.com\/es\/solutions\/strategy-consulting\/supply-chain-market-research\/","title":{"rendered":"Investigaci\u00f3n de mercado de la cadena de suministro"},"content":{"rendered":"<h1 class=\"wp-block-heading\">Investigaci\u00f3n de mercado de la cadena de suministro<\/h1>\n\n\n\n<figure class=\"gb-block-image gb-block-image-2702dab9\"><img loading=\"lazy\" decoding=\"async\" width=\"1456\" height=\"816\" class=\"gb-image gb-image-2702dab9\" src=\"https:\/\/www.sisinternational.com\/wp-content\/uploads\/2025\/08\/Freight-3.jpg\" alt=\"SIS International Market Research &amp; Strategy\" title=\"Freight (3)\" srcset=\"https:\/\/www.sisinternational.com\/wp-content\/uploads\/2025\/08\/Freight-3.jpg 1456w, https:\/\/www.sisinternational.com\/wp-content\/uploads\/2025\/08\/Freight-3-300x168.jpg 300w, https:\/\/www.sisinternational.com\/wp-content\/uploads\/2025\/08\/Freight-3-1024x574.jpg 1024w, https:\/\/www.sisinternational.com\/wp-content\/uploads\/2025\/08\/Freight-3-768x430.jpg 768w, https:\/\/www.sisinternational.com\/wp-content\/uploads\/2025\/08\/Freight-3-18x10.jpg 18w\" sizes=\"auto, (max-width: 1456px) 100vw, 1456px\"><\/figure>\n\n\n\n<p><\/p>\n\n\n\n<h2 class=\"wp-block-heading\">\u00bfQu\u00e9 es la investigaci\u00f3n de mercado de la cadena de suministro?<\/h2>\n\n\n\n<p>Una cadena de suministro es una red entre proveedores y compradores que fabrica productos y luego los distribuye al comprador final. La cadena de suministro cubre cada paso del proceso de producci\u00f3n. Estos incluyen elementos como personas, entidades, datos y recursos.<\/p>\n\n\n\n<p>There are different supply chain models. The continuous flow model is one that many companies use. It is best for products that are the same and are in high demand. Managers constantly replace the raw materials to <a href=\"https:\/\/www.sisinternational.com\/es\/what-is-a-value-proposition-canvas-the-game-changing-framework-that-prevents-product-failures\/\" title=\"What Is a Value Proposition Canvas? &#091;The Game-Changing Framework That Prevents Product Failures&#093;\"  data-wpil-monitor-id=\"8641\">prevent bottlenecks in production<\/a>.<\/p>\n\n\n\n<p>Another one is the fast chain model. It is best suited for <a href=\"https:\/\/www.sisinternational.com\/es\/top-b2b-industry-trends-forecasting-company\/\" title=\"Principal empresa de previsi\u00f3n de tendencias de la industria B2B\"  data-wpil-monitor-id=\"8645\">companies that sell products based on trends<\/a>. These products have a limited time appeal. In this case, ideas move from prototype to <a href=\"https:\/\/www.sisinternational.com\/es\/solutions\/taste-testing\/consumer-product-testing-in-new-york\/\" title=\"Pruebas de productos de consumo en Nueva York\"  data-wpil-monitor-id=\"8640\">production to consumer<\/a> very fast.<\/p>\n\n\n\n<p>The flexible model is also popular. <a href=\"https:\/\/www.sisinternational.com\/es\/solutions\/taste-testing\/product-testing-for-companies\/\" title=\"Product Testing for Companies\"  data-wpil-monitor-id=\"8646\">Companies that make seasonal products<\/a> use this model, where items surge in demand during peak periods. There\u2019s little or no need for these goods otherwise (for example, Christmas decorations). This model allows quick production starts and efficient shutdowns. It relies on accurate demand forecasts to determine raw material needs.<\/p>\n\n\n\n<h2 class=\"wp-block-heading\">\u00bfPor qu\u00e9 es importante?<\/h2>\n\n\n\n<p>Las cadenas de suministro ayudan a las empresas a reducir sus costos y competir.<\/p>\n\n\n\n<p>La rapidez con la que un producto avanza a trav\u00e9s de la cadena de suministro afecta las ganancias. Cuando los proveedores pueden entregar productos costosos r\u00e1pidamente, esto ayuda a los minoristas a venderlos r\u00e1pidamente. De esta forma, las tiendas pueden evitar altos costos de inventario. Cuando los materiales se mueven r\u00e1pidamente a trav\u00e9s de la cadena de suministro, tambi\u00e9n se reducen los costos de producci\u00f3n. Adem\u00e1s, evita que se produzca desabastecimiento. Por lo tanto, la producci\u00f3n puede continuar y no hay p\u00e9rdida de ingresos.<\/p>\n\n\n\n<p>Supply chains play a crucial role in countries\u2019 economies. More market growth occurs in societies with well-developed <a href=\"https:\/\/www.sisinternational.com\/es\/solutions\/fintech-strategy-consulting-research\/supply-chain-finance-market-research\/\" title=\"Investigaci\u00f3n de mercado de financiaci\u00f3n de la cadena de suministro\"  data-wpil-monitor-id=\"8643\">supply<\/a> chains. As businesses trade goods at a fast rate, more consumers can buy at a low cost. Supply chains can thus help to raise the standard of living in society.<\/p>\n\n\n\n<p>Las distintas etapas de la cadena de suministro tambi\u00e9n proporcionan empleo a muchas personas.<\/p>\n\n\n\n<h2 class=\"wp-block-heading\">T\u00edtulos de trabajo clave<\/h2>\n\n\n\n<p>Many roles within a supply chain are crucial to its success. These roles pay close attention to the logistics that occur. Some examples are:<\/p>\n\n\n\n<p>1. Gerentes de la cadena de suministro<\/p>\n\n\n\n<p>2. Agentes de compras<\/p>\n\n\n\n<p>3. Analistas de log\u00edstica<\/p>\n\n\n\n<p>4. Gerente de operaciones<\/p>\n\n\n\n<h2 class=\"wp-block-heading\">Por qu\u00e9 las empresas necesitan una cadena de suministro<\/h2>\n\n\n\n<p>Un negocio que implica el movimiento de bienes de un proveedor al comprador debe tener una cadena de suministro. La cadena puede adoptar una forma diferente seg\u00fan la naturaleza del negocio. A pesar de esto, una empresa debe asegurarse de que su cadena de suministro sea \u00f3ptima. Es la mejor manera de garantizar que se logren los m\u00e1ximos beneficios.<\/p>\n\n\n\n<h2 class=\"wp-block-heading\">Factores claves del \u00e9xito<\/h2>\n\n\n\n<p>Supply chains achieve <a href=\"https:\/\/www.sisinternational.com\/es\/key-success-factors-in-automotive-market-research\/\" title=\"Factores clave de \u00e9xito en la investigaci\u00f3n de mercado automotriz\"  data-wpil-monitor-id=\"8642\">success due to many factors<\/a>.<\/p>\n\n\n\n<p>Por ejemplo, la capacidad de innovar es un factor clave. De esta forma, la cadena de suministro sigue creciendo. Este crecimiento implica el uso de nuevos sistemas como la tecnolog\u00eda en la nube. Otro m\u00e9todo nuevo es el uso de herramientas de integraci\u00f3n de vanguardia, que permiten que los sistemas dentro de una empresa compartan informaci\u00f3n. El uso de tecnolog\u00eda m\u00f3vil avanzada tambi\u00e9n es otra innovaci\u00f3n.<\/p>\n\n\n\n<p>Las cadenas de suministro exitosas tambi\u00e9n se basan en datos. Su empresa puede utilizar los datos recopilados de la cadena de suministro para ayudarla a operar mejor.<\/p>\n\n\n\n<p>Otro factor cr\u00edtico es la capacidad de empoderar a los empleados. El empoderamiento ayuda a los trabajadores a involucrarse en el \u00e9xito de la cadena de suministro. Como resultado, funcionan mejor.<\/p>\n\n\n\n<p>Having a transparent system is also crucial. Such a system involves <a href=\"https:\/\/www.sisinternational.com\/es\/solutions\/strategy-consulting\/data-analytics\/\" title=\"Empresa de an\u00e1lisis de datos\"  data-wpil-monitor-id=\"8644\">data sharing through the entire company<\/a>. Thus, all aspects connect well. As a result, the business becomes more efficient and gains more profits. It helps the business maintain control. It enables the company to take better account of its operation and become more compliant.<\/p>\n\n\n\n<p>La capacidad de afrontar cambios repentinos es otro factor cr\u00edtico para el \u00e9xito. Las cosas siempre cambian. Pueden surgir muchos obst\u00e1culos, especialmente dentro de la cadena de suministro. Una vez que pueda adaptarse a estos cambios, podr\u00e1 lograr el \u00e9xito.<\/p>\n\n\n\n<h2 class=\"wp-block-heading\">Acerca de la investigaci\u00f3n de mercado de la cadena de suministro<\/h2>\n\n\n\n<p>For best results, <a href=\"https:\/\/www.sisinternational.com\/es\/top-global-quantitative-market-research-company\/\" title=\"Empresa l\u00edder mundial en investigaci\u00f3n cuantitativa de mercados\"  data-wpil-monitor-id=\"8647\">companies need to do Quantitative<\/a>, Qualitative, and Strategy Research. This research can be in the form of interviews, surveys, or focus groups.<\/p>\n\n\n\n<p>Supply <a href=\"https:\/\/www.sisinternational.com\/es\/solutions\/travel-tourism-hospitality-consulting\/chain-hotel-market-research\/\" title=\"Investigaci\u00f3n de Mercado de Cadena Hotelera\"  data-wpil-monitor-id=\"3016\">Chain market research<\/a> is vital for businesses wishing to maximize profits. It provides insight into risks and ways to improve the process. These insights also help avoid losses.<\/p>\n\n\n\n<p><\/p>","protected":false},"excerpt":{"rendered":"<p>Las cadenas de suministro desempe\u00f1an un papel crucial en las econom\u00edas de los pa\u00edses. Se produce un mayor crecimiento del mercado en sociedades con cadenas de suministro bien desarrolladas.<\/p>","protected":false},"author":1,"featured_media":63816,"parent":14567,"menu_order":24,"comment_status":"closed","ping_status":"closed","template":"","meta":{"footnotes":""},"class_list":["post-39617","page","type-page","status-publish","has-post-thumbnail"],"_links":{"self":[{"href":"https:\/\/www.sisinternational.com\/es\/wp-json\/wp\/v2\/pages\/39617","targetHints":{"allow":["GET"]}}],"collection":[{"href":"https:\/\/www.sisinternational.com\/es\/wp-json\/wp\/v2\/pages"}],"about":[{"href":"https:\/\/www.sisinternational.com\/es\/wp-json\/wp\/v2\/types\/page"}],"author":[{"embeddable":true,"href":"https:\/\/www.sisinternational.com\/es\/wp-json\/wp\/v2\/users\/1"}],"replies":[{"embeddable":true,"href":"https:\/\/www.sisinternational.com\/es\/wp-json\/wp\/v2\/comments?post=39617"}],"version-history":[{"count":6,"href":"https:\/\/www.sisinternational.com\/es\/wp-json\/wp\/v2\/pages\/39617\/revisions"}],"predecessor-version":[{"id":81449,"href":"https:\/\/www.sisinternational.com\/es\/wp-json\/wp\/v2\/pages\/39617\/revisions\/81449"}],"up":[{"embeddable":true,"href":"https:\/\/www.sisinternational.com\/es\/wp-json\/wp\/v2\/pages\/14567"}],"wp:featuredmedia":[{"embeddable":true,"href":"https:\/\/www.sisinternational.com\/es\/wp-json\/wp\/v2\/media\/63816"}],"wp:attachment":[{"href":"https:\/\/www.sisinternational.com\/es\/wp-json\/wp\/v2\/media?parent=39617"}],"curies":[{"name":"wp","href":"https:\/\/api.w.org\/{rel}","templated":true}]}}