{"id":39611,"date":"2021-12-31T01:07:20","date_gmt":"2021-12-31T01:07:20","guid":{"rendered":"https:\/\/www.sisinternational.com\/?page_id=39611"},"modified":"2026-01-24T16:45:15","modified_gmt":"2026-01-24T21:45:15","slug":"investigacion-de-mercado-de-lanzamiento-de-nuevos-productos","status":"publish","type":"page","link":"https:\/\/www.sisinternational.com\/es\/soluciones\/consultoria-estrategica\/investigacion-de-mercado-de-lanzamiento-de-nuevos-productos\/","title":{"rendered":"Investigaci\u00f3n de lanzamiento de nuevos productos"},"content":{"rendered":"<h1 class=\"wp-block-heading\">Investigaci\u00f3n de lanzamiento de nuevos productos<\/h1>\n\n\n\n<figure class=\"gb-block-image gb-block-image-8929a944\"><img loading=\"lazy\" decoding=\"async\" width=\"1456\" height=\"816\" class=\"gb-image gb-image-8929a944\" src=\"https:\/\/www.sisinternational.com\/wp-content\/uploads\/2025\/08\/Product-testing-2.jpg\" alt=\"Investigaci\u00f3n y estrategia de mercado internacional de SIS\" title=\"Product testing (2)\" srcset=\"https:\/\/www.sisinternational.com\/wp-content\/uploads\/2025\/08\/Product-testing-2.jpg 1456w, https:\/\/www.sisinternational.com\/wp-content\/uploads\/2025\/08\/Product-testing-2-300x168.jpg 300w, https:\/\/www.sisinternational.com\/wp-content\/uploads\/2025\/08\/Product-testing-2-1024x574.jpg 1024w, https:\/\/www.sisinternational.com\/wp-content\/uploads\/2025\/08\/Product-testing-2-768x430.jpg 768w, https:\/\/www.sisinternational.com\/wp-content\/uploads\/2025\/08\/Product-testing-2-18x10.jpg 18w\" sizes=\"auto, (max-width: 1456px) 100vw, 1456px\"><\/figure>\n\n\n\n<p><\/p>\n\n\n\n<p>Lanzamiento de nuevos productos La investigaci\u00f3n de mercado tiene como objetivo descubrir oportunidades para el desarrollo de nuevos productos. Determina si vale la pena convertir las ideas de sus productos en realidad. Si vale la pena hacerlo, le indica c\u00f3mo hacerlo mejor. No se trata s\u00f3lo de lo que hacen tus rivales, sino tambi\u00e9n de si tu p\u00fablico objetivo est\u00e1 dispuesto a gastar dinero en ti.<\/p>\n\n\n\n<p>El lanzamiento de un producto trae un nuevo art\u00edculo o servicio al mercado. Garantiza que todo su personal y sus clientes objetivo conozcan su nuevo producto.<\/p>\n\n\n\n<h2 class=\"wp-block-heading\">\u00bfQu\u00e9 es la investigaci\u00f3n de mercado de Introducci\u00f3n de nuevos productos?<\/h2>\n\n\n\n<p><span style=\"font-weight: 400;\">La investigaci\u00f3n de mercado de introducci\u00f3n de nuevos productos sirve como una br\u00fajula estrat\u00e9gica para las empresas que se embarcan en el lanzamiento de un nuevo producto. Recopila informaci\u00f3n \u00fatil y eval\u00faa la viabilidad del mercado antes de que un producto llegue a los estantes. A trav\u00e9s de una meticulosa recopilaci\u00f3n y an\u00e1lisis de datos, las empresas obtienen una comprensi\u00f3n m\u00e1s profunda de su mercado objetivo, el panorama competitivo y los posibles desaf\u00edos que pueden encontrar en el camino. Al aprovechar estos conocimientos, las empresas pueden tomar decisiones informadas en cada etapa del proceso de desarrollo del producto, desde la conceptualizaci\u00f3n hasta la comercializaci\u00f3n, maximizando en \u00faltima instancia sus posibilidades de \u00e9xito en un mercado en r\u00e1pida evoluci\u00f3n.<\/span><\/p>\n\n\n\n<h2 class=\"wp-block-heading\">\u00bfPor qu\u00e9 las empresas necesitan una investigaci\u00f3n de mercado sobre la introducci\u00f3n de nuevos productos?<\/h2>\n\n\n\n<p><span style=\"font-weight: 400;\">Las empresas recurren a la investigaci\u00f3n de mercado para la introducci\u00f3n de nuevos productos por varias razones de peso. Es una herramienta fundamental de mitigaci\u00f3n de riesgos que permite a las empresas evaluar la demanda del mercado e identificar obst\u00e1culos potenciales antes de invertir recursos significativos en el desarrollo y lanzamiento de productos.&nbsp;<\/span><\/p>\n\n\n\n<p><span style=\"font-weight: 400;\">Moreover, this <a href=\"https:\/\/www.sisinternational.com\/es\/pericia\/industrias\/que-es-el-equipo-de-perforacion-y-extraccion\/\" title=\"Investigaci\u00f3n de mercado de equipos de perforaci\u00f3n y extracci\u00f3n\"  data-wpil-monitor-id=\"10275\">market research equips<\/a> businesses with critical findings into the competitive landscape. With this competitive intelligence, companies can fine-tune their product features, pricing strategies, and marketing tactics to gain a competitive edge and capture market share.<\/span><\/p>\n\n\n\n<p><span style=\"font-weight: 400;\">Additionally, new product introduction <a href=\"https:\/\/www.sisinternational.com\/es\/soluciones\/consultoria-estrategica\/habilitacion-de-ventas-investigacion-de-mercado-consultoria-estrategica\/\" title=\"Habilitaci\u00f3n de ventas Investigaci\u00f3n de mercado y consultor\u00eda estrat\u00e9gica\"  data-wpil-monitor-id=\"10270\">market research enables<\/a> businesses to optimize resource allocation and investment decisions. This ensures that resources are allocated efficiently and effectively, maximizing ROI and minimizing the risk of overinvestment or underperformance. However, it brings some other benefits, including:<\/span><\/p>\n\n\n\n<ul class=\"wp-block-list\">\n<li><b>Validaci\u00f3n de mercado<\/b>: <a href=\"https:\/\/www.sisinternational.com\/es\/how-to-conduct-effective-quantitative-market-research\/\" title=\"How to Conduct Effective Quantitative Market Research\"  data-wpil-monitor-id=\"10276\">Realizaci\u00f3n de estudios de mercado<\/a> helps validate the demand for a new product before investing significant resources in its development and launch.&nbsp;<\/span><\/li>\n\n\n\n<li><b>Mitigaci\u00f3n de riesgos<\/b><span style=\"font-weight: 400;\">: Permite a las empresas identificar obst\u00e1culos y desaf\u00edos potenciales en las primeras etapas del proceso de desarrollo del producto, lo que les permite mitigar riesgos y evitar errores costosos.&nbsp;<\/span><\/li>\n\n\n\n<li><b>Informaci\u00f3n del cliente<\/b><span style=\"font-weight: 400;\">: Las empresas obtienen informaci\u00f3n valiosa sobre las necesidades, preferencias y puntos d\u00e9biles de los clientes a trav\u00e9s de encuestas de consumidores, grupos focales y otros m\u00e9todos de investigaci\u00f3n.&nbsp;<\/span><\/li>\n\n\n\n<li><b>Ventaja competitiva<\/b><span style=\"font-weight: 400;\">: Al analizar las ofertas, el posicionamiento en el mercado y las estrategias de marketing de la competencia, las empresas pueden identificar brechas en el mercado y oportunidades para diferenciar sus productos de manera efectiva.&nbsp;<\/span><\/li>\n\n\n\n<li><b>Estrategias de marketing optimizadas<\/b><span style=\"font-weight: 400;\">: La investigaci\u00f3n de mercado ayuda a las empresas a desarrollar estrategias de marketing espec\u00edficas que resuenen con su p\u00fablico objetivo e impulsen la participaci\u00f3n.&nbsp;<\/span><\/li>\n<\/ul>\n\n\n\n<h2 class=\"wp-block-heading\">T\u00edtulos de trabajo clave<\/h2>\n\n\n\n<ul class=\"wp-block-list\">\n<li>director de investigacion de mercado<\/li>\n\n\n\n<li>Asistente de investigaci\u00f3n cualitativa<\/li>\n\n\n\n<li>Perspectivas Analista<\/li>\n\n\n\n<li><a class=\"wpil_keyword_link\" href=\"https:\/\/www.sisinternational.com\/es\/pericia\/industrias\/investigacion-de-productos\/\"   title=\"Investigaci\u00f3n de productos\" data-wpil-keyword-link=\"linked\"  data-wpil-monitor-id=\"740\">Investigaci\u00f3n de productos<\/a> analyst<\/li>\n\n\n\n<li>Analista de Investigaci\u00f3n de Mercado<\/li>\n\n\n\n<li>analista de datos de marketing<\/li>\n\n\n\n<li><a href=\"https:\/\/www.sisinternational.com\/es\/soluciones\/soluciones-de-investigacion-cualitativa-cuantitativa\/entrevistas-telefonicas-investigacion-de-mercado\/\" title=\"Investigaci\u00f3n de mercado de entrevistas telef\u00f3nicas en profundidad\"  data-wpil-monitor-id=\"10274\">entrevistador de investigaci\u00f3n de mercado<\/a><\/li>\n<\/ul>\n\n\n\n<h2 class=\"wp-block-heading\">\u00bfQui\u00e9n utiliza la investigaci\u00f3n de mercado de introducci\u00f3n de nuevos productos?<\/h2>\n\n\n\n<ul class=\"wp-block-list\">\n<li><b>Equipos de desarrollo de productos<\/b><span style=\"font-weight: 400;\"> confiar en la investigaci\u00f3n de mercado para comprender las necesidades y preferencias de los clientes, identificar las brechas del mercado y desarrollar de manera efectiva productos que aborden las necesidades no satisfechas. Al incorporar conocimientos de la investigaci\u00f3n de mercado en el proceso de desarrollo de productos, los equipos pueden garantizar que los nuevos productos resuenen entre los clientes objetivo y cumplan con sus expectativas.<\/span><\/li>\n\n\n\n<li><b>Departamentos de marketing<\/b><span style=\"font-weight: 400;\"> utilize market research to develop targeted marketing strategies that effectively communicate the <a href=\"https:\/\/www.sisinternational.com\/es\/what-is-a-value-proposition-canvas-the-game-changing-framework-that-prevents-product-failures\/\" title=\"What Is a Value Proposition Canvas? &#091;The Game-Changing Framework That Prevents Product Failures&#093;\"  data-wpil-monitor-id=\"1464\">value proposition of new products<\/a> and drive customer engagement. By analyzing consumer behavior, media consumption habits, and purchasing preferences, marketers can craft messaging and positioning strategies that resonate with the target audience and drive awareness and adoption of new products.<\/span><\/li>\n\n\n\n<li><b>Equipos de ventas<\/b><span style=\"font-weight: 400;\"> aprovechar la investigaci\u00f3n de mercado para comprender la din\u00e1mica del mercado, las amenazas competitivas y los puntos d\u00e9biles de los clientes. Esto les permite posicionar y vender eficazmente nuevos productos a los clientes y les permite abordar de forma proactiva las preocupaciones y objeciones de los clientes, aumentando la probabilidad de obtener resultados de ventas exitosos.<\/span><\/li>\n\n\n\n<li><b>Inversores y partes interesadas<\/b><span style=\"font-weight: 400;\"> A menudo requieren estudios de mercado para evaluar el potencial retorno de la inversi\u00f3n (ROI) de nuevas iniciativas de productos y evaluar la viabilidad de los planes de expansi\u00f3n empresarial. Al proporcionar informaci\u00f3n sobre el tama\u00f1o del mercado, el potencial de crecimiento y la din\u00e1mica competitiva, la investigaci\u00f3n de mercado ayuda a los inversores a tomar decisiones informadas sobre la asignaci\u00f3n de capital y el apoyo a iniciativas comerciales.<\/span><\/li>\n<\/ul>\n\n\n\n<h2 class=\"wp-block-heading\">Cu\u00e1ndo realizar esta investigaci\u00f3n de mercado<\/h2>\n\n\n\n<figure class=\"gb-block-image gb-block-image-19ebe988\"><img decoding=\"async\" class=\"gb-image gb-image-19ebe988\" src=\"https:\/\/www.sisinternational.com\/wp-content\/uploads\/2025\/08\/Consumer-market-.jpg\" alt=\"Investigaci\u00f3n y estrategia de mercado internacional de SIS\" title=\"Consumer market\"><\/figure>\n\n\n\n<p><\/p>\n\n\n\n<p><span style=\"font-weight: 400;\">Timing is crucial when it comes to conducting new product introduction market research. Businesses should initiate <a href=\"https:\/\/www.sisinternational.com\/es\/garantizar-que-los-clientes-recuerden-su-mensaje\/\" title=\"Investigaci\u00f3n de Mercado de Activaci\u00f3n de Marca\"  data-wpil-monitor-id=\"10271\">market research activities<\/a> at strategic junctures throughout the product development lifecycle to maximize their impact and effectiveness. Here are some key milestones when conducting new product introduction market research is essential:<\/span><\/p>\n\n\n\n<ul class=\"wp-block-list\">\n<li><b>Fase de generaci\u00f3n de ideas<\/b><span style=\"font-weight: 400;\">: La investigaci\u00f3n de mercado debe comenzar temprano en el proceso de desarrollo del producto, durante la fase de generaci\u00f3n de ideas. Al solicitar comentarios de clientes potenciales, realizar pruebas de conceptos e identificar tendencias del mercado y necesidades no satisfechas, las empresas pueden perfeccionar los conceptos de sus productos y garantizar la alineaci\u00f3n con la demanda del mercado desde el principio.<\/span><\/li>\n\n\n\n<li><b>Etapa de desarrollo del concepto<\/b><span style=\"font-weight: 400;\">: Una vez que se han formulado los conceptos iniciales del producto, la investigaci\u00f3n de mercado puede ayudar a validar y perfeccionar a\u00fan m\u00e1s estos conceptos. La realizaci\u00f3n de pruebas de concepto, grupos focales y encuestas permite a las empresas medir el inter\u00e9s de los consumidores, evaluar el valor percibido e identificar \u00e1reas de mejora antes de continuar con el desarrollo a gran escala.<\/span><\/li>\n\n\n\n<li><b>Pruebas de prototipos<\/b>: As prototypes or <a href=\"https:\/\/www.sisinternational.com\/es\/soluciones\/consultoria-estrategica\/investigacion-de-mercado-de-producto-minimo-viable\/\" title=\"Investigaci\u00f3n de mercado de producto m\u00ednimo viable\"  data-wpil-monitor-id=\"10272\">minimum viable products<\/a> (MVPs) are developed, businesses should conduct testing with target customers to gather feedback on product features, functionality, and usability. Prototype testing allows businesses to identify potential issues early in development and make necessary adjustments to enhance the product&#8217;s appeal and performance.<\/span><\/li>\n\n\n\n<li><b>Fase previa al lanzamiento<\/b><span style=\"font-weight: 400;\">: En la fase previa al lanzamiento, las empresas deben realizar evaluaciones integrales del mercado para evaluar el panorama competitivo, identificar posibles barreras de entrada y perfeccionar su estrategia de comercializaci\u00f3n. Esto incluye analizar las ofertas de la competencia, realizar estudios de precios y perfeccionar los mensajes de marketing para garantizar un lanzamiento exitoso del producto.<\/span><\/li>\n\n\n\n<li><b>Monitoreo posterior al lanzamiento<\/b><span style=\"font-weight: 400;\">: La investigaci\u00f3n de mercado no debe detenerse una vez que se lanza el producto. El monitoreo continuo de la din\u00e1mica del mercado, los comentarios de los clientes y los desarrollos competitivos es esencial para rastrear el desempe\u00f1o del producto, identificar tendencias emergentes y realizar ajustes oportunos a las estrategias de marketing y ofertas de productos.<\/span><\/li>\n<\/ul>\n\n\n\n<h2 class=\"wp-block-heading\">Factores cr\u00edticos de \u00e9xito para una introducci\u00f3n exitosa de un nuevo producto<\/h2>\n\n\n\n<p><span style=\"font-weight: 400;\">Varios factores clave contribuyen al \u00e9xito de la introducci\u00f3n de un nuevo producto y las empresas deben abordar estos factores de manera efectiva para maximizar sus posibilidades de \u00e9xito. Aqu\u00ed hay algunos factores cr\u00edticos de \u00e9xito:<\/span><\/p>\n\n\n\n<ul class=\"wp-block-list\">\n<li><b>Comprensi\u00f3n del mercado<\/b><span style=\"font-weight: 400;\">: Una comprensi\u00f3n profunda del mercado objetivo es esencial para la introducci\u00f3n exitosa de nuevos productos. Las empresas deben realizar una investigaci\u00f3n de mercado exhaustiva para identificar las necesidades, preferencias y puntos d\u00e9biles de los clientes y evaluar el panorama competitivo y la din\u00e1mica del mercado.&nbsp;<\/span><\/li>\n\n\n\n<li><b>La diferenciaci\u00f3n del producto<\/b><span style=\"font-weight: 400;\">: Los nuevos productos exitosos a menudo ofrecen caracter\u00edsticas o beneficios \u00fanicos que los diferencian de las ofertas existentes en el mercado. Las empresas deben identificar oportunidades para la diferenciaci\u00f3n de productos y desarrollar propuestas de valor convincentes que resuenen con su p\u00fablico objetivo.&nbsp;<\/span><\/li>\n\n\n\n<li><b>Marketing y promoci\u00f3n eficaces<\/b><span style=\"font-weight: 400;\">: El marketing desempe\u00f1a un papel crucial a la hora de generar conciencia, generar inter\u00e9s e impulsar las ventas de nuevos productos. Las empresas deben desarrollar estrategias integrales de marketing que aprovechen varios canales, como el marketing digital, las redes sociales, la publicidad y las relaciones p\u00fablicas, para llegar a su p\u00fablico objetivo de forma eficaz.&nbsp;<\/span><\/li>\n\n\n\n<li><b>Estrategia de precios optimizada<\/b><span style=\"font-weight: 400;\">: El precio influye significativamente en las decisiones de compra de los clientes y en la adopci\u00f3n general del producto. Las empresas deben desarrollar estrategias de precios que logren el equilibrio adecuado entre percepci\u00f3n de valor y asequibilidad. A trav\u00e9s de la investigaci\u00f3n y el an\u00e1lisis de precios, las empresas pueden determinar el precio \u00f3ptimo para sus nuevos productos, maximizando los ingresos sin dejar de ser competitivos.<\/span><\/li>\n<\/ul>\n\n\n\n<h2 class=\"wp-block-heading\">Resultados esperados de la investigaci\u00f3n de mercado de lanzamiento de nuevos productos de SIS International<\/h2>\n\n\n\n<p><span style=\"font-weight: 400;\">SIS International offers comprehensive <a href=\"https:\/\/www.sisinternational.com\/es\/soluciones\/investigacion-de-consultoria-estrategica-fintech\/investigacion-de-mercado-de-servicios-financieros\/\" title=\"Investigaci\u00f3n de mercado de servicios financieros\"  data-wpil-monitor-id=\"10273\">market research services<\/a> tailored to the unique needs of businesses embarking on new product introductions. By partnering with SIS International, businesses can expect a range of valuable outcomes and benefits:<\/span><\/p>\n\n\n\n<ul class=\"wp-block-list\">\n<li><b>Informaci\u00f3n detallada del mercado<\/b><span style=\"font-weight: 400;\">: SIS International realiza an\u00e1lisis de mercado exhaustivos para brindar a las empresas informaci\u00f3n \u00fatil sobre las tendencias del mercado, las preferencias de los clientes y la din\u00e1mica competitiva. A trav\u00e9s de m\u00e9todos de investigaci\u00f3n primaria, como encuestas, grupos focales y entrevistas, complementados con investigaci\u00f3n secundaria y an\u00e1lisis de datos, SIS International ofrece conocimientos profundos que informan la toma de decisiones estrat\u00e9gicas y el desarrollo de productos.<\/span><\/li>\n\n\n\n<li><b>Comentarios y validaci\u00f3n de los clientes<\/b><span style=\"font-weight: 400;\">: SIS facilita la interacci\u00f3n directa con los clientes objetivo para recopilar comentarios y validar nuevos conceptos de productos, caracter\u00edsticas y propuestas de valor. Al aprovechar metodolog\u00edas de investigaci\u00f3n cualitativas y cuantitativas, SIS International garantiza que las empresas reciban comentarios honestos e imparciales de su p\u00fablico objetivo, lo que les permite perfeccionar sus productos y estrategias de marketing para lograr el m\u00e1ximo impacto.<\/span><\/li>\n\n\n\n<li><b>Inteligencia competitiva<\/b><span style=\"font-weight: 400;\">: SIS International realiza an\u00e1lisis competitivos para ayudar a las empresas a comprender su panorama competitivo e identificar oportunidades de diferenciaci\u00f3n. Al analizar las ofertas de la competencia, las estrategias de precios y las t\u00e1cticas de marketing, SIS International proporciona a las empresas informaci\u00f3n valiosa que informa su posicionamiento, mensajes y estrategias de comercializaci\u00f3n.<\/span><\/li>\n\n\n\n<li><b>Soporte y seguimiento continuo<\/b><span style=\"font-weight: 400;\">: M\u00e1s all\u00e1 de la fase de investigaci\u00f3n inicial, SIS International ofrece soporte y seguimiento continuos para garantizar el \u00e9xito de la introducci\u00f3n de nuevos productos. A trav\u00e9s de un monitoreo constante del mercado, an\u00e1lisis de comentarios de los clientes y seguimiento del desempe\u00f1o, SIS International ayuda a las empresas a adaptarse a las condiciones cambiantes del mercado y las preferencias de los consumidores, maximizando el \u00e9xito y la rentabilidad a largo plazo de sus nuevos productos.<\/span><\/li>\n<\/ul>\n\n\n\n<h2 class=\"wp-block-heading\">Opportunities in the New Product Introduction Market<\/h2>\n\n\n\n<p><span style=\"font-weight: 400;\">Ingresar al mercado de introducci\u00f3n de nuevos productos presenta a las empresas muchas oportunidades para innovar, diferenciarse y crecer. A continuaci\u00f3n se presentan algunas oportunidades clave para las empresas en este mercado din\u00e1mico:<\/span><\/p>\n\n\n\n<ul class=\"wp-block-list\">\n<li><b>Expandirse a nuevos mercados<\/b><span style=\"font-weight: 400;\">: La introducci\u00f3n de nuevos productos ofrece a las empresas la oportunidad de expandirse a nuevas regiones geogr\u00e1ficas o segmentos de mercado. Al realizar investigaciones de mercado para comprender las preferencias locales, los matices culturales y los requisitos regulatorios, las empresas pueden adaptar sus productos y estrategias de marketing para penetrar eficazmente en nuevos mercados y capturar oportunidades de crecimiento no explotadas.<\/span><\/li>\n\n\n\n<li><b>Construir lealtad a la marca<\/b><span style=\"font-weight: 400;\">: Launching new products allows businesses to strengthen their brand identity and build customer loyalty. Through delivering high-quality products, exceptional customer experiences, and meaningful brand messaging, companies can foster long-term relationships with customers and establish themselves as trusted and preferred <a href=\"https:\/\/www.sisinternational.com\/es\/publicidad-de-choque-y-marketing-de-choque\/\" title=\"Publicidad de choque y marketing de choque\"  data-wpil-monitor-id=\"10269\">brands in their respective markets<\/a>.<\/span><\/li>\n\n\n\n<li><b>Fomento de la cultura de la innovaci\u00f3n<\/b><span style=\"font-weight: 400;\">: Adoptar una cultura de innovaci\u00f3n dentro de la organizaci\u00f3n fomenta la creatividad, la colaboraci\u00f3n y la mejora continua. Alentar a los empleados a aportar ideas, experimentar con nuevos conceptos y desafiar el status quo permite a las empresas mantenerse a la vanguardia e impulsar la innovaci\u00f3n continua en sus ofertas de productos.<\/span><\/li>\n<\/ul>\n\n\n\n<h2 class=\"wp-block-heading\">C\u00f3mo la experiencia de SIS International ayuda a las empresas a introducir nuevos productos<\/h2>\n\n\n\n<p><a href=\"https:\/\/www.linkedin.com\/company\/sisinternationalresearch\/\" target=\"_blank\" rel=\"noopener\"><span style=\"font-weight: 400;\">SIS Internacional<\/span><\/a><span style=\"font-weight: 400;\"> ofrece una gama de servicios especializados y experiencia para apoyar a las empresas durante todo el proceso de introducci\u00f3n de nuevos productos. As\u00ed es como SIS International puede ayudar a las empresas a tener \u00e9xito:<\/span><\/p>\n\n\n\n<ul class=\"wp-block-list\">\n<li><b>Investigaci\u00f3n de mercado integral<\/b><span style=\"font-weight: 400;\">: SIS realiza investigaciones de mercado exhaustivas para brindar a las empresas informaci\u00f3n valiosa sobre las tendencias del mercado, las preferencias de los clientes y la din\u00e1mica competitiva. Al aprovechar metodolog\u00edas de investigaci\u00f3n tanto cualitativas como cuantitativas, brindamos conocimientos pr\u00e1cticos que informan la toma de decisiones estrat\u00e9gicas y gu\u00edan el desarrollo de productos.<\/span><\/li>\n\n\n\n<li><b>Informaci\u00f3n y validaci\u00f3n del cliente<\/b><span style=\"font-weight: 400;\">: SIS facilita la interacci\u00f3n directa con los clientes objetivo para recopilar comentarios y validar nuevos conceptos de productos, caracter\u00edsticas y propuestas de valor. A trav\u00e9s de grupos focales, encuestas, entrevistas y otros m\u00e9todos de investigaci\u00f3n, nuestros consultores garantizan que las empresas reciban comentarios honestos e imparciales de su p\u00fablico objetivo, lo que les permite perfeccionar sus productos y estrategias de marketing para lograr el m\u00e1ximo impacto.<\/span><\/li>\n\n\n\n<li><b>Inteligencia competitiva<\/b><span style=\"font-weight: 400;\">: SIS International realiza an\u00e1lisis competitivos exhaustivos para ayudar a las empresas a comprender su panorama competitivo e identificar oportunidades de diferenciaci\u00f3n. Al analizar las ofertas de la competencia, las estrategias de precios y las t\u00e1cticas de marketing, SIS International proporciona a las empresas informaci\u00f3n valiosa que informa su posicionamiento, mensajes y estrategias de comercializaci\u00f3n.<\/span><\/li>\n\n\n\n<li><b>Soporte y seguimiento continuo<\/b><span style=\"font-weight: 400;\">: M\u00e1s all\u00e1 de la fase de investigaci\u00f3n inicial, SIS ofrece soporte y seguimiento continuos para garantizar el \u00e9xito de la introducci\u00f3n de nuevos productos. A trav\u00e9s de un monitoreo continuo del mercado, an\u00e1lisis de comentarios de los clientes y seguimiento del desempe\u00f1o, SIS International ayuda a las empresas a adaptarse a las condiciones cambiantes del mercado y las preferencias de los consumidores, maximizando el \u00e9xito y la rentabilidad a largo plazo de sus nuevos productos.<\/span><\/li>\n<\/ul>\n\n\n\n<h2 class=\"wp-block-heading\">Acerca de la investigaci\u00f3n de mercado de lanzamiento de nuevos productos<\/h2>\n\n\n\n<p>\u00bfQuieres lanzar un producto? \u00bfNecesita una investigaci\u00f3n de mercado para el lanzamiento de un nuevo producto? Entonces est\u00e1s en el lugar correcto. Organizamos grupos focales para usted. Tambi\u00e9n podemos realizar investigaciones cualitativas, cuantitativas y estrat\u00e9gicas para su empresa. Aseg\u00farese de realizar una investigaci\u00f3n de mercado para el lanzamiento de nuevos productos. Garantizar\u00e1 el \u00e9xito de su producto.<\/p>\n\n\n\n<p><\/p>","protected":false},"excerpt":{"rendered":"<p>La investigaci\u00f3n de mercado de lanzamiento de nuevos productos recopila informaci\u00f3n \u00fatil y eval\u00faa la viabilidad del mercado antes de que un producto llegue a los estantes.<\/p>","protected":false},"author":1,"featured_media":62701,"parent":14567,"menu_order":21,"comment_status":"closed","ping_status":"closed","template":"","meta":{"footnotes":""},"class_list":["post-39611","page","type-page","status-publish","has-post-thumbnail"],"_links":{"self":[{"href":"https:\/\/www.sisinternational.com\/es\/wp-json\/wp\/v2\/pages\/39611","targetHints":{"allow":["GET"]}}],"collection":[{"href":"https:\/\/www.sisinternational.com\/es\/wp-json\/wp\/v2\/pages"}],"about":[{"href":"https:\/\/www.sisinternational.com\/es\/wp-json\/wp\/v2\/types\/page"}],"author":[{"embeddable":true,"href":"https:\/\/www.sisinternational.com\/es\/wp-json\/wp\/v2\/users\/1"}],"replies":[{"embeddable":true,"href":"https:\/\/www.sisinternational.com\/es\/wp-json\/wp\/v2\/comments?post=39611"}],"version-history":[{"count":9,"href":"https:\/\/www.sisinternational.com\/es\/wp-json\/wp\/v2\/pages\/39611\/revisions"}],"predecessor-version":[{"id":81696,"href":"https:\/\/www.sisinternational.com\/es\/wp-json\/wp\/v2\/pages\/39611\/revisions\/81696"}],"up":[{"embeddable":true,"href":"https:\/\/www.sisinternational.com\/es\/wp-json\/wp\/v2\/pages\/14567"}],"wp:featuredmedia":[{"embeddable":true,"href":"https:\/\/www.sisinternational.com\/es\/wp-json\/wp\/v2\/media\/62701"}],"wp:attachment":[{"href":"https:\/\/www.sisinternational.com\/es\/wp-json\/wp\/v2\/media?parent=39611"}],"curies":[{"name":"wp","href":"https:\/\/api.w.org\/{rel}","templated":true}]}}