{"id":39605,"date":"2021-12-31T00:38:45","date_gmt":"2021-12-31T00:38:45","guid":{"rendered":"https:\/\/www.sisinternational.com\/?page_id=39605"},"modified":"2026-01-25T16:38:47","modified_gmt":"2026-01-25T21:38:47","slug":"empresas-de-consultoria-de-gestion","status":"publish","type":"page","link":"https:\/\/www.sisinternational.com\/es\/soluciones\/consultoria-estrategica\/empresas-de-consultoria-de-gestion\/","title":{"rendered":"Firma de consultor\u00eda de gesti\u00f3n global"},"content":{"rendered":"<h1 class=\"wp-block-heading\">Firma de consultor\u00eda de gesti\u00f3n global<\/h1>\n\n\n\n<figure class=\"gb-block-image gb-block-image-2337b6aa\"><img loading=\"lazy\" decoding=\"async\" width=\"1456\" height=\"816\" class=\"gb-image gb-image-2337b6aa\" src=\"https:\/\/www.sisinternational.com\/wp-content\/uploads\/2025\/08\/Strategy-consulting-23.jpg\" alt=\"Investigaci\u00f3n y estrategia de mercado internacional de SIS\" title=\"Strategy consulting (23)\" srcset=\"https:\/\/www.sisinternational.com\/wp-content\/uploads\/2025\/08\/Strategy-consulting-23.jpg 1456w, https:\/\/www.sisinternational.com\/wp-content\/uploads\/2025\/08\/Strategy-consulting-23-300x168.jpg 300w, https:\/\/www.sisinternational.com\/wp-content\/uploads\/2025\/08\/Strategy-consulting-23-1024x574.jpg 1024w, https:\/\/www.sisinternational.com\/wp-content\/uploads\/2025\/08\/Strategy-consulting-23-768x430.jpg 768w, https:\/\/www.sisinternational.com\/wp-content\/uploads\/2025\/08\/Strategy-consulting-23-18x10.jpg 18w\" sizes=\"auto, (max-width: 1456px) 100vw, 1456px\"><\/figure>\n\n\n\n<p><\/p>\n\n\n\n<p>Management consulting is the process of advising companies on ways to improve. Further, it helps these companies to refine their image and boost growth. As a matter of fact, consultants work with firms to solve problems, and we need them for different reasons. Since they work with several firms, it\u2019s easy for them to learn the best practices. They also get a firsthand view of the nature of each situation.<\/p>\n\n\n\n<p>They work with different types of firms, and in many cases, they provide services worldwide. The world of management consulting continues to grow daily. In fact, management <a href=\"https:\/\/www.sisinternational.com\/es\/soluciones\/soluciones-de-branding-e-investigacion-de-clientes\/investigacion-de-mercado-del-cuidado-de-la-piel\/\" title=\"Investigaci\u00f3n de mercado del cuidado de la piel | Consultor\u00eda en la industria de la belleza\"  data-wpil-monitor-id=\"10254\">consulting is now a billion-dollar industry<\/a>.<\/p>\n\n\n\n<p>Management consulting isn\u2019t limited and has a broad span, making it a decent career. Also, it offers opportunities, challenges, personal development, and new projects.<\/p>\n\n\n\n<h2 class=\"wp-block-heading\">\u00bfPor qu\u00e9 es importante la consultor\u00eda de gesti\u00f3n?<\/h2>\n\n\n\n<p>All <a href=\"https:\/\/www.sisinternational.com\/es\/cobertura\/las-americas\/investigacion-de-mercado-en-el-caribe\/empresa-de-consultoria-estrategica-del-caribe\/\" title=\"Empresa de consultor\u00eda estrat\u00e9gica caribe\u00f1a\"  data-wpil-monitor-id=\"10256\">companies should have a team of consultants<\/a> to help them find and use opportunities for the business. Moreover, having <a href=\"https:\/\/www.sisinternational.com\/es\/cobertura\/las-americas\/investigacion-de-mercado-en-el-caribe\/empresa-de-consultoria-de-gestion-del-caribe\/\" title=\"Empresa Caribe\u00f1a de Consultor\u00eda de Gesti\u00f3n\"  data-wpil-monitor-id=\"10253\">management consultants helps the company<\/a> to make the fullest use of its capital resources. It also helps it to make full use of finances and human resources.<\/p>\n\n\n\n<p>Consultants work with the HR, marketing, and finance departments. They are great at forecasting future outcomes. They can warn the business of which direction to go if they sense an impending loss. Their teams conduct careful planning. They also assist in management changes, leadership training, and much more.<\/p>\n\n\n\n<h2 class=\"wp-block-heading\">T\u00edtulos de trabajo clave<\/h2>\n\n\n\n<p>Existe una amplia gama de trabajos en consultor\u00eda, desde analista hasta director. Otros t\u00edtulos de trabajo incluyen:<\/p>\n\n\n\n<ul class=\"wp-block-list\">\n<li>Consultor Asociado<\/li>\n\n\n\n<li>Consultor de negocios<\/li>\n\n\n\n<li>Gerente de proyecto<\/li>\n\n\n\n<li>Gerente de productividad<\/li>\n\n\n\n<li>Gerente senior<\/li>\n<\/ul>\n\n\n\n<p>The titles listed above are jobs within <a href=\"https:\/\/www.sisinternational.com\/es\/optimized-management-system-for-a-leading-us-immigration-law-firm\/\" title=\"Optimized Management System for a Leading US Immigration law firm\"  data-wpil-monitor-id=\"3655\">empresas de consultor\u00eda de gesti\u00f3n<\/a>. Most times, the highest level is to be a director in the firm.<\/p>\n\n\n\n<h2 class=\"wp-block-heading\">Por qu\u00e9 las empresas necesitan consultor\u00eda de gesti\u00f3n<\/h2>\n\n\n\n<p>Contar con un consultor puede mejorar el trabajo para alcanzar el \u00e9xito. Otro punto clave es que con un equipo los desaf\u00edos son m\u00e1s f\u00e1ciles de afrontar. Tambi\u00e9n resulta m\u00e1s f\u00e1cil aumentar los ingresos. A continuaci\u00f3n se presentan algunas otras razones por las que las empresas necesitan consultores:<\/p>\n\n\n\n<ul class=\"wp-block-list\">\n<li>Proporcionar diferentes habilidades en proyectos espec\u00edficos.<\/li>\n\n\n\n<li>Se\u00f1alando problemas<\/li>\n\n\n\n<li>Creando nuevos negocios<\/li>\n\n\n\n<li>Reconstrucci\u00f3n de empresas<\/li>\n\n\n\n<li>Capacitar a los empleados<\/li>\n<\/ul>\n\n\n\n<p>Consultants can give helpful criticism, which helps business owners see things in a new light. Owners should strive to take their advice. They must also be open to feedback, as their ties to the business can blind them, which can be a barrier to growth. Making a business <a href=\"https:\/\/www.sisinternational.com\/es\/soluciones\/si-crecimiento-global\/consultoria-de-planificacion-estrategica\/\" title=\"Consultor\u00eda de Planificaci\u00f3n Estrat\u00e9gica\"  data-wpil-monitor-id=\"10255\">plan with a consultant<\/a> can double its value.<\/p>\n\n\n\n<h2 class=\"wp-block-heading\">Factores claves del \u00e9xito<\/h2>\n\n\n\n<figure class=\"gb-block-image gb-block-image-8bf096b9\"><img loading=\"lazy\" decoding=\"async\" width=\"1456\" height=\"816\" class=\"gb-image gb-image-8bf096b9\" src=\"https:\/\/www.sisinternational.com\/wp-content\/uploads\/2025\/08\/Strategy-consulting-33.jpg\" alt=\"Investigaci\u00f3n y estrategia de mercado internacional de SIS\" title=\"Strategy consulting (33)\" srcset=\"https:\/\/www.sisinternational.com\/wp-content\/uploads\/2025\/08\/Strategy-consulting-33.jpg 1456w, https:\/\/www.sisinternational.com\/wp-content\/uploads\/2025\/08\/Strategy-consulting-33-300x168.jpg 300w, https:\/\/www.sisinternational.com\/wp-content\/uploads\/2025\/08\/Strategy-consulting-33-1024x574.jpg 1024w, https:\/\/www.sisinternational.com\/wp-content\/uploads\/2025\/08\/Strategy-consulting-33-768x430.jpg 768w, https:\/\/www.sisinternational.com\/wp-content\/uploads\/2025\/08\/Strategy-consulting-33-18x10.jpg 18w\" sizes=\"auto, (max-width: 1456px) 100vw, 1456px\"><\/figure>\n\n\n\n<p><\/p>\n\n\n\n<p>All consultants have their own style of <a href=\"https:\/\/www.sisinternational.com\/es\/pericia\/industrias\/investigacion-de-mercado-de-manipulacion-de-materiales\/\" title=\"Investigaci\u00f3n de mercado de manipulaci\u00f3n de materiales\"  data-wpil-monitor-id=\"10259\">handling a project and doing research<\/a>. Despite that, they must have these three <a href=\"https:\/\/www.sisinternational.com\/es\/factores-clave-de-exito-en-la-investigacion-del-mercado-automotriz\/\" title=\"Factores clave de \u00e9xito en la investigaci\u00f3n de mercado automotriz\"  data-wpil-monitor-id=\"10258\">factors to start gaining success<\/a>.<\/p>\n\n\n\n<h3 class=\"wp-block-heading\">pensamiento anal\u00edtico<\/h3>\n\n\n\n<p>A person working in this area must understand a problem and be able to solve it. New challenges will happen from time to time that they haven\u2019t faced before. Therefore, they must be aware and smart enough to find a way to solve the issue and read between the lines.<\/p>\n\n\n\n<h3 class=\"wp-block-heading\">Organizaci\u00f3n<\/h3>\n\n\n\n<p>Para trabajar en una empresa de consultor\u00eda hay que mantenerse organizado. Ayuda con la planificaci\u00f3n, la realizaci\u00f3n de tareas y la gesti\u00f3n del tiempo. Esta habilidad resulta \u00fatil cuando todos los correos electr\u00f3nicos, informes y otros datos comienzan a llegar.<\/p>\n\n\n\n<h3 class=\"wp-block-heading\">Comunicaci\u00f3n<\/h3>\n\n\n\n<p>Communication skills are a must-have when working in a consulting firm. It needs to be precise because consultants speak to clients and other high-profile players in the <a href=\"https:\/\/www.sisinternational.com\/es\/soluciones\/investigacion-de-mercado-de-ia-y-consultoria-estrategica\/firma-global-de-consultoria-en-automatizacion-de-ia\/\" title=\"Empresa global de consultor\u00eda en inteligencia artificial y automatizaci\u00f3n\"  data-wpil-monitor-id=\"2391\">firm\u2019s<\/a> industry. Hence, they must adjust their language based on the person to whom they\u2019re speaking.<\/p>\n\n\n\n<h2 class=\"wp-block-heading\">Acerca de la consultor\u00eda de gesti\u00f3n<\/h2>\n\n\n\n<p>Finding a good <a href=\"https:\/\/www.sisinternational.com\/es\/pericia\/industrias\/empresa-consultora-de-investigacion-de-mercado-de-franquicias\/\" title=\"Empresa de consultor\u00eda e investigaci\u00f3n de mercado de franquicias\"  data-wpil-monitor-id=\"10257\">consultant for your company<\/a> can be challenging. That\u2019s why our company is always ready to help. We form focus groups and do qualitative, quantitative, and strategic research. Our company works hard to ensure you get the data needed for growth. We <a href=\"https:\/\/www.sisinternational.com\/es\/pericia\/industrias\/entrevistas-telefonicas-asistidas-por-computadora-investigacion-de-mercado\/\" title=\"Investigaci\u00f3n de mercado de entrevistas telef\u00f3nicas asistidas por computadora\"  data-wpil-monitor-id=\"10260\">assist in surveys as well as interviews<\/a>. Feel free to contact us. Let\u2019s start working today.<\/p>\n\n\n\n<p><\/p>","protected":false},"excerpt":{"rendered":"<p>SIS International redefine la estrategia con consultor\u00eda de gesti\u00f3n de primer nivel, impulsando soluciones transformadoras para las empresas en un mundo competitivo.<\/p>","protected":false},"author":1,"featured_media":62557,"parent":14567,"menu_order":19,"comment_status":"closed","ping_status":"closed","template":"","meta":{"footnotes":""},"class_list":["post-39605","page","type-page","status-publish","has-post-thumbnail"],"_links":{"self":[{"href":"https:\/\/www.sisinternational.com\/es\/wp-json\/wp\/v2\/pages\/39605","targetHints":{"allow":["GET"]}}],"collection":[{"href":"https:\/\/www.sisinternational.com\/es\/wp-json\/wp\/v2\/pages"}],"about":[{"href":"https:\/\/www.sisinternational.com\/es\/wp-json\/wp\/v2\/types\/page"}],"author":[{"embeddable":true,"href":"https:\/\/www.sisinternational.com\/es\/wp-json\/wp\/v2\/users\/1"}],"replies":[{"embeddable":true,"href":"https:\/\/www.sisinternational.com\/es\/wp-json\/wp\/v2\/comments?post=39605"}],"version-history":[{"count":6,"href":"https:\/\/www.sisinternational.com\/es\/wp-json\/wp\/v2\/pages\/39605\/revisions"}],"predecessor-version":[{"id":81693,"href":"https:\/\/www.sisinternational.com\/es\/wp-json\/wp\/v2\/pages\/39605\/revisions\/81693"}],"up":[{"embeddable":true,"href":"https:\/\/www.sisinternational.com\/es\/wp-json\/wp\/v2\/pages\/14567"}],"wp:featuredmedia":[{"embeddable":true,"href":"https:\/\/www.sisinternational.com\/es\/wp-json\/wp\/v2\/media\/62557"}],"wp:attachment":[{"href":"https:\/\/www.sisinternational.com\/es\/wp-json\/wp\/v2\/media?parent=39605"}],"curies":[{"name":"wp","href":"https:\/\/api.w.org\/{rel}","templated":true}]}}