{"id":39539,"date":"2021-12-14T23:16:01","date_gmt":"2021-12-14T23:16:01","guid":{"rendered":"https:\/\/www.sisinternational.com\/?page_id=39539"},"modified":"2026-01-26T14:42:07","modified_gmt":"2026-01-26T19:42:07","slug":"investigacion-de-mercado-de-envases","status":"publish","type":"page","link":"https:\/\/www.sisinternational.com\/es\/soluciones\/soluciones-de-branding-e-investigacion-de-clientes\/investigacion-de-mercado-de-envases\/","title":{"rendered":"Investigaci\u00f3n de mercado de envases"},"content":{"rendered":"<h1 class=\"wp-block-heading\">Investigaci\u00f3n de mercado de envases<\/h1>\n\n\n\n<p><\/p>\n\n\n\n<figure class=\"gb-block-image gb-block-image-b3234869\"><img loading=\"lazy\" decoding=\"async\" width=\"1456\" height=\"816\" class=\"gb-image gb-image-b3234869\" src=\"https:\/\/www.sisinternational.com\/wp-content\/uploads\/2025\/08\/Food-packaging-2.jpg\" alt=\"Investigaci\u00f3n y estrategia de mercado internacional de SIS\" title=\"Food packaging (2)\" srcset=\"https:\/\/www.sisinternational.com\/wp-content\/uploads\/2025\/08\/Food-packaging-2.jpg 1456w, https:\/\/www.sisinternational.com\/wp-content\/uploads\/2025\/08\/Food-packaging-2-300x168.jpg 300w, https:\/\/www.sisinternational.com\/wp-content\/uploads\/2025\/08\/Food-packaging-2-1024x574.jpg 1024w, https:\/\/www.sisinternational.com\/wp-content\/uploads\/2025\/08\/Food-packaging-2-768x430.jpg 768w, https:\/\/www.sisinternational.com\/wp-content\/uploads\/2025\/08\/Food-packaging-2-18x10.jpg 18w\" sizes=\"auto, (max-width: 1456px) 100vw, 1456px\"><\/figure>\n\n\n\n<p><\/p>\n\n\n\n<p>Packaging is also known as the packing function. Another way to look at it is as the art of placing and protecting products for storage, sale, delivery, and use. In other words, packaging prepares products for storage or transport. It has become further developed in recent years. <a href=\"https:\/\/www.sisinternational.com\/es\/empaquetando-los-ultimos-10-segundos-de-marketing\/\" title=\"Investigaci\u00f3n de mercado de envases: los \u00faltimos 10 segundos del marketing\"  data-wpil-monitor-id=\"9413\">Packaging became popular during the last<\/a> century, and marketers use it in many different ways to boost sales.<\/p>\n\n\n\n<p>Packaging dates back to 1035 when merchants visited <a href=\"https:\/\/www.sisinternational.com\/es\/pericia\/industrias\/investigacion-de-mercados-de-paises-de-mercados-fronterizos\/\" title=\"Mercado fronterizo Investigaci\u00f3n de mercado nacional\"  data-wpil-monitor-id=\"9404\">markets in other countries<\/a>. The sellers wrapped their spices, veggies, and hardware in paper packages for customers. Over time people got better ways to pack things. They started using natural materials like baskets, wooden boxes, pottery vases, and woven bags. The field progressed when Michigan State began to offer degree courses in the subject of packaging. From there on, it started getting the attention of buyers.<\/p>\n\n\n\n<h2 class=\"wp-block-heading\">\u00bfPor qu\u00e9 es importante el embalaje?<\/h2>\n\n\n\n<p>El embalaje tiene una gran cantidad de beneficios. Es \u00fatil para muchas empresas en todo el mundo. El uso principal del embalaje es proteger los productos del calor y el fr\u00edo extremos. Adem\u00e1s, los protege contra aplastamientos y contra vibraciones y p\u00e9rdida de calidad. Adem\u00e1s, mantiene el producto a salvo de fugas, roturas, polvo y humedad.<\/p>\n\n\n\n<p>Un embalaje adecuado tambi\u00e9n beneficia a los clientes y a los manipuladores. La visualizaci\u00f3n en el embalaje les facilita el transporte de sus mercanc\u00edas. Los diferentes contenedores y estilos de embalaje tambi\u00e9n facilitan el trabajo a los manipuladores.<\/p>\n\n\n\n<p>Otras razones son:<\/p>\n\n\n\n<ul class=\"wp-block-list\">\n<li>Para permitir la comercializaci\u00f3n<\/li>\n\n\n\n<li>generar ganancias<\/li>\n\n\n\n<li>A\u00f1adir a imagen de marca<\/li>\n\n\n\n<li>Proporcionar una identificaci\u00f3n sencilla del producto<\/li>\n\n\n\n<li>Evitar que los productos se echen a perder<\/li>\n<\/ul>\n\n\n\n<h2 class=\"wp-block-heading\">T\u00edtulos de trabajo clave<\/h2>\n\n\n\n<p>Un trabajo en esta \u00e1rea implica cierta actividad f\u00edsica y hay que estar organizado. Adem\u00e1s del embalaje y env\u00edo habituales, esta industria tiene beneficios para los empleados. El embalaje tiene una amplia gama de trabajos, incluidos empacadores, t\u00e9cnicos de ensamblaje, cargadores y trabajadores de almac\u00e9n.<\/p>\n\n\n\n<p>Los empacadores se ocupan de la organizaci\u00f3n y el env\u00edo de los proveedores. Trabajan en almacenes preparando los env\u00edos de productos. Ellos miden, pesan, etc., los paquetes.<\/p>\n\n\n\n<p>Los trabajadores del almac\u00e9n se encargan de recibir el stock y clasificarlo. De la misma manera, en ocasiones tienen que preparar paquetes y verificar el inventario. Generalmente trabajan con equipo pesado todos los d\u00edas.<\/p>\n\n\n\n<h2 class=\"wp-block-heading\">\u00bfPor qu\u00e9 las empresas necesitan investigaciones de mercado de envases?<\/h2>\n\n\n\n<p>First, businesses need this industry for the safety of the product. It protects the <a href=\"https:\/\/www.sisinternational.com\/es\/soluciones\/soluciones-de-investigacion-cualitativa-cuantitativa\/pruebas-en-ubicaciones-centrales-de-la-ciudad-de-nueva-york\/\" title=\"Pruebas en ubicaciones centrales de la ciudad de Nueva York: beneficios para las pruebas de productos\"  data-wpil-monitor-id=\"9410\">product during shipping from different locations<\/a>. Packaging also keeps the <a href=\"https:\/\/www.sisinternational.com\/es\/what-is-a-value-proposition-canvas-the-game-changing-framework-that-prevents-product-failures\/\" title=\"What Is a Value Proposition Canvas? &#091;The Game-Changing Framework That Prevents Product Failures&#093;\"  data-wpil-monitor-id=\"9407\">product safe during shipment and prevents<\/a> damage from the movement. Another key point is that it ensures that customers don\u2019t receive broken items that they will need to bring back to the company.<\/p>\n\n\n\n<p><a href=\"https:\/\/www.sisinternational.com\/es\/pericia\/industrias\/investigacion-de-mercado-de-diseno-de-envases\/\" title=\"Investigaci\u00f3n de mercado de dise\u00f1o de envases\"  data-wpil-monitor-id=\"6192\">Marketers need packaging<\/a> for promotion, also to increase sales and consumers. It\u2019s also an excellent way to let customers know how to contact you and order even more products. All in all, the <a href=\"https:\/\/www.sisinternational.com\/es\/packagings-role-in-brand-trust-why-your-box-matters-more-than-you-think\/\" title=\"Packaging&#8217;s Role in Brand Trust: Why Your Box Matters More Than You Think\"  data-wpil-monitor-id=\"9418\">packaging<\/a> is a needed part of the branding process.<\/p>\n\n\n\n<h2 class=\"wp-block-heading\">Factores claves del \u00e9xito<\/h2>\n\n\n\n<p>El marketing y el embalaje van de la mano. De hecho, las empresas utilizan las etiquetas de los paquetes para atraer compradores potenciales a la empresa. Estas etiquetas les dicen a los consumidores c\u00f3mo realizar pedidos y les brindan la ubicaci\u00f3n y la informaci\u00f3n de contacto, as\u00ed como los usos del producto. Incluso explica c\u00f3mo deshacerse y reciclar el producto. Atrae a los clientes a comprar m\u00e1s productos.<\/p>\n\n\n\n<p>Packaging is one of the most typical ways for <a href=\"https:\/\/www.sisinternational.com\/es\/estudio-de-mercado-de-perfumes-de-lujo\/\" title=\"Investigaci\u00f3n de mercado de perfumes de lujo\"  data-wpil-monitor-id=\"9401\">marketers to build their brands<\/a>. It increases sales and can at least boost the <a href=\"https:\/\/www.sisinternational.com\/es\/la-mejor-empresa-de-optimizacion-de-ventas-b2b\/\" title=\"Empresa l\u00edder en optimizaci\u00f3n de ventas B2B\"  data-wpil-monitor-id=\"9415\">company\u2019s<\/a> image.<\/p>\n\n\n\n<h2 class=\"wp-block-heading\">Acerca de la investigaci\u00f3n de mercado de envases<\/h2>\n\n\n\n<p>Are you looking to begin your packaging business or invest in a partnership in one? Our company knows how hard (and scary) it can be to start a packaging business. For this reason, we have <a href=\"https:\/\/www.sisinternational.com\/es\/cobertura\/europa\/investigacion-de-mercado-liverpool-reino-unido\/\" title=\"Investigaci\u00f3n de mercado en Liverpool | Grupos focales y recopilaci\u00f3n de datos del Reino Unido\"  data-wpil-monitor-id=\"9403\">focus groups to help gather the data<\/a> you may need. We also do strategic, qualitative, and quantitative research to help you. The result is happy customers. So contact us today! We\u2019re always ready and waiting to help.<\/p>","protected":false},"excerpt":{"rendered":"<p>Embalaje Investigaci\u00f3n de mercado El embalaje tambi\u00e9n se conoce como funci\u00f3n de embalaje. Otra forma de verlo es como el arte de colocar y proteger productos para su almacenamiento, venta, entrega y uso. En otras palabras, el embalaje prepara los productos para su almacenamiento o transporte. Se ha desarrollado a\u00fan m\u00e1s en los \u00faltimos a\u00f1os. Los envases se hicieron populares durante el... <a title=\"Investigaci\u00f3n de mercado de envases\" class=\"read-more\" href=\"https:\/\/www.sisinternational.com\/es\/soluciones\/soluciones-de-branding-e-investigacion-de-clientes\/investigacion-de-mercado-de-envases\/\" aria-label=\"Leer m\u00e1s sobre Investigaci\u00f3n de Mercado de Envases\">Leer m\u00e1s<\/a><\/p>","protected":false},"author":1,"featured_media":63801,"parent":14650,"menu_order":17,"comment_status":"closed","ping_status":"closed","template":"","meta":{"footnotes":""},"class_list":["post-39539","page","type-page","status-publish","has-post-thumbnail"],"_links":{"self":[{"href":"https:\/\/www.sisinternational.com\/es\/wp-json\/wp\/v2\/pages\/39539","targetHints":{"allow":["GET"]}}],"collection":[{"href":"https:\/\/www.sisinternational.com\/es\/wp-json\/wp\/v2\/pages"}],"about":[{"href":"https:\/\/www.sisinternational.com\/es\/wp-json\/wp\/v2\/types\/page"}],"author":[{"embeddable":true,"href":"https:\/\/www.sisinternational.com\/es\/wp-json\/wp\/v2\/users\/1"}],"replies":[{"embeddable":true,"href":"https:\/\/www.sisinternational.com\/es\/wp-json\/wp\/v2\/comments?post=39539"}],"version-history":[{"count":5,"href":"https:\/\/www.sisinternational.com\/es\/wp-json\/wp\/v2\/pages\/39539\/revisions"}],"predecessor-version":[{"id":81572,"href":"https:\/\/www.sisinternational.com\/es\/wp-json\/wp\/v2\/pages\/39539\/revisions\/81572"}],"up":[{"embeddable":true,"href":"https:\/\/www.sisinternational.com\/es\/wp-json\/wp\/v2\/pages\/14650"}],"wp:featuredmedia":[{"embeddable":true,"href":"https:\/\/www.sisinternational.com\/es\/wp-json\/wp\/v2\/media\/63801"}],"wp:attachment":[{"href":"https:\/\/www.sisinternational.com\/es\/wp-json\/wp\/v2\/media?parent=39539"}],"curies":[{"name":"wp","href":"https:\/\/api.w.org\/{rel}","templated":true}]}}