{"id":39537,"date":"2021-12-14T22:51:36","date_gmt":"2021-12-14T22:51:36","guid":{"rendered":"https:\/\/www.sisinternational.com\/?page_id=39537"},"modified":"2025-09-14T20:16:47","modified_gmt":"2025-09-15T00:16:47","slug":"investigacion-de-mercado-de-recursos-naturales","status":"publish","type":"page","link":"https:\/\/www.sisinternational.com\/es\/pericia\/investigacion-de-mercado-de-recursos-naturales\/","title":{"rendered":"Investigaci\u00f3n de Mercado de Recursos Naturales"},"content":{"rendered":"<h1 class=\"wp-block-heading\">Investigaci\u00f3n de Mercado de Recursos Naturales<\/h1>\n\n\n\n<figure class=\"gb-block-image gb-block-image-48ad94ed\"><img loading=\"lazy\" decoding=\"async\" width=\"1456\" height=\"816\" class=\"gb-image gb-image-48ad94ed\" src=\"https:\/\/www.sisinternational.com\/wp-content\/uploads\/2025\/08\/Mining-workers-4.jpg\" alt=\"Investigaci\u00f3n y estrategia de mercado internacional de SIS\" title=\"Mining workers (4)\" srcset=\"https:\/\/www.sisinternational.com\/wp-content\/uploads\/2025\/08\/Mining-workers-4.jpg 1456w, https:\/\/www.sisinternational.com\/wp-content\/uploads\/2025\/08\/Mining-workers-4-300x168.jpg 300w, https:\/\/www.sisinternational.com\/wp-content\/uploads\/2025\/08\/Mining-workers-4-1024x574.jpg 1024w, https:\/\/www.sisinternational.com\/wp-content\/uploads\/2025\/08\/Mining-workers-4-768x430.jpg 768w, https:\/\/www.sisinternational.com\/wp-content\/uploads\/2025\/08\/Mining-workers-4-18x10.jpg 18w\" sizes=\"auto, (max-width: 1456px) 100vw, 1456px\"><\/figure>\n\n\n\n<p><\/p>\n\n\n\n<p>\u00bfC\u00f3mo saber si un mercado es viable? Una de las formas es conociendo su acceso a los recursos naturales. Muchos pa\u00edses vinculan su riqueza a sus recursos naturales. Pa\u00edses como Arabia Saudita son ricos debido a sus dep\u00f3sitos de petr\u00f3leo. Asimismo, Australia puede atribuir gran parte de su crecimiento a sus exportaciones de hierro.<\/p>\n\n\n\n<h2 class=\"wp-block-heading\">\u00bfPor qu\u00e9 es importante la investigaci\u00f3n de mercado de recursos naturales?<\/h2>\n\n\n\n<p>It is vital to know what natural resources a country has to the table. It can give <a href=\"https:\/\/www.sisinternational.com\/es\/pericia\/industrias\/toma-de-decisiones-empresariales-investigacion-de-mercado\/\" title=\"Investigaci\u00f3n de mercado para tomadores de decisiones empresariales\"  data-wpil-monitor-id=\"7874\">business<\/a> owners and investors a good idea of the market forces. Shortages and surpluses can impact the health of a business or country. It can also affect the countries around it. For example, finding a new oil well can be a boon for Country A. It can now produce its oil and does not have to import as much to support any industries that depend on it. It also doesn\u2019t need to rely on other countries as much. This change in the status quo affects the nations that benefit from it. Other nations might need to reduce their oil prices. Why? Because Country A has reduced its demand for oil.<\/p>\n\n\n\n<h2 class=\"wp-block-heading\">T\u00edtulos de trabajo clave<\/h2>\n\n\n\n<p>Economistas: Economista de Recursos Naturales (NRE) es un t\u00edtulo de trabajo importante. Las ERN miden el impacto de los recursos naturales. Este campo busca abordar las relaciones entre las econom\u00edas humanas y los ecosistemas naturales.<\/p>\n\n\n\n<h3 class=\"wp-block-heading\">Ecologistas<\/h3>\n\n\n\n<p>Las NRE tienen la tarea de observar c\u00f3mo las econom\u00edas humanas se relacionan con la naturaleza. Pero hace falta ser un verdadero ecologista para ver el impacto a gran escala. Los ecologistas miden c\u00f3mo el uso de un recurso natural puede afectar el lugar donde vive la vida silvestre. Tambi\u00e9n analizan sus efectos sobre el n\u00famero de animales, los patrones clim\u00e1ticos y el clima.<\/p>\n\n\n\n<h3 class=\"wp-block-heading\">Ge\u00f3logos<\/h3>\n\n\n\n<p>Los ge\u00f3logos deciden el uso de los recursos naturales. Tambi\u00e9n eligen la mejor manera de acceder a estos recursos. Muchos recursos naturales como el hierro, el cobre, el petr\u00f3leo, el gas y la arena necesitan conocimientos expertos. Los ge\u00f3logos son los expertos en miner\u00eda pr\u00e1ctica. Por ejemplo, cuando se extrae hierro, los ge\u00f3logos saben c\u00f3mo es el mineral de hierro, su dureza y c\u00f3mo encontrarlo. Tambi\u00e9n saben c\u00f3mo fundirlo y qu\u00e9 subproductos producir\u00e1.<\/p>\n\n\n\n<h3 class=\"wp-block-heading\">Analista de Investigaci\u00f3n de Mercado<\/h3>\n\n\n\n<p>This title is one of the most important in market research. As its name suggests, these analysts examine market trends.<\/p>\n\n\n\n<h2 class=\"wp-block-heading\">Por qu\u00e9 las empresas necesitan investigaciones de mercado de recursos naturales<\/h2>\n\n\n\n<p>Los recursos naturales tienen un impacto en todas las empresas. Todos dependen de un suministro seguro de recursos para funcionar. Los recursos naturales tambi\u00e9n permiten que las empresas innoven. Sin embargo, el uso de recursos naturales por parte de una empresa puede suponer un riesgo para su reputaci\u00f3n. Tambi\u00e9n lo hace su actitud hacia el uso sostenible del recurso. La falta de acceso seguro a los recursos tambi\u00e9n puede tener un impacto directo. Una empresa de bienes de consumo no puede operar si no hay acceso.<\/p>\n\n\n\n<h2 class=\"wp-block-heading\">Factores claves del \u00e9xito<\/h2>\n\n\n\n<p><a href=\"https:\/\/www.sisinternational.com\/es\/analysis-b2b\/\" title=\"What Business Leaders Need to Know Right Now\"  data-wpil-monitor-id=\"7872\">Businesses need to know<\/a> what resources are available in any given region. A company could misuse its resources if it lacks that data. Thus, it must know what is scarce or in surplus. That info is vital for maximizing how much a business can produce. It also helps the firm to use raw materials sustainably. It allows firms to decide whether to buy at lower prices when the opportunity arises. Shortages do not faze such companies. Other firms that are not as savvy can suffer huge losses.<\/p>\n\n\n\n<h2 class=\"wp-block-heading\">Acerca de la investigaci\u00f3n de mercado de recursos naturales<\/h2>\n\n\n\n<p>What\u2019s the best way to get practical and accurate info? Companies need to use many data-gathering techniques. Making use of <a href=\"https:\/\/www.sisinternational.com\/es\/soluciones\/soluciones-de-investigacion-cualitativa-cuantitativa\/reclutamiento-de-investigacion-cualitativa\/\" title=\"Reclutamiento de investigaci\u00f3n cualitativa\"  data-wpil-monitor-id=\"7873\">Qualitative and Quantitative research<\/a> is an excellent tool for this. Those tools can help determine what works and what doesn\u2019t. Finding the best course of action is vital for any business.<\/p>\n\n\n\n<p><\/p>","protected":false},"excerpt":{"rendered":"<p>La investigaci\u00f3n de mercado de recursos naturales es crucial para las empresas. Les ayuda a maximizar la producci\u00f3n, utilizar materias primas sostenibles y tomar decisiones informadas.<\/p>","protected":false},"author":1,"featured_media":63973,"parent":14514,"menu_order":88,"comment_status":"closed","ping_status":"closed","template":"","meta":{"footnotes":""},"class_list":["post-39537","page","type-page","status-publish","has-post-thumbnail"],"_links":{"self":[{"href":"https:\/\/www.sisinternational.com\/es\/wp-json\/wp\/v2\/pages\/39537","targetHints":{"allow":["GET"]}}],"collection":[{"href":"https:\/\/www.sisinternational.com\/es\/wp-json\/wp\/v2\/pages"}],"about":[{"href":"https:\/\/www.sisinternational.com\/es\/wp-json\/wp\/v2\/types\/page"}],"author":[{"embeddable":true,"href":"https:\/\/www.sisinternational.com\/es\/wp-json\/wp\/v2\/users\/1"}],"replies":[{"embeddable":true,"href":"https:\/\/www.sisinternational.com\/es\/wp-json\/wp\/v2\/comments?post=39537"}],"version-history":[{"count":4,"href":"https:\/\/www.sisinternational.com\/es\/wp-json\/wp\/v2\/pages\/39537\/revisions"}],"predecessor-version":[{"id":81328,"href":"https:\/\/www.sisinternational.com\/es\/wp-json\/wp\/v2\/pages\/39537\/revisions\/81328"}],"up":[{"embeddable":true,"href":"https:\/\/www.sisinternational.com\/es\/wp-json\/wp\/v2\/pages\/14514"}],"wp:featuredmedia":[{"embeddable":true,"href":"https:\/\/www.sisinternational.com\/es\/wp-json\/wp\/v2\/media\/63973"}],"wp:attachment":[{"href":"https:\/\/www.sisinternational.com\/es\/wp-json\/wp\/v2\/media?parent=39537"}],"curies":[{"name":"wp","href":"https:\/\/api.w.org\/{rel}","templated":true}]}}