{"id":39535,"date":"2021-12-14T22:42:51","date_gmt":"2021-12-14T22:42:51","guid":{"rendered":"https:\/\/www.sisinternational.com\/?page_id=39535"},"modified":"2026-01-25T18:50:56","modified_gmt":"2026-01-25T23:50:56","slug":"investigacion-de-mercado-sobre-servicios-publicos","status":"publish","type":"page","link":"https:\/\/www.sisinternational.com\/es\/pericia\/investigacion-de-mercado-sobre-servicios-publicos\/","title":{"rendered":"Investigaci\u00f3n de Mercado de Utilidades"},"content":{"rendered":"<h1 class=\"wp-block-heading\">Investigaci\u00f3n de Mercado de Utilidades<\/h1>\n\n\n\n<figure class=\"gb-block-image gb-block-image-7ca903f5\"><img loading=\"lazy\" decoding=\"async\" width=\"1456\" height=\"816\" class=\"gb-image gb-image-7ca903f5\" src=\"https:\/\/www.sisinternational.com\/wp-content\/uploads\/2025\/08\/Utilities-3.jpg\" alt=\"Investigaci\u00f3n y estrategia de mercado internacional de SIS\" title=\"Utilities (3)\" srcset=\"https:\/\/www.sisinternational.com\/wp-content\/uploads\/2025\/08\/Utilities-3.jpg 1456w, https:\/\/www.sisinternational.com\/wp-content\/uploads\/2025\/08\/Utilities-3-300x168.jpg 300w, https:\/\/www.sisinternational.com\/wp-content\/uploads\/2025\/08\/Utilities-3-1024x574.jpg 1024w, https:\/\/www.sisinternational.com\/wp-content\/uploads\/2025\/08\/Utilities-3-768x430.jpg 768w, https:\/\/www.sisinternational.com\/wp-content\/uploads\/2025\/08\/Utilities-3-18x10.jpg 18w\" sizes=\"auto, (max-width: 1456px) 100vw, 1456px\"><\/figure>\n\n\n\n<p><\/p>\n\n\n\n<h2 class=\"wp-block-heading\">\u00bfQu\u00e9 es el Mercado de Servicios P\u00fablicos?<\/h2>\n\n\n\n<p>El t\u00e9rmino \u201cservicios p\u00fablicos\u201d puede referirse a una empresa o un servicio que permite funcionar a la sociedad moderna. La energ\u00eda el\u00e9ctrica, el gas natural, los residuos y el agua, por ejemplo, son todos servicios p\u00fablicos. Adem\u00e1s, estas empresas est\u00e1n en el centro de una serie de temas candentes sobre el control de los servicios p\u00fablicos y la supervisi\u00f3n p\u00fablica.<\/p>\n\n\n\n<h2 class=\"wp-block-heading\">\u00bfPor qu\u00e9 es importante la investigaci\u00f3n de mercado de servicios p\u00fablicos?<\/h2>\n\n\n\n<p>El agua, el suministro de energ\u00eda y el gas son servicios p\u00fablicos vitales que ayudan al crecimiento de la econom\u00eda. Otra cosa acerca de estos servicios es que son esenciales. Adem\u00e1s, cualquier error en el suministro puede perjudicar los negocios de sus clientes. Satisfacen nuestras necesidades m\u00e1s b\u00e1sicas. El agua, la luz, la energ\u00eda y el transporte p\u00fablico son \u00fatiles para el funcionamiento de las empresas modernas. Tambi\u00e9n permiten nuestro bienestar.<\/p>\n\n\n\n<h2 class=\"wp-block-heading\">T\u00edtulos de trabajo clave<\/h2>\n\n\n\n<h3 class=\"wp-block-heading\">Analista de programas de servicios p\u00fablicos<\/h3>\n\n\n\n<p>Estos analistas ayudan con el crecimiento y la revisi\u00f3n de los planes de los clientes. Por ejemplo, analizan las fuentes de energ\u00eda, los precios y los programas de ahorro de energ\u00eda. Este trabajo tambi\u00e9n ayuda a seleccionar los mejores planes de energ\u00eda para ofrecer a los clientes. Adem\u00e1s, los analistas de programas de servicios p\u00fablicos tratan con clientes que tienen necesidades de alta tecnolog\u00eda.<\/p>\n\n\n\n<h3 class=\"wp-block-heading\">Trabajador del servicio<\/h3>\n\n\n\n<p>Realizan trabajos de nivel de maestr\u00eda en el cuidado, construcci\u00f3n y reparaci\u00f3n de sistemas de agua y control de alcantarillado p\u00fablico. Tambi\u00e9n leen y siguen \u00f3rdenes verbales y escritas y utilizan herramientas comunes de reparaci\u00f3n y construcci\u00f3n.<\/p>\n\n\n\n<h3 class=\"wp-block-heading\">Operador de estaci\u00f3n de bombeo<\/h3>\n\n\n\n<p>Los operadores de las estaciones de bombeo gestionan el uso diario seguro de todas las piezas de las estaciones de bombeo de agua y aguas residuales. Por ejemplo, se ocupan de v\u00e1lvulas, controles y sopladores de aire. Tambi\u00e9n operan sistemas de suministro de energ\u00eda de reserva, adem\u00e1s de realizar reparaciones mayores y menores. Tiran, reparan y adaptan todas las bombas y motores de agua y drenaje.<\/p>\n\n\n\n<p>Of course, the <a href=\"https:\/\/www.sisinternational.com\/es\/cobertura\/las-americas\/cobertura-de-estados-unidos\/\" title=\"Investigaci\u00f3n de mercado en Estados Unidos\"  data-wpil-monitor-id=\"9417\">market<\/a> has many more jobs linked to it than the few stated above.<\/p>\n\n\n\n<h2 class=\"wp-block-heading\">\u00bfPor qu\u00e9 las empresas necesitan estudios de mercado de servicios p\u00fablicos?<\/h2>\n\n\n\n<figure class=\"gb-block-image gb-block-image-a1e78bff\"><img loading=\"lazy\" decoding=\"async\" width=\"1456\" height=\"816\" class=\"gb-image gb-image-a1e78bff\" src=\"https:\/\/www.sisinternational.com\/wp-content\/uploads\/2025\/08\/Utilities-2.jpg\" alt=\"Investigaci\u00f3n y estrategia de mercado internacional de SIS\" title=\"Utilities (2)\" srcset=\"https:\/\/www.sisinternational.com\/wp-content\/uploads\/2025\/08\/Utilities-2.jpg 1456w, https:\/\/www.sisinternational.com\/wp-content\/uploads\/2025\/08\/Utilities-2-300x168.jpg 300w, https:\/\/www.sisinternational.com\/wp-content\/uploads\/2025\/08\/Utilities-2-1024x574.jpg 1024w, https:\/\/www.sisinternational.com\/wp-content\/uploads\/2025\/08\/Utilities-2-768x430.jpg 768w, https:\/\/www.sisinternational.com\/wp-content\/uploads\/2025\/08\/Utilities-2-18x10.jpg 18w\" sizes=\"auto, (max-width: 1456px) 100vw, 1456px\"><\/figure>\n\n\n\n<p><\/p>\n\n\n\n<p>Your business must appeal to the <a href=\"https:\/\/www.sisinternational.com\/es\/que-son-las-relaciones-publicas\/\" title=\"Relaciones P\u00fablicas e Investigaci\u00f3n de Mercados\"  data-wpil-monitor-id=\"9412\">public to win market<\/a> share or keep it if you have it. Do you want to appeal to the general public? Then you\u2019ll need to conduct good public utility market research. It\u2019s the best way to find out what goods and services they desire and what they\u2019re seeking.<\/p>\n\n\n\n<p>Puede realizar una investigaci\u00f3n de mercado de servicios p\u00fablicos de diversas formas. Un m\u00e9todo es encuestar a sus clientes actuales, futuros clientes y al p\u00fablico en general. As\u00ed es como aprender\u00e1 cosas como qu\u00e9 quieren de una empresa de servicios p\u00fablicos y qu\u00e9 tarifas consideran injustas.<\/p>\n\n\n\n<h3 class=\"wp-block-heading\">Factores de \u00e9xito importantes<\/h3>\n\n\n\n<ul class=\"wp-block-list\">\n<li>Las empresas tienen el deber adicional de brindar un servicio justo a todos los que lo solicitan.<\/li>\n\n\n\n<li>Deber\u00edan poder servir lo mejor que puedan. La capacidad aqu\u00ed se refiere a la habilidad f\u00edsica. Tambi\u00e9n se refiere a la capacidad de la actividad como \u201cdefinida por las ganancias\u201d.<\/li>\n\n\n\n<li>Deben esforzarse por satisfacer siempre las necesidades de sus clientes. No deber\u00edan imponer tarifas o tarifas injustas a los clientes a los que prestan servicios.<\/li>\n\n\n\n<li>Adem\u00e1s, deben atender a todos los clientes en circunstancias similares sin prejuicios.<\/li>\n\n\n\n<li>Por \u00faltimo, la seguridad p\u00fablica no deber\u00eda estar en riesgo. Las empresas de servicios p\u00fablicos deber\u00edan tener especial cuidado al prestar su servicio.<\/li>\n<\/ul>\n\n\n\n<h2 class=\"wp-block-heading\">Investigaci\u00f3n de mercado sobre el mercado de servicios p\u00fablicos<\/h2>\n\n\n\n<p>The goal of Qualitative Research is to have a broad knowledge of clients\u2019 behavior. It also gives you the reasons for the client\u2019s repurchase of <a href=\"https:\/\/www.sisinternational.com\/es\/soluciones\/prueba-de-sabor\/servicios-de-prueba-de-productos-en-nueva-york\/\" title=\"Servicios de prueba de productos en Nueva York\"  data-wpil-monitor-id=\"9416\">products and services<\/a>. Moreover, a <a href=\"https:\/\/www.sisinternational.com\/es\/soluciones\/investigacion-de-consultoria-estrategica-fintech\/investigacion-de-mercado-aml-contra-el-lavado-de-dinero\/\" title=\"Anti Money Laundering Market Research\"  data-wpil-monitor-id=\"5212\">market research firm can save money<\/a> and ensure success for your company by providing relevant data to assist with sales tracking. With live interviews and surveys, we gather information. That\u2019s how we know what clients are thinking about services rendered. One of the best market research tools is the focus group. We use them to <a href=\"https:\/\/www.sisinternational.com\/es\/pericia\/industrias\/investigacion-de-mercado-de-recopilacion-de-datos\/\" title=\"Investigaci\u00f3n de mercado de recopilaci\u00f3n de datos\"  data-wpil-monitor-id=\"9409\">collect quantitative and in-depth data<\/a>. We also use <a href=\"https:\/\/www.sisinternational.com\/es\/soluciones\/prueba-de-sabor\/new-product-focus-group-in-new-york\/\" title=\"Grupo de trabajo sobre nuevos productos en Nueva York\"  data-wpil-monitor-id=\"9406\">focus groups to gather data on products<\/a> and services.<\/p>\n\n\n\n<p><\/p>","protected":false},"excerpt":{"rendered":"<p>La investigaci\u00f3n del mercado de servicios p\u00fablicos es crucial para la econom\u00eda, ya que cualquier error de agua, suministro de energ\u00eda o gas puede afectar los negocios de los clientes.<\/p>","protected":false},"author":1,"featured_media":63892,"parent":14514,"menu_order":87,"comment_status":"closed","ping_status":"closed","template":"","meta":{"footnotes":""},"class_list":["post-39535","page","type-page","status-publish","has-post-thumbnail"],"_links":{"self":[{"href":"https:\/\/www.sisinternational.com\/es\/wp-json\/wp\/v2\/pages\/39535","targetHints":{"allow":["GET"]}}],"collection":[{"href":"https:\/\/www.sisinternational.com\/es\/wp-json\/wp\/v2\/pages"}],"about":[{"href":"https:\/\/www.sisinternational.com\/es\/wp-json\/wp\/v2\/types\/page"}],"author":[{"embeddable":true,"href":"https:\/\/www.sisinternational.com\/es\/wp-json\/wp\/v2\/users\/1"}],"replies":[{"embeddable":true,"href":"https:\/\/www.sisinternational.com\/es\/wp-json\/wp\/v2\/comments?post=39535"}],"version-history":[{"count":5,"href":"https:\/\/www.sisinternational.com\/es\/wp-json\/wp\/v2\/pages\/39535\/revisions"}],"predecessor-version":[{"id":81573,"href":"https:\/\/www.sisinternational.com\/es\/wp-json\/wp\/v2\/pages\/39535\/revisions\/81573"}],"up":[{"embeddable":true,"href":"https:\/\/www.sisinternational.com\/es\/wp-json\/wp\/v2\/pages\/14514"}],"wp:featuredmedia":[{"embeddable":true,"href":"https:\/\/www.sisinternational.com\/es\/wp-json\/wp\/v2\/media\/63892"}],"wp:attachment":[{"href":"https:\/\/www.sisinternational.com\/es\/wp-json\/wp\/v2\/media?parent=39535"}],"curies":[{"name":"wp","href":"https:\/\/api.w.org\/{rel}","templated":true}]}}