{"id":39531,"date":"2021-12-14T22:12:27","date_gmt":"2021-12-14T22:12:27","guid":{"rendered":"https:\/\/www.sisinternational.com\/?page_id=39531"},"modified":"2025-09-14T21:47:14","modified_gmt":"2025-09-15T01:47:14","slug":"investigacion-de-mercado-en-jamaica","status":"publish","type":"page","link":"https:\/\/www.sisinternational.com\/es\/cobertura\/investigacion-de-mercado-en-el-caribe\/investigacion-de-mercado-en-jamaica\/","title":{"rendered":"Investigaci\u00f3n de mercado en Jamaica"},"content":{"rendered":"<h1 class=\"wp-block-heading\">Investigaci\u00f3n de mercado en Jamaica<\/h1>\n\n\n\n<figure class=\"gb-block-image gb-block-image-b9ef4f3a\"><img loading=\"lazy\" decoding=\"async\" width=\"1456\" height=\"816\" class=\"gb-image gb-image-b9ef4f3a\" src=\"https:\/\/www.sisinternational.com\/wp-content\/uploads\/2025\/09\/Jamaica-2.jpg\" alt=\"Investigaci\u00f3n y estrategia de mercado internacional de SIS\" title=\"Jamaica (2)\" srcset=\"https:\/\/www.sisinternational.com\/wp-content\/uploads\/2025\/09\/Jamaica-2.jpg 1456w, https:\/\/www.sisinternational.com\/wp-content\/uploads\/2025\/09\/Jamaica-2-300x168.jpg 300w, https:\/\/www.sisinternational.com\/wp-content\/uploads\/2025\/09\/Jamaica-2-1024x574.jpg 1024w, https:\/\/www.sisinternational.com\/wp-content\/uploads\/2025\/09\/Jamaica-2-768x430.jpg 768w, https:\/\/www.sisinternational.com\/wp-content\/uploads\/2025\/09\/Jamaica-2-18x10.jpg 18w\" sizes=\"auto, (max-width: 1456px) 100vw, 1456px\"><\/figure>\n\n\n\n<p><\/p>\n\n\n\n<p>Jamaica es la tercera isla m\u00e1s grande del Caribe y la isla de habla inglesa m\u00e1s grande de la regi\u00f3n. Est\u00e1 a unas 285 millas al norte del continente centroamericano. Hait\u00ed, al este, y Cuba, al norte, son vecinos cercanos. Jamaica es el hogar de casi tres millones de personas. Kingston, la capital y ciudad principal de la isla, se encuentra en la esquina sureste.<\/p>\n\n\n\n<h2 class=\"wp-block-heading\">Industrias clave<\/h2>\n\n\n\n<p>Los recursos naturales como los minerales abundan en todo el pa\u00eds. Jamaica tambi\u00e9n tiene un ambiente agradable y belleza natural. Aunque el pa\u00eds tiene una gran fuerza laboral, la tasa de desempleo es alta. La deuda externa es otra estad\u00edstica alarmante. El turismo, la agricultura, la miner\u00eda y la manufactura son los principales sectores de la econom\u00eda del pa\u00eds; el turismo y la manufactura representan cada uno aproximadamente un tercio de su PIB.<\/p>\n\n\n\n<h2 class=\"wp-block-heading\">Barrios<\/h2>\n\n\n\n<p>Los Palisadoes, una vasta lengua de arena con una colorida historia, protegen el puerto natural de Kingston. Esta lengua une la ciudad de Port Royal y el aeropuerto Norman Manley con el continente. Adem\u00e1s, el Museo Bob Marley se encuentra en pleno centro de la ciudad, en la casa del m\u00fasico de reggae. Devon House, una casa de la \u00e9poca colonial con muebles de \u00e9poca, tambi\u00e9n est\u00e1 cerca. El pa\u00eds muestra su flora y fauna naturales en Hope Botanical Gardens &amp; Zoo. Las Monta\u00f1as Azules, una conocida zona cafetalera con senderos y arroyos para excursionistas, se encuentran al noreste de la ciudad.<\/p>\n\n\n\n<h2 class=\"wp-block-heading\">Tendencias<\/h2>\n\n\n\n<p>As Jamaica\u2019s economy shows signs of growth, the housing market has yet to catch up. Property <a href=\"https:\/\/www.sisinternational.com\/es\/investigacion-de-mercado-del-vino\/\" title=\"Investigaci\u00f3n del mercado del vino: suma de los beneficios de las ventas nacionales de vino\"  data-wpil-monitor-id=\"7857\">sales<\/a> have slowed to a halt while domestic rentals have gone up. The country suffers from high inflation and soaring crime rates. Thus, Jamaica\u2019s real estate industry has failed in recent years. Property <a href=\"https:\/\/www.sisinternational.com\/es\/soluciones\/soluciones-de-investigacion-cualitativa-cuantitativa\/pricing-and-demand-analysis\/\" title=\"Pricing and Demand Analysis\"  data-wpil-monitor-id=\"7854\">prices fell in 2009 as foreign demand<\/a> slowed, and many upscale houses saw price drops. The number of sales has also fallen. Still, the lower-middle-income part of the <a href=\"https:\/\/www.sisinternational.com\/es\/garantizar-que-los-clientes-recuerden-su-mensaje\/\" title=\"Investigaci\u00f3n de Mercado de Activaci\u00f3n de Marca\"  data-wpil-monitor-id=\"7851\">market has remained active<\/a>.<\/p>\n\n\n\n<h2 class=\"wp-block-heading\">Benefits And Strengths in the Market<\/h2>\n\n\n\n<figure class=\"gb-block-image gb-block-image-2017e688\"><img loading=\"lazy\" decoding=\"async\" width=\"1456\" height=\"816\" class=\"gb-image gb-image-2017e688\" src=\"https:\/\/www.sisinternational.com\/wp-content\/uploads\/2025\/09\/Jamaica-3.jpg\" alt=\"Investigaci\u00f3n y estrategia de mercado internacional de SIS\" title=\"Jamaica (3)\" srcset=\"https:\/\/www.sisinternational.com\/wp-content\/uploads\/2025\/09\/Jamaica-3.jpg 1456w, https:\/\/www.sisinternational.com\/wp-content\/uploads\/2025\/09\/Jamaica-3-300x168.jpg 300w, https:\/\/www.sisinternational.com\/wp-content\/uploads\/2025\/09\/Jamaica-3-1024x574.jpg 1024w, https:\/\/www.sisinternational.com\/wp-content\/uploads\/2025\/09\/Jamaica-3-768x430.jpg 768w, https:\/\/www.sisinternational.com\/wp-content\/uploads\/2025\/09\/Jamaica-3-18x10.jpg 18w\" sizes=\"auto, (max-width: 1456px) 100vw, 1456px\"><\/figure>\n\n\n\n<p><\/p>\n\n\n\n<p>Durante los \u00faltimos a\u00f1os, Jamaica ha experimentado avances econ\u00f3micos. Estos avances son el resultado de su esfuerzo por practicar la prudencia fiscal. Estas cifras financieras sit\u00faan a Jamaica entre los pa\u00edses con mejores resultados del mundo.<\/p>\n\n\n\n<p>Also, Jamaica is one of the top twenty nations for its great credit system. And its rates are among some of the best in the world for starting a business. Any businessperson can create and run a business in as few as two steps and three days.<\/p>\n\n\n\n<h2 class=\"wp-block-heading\">Base de consumidores<\/h2>\n\n\n\n<p>Internet subscriptions are increasing. More Jamaicans are spending time online on their PCs and smartphones. Yet, only a tiny fraction of Jamaicans use the Internet to shop. Still, top hitters in the e-commerce field are optimistic. They <a href=\"https:\/\/www.sisinternational.com\/es\/pericia\/industrias\/investigacion-de-mercado-de-fundamentacion-de-reclamaciones\/\" title=\"Investigaci\u00f3n de mercado de fundamentaci\u00f3n de afirmaciones\"  data-wpil-monitor-id=\"7856\">claim<\/a> that the use of the Internet for online marketing is increasing at a high rate. Retailers are moving to keep up with the Internet trend. Many of them are increasing their investments in <a href=\"https:\/\/www.sisinternational.com\/es\/pericia\/industrias\/investigacion-de-mercado-de-plataformas-de-automoviles-en-linea\/\" title=\"Investigaci\u00f3n de mercado de plataformas de autom\u00f3viles en l\u00ednea\"  data-wpil-monitor-id=\"7855\">online shopping platforms<\/a>.<\/p>\n\n\n\n<p>En los \u00faltimos a\u00f1os, los supermercados han tenido una tendencia creciente a fabricar art\u00edculos con valor agregado. Elaboran la mayor\u00eda de estos art\u00edculos a partir de fruta fresca para impulsar las ventas y competir. Entre estos elementos se encuentran los m\u00e9todos listos para comer (RTE) y listos para cocinar (RTC). Los consumidores se est\u00e1n alejando de los antiguos m\u00e9todos de preparaci\u00f3n de alimentos. Por lo tanto, es probable que esta tendencia siga aumentando.<\/p>\n\n\n\n<h2 class=\"wp-block-heading\">Razones para hacer negocios en Jamaica<\/h2>\n\n\n\n<ul class=\"wp-block-list\">\n<li>Jamaica es uno de los mejores pa\u00edses del mundo para iniciar un negocio y est\u00e1 ascendiendo en el ranking.<\/li>\n\n\n\n<li>Its housing demand got a boost from recent cuts in mortgage interest rates. Some banks also increased loan limits. As a result, being a homeowner is no longer a pipe dream.<\/li>\n\n\n\n<li>For investors, Jamaica has lots of advantages, particularly regarding location. It lies between <a href=\"https:\/\/www.sisinternational.com\/es\/cobertura\/las-americas\/investigacion-de-mercado-norteamerica\/\" title=\"Investigaci\u00f3n de mercado en Am\u00e9rica del Norte\"  data-wpil-monitor-id=\"7850\">North and South America<\/a>. It also has an 800 million consumer market within four hours of its coastlines.<\/li>\n<\/ul>\n\n\n\n<h2 class=\"wp-block-heading\">Investigaci\u00f3n de mercado en Jamaica<\/h2>\n\n\n\n<p>It is essential to conduct quantitative, qualitative, and strategic research. Another important thing to keep in mind is that focus groups and surveys are valuable. They can reveal the genuine opinions and ideas of customers. Besides, the <a href=\"https:\/\/www.sisinternational.com\/es\/soluciones\/prueba-de-sabor\/investigacion-de-mercado-comparativa-de-pruebas-de-sabor\/\" title=\"Investigaci\u00f3n de mercado comparativa de pruebas de sabor\"  data-wpil-monitor-id=\"7853\">market entry process in Jamaica is comparable<\/a> to that of many other nations. You should first take a trip to the island to look around. Your <a href=\"https:\/\/www.sisinternational.com\/es\/pericia\/curriculums-de-experiencia\/curriculum-de-experiencia-en-la-industria-automotriz\/\" title=\"Empresa de investigaci\u00f3n de mercado de la industria automotriz\"  data-wpil-monitor-id=\"7852\">company can set up helpful industry<\/a> ties during a visit. These ties could be beneficial in allowing you to flourish in the market.<\/p>\n\n\n\n<p><\/p>","protected":false},"excerpt":{"rendered":"<p>Investigaci\u00f3n de mercado en Jamaica Jamaica es la tercera isla m\u00e1s grande del Caribe y la isla de habla inglesa m\u00e1s grande de la regi\u00f3n. Est\u00e1 a unas 285 millas al norte del continente centroamericano. Hait\u00ed, al este, y Cuba, al norte, son vecinos cercanos. Jamaica es el hogar de casi tres millones de personas. Kingston, la capital y ciudad principal de la isla, es\u2026 <a title=\"Investigaci\u00f3n de mercado en Jamaica\" class=\"read-more\" href=\"https:\/\/www.sisinternational.com\/es\/cobertura\/investigacion-de-mercado-en-el-caribe\/investigacion-de-mercado-en-jamaica\/\" aria-label=\"Leer m\u00e1s sobre Investigaci\u00f3n de Mercado en Jamaica\">Leer m\u00e1s<\/a><\/p>","protected":false},"author":1,"featured_media":66130,"parent":33287,"menu_order":3,"comment_status":"closed","ping_status":"closed","template":"","meta":{"footnotes":""},"class_list":["post-39531","page","type-page","status-publish","has-post-thumbnail"],"_links":{"self":[{"href":"https:\/\/www.sisinternational.com\/es\/wp-json\/wp\/v2\/pages\/39531","targetHints":{"allow":["GET"]}}],"collection":[{"href":"https:\/\/www.sisinternational.com\/es\/wp-json\/wp\/v2\/pages"}],"about":[{"href":"https:\/\/www.sisinternational.com\/es\/wp-json\/wp\/v2\/types\/page"}],"author":[{"embeddable":true,"href":"https:\/\/www.sisinternational.com\/es\/wp-json\/wp\/v2\/users\/1"}],"replies":[{"embeddable":true,"href":"https:\/\/www.sisinternational.com\/es\/wp-json\/wp\/v2\/comments?post=39531"}],"version-history":[{"count":3,"href":"https:\/\/www.sisinternational.com\/es\/wp-json\/wp\/v2\/pages\/39531\/revisions"}],"predecessor-version":[{"id":81324,"href":"https:\/\/www.sisinternational.com\/es\/wp-json\/wp\/v2\/pages\/39531\/revisions\/81324"}],"up":[{"embeddable":true,"href":"https:\/\/www.sisinternational.com\/es\/wp-json\/wp\/v2\/pages\/33287"}],"wp:featuredmedia":[{"embeddable":true,"href":"https:\/\/www.sisinternational.com\/es\/wp-json\/wp\/v2\/media\/66130"}],"wp:attachment":[{"href":"https:\/\/www.sisinternational.com\/es\/wp-json\/wp\/v2\/media?parent=39531"}],"curies":[{"name":"wp","href":"https:\/\/api.w.org\/{rel}","templated":true}]}}