{"id":39525,"date":"2021-12-14T21:41:55","date_gmt":"2021-12-14T21:41:55","guid":{"rendered":"https:\/\/www.sisinternational.com\/?page_id=39525"},"modified":"2025-09-14T21:46:16","modified_gmt":"2025-09-15T01:46:16","slug":"investigacion-de-mercado-dominicana","status":"publish","type":"page","link":"https:\/\/www.sisinternational.com\/es\/cobertura\/investigacion-de-mercado-en-el-caribe\/investigacion-de-mercado-dominicana\/","title":{"rendered":"Investigaci\u00f3n de mercado en Dominica"},"content":{"rendered":"<h1 class=\"wp-block-heading\">Investigaci\u00f3n de mercado en Dominica<\/h1>\n\n\n\n<figure class=\"gb-block-image gb-block-image-0b09e00b\"><img loading=\"lazy\" decoding=\"async\" width=\"1456\" height=\"816\" class=\"gb-image gb-image-0b09e00b\" src=\"https:\/\/www.sisinternational.com\/wp-content\/uploads\/2025\/09\/Dominica.jpg\" alt=\"Investigaci\u00f3n y estrategia de mercado internacional de SIS\" title=\"rep\u00fablica dominicana\" srcset=\"https:\/\/www.sisinternational.com\/wp-content\/uploads\/2025\/09\/Dominica.jpg 1456w, https:\/\/www.sisinternational.com\/wp-content\/uploads\/2025\/09\/Dominica-300x168.jpg 300w, https:\/\/www.sisinternational.com\/wp-content\/uploads\/2025\/09\/Dominica-1024x574.jpg 1024w, https:\/\/www.sisinternational.com\/wp-content\/uploads\/2025\/09\/Dominica-768x430.jpg 768w, https:\/\/www.sisinternational.com\/wp-content\/uploads\/2025\/09\/Dominica-18x10.jpg 18w\" sizes=\"auto, (max-width: 1456px) 100vw, 1456px\"><\/figure>\n\n\n\n<p><\/p>\n\n\n\n<p>La Commonwealth de Dominica, ubicada en el Caribe, es una peque\u00f1a naci\u00f3n insular.<\/p>\n\n\n\n<h2 class=\"wp-block-heading\">Industrias clave<\/h2>\n\n\n\n<p>Agriculture is the primary sector on the island, and it adds the most to the GDP of the country. Many residents engage in farming. The industry employs almost half of the people. The major cash crop in the late 1980s was banana. This crop made up more than half of the island\u2019s total exports. But the crop lost favor over time. This decline was due to many hurricanes and storms, which destroyed the fields. The country has since assumed many projects to revamp this sector.<\/p>\n\n\n\n<p>El turismo es otro sector primario. La isla es famosa por su ecoturismo. Su belleza natural atrae a muchos turistas. Los visitantes pueden caminar y observar la vida silvestre. Tambi\u00e9n pueden explorar los paisajes de la isla, incluidas sus numerosas cascadas, aguas termales y bosques tropicales.<\/p>\n\n\n\n<h2 class=\"wp-block-heading\">Barrios<\/h2>\n\n\n\n<p>Debido a su peque\u00f1o tama\u00f1o, no hay ciudades en la isla.<\/p>\n\n\n\n<p>La capital es la localidad de Roseau en la parroquia de Saint George. Es el pueblo m\u00e1s antiguo de la isla. Se encuentra en el sitio de una antigua aldea de Kalinago llamada Sairi. El pueblo tiene muchas casas y estructuras de hormig\u00f3n. Hay pocos espacios verdes abiertos. Pero el Jard\u00edn Bot\u00e1nico central de la ciudad es una atracci\u00f3n tur\u00edstica. Tambi\u00e9n es conocido por el r\u00edo Roseau, que atraviesa la capital. Esta caracter\u00edstica es rara en las islas.<\/p>\n\n\n\n<p>La segunda ciudad m\u00e1s grande es Portsmouth, en la parroquia de Saint John. Se encuentra en el r\u00edo Indio. Fue la capital de la isla en 1760. Pero, debido a un brote de malaria, esto cambi\u00f3. Es el hogar del recinto deportivo m\u00e1s grande de la isla.<\/p>\n\n\n\n<h2 class=\"wp-block-heading\">Tendencias<\/h2>\n\n\n\n<p>El pa\u00eds est\u00e1 pasando de la agricultura al turismo. Se promociona a s\u00ed mismo como un para\u00edso de ecoturismo. Pero la isla a\u00fan est\u00e1 superando los efectos del hurac\u00e1n Mar\u00eda, que azot\u00f3 en 2017. Mar\u00eda destruy\u00f3 gran parte de los productos agr\u00edcolas. Tambi\u00e9n destruy\u00f3 la red de carreteras y da\u00f1\u00f3 casi todos los edificios del pa\u00eds.<\/p>\n\n\n\n<p>The economy is trending downwards as the country\u2019s fiscal health declines. The cost of rebuilding after Maria continues to strain public resources. The government is trying hard to revive the economy. It is attempting to <a href=\"https:\/\/www.sisinternational.com\/es\/soluciones\/consultoria-estrategica\/investigacion-de-oportunidades-de-entrada-al-mercado\/la-eficacia-de-las-pruebas-de-productos-en-nueva-york-para-ingresar-al-mercado-estadounidense\/\" title=\"La eficacia de las pruebas de productos en Nueva York para entrar en el mercado estadounidense\"  data-wpil-monitor-id=\"7880\">enter the financial services market<\/a>. So far, a <a href=\"https:\/\/www.sisinternational.com\/es\/investigacion-a-gran-escala-para-pequenas-empresas\/\" title=\"Investigaci\u00f3n a gran escala para peque\u00f1as empresas\"  data-wpil-monitor-id=\"7879\">small number of banks and other companies<\/a> have signed up. The entry cost is now lower, and it\u2019s easier to register. These measures, they hope, will attract more companies.<\/p>\n\n\n\n<h2 class=\"wp-block-heading\">Beneficios y Fortalezas en el Mercado Dominicano<\/h2>\n\n\n\n<p>La isla tiene vastos recursos naturales. Hay muy buenas perspectivas de crecimiento en la agricultura. Por ejemplo, el cultivo de arroz puede funcionar en esta isla. Siempre hay demanda de arroz. La tierra rica puede ayudar a aumentar la cosecha. El factor de riesgo son desastres como el hurac\u00e1n Mar\u00eda, que han impedido cualquier crecimiento en el sector.<\/p>\n\n\n\n<p>La isla tambi\u00e9n puede ampliar su alcance tur\u00edstico. Su producto tur\u00edstico es diferente al de la mayor\u00eda de islas. La diferencia es su enfoque ecol\u00f3gico.<\/p>\n\n\n\n<p>Due to its volcanic nature, there is room for growth in the energy sector. Geothermal energy is one of the primary sources that the country plans to develop. Companies with the technical know-how to execute energy projects can benefit.<\/p>\n\n\n\n<h2 class=\"wp-block-heading\">Base de consumidores<\/h2>\n\n\n\n<p>La base de consumidores de Dominica depende de las importaciones, incluidos los alimentos. La peque\u00f1a poblaci\u00f3n del pa\u00eds dificulta la producci\u00f3n de suficientes alimentos. La gente no puede crecer lo suficiente para sustentarse. Esta dependencia comenz\u00f3 en 1986 cuando el n\u00famero de personas que viv\u00edan en la isla empez\u00f3 a disminuir. Dominica importa m\u00e1s de la mitad de sus alimentos, lo que lleva a los consumidores a adoptar una dieta occidental. Por lo tanto, las personas son propensas a sufrir problemas de salud occidentales como la diabetes.<\/p>\n\n\n\n<h2 class=\"wp-block-heading\">Razones para hacer crecer su negocio en este mercado<\/h2>\n\n\n\n<p>La isla presenta una gran oportunidad para muchas empresas. Las vacantes incluyen la producci\u00f3n de caf\u00e9, el procesamiento de alimentos y el turismo.<\/p>\n\n\n\n<p>The coffee <a href=\"https:\/\/www.sisinternational.com\/es\/publicaciones\/investigacion-de-mercado-empresarial-escalable-7-formas-de-construir-un-negocio-escalable\/\" title=\"Investigaci\u00f3n de mercado empresarial escalable: 7 formas de construir un negocio escalable\"  data-wpil-monitor-id=\"7878\">business has a large market<\/a> on the island. It has strong local demand. Dominica is also moving to step up the production of its Arabica coffee beans. The Venezuelan government recently funded the construction of a coffee processing plant in Portsmouth in the north of the island.<\/p>\n\n\n\n<p>Food security is also a big issue that the country is seeking to address. As a result, companies in the food <a href=\"https:\/\/www.sisinternational.com\/es\/top-5-benefits-of-qualitative-market-research-for-businesses\/\" title=\"Top 5 Benefits of Qualitative Market Research for Businesses\"  data-wpil-monitor-id=\"7881\">business stand to benefit<\/a>.<\/p>\n\n\n\n<p>La isla contin\u00faa creciendo como lugar tur\u00edstico debido a la experiencia \u00fanica que aqu\u00ed se brinda. As\u00ed, las empresas que entren en esta industria tambi\u00e9n se beneficiar\u00e1n.<\/p>\n\n\n\n<h2 class=\"wp-block-heading\">Acerca de la investigaci\u00f3n de mercado en Dominica<\/h2>\n\n\n\n<p>Quantitative, Qualitative, and Strategy Research is crucial. Several methods exist, including Interviews, Focus Groups, and Surveys. Companies should do these checks before entering the market to determine the best <a href=\"https:\/\/www.sisinternational.com\/es\/soluciones\/si-crecimiento-global\/estrategia-de-entrada-al-mercado\/\" title=\"Consultor\u00eda de entrada al mercado\"  data-wpil-monitor-id=\"7875\">estrategia de entrada al mercado<\/a>. It is also essential to visit the country to find opportunities. It helps to tour the island, visit business sites, and <a href=\"https:\/\/www.sisinternational.com\/es\/how-to-conduct-effective-desk-research\/\" title=\"How to Conduct Effective Desk Research\"  data-wpil-monitor-id=\"7882\">conduct online research<\/a>. A physical visit will help <a href=\"https:\/\/www.sisinternational.com\/es\/pericia\/industrias\/director-de-informacion-cio-investigacion-de-mercado\/\" title=\"Director de Informaci\u00f3n (CIO) Investigaci\u00f3n de Mercado\"  data-wpil-monitor-id=\"7876\">inform the market research<\/a>.<\/p>\n\n\n\n<p>We help <a href=\"https:\/\/www.sisinternational.com\/es\/soluciones\/consultoria-de-hosteleria-y-turismo-en-viajes\/investigacion-de-mercado-de-la-empresa-de-guias-turisticos\/\" title=\"Investigaci\u00f3n de mercado de la empresa de gu\u00edas tur\u00edsticos\"  data-wpil-monitor-id=\"7877\">companies understand the market<\/a>. Contact us today!<\/p>\n\n\n\n<p><\/p>","protected":false},"excerpt":{"rendered":"<p>Investigaci\u00f3n de mercado en Dominica La Commonwealth de Dominica, ubicada en el Caribe, es una peque\u00f1a naci\u00f3n insular. Industrias clave La agricultura es el sector primario de la isla y es el que m\u00e1s aporta al PIB del pa\u00eds. Muchos residentes se dedican a la agricultura. La industria emplea a casi la mitad de la poblaci\u00f3n. El principal cultivo comercial... <a title=\"Investigaci\u00f3n de mercado en Dominica\" class=\"read-more\" href=\"https:\/\/www.sisinternational.com\/es\/cobertura\/investigacion-de-mercado-en-el-caribe\/investigacion-de-mercado-dominicana\/\" aria-label=\"Leer m\u00e1s sobre Investigaci\u00f3n de Mercado en Dominica\">Leer m\u00e1s<\/a><\/p>","protected":false},"author":1,"featured_media":66396,"parent":33287,"menu_order":2,"comment_status":"closed","ping_status":"closed","template":"","meta":{"footnotes":""},"class_list":["post-39525","page","type-page","status-publish","has-post-thumbnail"],"_links":{"self":[{"href":"https:\/\/www.sisinternational.com\/es\/wp-json\/wp\/v2\/pages\/39525","targetHints":{"allow":["GET"]}}],"collection":[{"href":"https:\/\/www.sisinternational.com\/es\/wp-json\/wp\/v2\/pages"}],"about":[{"href":"https:\/\/www.sisinternational.com\/es\/wp-json\/wp\/v2\/types\/page"}],"author":[{"embeddable":true,"href":"https:\/\/www.sisinternational.com\/es\/wp-json\/wp\/v2\/users\/1"}],"replies":[{"embeddable":true,"href":"https:\/\/www.sisinternational.com\/es\/wp-json\/wp\/v2\/comments?post=39525"}],"version-history":[{"count":3,"href":"https:\/\/www.sisinternational.com\/es\/wp-json\/wp\/v2\/pages\/39525\/revisions"}],"predecessor-version":[{"id":81329,"href":"https:\/\/www.sisinternational.com\/es\/wp-json\/wp\/v2\/pages\/39525\/revisions\/81329"}],"up":[{"embeddable":true,"href":"https:\/\/www.sisinternational.com\/es\/wp-json\/wp\/v2\/pages\/33287"}],"wp:featuredmedia":[{"embeddable":true,"href":"https:\/\/www.sisinternational.com\/es\/wp-json\/wp\/v2\/media\/66396"}],"wp:attachment":[{"href":"https:\/\/www.sisinternational.com\/es\/wp-json\/wp\/v2\/media?parent=39525"}],"curies":[{"name":"wp","href":"https:\/\/api.w.org\/{rel}","templated":true}]}}