{"id":39523,"date":"2021-12-14T21:38:19","date_gmt":"2021-12-14T21:38:19","guid":{"rendered":"https:\/\/www.sisinternational.com\/?page_id=39523"},"modified":"2026-01-24T14:08:41","modified_gmt":"2026-01-24T19:08:41","slug":"investigacion-de-mercado-bolivia","status":"publish","type":"page","link":"https:\/\/www.sisinternational.com\/es\/cobertura\/latin-america\/investigacion-de-mercado-de-america-latina\/investigacion-de-mercado-bolivia\/","title":{"rendered":"Investigaci\u00f3n de Mercado en Bolivia"},"content":{"rendered":"<h1 class=\"wp-block-heading\">Investigaci\u00f3n de Mercado en Bolivia<\/h1>\n\n\n\n<figure class=\"gb-block-image gb-block-image-18e1348b\"><img loading=\"lazy\" decoding=\"async\" width=\"1456\" height=\"816\" class=\"gb-image gb-image-18e1348b\" src=\"https:\/\/www.sisinternational.com\/wp-content\/uploads\/2025\/09\/Bolivia-3.jpg\" alt=\"Investigaci\u00f3n y estrategia de mercado internacional de SIS\" title=\"Bolivia (3)\" srcset=\"https:\/\/www.sisinternational.com\/wp-content\/uploads\/2025\/09\/Bolivia-3.jpg 1456w, https:\/\/www.sisinternational.com\/wp-content\/uploads\/2025\/09\/Bolivia-3-300x168.jpg 300w, https:\/\/www.sisinternational.com\/wp-content\/uploads\/2025\/09\/Bolivia-3-1024x574.jpg 1024w, https:\/\/www.sisinternational.com\/wp-content\/uploads\/2025\/09\/Bolivia-3-768x430.jpg 768w, https:\/\/www.sisinternational.com\/wp-content\/uploads\/2025\/09\/Bolivia-3-18x10.jpg 18w\" sizes=\"auto, (max-width: 1456px) 100vw, 1456px\"><\/figure>\n\n\n\n<p><\/p>\n\n\n\n<p>Bolivia is in west-central South America. Sucre is the capital city, but the financial capital is La Paz. Bolivia went through some financial troubles in the 20th century. It has now bounced back better than ever. With rising GDP and falling rates of poverty, it is enjoying an economic boom. But good data is essential for the country to make good use of this new prosperity. Good knowledge of the <a href=\"https:\/\/www.sisinternational.com\/es\/publicaciones\/investigacion-de-mercado-empresarial-escalable-7-formas-de-construir-un-negocio-escalable\/\" title=\"Investigaci\u00f3n de mercado empresarial escalable: 7 formas de construir un negocio escalable\"  data-wpil-monitor-id=\"8686\">market is a boon in any business<\/a> starting up there.<\/p>\n\n\n\n<h2 class=\"wp-block-heading\">Industrias clave<\/h2>\n\n\n\n<p>La agricultura, la manufactura y los servicios son los sectores l\u00edderes del pa\u00eds. Los servicios constituyen la mayor parte del PIB del pa\u00eds debido al reciente crecimiento de su sector financiero. La industria manufacturera es la segunda en importancia. Esta industria incluye la producci\u00f3n de textiles, prendas de vestir y petr\u00f3leo refinado. Uno de los principales cultivos de exportaci\u00f3n de Bolivia es la coca. Es el tercer mayor exportador mundial de este cultivo. Pero, en los \u00faltimos a\u00f1os, la principal exportaci\u00f3n del pa\u00eds ha sido la soja. Algunos otros cultivos notables son la ca\u00f1a de az\u00facar, el ma\u00edz, las patatas y los pl\u00e1tanos.<\/p>\n\n\n\n<h2 class=\"wp-block-heading\">Barrios<\/h2>\n\n\n\n<p>Debido a que Bolivia no tiene salida al mar, la mayor parte de su comercio se realiza con sus vecinos cercanos. Esos vecinos son Chile, Per\u00fa y Brasil. Las regiones de Bolivia tienen muchos climas diferentes:<\/p>\n\n\n\n<ul class=\"wp-block-list\">\n<li>Regi\u00f3n de los Llanos: H\u00fameda y tropical<\/li>\n\n\n\n<li>Regi\u00f3n del Altiplano: Des\u00e9rtico y Polar<\/li>\n\n\n\n<li>Regiones del Valle y Yungas: Templadas<\/li>\n\n\n\n<li>Regi\u00f3n del Chaco: Subtropical y semi\u00e1rida<\/li>\n<\/ul>\n\n\n\n<p>Esa variedad permite que el pa\u00eds cultive muchos cultivos diferentes.<\/p>\n\n\n\n<p>La mayor\u00eda de la gente en Bolivia vive en las tierras bajas. Cuanto m\u00e1s nos acercamos a los Andes, m\u00e1s escasa se vuelve la poblaci\u00f3n.<\/p>\n\n\n\n<h2 class=\"wp-block-heading\">Tendencias<\/h2>\n\n\n\n<p>La gran mezcla de personas crea una cultura diversa dentro de Bolivia. La cultura es diferente a la de otros pa\u00edses de Am\u00e9rica del Sur. Por ejemplo, la gente ha creado un nuevo tipo de arquitectura llamada \u201cbarroco mestizo\u201d. Asimismo, ha producido pintores como P\u00e9rez de Holgu\u00edn, Flores y otros, mundialmente conocidos. El folklore del pa\u00eds tambi\u00e9n es bastante rico. Por ejemplo, est\u00e1n las \u201cDanzas del Diablo\u201d en el Carnaval anual de Oruro. Tambi\u00e9n est\u00e1 el Carnaval de Trabuco, m\u00e1s oscuro.<\/p>\n\n\n\n<h2 class=\"wp-block-heading\">Beneficios y Fortalezas en el Mercado<\/h2>\n\n\n\n<figure class=\"gb-block-image gb-block-image-26e4f48f\"><img loading=\"lazy\" decoding=\"async\" width=\"1456\" height=\"816\" class=\"gb-image gb-image-26e4f48f\" src=\"https:\/\/www.sisinternational.com\/wp-content\/uploads\/2025\/09\/Bolivia-2.jpg\" alt=\"Investigaci\u00f3n y estrategia de mercado internacional de SIS\" title=\"Bolivia (2)\" srcset=\"https:\/\/www.sisinternational.com\/wp-content\/uploads\/2025\/09\/Bolivia-2.jpg 1456w, https:\/\/www.sisinternational.com\/wp-content\/uploads\/2025\/09\/Bolivia-2-300x168.jpg 300w, https:\/\/www.sisinternational.com\/wp-content\/uploads\/2025\/09\/Bolivia-2-1024x574.jpg 1024w, https:\/\/www.sisinternational.com\/wp-content\/uploads\/2025\/09\/Bolivia-2-768x430.jpg 768w, https:\/\/www.sisinternational.com\/wp-content\/uploads\/2025\/09\/Bolivia-2-18x10.jpg 18w\" sizes=\"auto, (max-width: 1456px) 100vw, 1456px\"><\/figure>\n\n\n\n<p><\/p>\n\n\n\n<p>The country tends to export more than it imports, so it has low debt. Bolivia has many financial services. These <a href=\"https:\/\/www.sisinternational.com\/es\/soluciones\/investigacion-de-mercado-de-consumo\/\" title=\"Consumer Market Research Services for Smarter Business Decisions\"  data-wpil-monitor-id=\"8692\">services would boost any business<\/a> trying to work there. The population is well-educated and the country has a literacy rate of 100%. The skilled service industry there makes trade across the nation stress-free. Not only that, but they may even <a href=\"https:\/\/www.sisinternational.com\/es\/publicaciones\/exportacion-del-mercado-medio-japones\/\" title=\"Hacer crecer su negocio en Jap\u00f3n\"  data-wpil-monitor-id=\"8689\">grow your business<\/a>.<\/p>\n\n\n\n<h2 class=\"wp-block-heading\">Base de consumidores<\/h2>\n\n\n\n<p>Bolivia is the fifth largest country in South America with many residents. The people there are of European, Asian, and indigenous descent. Most people speak Spanish, but there are some lesser-known dialects there. When it comes to development, the low-lying valleys are more urban than the rural highlands. In total, two-thirds of the citizens live in urban areas, with the rest in rural regions. One thing of note is that Bolivia has a young population. Most residents are between the ages of 15 and 59.<\/p>\n\n\n\n<h2 class=\"wp-block-heading\">Reasons to Grow Your Business in the Bolivian Market<\/h2>\n\n\n\n<p>La baja tasa de pobreza y la baja tasa de desempleo de Bolivia lo convierten en un excelente lugar para invertir. Tiene muchos socios comerciales debido a su gran cantidad de recursos. Por ejemplo, algunos socios comerciales notables incluyen Jap\u00f3n, Estados Unidos, Argentina y Brasil. Realiza la mayor parte de su comercio con Argentina y Brasil.<\/p>\n\n\n\n<p>The country has also become more urban. The rapid development of the country makes it easy for new businesses to move in. That ease of entry means one less concern for you. With that out of the way, you can focus on profit and growth.<\/p>\n\n\n\n<h2 class=\"wp-block-heading\">Acerca de la Investigaci\u00f3n de Mercados en Bolivia<\/h2>\n\n\n\n<p>It\u2019s essential to use many different techniques to get the most helpful info. <a href=\"https:\/\/www.sisinternational.com\/es\/soluciones\/soluciones-de-investigacion-cualitativa-cuantitativa\/investigacion-de-mercado-de-servicios-de-campo\/\" title=\"Investigaci\u00f3n de mercado de servicios de campo\"  data-wpil-monitor-id=\"8691\">Research in the field<\/a> is the best approach. It lets you get the most up-to-date information. That current info will let you make better and more correct predictions. <a href=\"https:\/\/www.sisinternational.com\/es\/soluciones\/soluciones-de-investigacion-cualitativa-cuantitativa\/reclutamiento-de-investigacion-cualitativa\/\" title=\"Reclutamiento de investigaci\u00f3n cualitativa\"  data-wpil-monitor-id=\"8683\">Qualitative and Quantitative research<\/a> is excellent for this. Those can help determine what works and what doesn\u2019t. Also, some other suitable <a href=\"https:\/\/www.sisinternational.com\/es\/quantitative-market-research-methods-and-techniques\/\" title=\"Quantitative Market Research Methods and Techniques\"  data-wpil-monitor-id=\"8684\">methods include Strategy Research<\/a>, Focus Groups, and Surveys. They can give you a good idea of what is going on in consumers\u2019 heads.<\/p>\n\n\n\n<p>El <a href=\"https:\/\/www.sisinternational.com\/es\/beauty-market-research-in-the-us\/\" title=\"Beauty Market Research in the US\"  data-wpil-monitor-id=\"893\">beauty of Market Research<\/a> is that it lets you be ahead of the curve in the market. That prior knowledge will put you ahead of your competitors so that you can beat them without a sweat.<\/p>\n\n\n\n<p><\/p>","protected":false},"excerpt":{"rendered":"<p>Investigaci\u00f3n de Mercados en Bolivia Bolivia se encuentra en el centro-oeste de Am\u00e9rica del Sur. Sucre es la capital, pero la capital financiera es La Paz. Bolivia atraves\u00f3 algunos problemas financieros en el siglo XX. Ahora se ha recuperado mejor que nunca. Con un PIB en aumento y tasas de pobreza en descenso, est\u00e1 disfrutando de un auge econ\u00f3mico. Pero \u2026 <a title=\"Investigaci\u00f3n de Mercado en Bolivia\" class=\"read-more\" href=\"https:\/\/www.sisinternational.com\/es\/cobertura\/latin-america\/investigacion-de-mercado-de-america-latina\/investigacion-de-mercado-bolivia\/\" aria-label=\"Leer m\u00e1s sobre Investigaci\u00f3n de Mercados en Bolivia\">Leer m\u00e1s<\/a><\/p>","protected":false},"author":1,"featured_media":66214,"parent":14351,"menu_order":20,"comment_status":"closed","ping_status":"closed","template":"","meta":{"footnotes":""},"class_list":["post-39523","page","type-page","status-publish","has-post-thumbnail"],"_links":{"self":[{"href":"https:\/\/www.sisinternational.com\/es\/wp-json\/wp\/v2\/pages\/39523","targetHints":{"allow":["GET"]}}],"collection":[{"href":"https:\/\/www.sisinternational.com\/es\/wp-json\/wp\/v2\/pages"}],"about":[{"href":"https:\/\/www.sisinternational.com\/es\/wp-json\/wp\/v2\/types\/page"}],"author":[{"embeddable":true,"href":"https:\/\/www.sisinternational.com\/es\/wp-json\/wp\/v2\/users\/1"}],"replies":[{"embeddable":true,"href":"https:\/\/www.sisinternational.com\/es\/wp-json\/wp\/v2\/comments?post=39523"}],"version-history":[{"count":4,"href":"https:\/\/www.sisinternational.com\/es\/wp-json\/wp\/v2\/pages\/39523\/revisions"}],"predecessor-version":[{"id":81457,"href":"https:\/\/www.sisinternational.com\/es\/wp-json\/wp\/v2\/pages\/39523\/revisions\/81457"}],"up":[{"embeddable":true,"href":"https:\/\/www.sisinternational.com\/es\/wp-json\/wp\/v2\/pages\/14351"}],"wp:featuredmedia":[{"embeddable":true,"href":"https:\/\/www.sisinternational.com\/es\/wp-json\/wp\/v2\/media\/66214"}],"wp:attachment":[{"href":"https:\/\/www.sisinternational.com\/es\/wp-json\/wp\/v2\/media?parent=39523"}],"curies":[{"name":"wp","href":"https:\/\/api.w.org\/{rel}","templated":true}]}}