{"id":39521,"date":"2021-12-14T21:19:21","date_gmt":"2021-12-14T21:19:21","guid":{"rendered":"https:\/\/www.sisinternational.com\/?page_id=39521"},"modified":"2025-09-14T21:44:05","modified_gmt":"2025-09-15T01:44:05","slug":"investigacion-de-mercado-belice","status":"publish","type":"page","link":"https:\/\/www.sisinternational.com\/es\/cobertura\/latin-america\/investigacion-de-mercado-de-america-latina\/investigacion-de-mercado-belice\/","title":{"rendered":"Investigaci\u00f3n de mercado en Belice"},"content":{"rendered":"<h1 class=\"wp-block-heading\">Investigaci\u00f3n de mercado en Belice<\/h1>\n\n\n\n<figure class=\"gb-block-image gb-block-image-51ec4602\"><img loading=\"lazy\" decoding=\"async\" width=\"1456\" height=\"816\" class=\"gb-image gb-image-51ec4602\" src=\"https:\/\/www.sisinternational.com\/wp-content\/uploads\/2025\/09\/Belize-3.jpg\" alt=\"Investigaci\u00f3n y estrategia de mercado internacional de SIS\" title=\"Belize (3)\" srcset=\"https:\/\/www.sisinternational.com\/wp-content\/uploads\/2025\/09\/Belize-3.jpg 1456w, https:\/\/www.sisinternational.com\/wp-content\/uploads\/2025\/09\/Belize-3-300x168.jpg 300w, https:\/\/www.sisinternational.com\/wp-content\/uploads\/2025\/09\/Belize-3-1024x574.jpg 1024w, https:\/\/www.sisinternational.com\/wp-content\/uploads\/2025\/09\/Belize-3-768x430.jpg 768w, https:\/\/www.sisinternational.com\/wp-content\/uploads\/2025\/09\/Belize-3-18x10.jpg 18w\" sizes=\"auto, (max-width: 1456px) 100vw, 1456px\"><\/figure>\n\n\n\n<p><\/p>\n\n\n\n<p>Una cosa que hace que Belice se destaque es su peque\u00f1o n\u00famero: tiene la poblaci\u00f3n m\u00e1s peque\u00f1a de Centroam\u00e9rica. Sus vecinos son M\u00e9xico y Guatemala. Su ciudad m\u00e1s grande es la ciudad de Belice y su capital es Belmop\u00e1n.<\/p>\n\n\n\n<p>The main languages are English and Spanish. Mayan is another spoken language, as are&nbsp;Kriol, German, Garifuna, and Chinese. The Mestizo is the most common ethnic <a href=\"https:\/\/www.sisinternational.com\/es\/soluciones\/grupos-de-enfoque\/instalaciones-para-grupos-focales-en-nueva-york\/\" title=\"Instalaciones para grupos focales en la ciudad de Nueva York\"  data-wpil-monitor-id=\"8960\">group within the city<\/a>. Creole, Maya, Garifuna, East Indian, Caucasian, and Asian are further ethnic groups. More than half of the country practices the Christian religion. The currency is the Belize dollar (BZD).<\/p>\n\n\n\n<h2 class=\"wp-block-heading\">Industrias clave<\/h2>\n\n\n\n<p>Belice tiene una econom\u00eda de empresa peque\u00f1a y privada. Obtiene gran parte de sus ingresos de la agricultura, el turismo y los servicios. El petr\u00f3leo es una nueva incorporaci\u00f3n a esta lista. La ciudad de Spanish Lookout ahora alberga un campo petrol\u00edfero. Ha tra\u00eddo nuevas perspectivas y problemas a este pa\u00eds en desarrollo. Los principales productos de exportaci\u00f3n de Belice son los c\u00edtricos, el az\u00facar y los pl\u00e1tanos. El d\u00e9ficit comercial de Belice ha ido aumentando debido a los bajos precios de exportaci\u00f3n del az\u00facar y los pl\u00e1tanos.<\/p>\n\n\n\n<h2 class=\"wp-block-heading\">Barrios<\/h2>\n\n\n\n<p>Belmop\u00e1n, la capital, es la capital menos poblada del continente americano. Belmop\u00e1n es tambi\u00e9n el tercer asentamiento m\u00e1s grande de Belice. Otros asentamientos importantes son San Ignacio y la ciudad de Belice. Belmop\u00e1n, que naci\u00f3 como comunidad planificada en 1970, es una de las capitales nacionales m\u00e1s nuevas del mundo. Desde el a\u00f1o 2000, Belmop\u00e1n ha sido uno de los dos asentamientos de Belice con estatus de ciudad oficial. La otra es la ciudad de Belice.<\/p>\n\n\n\n<p>La ciudad de Belice, la ciudad m\u00e1s grande, fue una vez la capital de la antigua Honduras Brit\u00e1nica. Es el puerto principal. Tambi\u00e9n es un centro para las finanzas y la industria. En octubre de 1961, el hurac\u00e1n Hati casi destruy\u00f3 la ciudad de Belice. Fue la capital hasta que el gobierno se traslad\u00f3 a Belmop\u00e1n en 1970.<\/p>\n\n\n\n<h2 class=\"wp-block-heading\">Tendencias<\/h2>\n\n\n\n<figure class=\"gb-block-image gb-block-image-818eed39\"><img loading=\"lazy\" decoding=\"async\" width=\"1456\" height=\"816\" class=\"gb-image gb-image-818eed39\" src=\"https:\/\/www.sisinternational.com\/wp-content\/uploads\/2025\/09\/Belize-4.jpg\" alt=\"Investigaci\u00f3n y estrategia de mercado internacional de SIS\" title=\"Belize (4)\" srcset=\"https:\/\/www.sisinternational.com\/wp-content\/uploads\/2025\/09\/Belize-4.jpg 1456w, https:\/\/www.sisinternational.com\/wp-content\/uploads\/2025\/09\/Belize-4-300x168.jpg 300w, https:\/\/www.sisinternational.com\/wp-content\/uploads\/2025\/09\/Belize-4-1024x574.jpg 1024w, https:\/\/www.sisinternational.com\/wp-content\/uploads\/2025\/09\/Belize-4-768x430.jpg 768w, https:\/\/www.sisinternational.com\/wp-content\/uploads\/2025\/09\/Belize-4-18x10.jpg 18w\" sizes=\"auto, (max-width: 1456px) 100vw, 1456px\"><\/figure>\n\n\n\n<p><\/p>\n\n\n\n<p>Hay un aumento en el n\u00famero de turistas. Belice se ha convertido en una meca de vacaciones de r\u00e1pido crecimiento en la regi\u00f3n. Tambi\u00e9n ha visto una gran ola de innovaci\u00f3n. Ahora lidera en las \u00e1reas tecnol\u00f3gicas m\u00e1s candentes (realidad virtual y criptomonedas).<\/p>\n\n\n\n<h2 class=\"wp-block-heading\">Beneficios y Fortalezas en el Mercado<\/h2>\n\n\n\n<ol class=\"wp-block-list\">\n<li>Potencial tur\u00edstico.<\/li>\n\n\n\n<li>Apoyo de agencias crediticias externas.<\/li>\n<\/ol>\n\n\n\n<h2 class=\"wp-block-heading\">Razones para hacer crecer su negocio en Belice<\/h2>\n\n\n\n<ul class=\"wp-block-list\">\n<li>El gobierno da prioridad al empleo de belice\u00f1os. Tambi\u00e9n ofrece incentivos para empresas que quieran mejorar la econom\u00eda. Estos incluyen moratorias fiscales y exenciones de derechos de importaci\u00f3n y exportaci\u00f3n.<\/li>\n\n\n\n<li>Belice est\u00e1 cerca de Estados Unidos, lo que significa que es de f\u00e1cil acceso. Adem\u00e1s, las aerol\u00edneas ofrecen vuelos directos desde Nueva York, California, Georgia, Florida y Texas.<\/li>\n\n\n\n<li>El idioma principal de Belice es el ingl\u00e9s\/criollo. Adem\u00e1s, la mayor\u00eda de los lugare\u00f1os hablan ingl\u00e9s y espa\u00f1ol, dos de los idiomas m\u00e1s populares del mundo.<\/li>\n\n\n\n<li>Belice tiene v\u00ednculos con Centroam\u00e9rica y el Caribe. Por lo tanto, tiene el beneficio de los acuerdos comerciales firmados entre estas dos regiones.<\/li>\n\n\n\n<li>Belize is still very young and is a developing country. Hence, there are many <a href=\"https:\/\/www.sisinternational.com\/es\/oportunidades-de-la-banca-islamica-y-obstaculos-para-la-industria-financiera-estadounidense\/\" title=\"Banca isl\u00e1mica: oportunidades y obst\u00e1culos para la industria financiera estadounidense\"  data-wpil-monitor-id=\"8962\">opportunities to enter new industries<\/a>.<\/li>\n\n\n\n<li>El salario m\u00ednimo en Belice es uno de los m\u00e1s altos de la regi\u00f3n. Sin embargo, sigue siendo deficiente en comparaci\u00f3n con el salario m\u00ednimo en los pa\u00edses desarrollados.<\/li>\n\n\n\n<li>Real estate is cheap to rent or buy. As a matter of fact, much of the land in Belize remains undeveloped. This is good news if your <a href=\"https:\/\/www.sisinternational.com\/es\/establecer-una-empresa-en-turquia\/\" title=\"Establecer una empresa en Turqu\u00eda\"  data-wpil-monitor-id=\"8963\">business plans include setting<\/a> up a farm. The land could also be useful for other purposes. Your business might be far from the city or town, but the land prices will be much lower.<\/li>\n<\/ul>\n\n\n\n<h2 class=\"wp-block-heading\">Acerca de la investigaci\u00f3n de mercado en Belice<\/h2>\n\n\n\n<p>Would you like to set up a business in Belize? If so, then you\u2019re in the right place. We set up focus <a href=\"https:\/\/www.sisinternational.com\/es\/soluciones\/soluciones-de-investigacion-cualitativa-cuantitativa\/pruebas-de-ubicacion-central-vs-grupos-focales\/\" title=\"Pruebas de ubicaci\u00f3n central vs. grupos focales\"  data-wpil-monitor-id=\"8961\">groups<\/a> in different areas of business in Central America. Likewise, we can conduct quantitative, qualitative, and strategic research for you. This step is vital for doing business in Belize. We will collect the <a href=\"https:\/\/www.sisinternational.com\/es\/analysis-b2b\/\" title=\"What Business Leaders Need to Know Right Now\"  data-wpil-monitor-id=\"8964\">needed details for you and your business<\/a>. Our interviews, surveys, and other <a href=\"https:\/\/www.sisinternational.com\/es\/quantitative-market-research-methods-and-techniques\/\" title=\"Quantitative Market Research Methods and Techniques\"  data-wpil-monitor-id=\"8959\">market research methods<\/a> will ensure your success.<\/p>\n\n\n\n<p><\/p>","protected":false},"excerpt":{"rendered":"<p>Market Research in Belize One thing that makes Belize stand out is its small numbers \u2013 it has the smallest populace in Central America. Its neighbors are Mexico and Guatemala. Its largest city is Belize City, and its capital is Belmopan. The main languages are English and Spanish. Mayan is another spoken language, as are&nbsp;Kriol, &#8230; <a title=\"Investigaci\u00f3n de mercado en Belice\" class=\"read-more\" href=\"https:\/\/www.sisinternational.com\/es\/cobertura\/latin-america\/investigacion-de-mercado-de-america-latina\/investigacion-de-mercado-belice\/\" aria-label=\"Leer m\u00e1s sobre Investigaci\u00f3n de Mercado en Belice\">Leer m\u00e1s<\/a><\/p>","protected":false},"author":1,"featured_media":66210,"parent":14351,"menu_order":19,"comment_status":"closed","ping_status":"closed","template":"","meta":{"footnotes":""},"class_list":["post-39521","page","type-page","status-publish","has-post-thumbnail"],"_links":{"self":[{"href":"https:\/\/www.sisinternational.com\/es\/wp-json\/wp\/v2\/pages\/39521","targetHints":{"allow":["GET"]}}],"collection":[{"href":"https:\/\/www.sisinternational.com\/es\/wp-json\/wp\/v2\/pages"}],"about":[{"href":"https:\/\/www.sisinternational.com\/es\/wp-json\/wp\/v2\/types\/page"}],"author":[{"embeddable":true,"href":"https:\/\/www.sisinternational.com\/es\/wp-json\/wp\/v2\/users\/1"}],"replies":[{"embeddable":true,"href":"https:\/\/www.sisinternational.com\/es\/wp-json\/wp\/v2\/comments?post=39521"}],"version-history":[{"count":3,"href":"https:\/\/www.sisinternational.com\/es\/wp-json\/wp\/v2\/pages\/39521\/revisions"}],"predecessor-version":[{"id":81502,"href":"https:\/\/www.sisinternational.com\/es\/wp-json\/wp\/v2\/pages\/39521\/revisions\/81502"}],"up":[{"embeddable":true,"href":"https:\/\/www.sisinternational.com\/es\/wp-json\/wp\/v2\/pages\/14351"}],"wp:featuredmedia":[{"embeddable":true,"href":"https:\/\/www.sisinternational.com\/es\/wp-json\/wp\/v2\/media\/66210"}],"wp:attachment":[{"href":"https:\/\/www.sisinternational.com\/es\/wp-json\/wp\/v2\/media?parent=39521"}],"curies":[{"name":"wp","href":"https:\/\/api.w.org\/{rel}","templated":true}]}}